{"id":566,"date":"2026-02-17T07:00:19","date_gmt":"2026-02-17T06:00:19","guid":{"rendered":"https:\/\/ecoreichholz.com\/?post_type=product&#038;p=566"},"modified":"2026-02-18T10:35:12","modified_gmt":"2026-02-18T09:35:12","slug":"kaminofen-alicante-verkleidung-gusseisen-grau-8-kw","status":"publish","type":"product","link":"https:\/\/ecoreichholz.com\/fr\/produit\/kaminofen-alicante-verkleidung-gusseisen-grau-8-kw\/","title":{"rendered":"Po\u00eale \u00e0 bois Alicante habillage fonte gris 8 kW"},"content":{"rendered":"<div style=\"background-color: #f2f2f2; padding: 15px; margin-bottom: 20px;\">\n<h3>R\u00e9sum\u00e9 technique<\/h3>\n<ul>\n<li>Mod\u00e8le : Aduro 9 Air<\/li>\n<li>Type de construction : po\u00eale \u00e0 combustion temporaire<\/li>\n<li>Puissance calorifique nominale : 6 kW<\/li>\n<li>Capacit\u00e9 de chauffage d'une pi\u00e8ce : jusqu'\u00e0 env. 150 m\u00b3<\/li>\n<li>Rendement : environ 81 %<\/li>\n<li>Raccordement du conduit de fum\u00e9e : \u00d8 150 mm (en haut ou \u00e0 l'arri\u00e8re)<\/li>\n<li>Automatique : contr\u00f4le de combustion Aduro-tronic<\/li>\n<\/ul>\n<\/div>\n<h3>Description d\u00e9taill\u00e9e<\/h3>\n<p>L'Aduro 9 Air est un po\u00eale ind\u00e9pendant en acier de couleur noire. Avec une puissance calorifique nominale de 6 kW, l'appareil convient au chauffage de pi\u00e8ces d'habitation de taille moyenne.<\/p>\n<p>Le syst\u00e8me de combustion automatique int\u00e9gr\u00e9 Aduro-tronic r\u00e9gule automatiquement l'alimentation en air primaire, secondaire et tertiaire. Cela favorise une combustion r\u00e9guli\u00e8re. Un rin\u00e7age de la vitre r\u00e9duit les d\u00e9p\u00f4ts sur la vitre.<\/p>\n<p>La chambre de combustion est rev\u00eatue de vermiculite. Le raccordement du tuyau de fum\u00e9e, d'un diam\u00e8tre de 150 mm, peut se faire au choix par le haut ou par l'arri\u00e8re.<\/p>\n<h3>Caract\u00e9ristiques techniques<\/h3>\n<table border=\"1\" cellspacing=\"0\" cellpadding=\"5\">\n<tbody>\n<tr>\n<td>Type de produit<\/td>\n<td>Po\u00eale \u00e0 combustion temporaire<\/td>\n<\/tr>\n<tr>\n<td>Mat\u00e9riau<\/td>\n<td>Acier<\/td>\n<\/tr>\n<tr>\n<td>Couleur<\/td>\n<td>Noir<\/td>\n<\/tr>\n<tr>\n<td>Puissance calorifique nominale<\/td>\n<td>6 kW<\/td>\n<\/tr>\n<tr>\n<td>Rendement<\/td>\n<td>env. 81 %<\/td>\n<\/tr>\n<tr>\n<td>Capacit\u00e9 de chauffage de la pi\u00e8ce<\/td>\n<td>jusqu'\u00e0 environ 150 m\u00b3<\/td>\n<\/tr>\n<tr>\n<td>Raccord de conduit de fum\u00e9e<\/td>\n<td>\u00d8 150 mm (en haut ou \u00e0 l'arri\u00e8re)<\/td>\n<\/tr>\n<tr>\n<td>Combustibles<\/td>\n<td>B\u00fbches, briquettes de bois<\/td>\n<\/tr>\n<tr>\n<td>Habillage de la chambre de combustion<\/td>\n<td>Vermiculite<\/td>\n<\/tr>\n<tr>\n<td>Dimensions (H \u00d7 L \u00d7 P)<\/td>\n<td>env. 958 \u00d7 500 \u00d7 447 mm<\/td>\n<\/tr>\n<tr>\n<td>Poids<\/td>\n<td>environ 100 kg<\/td>\n<\/tr>\n<tr>\n<td>Normes<\/td>\n<td>DIN EN 13240, BImSchV niveau 2, EcoDesign<\/td>\n<\/tr>\n<\/tbody>\n<\/table>\n<h3>Livraison<\/h3>\n<p><strong>Zones de livraison :<\/strong><br \/>\nAllemagne, Belgique, Pays-Bas, France, Autriche<\/p>\n<ul>\n<li>Exp\u00e9dition sp\u00e9cialis\u00e9e<\/li>\n<li>Camion avec plate-forme \u00e9l\u00e9vatrice<\/li>\n<li>Livraison franco bord de trottoir<\/li>\n<li>Acc\u00e8s n\u00e9cessaire pour les camions de 40 tonnes<\/li>\n<li>Avis par t\u00e9l\u00e9phone<\/li>\n<\/ul>\n<h3>Stockage et utilisation<\/h3>\n<p>L'appareil est exclusivement destin\u00e9 \u00e0 \u00eatre utilis\u00e9 dans des foyers homologu\u00e9s. L'installation et le raccordement doivent \u00eatre effectu\u00e9s conform\u00e9ment aux prescriptions en vigueur et par un personnel qualifi\u00e9. Les distances de s\u00e9curit\u00e9 par rapport aux mat\u00e9riaux inflammables doivent \u00eatre respect\u00e9es.<\/p>\n<h3>Droit de r\u00e9tractation<\/h3>\n<p>Les droits de r\u00e9tractation l\u00e9gaux s'appliquent conform\u00e9ment \u00e0 la l\u00e9gislation nationale en vigueur en mati\u00e8re de protection des consommateurs. Veuillez v\u00e9rifier imm\u00e9diatement \u00e0 la livraison si la marchandise pr\u00e9sente des dommages visibles et, le cas \u00e9ch\u00e9ant, notez-les sur le bon de livraison.<\/p>","protected":false},"excerpt":{"rendered":"<p>Po\u00eale \u00e0 bois Aduro 9 Air en acier noir, puissance calorifique nominale de 6 kW, avec r\u00e9gulation automatique de l'air (Aduro-tronic) et rin\u00e7age de la vitre. Convient pour les b\u00fbches et les briquettes de bois. Capacit\u00e9 de chauffage de la pi\u00e8ce jusqu'\u00e0 env. 150 m\u00b3.<br \/>\nPrix de base : 1 200,00 \u20ac \/ pi\u00e8ce<\/p>","protected":false},"featured_media":567,"comment_status":"open","ping_status":"closed","template":"","meta":[],"product_brand":[],"product_cat":[24],"product_tag":[],"class_list":{"0":"post-566","1":"product","2":"type-product","3":"status-publish","4":"has-post-thumbnail","6":"product_cat-kaminofen","8":"first","9":"instock","10":"sale","11":"shipping-taxable","12":"purchasable","13":"product-type-simple"},"yoast_head":"<!-- This site is optimized with the Yoast SEO plugin v26.2 - https:\/\/yoast.com\/wordpress\/plugins\/seo\/ -->\n<title>Kaminofen Alicante-Verkleidung Gusseisen Grau 8 kW - Ecoreichholz<\/title>\n<meta name=\"robots\" content=\"index, follow, max-snippet:-1, max-image-preview:large, max-video-preview:-1\" \/>\n<link rel=\"canonical\" href=\"https:\/\/ecoreichholz.com\/fr\/produit\/kaminofen-alicante-verkleidung-gusseisen-grau-8-kw\/\" \/>\n<meta property=\"og:locale\" content=\"fr_FR\" \/>\n<meta property=\"og:type\" content=\"article\" \/>\n<meta property=\"og:title\" content=\"Kaminofen Alicante-Verkleidung Gusseisen Grau 8 kW - Ecoreichholz\" \/>\n<meta property=\"og:description\" content=\"Aduro 9 Air Kaminofen aus Stahl in Schwarz, 6 kW Nennw\u00e4rmeleistung, mit automatischer Luftregulierung (Aduro-tronic) und Scheibensp\u00fclung. Geeignet f\u00fcr Scheitholz und Holzbriketts. Raumheizverm\u00f6gen bis ca. 150 m\u00b3. Grundpreis: 1 200,00 \u20ac \/ St\u00fcck\" \/>\n<meta property=\"og:url\" content=\"https:\/\/ecoreichholz.com\/fr\/produit\/kaminofen-alicante-verkleidung-gusseisen-grau-8-kw\/\" \/>\n<meta property=\"og:site_name\" content=\"Ecoreichholz\" \/>\n<meta property=\"article:modified_time\" content=\"2026-02-18T09:35:12+00:00\" \/>\n<meta property=\"og:image\" content=\"https:\/\/ecoreichholz.com\/wp-content\/uploads\/2025\/01\/1-59.jpg\" \/>\n\t<meta property=\"og:image:width\" content=\"414\" \/>\n\t<meta property=\"og:image:height\" content=\"414\" \/>\n\t<meta property=\"og:image:type\" content=\"image\/jpeg\" \/>\n<meta name=\"twitter:card\" content=\"summary_large_image\" \/>\n<meta name=\"twitter:label1\" content=\"Dur\u00e9e de lecture estim\u00e9e\" \/>\n\t<meta name=\"twitter:data1\" content=\"2 minutes\" \/>\n<script type=\"application\/ld+json\" class=\"yoast-schema-graph\">{\"@context\":\"https:\/\/schema.org\",\"@graph\":[{\"@type\":\"WebPage\",\"@id\":\"https:\/\/ecoreichholz.com\/produkt\/kaminofen-alicante-verkleidung-gusseisen-grau-8-kw\/\",\"url\":\"https:\/\/ecoreichholz.com\/produkt\/kaminofen-alicante-verkleidung-gusseisen-grau-8-kw\/\",\"name\":\"Kaminofen Alicante-Verkleidung Gusseisen Grau 8 kW - Ecoreichholz\",\"isPartOf\":{\"@id\":\"https:\/\/ecoreichholz.com\/#website\"},\"primaryImageOfPage\":{\"@id\":\"https:\/\/ecoreichholz.com\/produkt\/kaminofen-alicante-verkleidung-gusseisen-grau-8-kw\/#primaryimage\"},\"image\":{\"@id\":\"https:\/\/ecoreichholz.com\/produkt\/kaminofen-alicante-verkleidung-gusseisen-grau-8-kw\/#primaryimage\"},\"thumbnailUrl\":\"https:\/\/ecoreichholz.com\/wp-content\/uploads\/2025\/01\/1-59.jpg\",\"datePublished\":\"2026-02-17T06:00:19+00:00\",\"dateModified\":\"2026-02-18T09:35:12+00:00\",\"breadcrumb\":{\"@id\":\"https:\/\/ecoreichholz.com\/produkt\/kaminofen-alicante-verkleidung-gusseisen-grau-8-kw\/#breadcrumb\"},\"inLanguage\":\"fr-FR\",\"potentialAction\":[{\"@type\":\"ReadAction\",\"target\":[\"https:\/\/ecoreichholz.com\/produkt\/kaminofen-alicante-verkleidung-gusseisen-grau-8-kw\/\"]}]},{\"@type\":\"ImageObject\",\"inLanguage\":\"fr-FR\",\"@id\":\"https:\/\/ecoreichholz.com\/produkt\/kaminofen-alicante-verkleidung-gusseisen-grau-8-kw\/#primaryimage\",\"url\":\"https:\/\/ecoreichholz.com\/wp-content\/uploads\/2025\/01\/1-59.jpg\",\"contentUrl\":\"https:\/\/ecoreichholz.com\/wp-content\/uploads\/2025\/01\/1-59.jpg\",\"width\":414,\"height\":414},{\"@type\":\"BreadcrumbList\",\"@id\":\"https:\/\/ecoreichholz.com\/produkt\/kaminofen-alicante-verkleidung-gusseisen-grau-8-kw\/#breadcrumb\",\"itemListElement\":[{\"@type\":\"ListItem\",\"position\":1,\"name\":\"Accueil\",\"item\":\"https:\/\/ecoreichholz.com\/\"},{\"@type\":\"ListItem\",\"position\":2,\"name\":\"Shop\",\"item\":\"https:\/\/ecoreichholz.com\/shop\/\"},{\"@type\":\"ListItem\",\"position\":3,\"name\":\"Kaminofen Alicante-Verkleidung Gusseisen Grau 8 kW\"}]},{\"@type\":\"WebSite\",\"@id\":\"https:\/\/ecoreichholz.com\/#website\",\"url\":\"https:\/\/ecoreichholz.com\/\",\"name\":\"Ecoreichholz\",\"description\":\"\",\"publisher\":{\"@id\":\"https:\/\/ecoreichholz.com\/#organization\"},\"potentialAction\":[{\"@type\":\"SearchAction\",\"target\":{\"@type\":\"EntryPoint\",\"urlTemplate\":\"https:\/\/ecoreichholz.com\/?s={search_term_string}\"},\"query-input\":{\"@type\":\"PropertyValueSpecification\",\"valueRequired\":true,\"valueName\":\"search_term_string\"}}],\"inLanguage\":\"fr-FR\"},{\"@type\":\"Organization\",\"@id\":\"https:\/\/ecoreichholz.com\/#organization\",\"name\":\"Ecoreichholz\",\"url\":\"https:\/\/ecoreichholz.com\/\",\"logo\":{\"@type\":\"ImageObject\",\"inLanguage\":\"fr-FR\",\"@id\":\"https:\/\/ecoreichholz.com\/#\/schema\/logo\/image\/\",\"url\":\"https:\/\/ecoreichholz.com\/wp-content\/uploads\/2025\/01\/cropped-echoreichholz__3___1_-removebg-preview.png\",\"contentUrl\":\"https:\/\/ecoreichholz.com\/wp-content\/uploads\/2025\/01\/cropped-echoreichholz__3___1_-removebg-preview.png\",\"width\":1220,\"height\":204,\"caption\":\"Ecoreichholz\"},\"image\":{\"@id\":\"https:\/\/ecoreichholz.com\/#\/schema\/logo\/image\/\"}}]}<\/script>\n<!-- \/ Yoast SEO plugin. -->","yoast_head_json":{"title":"Kaminofen Alicante-Verkleidung Gusseisen Grau 8 kW - Ecoreichholz","robots":{"index":"index","follow":"follow","max-snippet":"max-snippet:-1","max-image-preview":"max-image-preview:large","max-video-preview":"max-video-preview:-1"},"canonical":"https:\/\/ecoreichholz.com\/fr\/produit\/kaminofen-alicante-verkleidung-gusseisen-grau-8-kw\/","og_locale":"fr_FR","og_type":"article","og_title":"Kaminofen Alicante-Verkleidung Gusseisen Grau 8 kW - Ecoreichholz","og_description":"Aduro 9 Air Kaminofen aus Stahl in Schwarz, 6 kW Nennw\u00e4rmeleistung, mit automatischer Luftregulierung (Aduro-tronic) und Scheibensp\u00fclung. Geeignet f\u00fcr Scheitholz und Holzbriketts. Raumheizverm\u00f6gen bis ca. 150 m\u00b3. Grundpreis: 1 200,00 \u20ac \/ St\u00fcck","og_url":"https:\/\/ecoreichholz.com\/fr\/produit\/kaminofen-alicante-verkleidung-gusseisen-grau-8-kw\/","og_site_name":"Ecoreichholz","article_modified_time":"2026-02-18T09:35:12+00:00","og_image":[{"width":414,"height":414,"url":"https:\/\/ecoreichholz.com\/wp-content\/uploads\/2025\/01\/1-59.jpg","type":"image\/jpeg"}],"twitter_card":"summary_large_image","twitter_misc":{"Dur\u00e9e de lecture estim\u00e9e":"2 minutes"},"schema":{"@context":"https:\/\/schema.org","@graph":[{"@type":"WebPage","@id":"https:\/\/ecoreichholz.com\/produkt\/kaminofen-alicante-verkleidung-gusseisen-grau-8-kw\/","url":"https:\/\/ecoreichholz.com\/produkt\/kaminofen-alicante-verkleidung-gusseisen-grau-8-kw\/","name":"Kaminofen Alicante-Verkleidung Gusseisen Grau 8 kW - Ecoreichholz","isPartOf":{"@id":"https:\/\/ecoreichholz.com\/#website"},"primaryImageOfPage":{"@id":"https:\/\/ecoreichholz.com\/produkt\/kaminofen-alicante-verkleidung-gusseisen-grau-8-kw\/#primaryimage"},"image":{"@id":"https:\/\/ecoreichholz.com\/produkt\/kaminofen-alicante-verkleidung-gusseisen-grau-8-kw\/#primaryimage"},"thumbnailUrl":"https:\/\/ecoreichholz.com\/wp-content\/uploads\/2025\/01\/1-59.jpg","datePublished":"2026-02-17T06:00:19+00:00","dateModified":"2026-02-18T09:35:12+00:00","breadcrumb":{"@id":"https:\/\/ecoreichholz.com\/produkt\/kaminofen-alicante-verkleidung-gusseisen-grau-8-kw\/#breadcrumb"},"inLanguage":"fr-FR","potentialAction":[{"@type":"ReadAction","target":["https:\/\/ecoreichholz.com\/produkt\/kaminofen-alicante-verkleidung-gusseisen-grau-8-kw\/"]}]},{"@type":"ImageObject","inLanguage":"fr-FR","@id":"https:\/\/ecoreichholz.com\/produkt\/kaminofen-alicante-verkleidung-gusseisen-grau-8-kw\/#primaryimage","url":"https:\/\/ecoreichholz.com\/wp-content\/uploads\/2025\/01\/1-59.jpg","contentUrl":"https:\/\/ecoreichholz.com\/wp-content\/uploads\/2025\/01\/1-59.jpg","width":414,"height":414},{"@type":"BreadcrumbList","@id":"https:\/\/ecoreichholz.com\/produkt\/kaminofen-alicante-verkleidung-gusseisen-grau-8-kw\/#breadcrumb","itemListElement":[{"@type":"ListItem","position":1,"name":"Accueil","item":"https:\/\/ecoreichholz.com\/"},{"@type":"ListItem","position":2,"name":"Shop","item":"https:\/\/ecoreichholz.com\/shop\/"},{"@type":"ListItem","position":3,"name":"Kaminofen Alicante-Verkleidung Gusseisen Grau 8 kW"}]},{"@type":"WebSite","@id":"https:\/\/ecoreichholz.com\/#website","url":"https:\/\/ecoreichholz.com\/","name":"Bois riche \u00e9cologique","description":"","publisher":{"@id":"https:\/\/ecoreichholz.com\/#organization"},"potentialAction":[{"@type":"SearchAction","target":{"@type":"EntryPoint","urlTemplate":"https:\/\/ecoreichholz.com\/?s={search_term_string}"},"query-input":{"@type":"PropertyValueSpecification","valueRequired":true,"valueName":"search_term_string"}}],"inLanguage":"fr-FR"},{"@type":"Organization","@id":"https:\/\/ecoreichholz.com\/#organization","name":"Bois riche \u00e9cologique","url":"https:\/\/ecoreichholz.com\/","logo":{"@type":"ImageObject","inLanguage":"fr-FR","@id":"https:\/\/ecoreichholz.com\/#\/schema\/logo\/image\/","url":"https:\/\/ecoreichholz.com\/wp-content\/uploads\/2025\/01\/cropped-echoreichholz__3___1_-removebg-preview.png","contentUrl":"https:\/\/ecoreichholz.com\/wp-content\/uploads\/2025\/01\/cropped-echoreichholz__3___1_-removebg-preview.png","width":1220,"height":204,"caption":"Ecoreichholz"},"image":{"@id":"https:\/\/ecoreichholz.com\/#\/schema\/logo\/image\/"}}]}},"jetpack_sharing_enabled":true,"_links":{"self":[{"href":"https:\/\/ecoreichholz.com\/fr\/wp-json\/wp\/v2\/product\/566","targetHints":{"allow":["GET"]}}],"collection":[{"href":"https:\/\/ecoreichholz.com\/fr\/wp-json\/wp\/v2\/product"}],"about":[{"href":"https:\/\/ecoreichholz.com\/fr\/wp-json\/wp\/v2\/types\/product"}],"replies":[{"embeddable":true,"href":"https:\/\/ecoreichholz.com\/fr\/wp-json\/wp\/v2\/comments?post=566"}],"version-history":[{"count":3,"href":"https:\/\/ecoreichholz.com\/fr\/wp-json\/wp\/v2\/product\/566\/revisions"}],"predecessor-version":[{"id":30547,"href":"https:\/\/ecoreichholz.com\/fr\/wp-json\/wp\/v2\/product\/566\/revisions\/30547"}],"wp:featuredmedia":[{"embeddable":true,"href":"https:\/\/ecoreichholz.com\/fr\/wp-json\/wp\/v2\/media\/567"}],"wp:attachment":[{"href":"https:\/\/ecoreichholz.com\/fr\/wp-json\/wp\/v2\/media?parent=566"}],"wp:term":[{"taxonomy":"product_brand","embeddable":true,"href":"https:\/\/ecoreichholz.com\/fr\/wp-json\/wp\/v2\/product_brand?post=566"},{"taxonomy":"product_cat","embeddable":true,"href":"https:\/\/ecoreichholz.com\/fr\/wp-json\/wp\/v2\/product_cat?post=566"},{"taxonomy":"product_tag","embeddable":true,"href":"https:\/\/ecoreichholz.com\/fr\/wp-json\/wp\/v2\/product_tag?post=566"}],"curies":[{"name":"wp","href":"https:\/\/api.w.org\/{rel}","templated":true}]}}