{"id":546,"date":"2026-02-13T13:00:49","date_gmt":"2026-02-13T12:00:49","guid":{"rendered":"https:\/\/ecoreichholz.com\/?post_type=product&#038;p=546"},"modified":"2026-02-15T15:31:24","modified_gmt":"2026-02-15T14:31:24","slug":"primex-holzpellets-975kg-65x15kg-enplus-a1-dinplus","status":"publish","type":"product","link":"https:\/\/ecoreichholz.com\/fr\/produit\/primex-holzpellets-975kg-65x15kg-enplus-a1-dinplus\/","title":{"rendered":"Granul\u00e9s de bois de qualit\u00e9 Primex Premium 990 kg"},"content":{"rendered":"<div style=\"background: #f4f4f4; padding: 15px; margin-bottom: 20px; border-left: 4px solid #43962e;\">\n<h2 style=\"margin-top: 0;\">R\u00e9sum\u00e9 technique<\/h2>\n<p>\u2714 Produit : granul\u00e9s de bois PRIMEX<br \/>\n\u2714 Certification : ENplus A1 &amp; DINplus<br \/>\n\u2714 Mati\u00e8re premi\u00e8re : 100 % bois de pin (Pinus)<br \/>\n\u2714 Pouvoir calorifique : &gt; 5,1 kWh\/kg<br \/>\n\u2714 Humidit\u00e9 r\u00e9siduelle : &lt; 5 %<br \/>\n\u2714 Teneur en cendres : &lt; 0,3 %<br \/>\n\u2714 Unit\u00e9 de vente : palette de 65 sacs de 15 kg<br \/>\n\u2714 Poids total : 975 kg<\/p>\n<\/div>\n<h2>Description d\u00e9taill\u00e9e<\/h2>\n<p>Les granul\u00e9s de bois PRIMEX sont fabriqu\u00e9s \u00e0 partir de sciure de pin pure. La mati\u00e8re premi\u00e8re provient de l'industrie de transformation du bois et se compose exclusivement de bois \u00e0 l'\u00e9tat naturel, sans aucun additif.<\/p>\n<p>La fabrication a lieu dans l'usine ECOLINEX en Pologne (r\u00e9gion de Wroc\u0142aw). La production est certifi\u00e9e ENplus A1 et DINplus et est soumise \u00e0 des contr\u00f4les de qualit\u00e9 r\u00e9guliers.<\/p>\n<p>Gr\u00e2ce \u00e0 leur faible teneur en humidit\u00e9 (&lt; 5 %) et \u00e0 leur faible teneur en cendres (&lt; 0,3 %), ces pellets permettent une combustion efficace avec des besoins de nettoyage r\u00e9duits.<\/p>\n<p>Convient \u00e0 tous les po\u00eales \u00e0 pellets et chauffages \u00e0 pellets disponibles dans le commerce, conform\u00e9ment aux instructions du fabricant.<\/p>\n<h2>Caract\u00e9ristiques techniques<\/h2>\n<table style=\"width: 100%; border-collapse: collapse;\">\n<tbody>\n<tr>\n<td style=\"border: 1px solid #ddd; padding: 8px;\"><strong>Mati\u00e8re premi\u00e8re<\/strong><\/td>\n<td style=\"border: 1px solid #ddd; padding: 8px;\">100 % Bois de pin<\/td>\n<\/tr>\n<tr>\n<td style=\"border: 1px solid #ddd; padding: 8px;\"><strong>Certification<\/strong><\/td>\n<td style=\"border: 1px solid #ddd; padding: 8px;\">ENplus A1, DINplus<\/td>\n<\/tr>\n<tr>\n<td style=\"border: 1px solid #ddd; padding: 8px;\"><strong>Pouvoir calorifique<\/strong><\/td>\n<td style=\"border: 1px solid #ddd; padding: 8px;\">&gt; 5,1 kWh\/kg<\/td>\n<\/tr>\n<tr>\n<td style=\"border: 1px solid #ddd; padding: 8px;\"><strong>Humidit\u00e9<\/strong><\/td>\n<td style=\"border: 1px solid #ddd; padding: 8px;\">&lt; 5 %<\/td>\n<\/tr>\n<tr>\n<td style=\"border: 1px solid #ddd; padding: 8px;\"><strong>Teneur en cendres<\/strong><\/td>\n<td style=\"border: 1px solid #ddd; padding: 8px;\">&lt; 0,3 %<\/td>\n<\/tr>\n<tr>\n<td style=\"border: 1px solid #ddd; padding: 8px;\"><strong>Durabilit\u00e9<\/strong><\/td>\n<td style=\"border: 1px solid #ddd; padding: 8px;\">\u2248 98 %<\/td>\n<\/tr>\n<tr>\n<td style=\"border: 1px solid #ddd; padding: 8px;\"><strong>Emballage<\/strong><\/td>\n<td style=\"border: 1px solid #ddd; padding: 8px;\">65 sacs de 15 kg<\/td>\n<\/tr>\n<tr>\n<td style=\"border: 1px solid #ddd; padding: 8px;\"><strong>Poids total<\/strong><\/td>\n<td style=\"border: 1px solid #ddd; padding: 8px;\">975 kg<\/td>\n<\/tr>\n<\/tbody>\n<\/table>\n<h2>Livraison<\/h2>\n<ul>\n<li>Exp\u00e9dition standard : gratuit - d\u00e9lai de livraison 3-5 jours ouvrables<\/li>\n<li>Envoi express (48 heures) : 20 \u20ac<\/li>\n<li>R\u00e9gions de livraison : Allemagne, Belgique, Pays-Bas, France, Autriche<\/li>\n<li>Exp\u00e9dition sp\u00e9cialis\u00e9e pour les combustibles<\/li>\n<li>Camion avec plate-forme \u00e9l\u00e9vatrice<\/li>\n<li>Livraison franco bord de trottoir<\/li>\n<li>Acc\u00e8s n\u00e9cessaire pour les camions de 40 tonnes<\/li>\n<li>Avis t\u00e9l\u00e9phonique avant livraison<\/li>\n<\/ul>\n<h2>Stockage et utilisation<\/h2>\n<p>Conserver au sec et \u00e0 l'abri de l'humidit\u00e9. N'ouvrir l'emballage qu'imm\u00e9diatement avant l'utilisation.<\/p>\n<h2>Droit de r\u00e9tractation<\/h2>\n<p>Vous disposez d'un droit de r\u00e9tractation l\u00e9gal de 14 jours conform\u00e9ment \u00e0 la l\u00e9gislation europ\u00e9enne en vigueur en mati\u00e8re de protection des consommateurs.<br \/>\nLes marchandises doivent \u00eatre retourn\u00e9es non utilis\u00e9es et dans leur \u00e9tat d'origine.<\/p>\n<p>Vous trouverez ici les d\u00e9tails concernant les retours et les remboursements :<br \/>\n<a href=\"https:\/\/ecoreichholz.com\/fr\/ruckgabe-und-erstattungsrichtlinie\/\" target=\"_blank\" rel=\"noopener\"><br \/>\nPolitique de retour et de remboursement<br \/>\n<\/a><\/p>\n<p>Contact : kontakt@ecoreichholz.com<\/p>","protected":false},"excerpt":{"rendered":"<p>Granul\u00e9s de bois PRIMEX (certifi\u00e9s ENplus A1 &amp; DINplus) en bois de pin 100 % sans additifs. Pouvoir calorifique &gt; 5,1 kWh\/kg, teneur en cendres &lt; 0,3 %, humidit\u00e9 &lt; 5 %. Convient aux po\u00eales \u00e0 pellets et aux chauffages \u00e0 pellets.<\/p>\n<p>Livraison en palette de 65 sacs de 15 kg (poids total : 975 kg).<\/p>\n<p><strong>Prix de base : 0,19 \u20ac \/ kg<\/strong><br \/>\n<strong>2,92 \u20ac \/ sac (15 kg)<\/strong><\/p>","protected":false},"featured_media":547,"comment_status":"open","ping_status":"closed","template":"","meta":[],"product_brand":[],"product_cat":[25],"product_tag":[],"class_list":{"0":"post-546","1":"product","2":"type-product","3":"status-publish","4":"has-post-thumbnail","6":"product_cat-holzpellets","8":"first","9":"instock","10":"sale","11":"shipping-taxable","12":"purchasable","13":"product-type-simple"},"yoast_head":"<!-- This site is optimized with the Yoast SEO plugin v26.2 - https:\/\/yoast.com\/wordpress\/plugins\/seo\/ -->\n<title>Qualit\u00e4tsholzpellets Primex Premium 990 kg - Ecoreichholz<\/title>\n<meta name=\"robots\" content=\"index, follow, max-snippet:-1, max-image-preview:large, max-video-preview:-1\" \/>\n<link rel=\"canonical\" href=\"https:\/\/ecoreichholz.com\/fr\/produit\/primex-holzpellets-975kg-65x15kg-enplus-a1-dinplus\/\" \/>\n<meta property=\"og:locale\" content=\"fr_FR\" \/>\n<meta property=\"og:type\" content=\"article\" \/>\n<meta property=\"og:title\" content=\"Qualit\u00e4tsholzpellets Primex Premium 990 kg - Ecoreichholz\" \/>\n<meta property=\"og:description\" content=\"Holzpellets PRIMEX (ENplus A1 &amp; DINplus zertifiziert) aus 100 % Kiefernholz ohne Zusatzstoffe. Heizwert &gt; 5,1 kWh\/kg, Aschegehalt &lt; 0,3 %, Feuchte &lt; 5 %. Geeignet f\u00fcr Pellet\u00f6fen und Pelletheizungen.  Lieferung als Palette mit 65 S\u00e4cken \u00e0 15 kg (Gesamtgewicht: 975 kg).  Grundpreis: 0,19 \u20ac \/ kg 2,92 \u20ac \/ Sack (15 kg)\" \/>\n<meta property=\"og:url\" content=\"https:\/\/ecoreichholz.com\/fr\/produit\/primex-holzpellets-975kg-65x15kg-enplus-a1-dinplus\/\" \/>\n<meta property=\"og:site_name\" content=\"Ecoreichholz\" \/>\n<meta property=\"article:modified_time\" content=\"2026-02-15T14:31:24+00:00\" \/>\n<meta property=\"og:image\" content=\"https:\/\/ecoreichholz.com\/wp-content\/uploads\/2025\/01\/0_primex-pellet-big.jpg\" \/>\n\t<meta property=\"og:image:width\" content=\"460\" \/>\n\t<meta property=\"og:image:height\" content=\"460\" \/>\n\t<meta property=\"og:image:type\" content=\"image\/jpeg\" \/>\n<meta name=\"twitter:card\" content=\"summary_large_image\" \/>\n<meta name=\"twitter:label1\" content=\"Dur\u00e9e de lecture estim\u00e9e\" \/>\n\t<meta name=\"twitter:data1\" content=\"2 minutes\" \/>\n<script type=\"application\/ld+json\" class=\"yoast-schema-graph\">{\"@context\":\"https:\/\/schema.org\",\"@graph\":[{\"@type\":\"WebPage\",\"@id\":\"https:\/\/ecoreichholz.com\/produkt\/primex-holzpellets-975kg-65x15kg-enplus-a1-dinplus\/\",\"url\":\"https:\/\/ecoreichholz.com\/produkt\/primex-holzpellets-975kg-65x15kg-enplus-a1-dinplus\/\",\"name\":\"Qualit\u00e4tsholzpellets Primex Premium 990 kg - Ecoreichholz\",\"isPartOf\":{\"@id\":\"https:\/\/ecoreichholz.com\/#website\"},\"primaryImageOfPage\":{\"@id\":\"https:\/\/ecoreichholz.com\/produkt\/primex-holzpellets-975kg-65x15kg-enplus-a1-dinplus\/#primaryimage\"},\"image\":{\"@id\":\"https:\/\/ecoreichholz.com\/produkt\/primex-holzpellets-975kg-65x15kg-enplus-a1-dinplus\/#primaryimage\"},\"thumbnailUrl\":\"https:\/\/ecoreichholz.com\/wp-content\/uploads\/2025\/01\/0_primex-pellet-big.jpg\",\"datePublished\":\"2026-02-13T12:00:49+00:00\",\"dateModified\":\"2026-02-15T14:31:24+00:00\",\"breadcrumb\":{\"@id\":\"https:\/\/ecoreichholz.com\/produkt\/primex-holzpellets-975kg-65x15kg-enplus-a1-dinplus\/#breadcrumb\"},\"inLanguage\":\"fr-FR\",\"potentialAction\":[{\"@type\":\"ReadAction\",\"target\":[\"https:\/\/ecoreichholz.com\/produkt\/primex-holzpellets-975kg-65x15kg-enplus-a1-dinplus\/\"]}]},{\"@type\":\"ImageObject\",\"inLanguage\":\"fr-FR\",\"@id\":\"https:\/\/ecoreichholz.com\/produkt\/primex-holzpellets-975kg-65x15kg-enplus-a1-dinplus\/#primaryimage\",\"url\":\"https:\/\/ecoreichholz.com\/wp-content\/uploads\/2025\/01\/0_primex-pellet-big.jpg\",\"contentUrl\":\"https:\/\/ecoreichholz.com\/wp-content\/uploads\/2025\/01\/0_primex-pellet-big.jpg\",\"width\":460,\"height\":460},{\"@type\":\"BreadcrumbList\",\"@id\":\"https:\/\/ecoreichholz.com\/produkt\/primex-holzpellets-975kg-65x15kg-enplus-a1-dinplus\/#breadcrumb\",\"itemListElement\":[{\"@type\":\"ListItem\",\"position\":1,\"name\":\"Accueil\",\"item\":\"https:\/\/ecoreichholz.com\/\"},{\"@type\":\"ListItem\",\"position\":2,\"name\":\"Shop\",\"item\":\"https:\/\/ecoreichholz.com\/shop\/\"},{\"@type\":\"ListItem\",\"position\":3,\"name\":\"Qualit\u00e4tsholzpellets Primex Premium 990 kg\"}]},{\"@type\":\"WebSite\",\"@id\":\"https:\/\/ecoreichholz.com\/#website\",\"url\":\"https:\/\/ecoreichholz.com\/\",\"name\":\"Ecoreichholz\",\"description\":\"\",\"publisher\":{\"@id\":\"https:\/\/ecoreichholz.com\/#organization\"},\"potentialAction\":[{\"@type\":\"SearchAction\",\"target\":{\"@type\":\"EntryPoint\",\"urlTemplate\":\"https:\/\/ecoreichholz.com\/?s={search_term_string}\"},\"query-input\":{\"@type\":\"PropertyValueSpecification\",\"valueRequired\":true,\"valueName\":\"search_term_string\"}}],\"inLanguage\":\"fr-FR\"},{\"@type\":\"Organization\",\"@id\":\"https:\/\/ecoreichholz.com\/#organization\",\"name\":\"Ecoreichholz\",\"url\":\"https:\/\/ecoreichholz.com\/\",\"logo\":{\"@type\":\"ImageObject\",\"inLanguage\":\"fr-FR\",\"@id\":\"https:\/\/ecoreichholz.com\/#\/schema\/logo\/image\/\",\"url\":\"https:\/\/ecoreichholz.com\/wp-content\/uploads\/2025\/01\/cropped-echoreichholz__3___1_-removebg-preview.png\",\"contentUrl\":\"https:\/\/ecoreichholz.com\/wp-content\/uploads\/2025\/01\/cropped-echoreichholz__3___1_-removebg-preview.png\",\"width\":1220,\"height\":204,\"caption\":\"Ecoreichholz\"},\"image\":{\"@id\":\"https:\/\/ecoreichholz.com\/#\/schema\/logo\/image\/\"}}]}<\/script>\n<!-- \/ Yoast SEO plugin. -->","yoast_head_json":{"title":"Qualit\u00e4tsholzpellets Primex Premium 990 kg - Ecoreichholz","robots":{"index":"index","follow":"follow","max-snippet":"max-snippet:-1","max-image-preview":"max-image-preview:large","max-video-preview":"max-video-preview:-1"},"canonical":"https:\/\/ecoreichholz.com\/fr\/produit\/primex-holzpellets-975kg-65x15kg-enplus-a1-dinplus\/","og_locale":"fr_FR","og_type":"article","og_title":"Qualit\u00e4tsholzpellets Primex Premium 990 kg - Ecoreichholz","og_description":"Holzpellets PRIMEX (ENplus A1 &amp; DINplus zertifiziert) aus 100 % Kiefernholz ohne Zusatzstoffe. Heizwert &gt; 5,1 kWh\/kg, Aschegehalt &lt; 0,3 %, Feuchte &lt; 5 %. Geeignet f\u00fcr Pellet\u00f6fen und Pelletheizungen.  Lieferung als Palette mit 65 S\u00e4cken \u00e0 15 kg (Gesamtgewicht: 975 kg).  Grundpreis: 0,19 \u20ac \/ kg 2,92 \u20ac \/ Sack (15 kg)","og_url":"https:\/\/ecoreichholz.com\/fr\/produit\/primex-holzpellets-975kg-65x15kg-enplus-a1-dinplus\/","og_site_name":"Ecoreichholz","article_modified_time":"2026-02-15T14:31:24+00:00","og_image":[{"width":460,"height":460,"url":"https:\/\/ecoreichholz.com\/wp-content\/uploads\/2025\/01\/0_primex-pellet-big.jpg","type":"image\/jpeg"}],"twitter_card":"summary_large_image","twitter_misc":{"Dur\u00e9e de lecture estim\u00e9e":"2 minutes"},"schema":{"@context":"https:\/\/schema.org","@graph":[{"@type":"WebPage","@id":"https:\/\/ecoreichholz.com\/produkt\/primex-holzpellets-975kg-65x15kg-enplus-a1-dinplus\/","url":"https:\/\/ecoreichholz.com\/produkt\/primex-holzpellets-975kg-65x15kg-enplus-a1-dinplus\/","name":"Qualit\u00e4tsholzpellets Primex Premium 990 kg - Ecoreichholz","isPartOf":{"@id":"https:\/\/ecoreichholz.com\/#website"},"primaryImageOfPage":{"@id":"https:\/\/ecoreichholz.com\/produkt\/primex-holzpellets-975kg-65x15kg-enplus-a1-dinplus\/#primaryimage"},"image":{"@id":"https:\/\/ecoreichholz.com\/produkt\/primex-holzpellets-975kg-65x15kg-enplus-a1-dinplus\/#primaryimage"},"thumbnailUrl":"https:\/\/ecoreichholz.com\/wp-content\/uploads\/2025\/01\/0_primex-pellet-big.jpg","datePublished":"2026-02-13T12:00:49+00:00","dateModified":"2026-02-15T14:31:24+00:00","breadcrumb":{"@id":"https:\/\/ecoreichholz.com\/produkt\/primex-holzpellets-975kg-65x15kg-enplus-a1-dinplus\/#breadcrumb"},"inLanguage":"fr-FR","potentialAction":[{"@type":"ReadAction","target":["https:\/\/ecoreichholz.com\/produkt\/primex-holzpellets-975kg-65x15kg-enplus-a1-dinplus\/"]}]},{"@type":"ImageObject","inLanguage":"fr-FR","@id":"https:\/\/ecoreichholz.com\/produkt\/primex-holzpellets-975kg-65x15kg-enplus-a1-dinplus\/#primaryimage","url":"https:\/\/ecoreichholz.com\/wp-content\/uploads\/2025\/01\/0_primex-pellet-big.jpg","contentUrl":"https:\/\/ecoreichholz.com\/wp-content\/uploads\/2025\/01\/0_primex-pellet-big.jpg","width":460,"height":460},{"@type":"BreadcrumbList","@id":"https:\/\/ecoreichholz.com\/produkt\/primex-holzpellets-975kg-65x15kg-enplus-a1-dinplus\/#breadcrumb","itemListElement":[{"@type":"ListItem","position":1,"name":"Accueil","item":"https:\/\/ecoreichholz.com\/"},{"@type":"ListItem","position":2,"name":"Shop","item":"https:\/\/ecoreichholz.com\/shop\/"},{"@type":"ListItem","position":3,"name":"Qualit\u00e4tsholzpellets Primex Premium 990 kg"}]},{"@type":"WebSite","@id":"https:\/\/ecoreichholz.com\/#website","url":"https:\/\/ecoreichholz.com\/","name":"Bois riche \u00e9cologique","description":"","publisher":{"@id":"https:\/\/ecoreichholz.com\/#organization"},"potentialAction":[{"@type":"SearchAction","target":{"@type":"EntryPoint","urlTemplate":"https:\/\/ecoreichholz.com\/?s={search_term_string}"},"query-input":{"@type":"PropertyValueSpecification","valueRequired":true,"valueName":"search_term_string"}}],"inLanguage":"fr-FR"},{"@type":"Organization","@id":"https:\/\/ecoreichholz.com\/#organization","name":"Bois riche \u00e9cologique","url":"https:\/\/ecoreichholz.com\/","logo":{"@type":"ImageObject","inLanguage":"fr-FR","@id":"https:\/\/ecoreichholz.com\/#\/schema\/logo\/image\/","url":"https:\/\/ecoreichholz.com\/wp-content\/uploads\/2025\/01\/cropped-echoreichholz__3___1_-removebg-preview.png","contentUrl":"https:\/\/ecoreichholz.com\/wp-content\/uploads\/2025\/01\/cropped-echoreichholz__3___1_-removebg-preview.png","width":1220,"height":204,"caption":"Ecoreichholz"},"image":{"@id":"https:\/\/ecoreichholz.com\/#\/schema\/logo\/image\/"}}]}},"jetpack_sharing_enabled":true,"_links":{"self":[{"href":"https:\/\/ecoreichholz.com\/fr\/wp-json\/wp\/v2\/product\/546","targetHints":{"allow":["GET"]}}],"collection":[{"href":"https:\/\/ecoreichholz.com\/fr\/wp-json\/wp\/v2\/product"}],"about":[{"href":"https:\/\/ecoreichholz.com\/fr\/wp-json\/wp\/v2\/types\/product"}],"replies":[{"embeddable":true,"href":"https:\/\/ecoreichholz.com\/fr\/wp-json\/wp\/v2\/comments?post=546"}],"version-history":[{"count":2,"href":"https:\/\/ecoreichholz.com\/fr\/wp-json\/wp\/v2\/product\/546\/revisions"}],"predecessor-version":[{"id":30381,"href":"https:\/\/ecoreichholz.com\/fr\/wp-json\/wp\/v2\/product\/546\/revisions\/30381"}],"wp:featuredmedia":[{"embeddable":true,"href":"https:\/\/ecoreichholz.com\/fr\/wp-json\/wp\/v2\/media\/547"}],"wp:attachment":[{"href":"https:\/\/ecoreichholz.com\/fr\/wp-json\/wp\/v2\/media?parent=546"}],"wp:term":[{"taxonomy":"product_brand","embeddable":true,"href":"https:\/\/ecoreichholz.com\/fr\/wp-json\/wp\/v2\/product_brand?post=546"},{"taxonomy":"product_cat","embeddable":true,"href":"https:\/\/ecoreichholz.com\/fr\/wp-json\/wp\/v2\/product_cat?post=546"},{"taxonomy":"product_tag","embeddable":true,"href":"https:\/\/ecoreichholz.com\/fr\/wp-json\/wp\/v2\/product_tag?post=546"}],"curies":[{"name":"wp","href":"https:\/\/api.w.org\/{rel}","templated":true}]}}