{"id":538,"date":"2026-02-12T10:30:57","date_gmt":"2026-02-12T09:30:57","guid":{"rendered":"https:\/\/ecoreichholz.com\/?post_type=product&#038;p=538"},"modified":"2026-02-22T14:15:49","modified_gmt":"2026-02-22T13:15:49","slug":"brennholz-eiche-25cm-3-2srm-palette-kammergetrocknet","status":"publish","type":"product","link":"https:\/\/ecoreichholz.com\/fr\/produit\/brennholz-eiche-25cm-3-2srm-palette-kammergetrocknet\/","title":{"rendered":"Bois de chauffage en ch\u00eane - 25cm - 2RM sur palette | s\u00e9ch\u00e9 en chambre"},"content":{"rendered":"<div style=\"background: #f4f4f4; padding: 15px; margin-bottom: 20px; border-left: 4px solid #43962e;\">\n<h2 style=\"margin-top: 0;\">R\u00e9sum\u00e9 technique<\/h2>\n<p>\u2714 Essence : ch\u00eane (ch\u00eane p\u00e9doncul\u00e9, ch\u00eane rouge, ch\u00eane sessile)<br \/>\n\u2714 Certification : FSC - gestion durable des for\u00eats<br \/>\n\u2714 Pouvoir calorifique : environ 4,2 kWh\/kg (\u2248 4100 kWh par palette)<br \/>\n\u2714 Humidit\u00e9 r\u00e9siduelle : \u2264 12 % (s\u00e9ch\u00e9 en chambre)<br \/>\n\u2714 Unit\u00e9 de vente : 2RM sur palette<br \/>\n\u2714 Poids total : env. 990 kg (emballage compris)<\/p>\n<\/div>\n<h2>Description d\u00e9taill\u00e9e<\/h2>\n<p>Bois de chauffage en ch\u00eane s\u00e9ch\u00e9 en chambre, en b\u00fbches de 20-25 cm.<br \/>\nLe s\u00e9chage technique garantit une humidit\u00e9 r\u00e9siduelle maximale de 12 % et permet une combustion efficace et r\u00e9guli\u00e8re avec un taux de suie et de cendres r\u00e9duit.<\/p>\n<p>Le bois de ch\u00eane se caract\u00e9rise par un pouvoir calorifique \u00e9lev\u00e9 et une formation de braises particuli\u00e8rement durable. En raison de sa densit\u00e9, le ch\u00eane n\u00e9cessite une temp\u00e9rature de d\u00e9part suffisamment \u00e9lev\u00e9e lors de l'allumage. Il est recommand\u00e9 d'utiliser du bois facilement inflammable comme du bouleau ou du bois de conif\u00e8res pour l'allumage.<\/p>\n<p>Convient pour une utilisation dans les po\u00eales et les foyers ferm\u00e9s.<\/p>\n<p>Unit\u00e9 de vente : 3,2 m\u00e8tres cubes en vrac (SRM) sur palette.<br \/>\nCela correspond \u00e0 environ 2 m\u00e8tres cubes de bois de chauffage empil\u00e9s de mani\u00e8re compacte.<\/p>\n<p>Comme il s'agit d'un produit naturel, l'\u00e9paisseur des b\u00fbches, la proportion d'\u00e9corce et la forme peuvent varier l\u00e9g\u00e8rement.<\/p>\n<h2>Caract\u00e9ristiques techniques<\/h2>\n<table style=\"width: 100%; border-collapse: collapse;\">\n<tbody>\n<tr>\n<td style=\"border: 1px solid #ddd; padding: 8px;\"><strong>Essence de bois<\/strong><\/td>\n<td style=\"border: 1px solid #ddd; padding: 8px;\">Ch\u00eane (p\u00e9doncul\u00e9, rouge, sessile)<\/td>\n<\/tr>\n<tr>\n<td style=\"border: 1px solid #ddd; padding: 8px;\"><strong>Certification<\/strong><\/td>\n<td style=\"border: 1px solid #ddd; padding: 8px;\">FSC - gestion durable des for\u00eats<\/td>\n<\/tr>\n<tr>\n<td style=\"border: 1px solid #ddd; padding: 8px;\"><strong>Origine<\/strong><\/td>\n<td style=\"border: 1px solid #ddd; padding: 8px;\">Origine UE<\/td>\n<\/tr>\n<tr>\n<td style=\"border: 1px solid #ddd; padding: 8px;\"><strong>Pouvoir calorifique<\/strong><\/td>\n<td style=\"border: 1px solid #ddd; padding: 8px;\">env. 4,2 kWh\/kg (\u2248 4100 kWh par palette)<\/td>\n<\/tr>\n<tr>\n<td style=\"border: 1px solid #ddd; padding: 8px;\"><strong>Humidit\u00e9 r\u00e9siduelle<\/strong><\/td>\n<td style=\"border: 1px solid #ddd; padding: 8px;\">\u2264 12 % (s\u00e9ch\u00e9 en chambre)<\/td>\n<\/tr>\n<tr>\n<td style=\"border: 1px solid #ddd; padding: 8px;\"><strong>Teneur en cendres<\/strong><\/td>\n<td style=\"border: 1px solid #ddd; padding: 8px;\">faible<\/td>\n<\/tr>\n<tr>\n<td style=\"border: 1px solid #ddd; padding: 8px;\"><strong>Longueur des b\u00fbches<\/strong><\/td>\n<td style=\"border: 1px solid #ddd; padding: 8px;\">20-25 cm<\/td>\n<\/tr>\n<tr>\n<td style=\"border: 1px solid #ddd; padding: 8px;\"><strong>Volume<\/strong><\/td>\n<td style=\"border: 1px solid #ddd; padding: 8px;\">2RM<\/td>\n<\/tr>\n<tr>\n<td style=\"border: 1px solid #ddd; padding: 8px;\"><strong>Poids avec emballage<\/strong><\/td>\n<td style=\"border: 1px solid #ddd; padding: 8px;\">environ 990 kg<\/td>\n<\/tr>\n<tr>\n<td style=\"border: 1px solid #ddd; padding: 8px;\"><strong>Dimensions de la palette (L\u00d7l\u00d7H)<\/strong><\/td>\n<td style=\"border: 1px solid #ddd; padding: 8px;\">105 \u00d7 105 \u00d7 210 cm<\/td>\n<\/tr>\n<tr>\n<td style=\"border: 1px solid #ddd; padding: 8px;\"><strong>Convient pour<\/strong><\/td>\n<td style=\"border: 1px solid #ddd; padding: 8px;\">Po\u00eale \u00e0 bois, foyer ferm\u00e9<\/td>\n<\/tr>\n<\/tbody>\n<\/table>\n<h2>Livraison<\/h2>\n<ul>\n<li>Exp\u00e9dition standard : gratuit - d\u00e9lai de livraison 3-5 jours ouvrables<\/li>\n<li>Envoi express (48 heures) : 20 \u20ac<\/li>\n<li>R\u00e9gions de livraison : Allemagne, Belgique, Pays-Bas, France, Autriche<\/li>\n<li>Exp\u00e9dition sp\u00e9cialis\u00e9e pour les combustibles<\/li>\n<li>Camion avec plate-forme \u00e9l\u00e9vatrice<\/li>\n<li>Livraison franco bord de trottoir<\/li>\n<li>Acc\u00e8s n\u00e9cessaire pour les camions de 40 tonnes<\/li>\n<li>Avis t\u00e9l\u00e9phonique avant livraison<\/li>\n<\/ul>\n<h2>Stockage et utilisation<\/h2>\n<p>Stocker dans un endroit sec et bien ventil\u00e9. Prot\u00e9ger de l'humidit\u00e9 directe du sol.<\/p>\n<h2>Droit de r\u00e9tractation<\/h2>\n<p>Vous disposez d'un droit de r\u00e9tractation l\u00e9gal de 14 jours conform\u00e9ment \u00e0 la l\u00e9gislation europ\u00e9enne en vigueur en mati\u00e8re de protection des consommateurs.<br \/>\nLes marchandises doivent \u00eatre retourn\u00e9es non utilis\u00e9es et dans leur \u00e9tat d'origine.<\/p>\n<p>Vous trouverez ici les d\u00e9tails concernant les retours et les remboursements :<br \/>\n<a href=\"https:\/\/ecoreichholz.com\/fr\/ruckgabe-und-erstattungsrichtlinie\/\" target=\"_blank\" rel=\"noopener\"><br \/>\nPolitique de retour et de remboursement<br \/>\n<\/a><\/p>\n<p>Contact : kontakt@ecoreichholz.com<\/p>","protected":false},"excerpt":{"rendered":"<p>Bois de ch\u00eane s\u00e9ch\u00e9 en chambre (\u2264 12 % d'humidit\u00e9 r\u00e9siduelle) en b\u00fbches de 20-25 cm pour une combustion r\u00e9guli\u00e8re et durable. Convient particuli\u00e8rement aux po\u00eales et aux chemin\u00e9es ferm\u00e9es. Pouvoir calorifique d'environ 4,2 kWh\/kg (\u2248 4100 kWh par palette).<\/p>\n<p>Livraison en 2SRM sur palette (105 \u00d7 105 \u00d7 210 cm) avec un poids total d'environ 990 kg, emballage compris.<\/p>\n<p><strong>Prix de base : 150\u20ac \/ 1RM<\/strong><\/p>","protected":false},"featured_media":498,"comment_status":"open","ping_status":"closed","template":"","meta":[],"product_brand":[],"product_cat":[22,32],"product_tag":[141],"class_list":{"0":"post-538","1":"product","2":"type-product","3":"status-publish","4":"has-post-thumbnail","6":"product_cat-brennholz","7":"product_cat-eiche","8":"product_tag-zwei-raummeter","10":"first","11":"instock","12":"sale","13":"shipping-taxable","14":"purchasable","15":"product-type-simple"},"yoast_head":"<!-- This site is optimized with the Yoast SEO plugin v26.2 - https:\/\/yoast.com\/wordpress\/plugins\/seo\/ -->\n<title>Brennholz Eiche \u2013 25cm \u2013 2RM auf Palette | kammergetrocknet - Ecoreichholz<\/title>\n<meta name=\"robots\" content=\"index, follow, max-snippet:-1, max-image-preview:large, max-video-preview:-1\" \/>\n<link rel=\"canonical\" href=\"https:\/\/ecoreichholz.com\/fr\/produit\/brennholz-eiche-25cm-3-2srm-palette-kammergetrocknet\/\" \/>\n<meta property=\"og:locale\" content=\"fr_FR\" \/>\n<meta property=\"og:type\" content=\"article\" \/>\n<meta property=\"og:title\" content=\"Brennholz Eiche \u2013 25cm \u2013 2RM auf Palette | kammergetrocknet - Ecoreichholz\" \/>\n<meta property=\"og:description\" content=\"Kammergetrocknetes Eichenholz (\u2264 12 % Restfeuchte) in 20\u201325 cm Scheitl\u00e4nge f\u00fcr gleichm\u00e4\u00dfigen und langanhaltenden Abbrand. Besonders geeignet f\u00fcr Kaminofen und geschlossene Kamine. Heizwert ca. 4,2 kWh\/kg (\u2248 4100 kWh pro Palette).  Lieferung als 2SRM auf Palette (105 \u00d7 105 \u00d7 210 cm) mit einem Gesamtgewicht von ca. 990 kg inkl. Verpackung.  Grundpreis: 150\u20ac \/ 1RM\" \/>\n<meta property=\"og:url\" content=\"https:\/\/ecoreichholz.com\/fr\/produit\/brennholz-eiche-25cm-3-2srm-palette-kammergetrocknet\/\" \/>\n<meta property=\"og:site_name\" content=\"Ecoreichholz\" \/>\n<meta property=\"article:modified_time\" content=\"2026-02-22T13:15:49+00:00\" \/>\n<meta property=\"og:image\" content=\"https:\/\/ecoreichholz.com\/wp-content\/uploads\/2025\/01\/2015_09_30_brennholz_moser_1899_srgb_1000px.jpg\" \/>\n\t<meta property=\"og:image:width\" content=\"500\" \/>\n\t<meta property=\"og:image:height\" content=\"500\" \/>\n\t<meta property=\"og:image:type\" content=\"image\/jpeg\" \/>\n<meta name=\"twitter:card\" content=\"summary_large_image\" \/>\n<meta name=\"twitter:label1\" content=\"Dur\u00e9e de lecture estim\u00e9e\" \/>\n\t<meta name=\"twitter:data1\" content=\"2 minutes\" \/>\n<script type=\"application\/ld+json\" class=\"yoast-schema-graph\">{\"@context\":\"https:\/\/schema.org\",\"@graph\":[{\"@type\":\"WebPage\",\"@id\":\"https:\/\/ecoreichholz.com\/produkt\/brennholz-eiche-25cm-3-2srm-palette-kammergetrocknet\/\",\"url\":\"https:\/\/ecoreichholz.com\/produkt\/brennholz-eiche-25cm-3-2srm-palette-kammergetrocknet\/\",\"name\":\"Brennholz Eiche \u2013 25cm \u2013 2RM auf Palette | kammergetrocknet - Ecoreichholz\",\"isPartOf\":{\"@id\":\"https:\/\/ecoreichholz.com\/#website\"},\"primaryImageOfPage\":{\"@id\":\"https:\/\/ecoreichholz.com\/produkt\/brennholz-eiche-25cm-3-2srm-palette-kammergetrocknet\/#primaryimage\"},\"image\":{\"@id\":\"https:\/\/ecoreichholz.com\/produkt\/brennholz-eiche-25cm-3-2srm-palette-kammergetrocknet\/#primaryimage\"},\"thumbnailUrl\":\"https:\/\/ecoreichholz.com\/wp-content\/uploads\/2025\/01\/2015_09_30_brennholz_moser_1899_srgb_1000px.jpg\",\"datePublished\":\"2026-02-12T09:30:57+00:00\",\"dateModified\":\"2026-02-22T13:15:49+00:00\",\"breadcrumb\":{\"@id\":\"https:\/\/ecoreichholz.com\/produkt\/brennholz-eiche-25cm-3-2srm-palette-kammergetrocknet\/#breadcrumb\"},\"inLanguage\":\"fr-FR\",\"potentialAction\":[{\"@type\":\"ReadAction\",\"target\":[\"https:\/\/ecoreichholz.com\/produkt\/brennholz-eiche-25cm-3-2srm-palette-kammergetrocknet\/\"]}]},{\"@type\":\"ImageObject\",\"inLanguage\":\"fr-FR\",\"@id\":\"https:\/\/ecoreichholz.com\/produkt\/brennholz-eiche-25cm-3-2srm-palette-kammergetrocknet\/#primaryimage\",\"url\":\"https:\/\/ecoreichholz.com\/wp-content\/uploads\/2025\/01\/2015_09_30_brennholz_moser_1899_srgb_1000px.jpg\",\"contentUrl\":\"https:\/\/ecoreichholz.com\/wp-content\/uploads\/2025\/01\/2015_09_30_brennholz_moser_1899_srgb_1000px.jpg\",\"width\":500,\"height\":500},{\"@type\":\"BreadcrumbList\",\"@id\":\"https:\/\/ecoreichholz.com\/produkt\/brennholz-eiche-25cm-3-2srm-palette-kammergetrocknet\/#breadcrumb\",\"itemListElement\":[{\"@type\":\"ListItem\",\"position\":1,\"name\":\"Accueil\",\"item\":\"https:\/\/ecoreichholz.com\/\"},{\"@type\":\"ListItem\",\"position\":2,\"name\":\"Shop\",\"item\":\"https:\/\/ecoreichholz.com\/shop\/\"},{\"@type\":\"ListItem\",\"position\":3,\"name\":\"Brennholz Eiche \u2013 25cm \u2013 2RM auf Palette | kammergetrocknet\"}]},{\"@type\":\"WebSite\",\"@id\":\"https:\/\/ecoreichholz.com\/#website\",\"url\":\"https:\/\/ecoreichholz.com\/\",\"name\":\"Ecoreichholz\",\"description\":\"\",\"publisher\":{\"@id\":\"https:\/\/ecoreichholz.com\/#organization\"},\"potentialAction\":[{\"@type\":\"SearchAction\",\"target\":{\"@type\":\"EntryPoint\",\"urlTemplate\":\"https:\/\/ecoreichholz.com\/?s={search_term_string}\"},\"query-input\":{\"@type\":\"PropertyValueSpecification\",\"valueRequired\":true,\"valueName\":\"search_term_string\"}}],\"inLanguage\":\"fr-FR\"},{\"@type\":\"Organization\",\"@id\":\"https:\/\/ecoreichholz.com\/#organization\",\"name\":\"Ecoreichholz\",\"url\":\"https:\/\/ecoreichholz.com\/\",\"logo\":{\"@type\":\"ImageObject\",\"inLanguage\":\"fr-FR\",\"@id\":\"https:\/\/ecoreichholz.com\/#\/schema\/logo\/image\/\",\"url\":\"https:\/\/ecoreichholz.com\/wp-content\/uploads\/2025\/01\/cropped-echoreichholz__3___1_-removebg-preview.png\",\"contentUrl\":\"https:\/\/ecoreichholz.com\/wp-content\/uploads\/2025\/01\/cropped-echoreichholz__3___1_-removebg-preview.png\",\"width\":1220,\"height\":204,\"caption\":\"Ecoreichholz\"},\"image\":{\"@id\":\"https:\/\/ecoreichholz.com\/#\/schema\/logo\/image\/\"}}]}<\/script>\n<!-- \/ Yoast SEO plugin. -->","yoast_head_json":{"title":"Brennholz Eiche \u2013 25cm \u2013 2RM auf Palette | kammergetrocknet - Ecoreichholz","robots":{"index":"index","follow":"follow","max-snippet":"max-snippet:-1","max-image-preview":"max-image-preview:large","max-video-preview":"max-video-preview:-1"},"canonical":"https:\/\/ecoreichholz.com\/fr\/produit\/brennholz-eiche-25cm-3-2srm-palette-kammergetrocknet\/","og_locale":"fr_FR","og_type":"article","og_title":"Brennholz Eiche \u2013 25cm \u2013 2RM auf Palette | kammergetrocknet - Ecoreichholz","og_description":"Kammergetrocknetes Eichenholz (\u2264 12 % Restfeuchte) in 20\u201325 cm Scheitl\u00e4nge f\u00fcr gleichm\u00e4\u00dfigen und langanhaltenden Abbrand. Besonders geeignet f\u00fcr Kaminofen und geschlossene Kamine. Heizwert ca. 4,2 kWh\/kg (\u2248 4100 kWh pro Palette).  Lieferung als 2SRM auf Palette (105 \u00d7 105 \u00d7 210 cm) mit einem Gesamtgewicht von ca. 990 kg inkl. Verpackung.  Grundpreis: 150\u20ac \/ 1RM","og_url":"https:\/\/ecoreichholz.com\/fr\/produit\/brennholz-eiche-25cm-3-2srm-palette-kammergetrocknet\/","og_site_name":"Ecoreichholz","article_modified_time":"2026-02-22T13:15:49+00:00","og_image":[{"width":500,"height":500,"url":"https:\/\/ecoreichholz.com\/wp-content\/uploads\/2025\/01\/2015_09_30_brennholz_moser_1899_srgb_1000px.jpg","type":"image\/jpeg"}],"twitter_card":"summary_large_image","twitter_misc":{"Dur\u00e9e de lecture estim\u00e9e":"2 minutes"},"schema":{"@context":"https:\/\/schema.org","@graph":[{"@type":"WebPage","@id":"https:\/\/ecoreichholz.com\/produkt\/brennholz-eiche-25cm-3-2srm-palette-kammergetrocknet\/","url":"https:\/\/ecoreichholz.com\/produkt\/brennholz-eiche-25cm-3-2srm-palette-kammergetrocknet\/","name":"Brennholz Eiche \u2013 25cm \u2013 2RM auf Palette | kammergetrocknet - Ecoreichholz","isPartOf":{"@id":"https:\/\/ecoreichholz.com\/#website"},"primaryImageOfPage":{"@id":"https:\/\/ecoreichholz.com\/produkt\/brennholz-eiche-25cm-3-2srm-palette-kammergetrocknet\/#primaryimage"},"image":{"@id":"https:\/\/ecoreichholz.com\/produkt\/brennholz-eiche-25cm-3-2srm-palette-kammergetrocknet\/#primaryimage"},"thumbnailUrl":"https:\/\/ecoreichholz.com\/wp-content\/uploads\/2025\/01\/2015_09_30_brennholz_moser_1899_srgb_1000px.jpg","datePublished":"2026-02-12T09:30:57+00:00","dateModified":"2026-02-22T13:15:49+00:00","breadcrumb":{"@id":"https:\/\/ecoreichholz.com\/produkt\/brennholz-eiche-25cm-3-2srm-palette-kammergetrocknet\/#breadcrumb"},"inLanguage":"fr-FR","potentialAction":[{"@type":"ReadAction","target":["https:\/\/ecoreichholz.com\/produkt\/brennholz-eiche-25cm-3-2srm-palette-kammergetrocknet\/"]}]},{"@type":"ImageObject","inLanguage":"fr-FR","@id":"https:\/\/ecoreichholz.com\/produkt\/brennholz-eiche-25cm-3-2srm-palette-kammergetrocknet\/#primaryimage","url":"https:\/\/ecoreichholz.com\/wp-content\/uploads\/2025\/01\/2015_09_30_brennholz_moser_1899_srgb_1000px.jpg","contentUrl":"https:\/\/ecoreichholz.com\/wp-content\/uploads\/2025\/01\/2015_09_30_brennholz_moser_1899_srgb_1000px.jpg","width":500,"height":500},{"@type":"BreadcrumbList","@id":"https:\/\/ecoreichholz.com\/produkt\/brennholz-eiche-25cm-3-2srm-palette-kammergetrocknet\/#breadcrumb","itemListElement":[{"@type":"ListItem","position":1,"name":"Accueil","item":"https:\/\/ecoreichholz.com\/"},{"@type":"ListItem","position":2,"name":"Shop","item":"https:\/\/ecoreichholz.com\/shop\/"},{"@type":"ListItem","position":3,"name":"Brennholz Eiche \u2013 25cm \u2013 2RM auf Palette | kammergetrocknet"}]},{"@type":"WebSite","@id":"https:\/\/ecoreichholz.com\/#website","url":"https:\/\/ecoreichholz.com\/","name":"Bois riche \u00e9cologique","description":"","publisher":{"@id":"https:\/\/ecoreichholz.com\/#organization"},"potentialAction":[{"@type":"SearchAction","target":{"@type":"EntryPoint","urlTemplate":"https:\/\/ecoreichholz.com\/?s={search_term_string}"},"query-input":{"@type":"PropertyValueSpecification","valueRequired":true,"valueName":"search_term_string"}}],"inLanguage":"fr-FR"},{"@type":"Organization","@id":"https:\/\/ecoreichholz.com\/#organization","name":"Bois riche \u00e9cologique","url":"https:\/\/ecoreichholz.com\/","logo":{"@type":"ImageObject","inLanguage":"fr-FR","@id":"https:\/\/ecoreichholz.com\/#\/schema\/logo\/image\/","url":"https:\/\/ecoreichholz.com\/wp-content\/uploads\/2025\/01\/cropped-echoreichholz__3___1_-removebg-preview.png","contentUrl":"https:\/\/ecoreichholz.com\/wp-content\/uploads\/2025\/01\/cropped-echoreichholz__3___1_-removebg-preview.png","width":1220,"height":204,"caption":"Ecoreichholz"},"image":{"@id":"https:\/\/ecoreichholz.com\/#\/schema\/logo\/image\/"}}]}},"jetpack_sharing_enabled":true,"_links":{"self":[{"href":"https:\/\/ecoreichholz.com\/fr\/wp-json\/wp\/v2\/product\/538","targetHints":{"allow":["GET"]}}],"collection":[{"href":"https:\/\/ecoreichholz.com\/fr\/wp-json\/wp\/v2\/product"}],"about":[{"href":"https:\/\/ecoreichholz.com\/fr\/wp-json\/wp\/v2\/types\/product"}],"replies":[{"embeddable":true,"href":"https:\/\/ecoreichholz.com\/fr\/wp-json\/wp\/v2\/comments?post=538"}],"version-history":[{"count":6,"href":"https:\/\/ecoreichholz.com\/fr\/wp-json\/wp\/v2\/product\/538\/revisions"}],"predecessor-version":[{"id":30576,"href":"https:\/\/ecoreichholz.com\/fr\/wp-json\/wp\/v2\/product\/538\/revisions\/30576"}],"wp:featuredmedia":[{"embeddable":true,"href":"https:\/\/ecoreichholz.com\/fr\/wp-json\/wp\/v2\/media\/498"}],"wp:attachment":[{"href":"https:\/\/ecoreichholz.com\/fr\/wp-json\/wp\/v2\/media?parent=538"}],"wp:term":[{"taxonomy":"product_brand","embeddable":true,"href":"https:\/\/ecoreichholz.com\/fr\/wp-json\/wp\/v2\/product_brand?post=538"},{"taxonomy":"product_cat","embeddable":true,"href":"https:\/\/ecoreichholz.com\/fr\/wp-json\/wp\/v2\/product_cat?post=538"},{"taxonomy":"product_tag","embeddable":true,"href":"https:\/\/ecoreichholz.com\/fr\/wp-json\/wp\/v2\/product_tag?post=538"}],"curies":[{"name":"wp","href":"https:\/\/api.w.org\/{rel}","templated":true}]}}