{"id":526,"date":"2026-02-13T14:00:48","date_gmt":"2026-02-13T13:00:48","guid":{"rendered":"https:\/\/ecoreichholz.com\/?post_type=product&#038;p=526"},"modified":"2026-02-22T14:09:42","modified_gmt":"2026-02-22T13:09:42","slug":"brennholz-buche-50cm-2-5srm-palette-kammergetrocknet","status":"publish","type":"product","link":"https:\/\/ecoreichholz.com\/fr\/produit\/brennholz-buche-50cm-2-5srm-palette-kammergetrocknet\/","title":{"rendered":"Bois de chauffage en h\u00eatre - 50cm - 2RM sur palette | s\u00e9ch\u00e9 en chambre"},"content":{"rendered":"<div style=\"background: #f4f4f4; padding: 15px; margin-bottom: 20px; border-left: 4px solid #43962e;\">\n<h2 style=\"margin-top: 0;\">R\u00e9sum\u00e9 technique<\/h2>\n<p>\u2714 Essence : H\u00eatre commun (Fagus sylvatica)<br \/>\n\u2714 Certification : FSC - gestion durable des for\u00eats<br \/>\n\u2714 Pouvoir calorifique : environ 4,2 kWh\/kg (\u2248 4200 kWh par palette)<br \/>\n\u2714 Humidit\u00e9 r\u00e9siduelle : \u2264 12 % (s\u00e9ch\u00e9 en chambre)<br \/>\n\u2714 Unit\u00e9 de vente : 2RM sur palette<br \/>\n\u2714 Poids total : environ 999 kg (emballage compris)<\/p>\n<\/div>\n<h2>Description d\u00e9taill\u00e9e<\/h2>\n<p>Bois de chauffage en h\u00eatre rouge s\u00e9ch\u00e9 en chambre, en b\u00fbches de 48-50 cm.<br \/>\nLe s\u00e9chage technique garantit une humidit\u00e9 r\u00e9siduelle de 12 % maximum et permet une combustion r\u00e9guli\u00e8re et propre.<\/p>\n<p>Le bois de h\u00eatre rouge poss\u00e8de une densit\u00e9 \u00e9lev\u00e9e et se caract\u00e9rise par une combustion lente ainsi qu'une formation de braises de longue dur\u00e9e. La longueur de b\u00fbche de 50 cm est particuli\u00e8rement adapt\u00e9e aux grands foyers et r\u00e9duit la fr\u00e9quence des rechargements, \u00e0 condition que l'installation de chauffage soit con\u00e7ue pour cette longueur.<\/p>\n<p>Cela correspond \u00e0 environ 2 m\u00e8tres cubes de bois de chauffage empil\u00e9s de mani\u00e8re compacte.<\/p>\n<p>Comme il s'agit d'un produit naturel, l'\u00e9paisseur des b\u00fbches, la proportion d'\u00e9corce et la forme peuvent varier l\u00e9g\u00e8rement.<\/p>\n<h2>Caract\u00e9ristiques techniques<\/h2>\n<table style=\"width: 100%; border-collapse: collapse;\">\n<tbody>\n<tr>\n<td style=\"border: 1px solid #ddd; padding: 8px;\"><strong>Essence de bois<\/strong><\/td>\n<td style=\"border: 1px solid #ddd; padding: 8px;\">H\u00eatre commun (Fagus sylvatica)<\/td>\n<\/tr>\n<tr>\n<td style=\"border: 1px solid #ddd; padding: 8px;\"><strong>Certification<\/strong><\/td>\n<td style=\"border: 1px solid #ddd; padding: 8px;\">FSC - gestion durable des for\u00eats<\/td>\n<\/tr>\n<tr>\n<td style=\"border: 1px solid #ddd; padding: 8px;\"><strong>Origine<\/strong><\/td>\n<td style=\"border: 1px solid #ddd; padding: 8px;\">Origine UE<\/td>\n<\/tr>\n<tr>\n<td style=\"border: 1px solid #ddd; padding: 8px;\"><strong>Pouvoir calorifique<\/strong><\/td>\n<td style=\"border: 1px solid #ddd; padding: 8px;\">env. 4,2 kWh\/kg (\u2248 4200 kWh par palette)<\/td>\n<\/tr>\n<tr>\n<td style=\"border: 1px solid #ddd; padding: 8px;\"><strong>Humidit\u00e9 r\u00e9siduelle<\/strong><\/td>\n<td style=\"border: 1px solid #ddd; padding: 8px;\">\u2264 12 % (s\u00e9ch\u00e9 en chambre)<\/td>\n<\/tr>\n<tr>\n<td style=\"border: 1px solid #ddd; padding: 8px;\"><strong>Longueur des b\u00fbches<\/strong><\/td>\n<td style=\"border: 1px solid #ddd; padding: 8px;\">48-50 cm<\/td>\n<\/tr>\n<tr>\n<td style=\"border: 1px solid #ddd; padding: 8px;\"><strong>Volume<\/strong><\/td>\n<td style=\"border: 1px solid #ddd; padding: 8px;\">2,5 MRS<\/td>\n<\/tr>\n<tr>\n<td style=\"border: 1px solid #ddd; padding: 8px;\"><strong>Poids avec emballage<\/strong><\/td>\n<td style=\"border: 1px solid #ddd; padding: 8px;\">environ 999 kg<\/td>\n<\/tr>\n<tr>\n<td style=\"border: 1px solid #ddd; padding: 8px;\"><strong>Dimensions de la palette (L\u00d7l\u00d7H)<\/strong><\/td>\n<td style=\"border: 1px solid #ddd; padding: 8px;\">110 \u00d7 106 \u00d7 215 cm<\/td>\n<\/tr>\n<tr>\n<td style=\"border: 1px solid #ddd; padding: 8px;\"><strong>Convient pour<\/strong><\/td>\n<td style=\"border: 1px solid #ddd; padding: 8px;\">Po\u00eale \u00e0 bois, feu ouvert, cuisini\u00e8re \u00e0 bois, barbecue, fumoir<\/td>\n<\/tr>\n<\/tbody>\n<\/table>\n<h2>Livraison<\/h2>\n<ul>\n<li>Exp\u00e9dition standard : gratuit - d\u00e9lai de livraison 3-5 jours ouvrables<\/li>\n<li>Envoi express (48 heures) : 20 \u20ac<\/li>\n<li>R\u00e9gions de livraison : Allemagne, Belgique, Pays-Bas, France, Autriche<\/li>\n<li>Exp\u00e9dition sp\u00e9cialis\u00e9e pour les combustibles<\/li>\n<li>Camion avec plate-forme \u00e9l\u00e9vatrice<\/li>\n<li>Livraison franco bord de trottoir<\/li>\n<li>Acc\u00e8s n\u00e9cessaire pour les camions de 40 tonnes<\/li>\n<li>Avis t\u00e9l\u00e9phonique avant livraison<\/li>\n<\/ul>\n<h2>Stockage et utilisation<\/h2>\n<p>Stocker dans un endroit sec et bien ventil\u00e9. Prot\u00e9ger de l'humidit\u00e9 directe du sol.<\/p>\n<h2>Droit de r\u00e9tractation<\/h2>\n<p>Vous disposez d'un droit de r\u00e9tractation l\u00e9gal de 14 jours conform\u00e9ment \u00e0 la l\u00e9gislation europ\u00e9enne en vigueur en mati\u00e8re de protection des consommateurs.<br \/>\nLes marchandises doivent \u00eatre retourn\u00e9es non utilis\u00e9es et dans leur \u00e9tat d'origine.<\/p>\n<p>Vous trouverez ici les d\u00e9tails concernant les retours et les remboursements :<br \/>\n<a href=\"https:\/\/ecoreichholz.com\/fr\/ruckgabe-und-erstattungsrichtlinie\/\" target=\"_blank\" rel=\"noopener\"><br \/>\nPolitique de retour et de remboursement<br \/>\n<\/a><\/p>\n<p>Contact : kontakt@ecoreichholz.com<\/p>","protected":false},"excerpt":{"rendered":"<p>H\u00eatre rouge s\u00e9ch\u00e9 en chambre (\u2264 12 % d'humidit\u00e9 r\u00e9siduelle) en b\u00fbches de 48-50 cm avec une combustion calme et lente et une formation de braises de longue dur\u00e9e. Convient pour les po\u00eales, les foyers ouverts, les cuisini\u00e8res \u00e0 bois, les barbecues et les fumoirs. Pouvoir calorifique d'environ 4,2 kWh\/kg (\u2248 4200 kWh par palette).<\/p>\n<p>Livraison en 2RM sur palette (110 \u00d7 106 \u00d7 215 cm) avec un poids total d'environ 999 kg, emballage compris.<\/p>\n<p><strong>Prix de base : 142,50 \u20ac \/ 1 RM<\/strong><\/p>","protected":false},"featured_media":651,"comment_status":"open","ping_status":"closed","template":"","meta":[],"product_brand":[],"product_cat":[30],"product_tag":[141],"class_list":{"0":"post-526","1":"product","2":"type-product","3":"status-publish","4":"has-post-thumbnail","6":"product_cat-buche","7":"product_tag-zwei-raummeter","9":"first","10":"instock","11":"sale","12":"shipping-taxable","13":"purchasable","14":"product-type-simple"},"yoast_head":"<!-- This site is optimized with the Yoast SEO plugin v26.2 - https:\/\/yoast.com\/wordpress\/plugins\/seo\/ -->\n<title>Brennholz Buche \u2013 50cm \u2013 2RM auf Palette | kammergetrocknet - Ecoreichholz<\/title>\n<meta name=\"robots\" content=\"index, follow, max-snippet:-1, max-image-preview:large, max-video-preview:-1\" \/>\n<link rel=\"canonical\" href=\"https:\/\/ecoreichholz.com\/fr\/produit\/brennholz-buche-50cm-2-5srm-palette-kammergetrocknet\/\" \/>\n<meta property=\"og:locale\" content=\"fr_FR\" \/>\n<meta property=\"og:type\" content=\"article\" \/>\n<meta property=\"og:title\" content=\"Brennholz Buche \u2013 50cm \u2013 2RM auf Palette | kammergetrocknet - Ecoreichholz\" \/>\n<meta property=\"og:description\" content=\"Kammergetrocknete Rotbuche (\u2264 12 % Restfeuchte) in 48\u201350 cm Scheitl\u00e4nge mit ruhigem, langsamem Abbrand und langanhaltender Glutbildung. Geeignet f\u00fcr Kaminofen, offenen Kamin, Holzherd, Grill und Smoker. Heizwert ca. 4,2 kWh\/kg (\u2248 4200 kWh pro Palette).  Lieferung als 2RM auf Palette (110 \u00d7 106 \u00d7 215 cm) mit einem Gesamtgewicht von ca. 999 kg inkl. Verpackung.  Grundpreis: 142,50 \u20ac \/ 1 RM\" \/>\n<meta property=\"og:url\" content=\"https:\/\/ecoreichholz.com\/fr\/produit\/brennholz-buche-50cm-2-5srm-palette-kammergetrocknet\/\" \/>\n<meta property=\"og:site_name\" content=\"Ecoreichholz\" \/>\n<meta property=\"article:modified_time\" content=\"2026-02-22T13:09:42+00:00\" \/>\n<meta property=\"og:image\" content=\"https:\/\/ecoreichholz.com\/wp-content\/uploads\/2025\/01\/melange-de-bois-durs.png\" \/>\n\t<meta property=\"og:image:width\" content=\"500\" \/>\n\t<meta property=\"og:image:height\" content=\"500\" \/>\n\t<meta property=\"og:image:type\" content=\"image\/png\" \/>\n<meta name=\"twitter:card\" content=\"summary_large_image\" \/>\n<meta name=\"twitter:label1\" content=\"Dur\u00e9e de lecture estim\u00e9e\" \/>\n\t<meta name=\"twitter:data1\" content=\"2 minutes\" \/>\n<script type=\"application\/ld+json\" class=\"yoast-schema-graph\">{\"@context\":\"https:\/\/schema.org\",\"@graph\":[{\"@type\":\"WebPage\",\"@id\":\"https:\/\/ecoreichholz.com\/produkt\/brennholz-buche-50cm-2-5srm-palette-kammergetrocknet\/\",\"url\":\"https:\/\/ecoreichholz.com\/produkt\/brennholz-buche-50cm-2-5srm-palette-kammergetrocknet\/\",\"name\":\"Brennholz Buche \u2013 50cm \u2013 2RM auf Palette | kammergetrocknet - Ecoreichholz\",\"isPartOf\":{\"@id\":\"https:\/\/ecoreichholz.com\/#website\"},\"primaryImageOfPage\":{\"@id\":\"https:\/\/ecoreichholz.com\/produkt\/brennholz-buche-50cm-2-5srm-palette-kammergetrocknet\/#primaryimage\"},\"image\":{\"@id\":\"https:\/\/ecoreichholz.com\/produkt\/brennholz-buche-50cm-2-5srm-palette-kammergetrocknet\/#primaryimage\"},\"thumbnailUrl\":\"https:\/\/ecoreichholz.com\/wp-content\/uploads\/2025\/01\/melange-de-bois-durs.png\",\"datePublished\":\"2026-02-13T13:00:48+00:00\",\"dateModified\":\"2026-02-22T13:09:42+00:00\",\"breadcrumb\":{\"@id\":\"https:\/\/ecoreichholz.com\/produkt\/brennholz-buche-50cm-2-5srm-palette-kammergetrocknet\/#breadcrumb\"},\"inLanguage\":\"fr-FR\",\"potentialAction\":[{\"@type\":\"ReadAction\",\"target\":[\"https:\/\/ecoreichholz.com\/produkt\/brennholz-buche-50cm-2-5srm-palette-kammergetrocknet\/\"]}]},{\"@type\":\"ImageObject\",\"inLanguage\":\"fr-FR\",\"@id\":\"https:\/\/ecoreichholz.com\/produkt\/brennholz-buche-50cm-2-5srm-palette-kammergetrocknet\/#primaryimage\",\"url\":\"https:\/\/ecoreichholz.com\/wp-content\/uploads\/2025\/01\/melange-de-bois-durs.png\",\"contentUrl\":\"https:\/\/ecoreichholz.com\/wp-content\/uploads\/2025\/01\/melange-de-bois-durs.png\",\"width\":500,\"height\":500},{\"@type\":\"BreadcrumbList\",\"@id\":\"https:\/\/ecoreichholz.com\/produkt\/brennholz-buche-50cm-2-5srm-palette-kammergetrocknet\/#breadcrumb\",\"itemListElement\":[{\"@type\":\"ListItem\",\"position\":1,\"name\":\"Accueil\",\"item\":\"https:\/\/ecoreichholz.com\/\"},{\"@type\":\"ListItem\",\"position\":2,\"name\":\"Shop\",\"item\":\"https:\/\/ecoreichholz.com\/shop\/\"},{\"@type\":\"ListItem\",\"position\":3,\"name\":\"Brennholz Buche \u2013 50cm \u2013 2RM auf Palette | kammergetrocknet\"}]},{\"@type\":\"WebSite\",\"@id\":\"https:\/\/ecoreichholz.com\/#website\",\"url\":\"https:\/\/ecoreichholz.com\/\",\"name\":\"Ecoreichholz\",\"description\":\"\",\"publisher\":{\"@id\":\"https:\/\/ecoreichholz.com\/#organization\"},\"potentialAction\":[{\"@type\":\"SearchAction\",\"target\":{\"@type\":\"EntryPoint\",\"urlTemplate\":\"https:\/\/ecoreichholz.com\/?s={search_term_string}\"},\"query-input\":{\"@type\":\"PropertyValueSpecification\",\"valueRequired\":true,\"valueName\":\"search_term_string\"}}],\"inLanguage\":\"fr-FR\"},{\"@type\":\"Organization\",\"@id\":\"https:\/\/ecoreichholz.com\/#organization\",\"name\":\"Ecoreichholz\",\"url\":\"https:\/\/ecoreichholz.com\/\",\"logo\":{\"@type\":\"ImageObject\",\"inLanguage\":\"fr-FR\",\"@id\":\"https:\/\/ecoreichholz.com\/#\/schema\/logo\/image\/\",\"url\":\"https:\/\/ecoreichholz.com\/wp-content\/uploads\/2025\/01\/cropped-echoreichholz__3___1_-removebg-preview.png\",\"contentUrl\":\"https:\/\/ecoreichholz.com\/wp-content\/uploads\/2025\/01\/cropped-echoreichholz__3___1_-removebg-preview.png\",\"width\":1220,\"height\":204,\"caption\":\"Ecoreichholz\"},\"image\":{\"@id\":\"https:\/\/ecoreichholz.com\/#\/schema\/logo\/image\/\"}}]}<\/script>\n<!-- \/ Yoast SEO plugin. -->","yoast_head_json":{"title":"Brennholz Buche \u2013 50cm \u2013 2RM auf Palette | kammergetrocknet - Ecoreichholz","robots":{"index":"index","follow":"follow","max-snippet":"max-snippet:-1","max-image-preview":"max-image-preview:large","max-video-preview":"max-video-preview:-1"},"canonical":"https:\/\/ecoreichholz.com\/fr\/produit\/brennholz-buche-50cm-2-5srm-palette-kammergetrocknet\/","og_locale":"fr_FR","og_type":"article","og_title":"Brennholz Buche \u2013 50cm \u2013 2RM auf Palette | kammergetrocknet - Ecoreichholz","og_description":"Kammergetrocknete Rotbuche (\u2264 12 % Restfeuchte) in 48\u201350 cm Scheitl\u00e4nge mit ruhigem, langsamem Abbrand und langanhaltender Glutbildung. Geeignet f\u00fcr Kaminofen, offenen Kamin, Holzherd, Grill und Smoker. Heizwert ca. 4,2 kWh\/kg (\u2248 4200 kWh pro Palette).  Lieferung als 2RM auf Palette (110 \u00d7 106 \u00d7 215 cm) mit einem Gesamtgewicht von ca. 999 kg inkl. Verpackung.  Grundpreis: 142,50 \u20ac \/ 1 RM","og_url":"https:\/\/ecoreichholz.com\/fr\/produit\/brennholz-buche-50cm-2-5srm-palette-kammergetrocknet\/","og_site_name":"Ecoreichholz","article_modified_time":"2026-02-22T13:09:42+00:00","og_image":[{"width":500,"height":500,"url":"https:\/\/ecoreichholz.com\/wp-content\/uploads\/2025\/01\/melange-de-bois-durs.png","type":"image\/png"}],"twitter_card":"summary_large_image","twitter_misc":{"Dur\u00e9e de lecture estim\u00e9e":"2 minutes"},"schema":{"@context":"https:\/\/schema.org","@graph":[{"@type":"WebPage","@id":"https:\/\/ecoreichholz.com\/produkt\/brennholz-buche-50cm-2-5srm-palette-kammergetrocknet\/","url":"https:\/\/ecoreichholz.com\/produkt\/brennholz-buche-50cm-2-5srm-palette-kammergetrocknet\/","name":"Brennholz Buche \u2013 50cm \u2013 2RM auf Palette | kammergetrocknet - Ecoreichholz","isPartOf":{"@id":"https:\/\/ecoreichholz.com\/#website"},"primaryImageOfPage":{"@id":"https:\/\/ecoreichholz.com\/produkt\/brennholz-buche-50cm-2-5srm-palette-kammergetrocknet\/#primaryimage"},"image":{"@id":"https:\/\/ecoreichholz.com\/produkt\/brennholz-buche-50cm-2-5srm-palette-kammergetrocknet\/#primaryimage"},"thumbnailUrl":"https:\/\/ecoreichholz.com\/wp-content\/uploads\/2025\/01\/melange-de-bois-durs.png","datePublished":"2026-02-13T13:00:48+00:00","dateModified":"2026-02-22T13:09:42+00:00","breadcrumb":{"@id":"https:\/\/ecoreichholz.com\/produkt\/brennholz-buche-50cm-2-5srm-palette-kammergetrocknet\/#breadcrumb"},"inLanguage":"fr-FR","potentialAction":[{"@type":"ReadAction","target":["https:\/\/ecoreichholz.com\/produkt\/brennholz-buche-50cm-2-5srm-palette-kammergetrocknet\/"]}]},{"@type":"ImageObject","inLanguage":"fr-FR","@id":"https:\/\/ecoreichholz.com\/produkt\/brennholz-buche-50cm-2-5srm-palette-kammergetrocknet\/#primaryimage","url":"https:\/\/ecoreichholz.com\/wp-content\/uploads\/2025\/01\/melange-de-bois-durs.png","contentUrl":"https:\/\/ecoreichholz.com\/wp-content\/uploads\/2025\/01\/melange-de-bois-durs.png","width":500,"height":500},{"@type":"BreadcrumbList","@id":"https:\/\/ecoreichholz.com\/produkt\/brennholz-buche-50cm-2-5srm-palette-kammergetrocknet\/#breadcrumb","itemListElement":[{"@type":"ListItem","position":1,"name":"Accueil","item":"https:\/\/ecoreichholz.com\/"},{"@type":"ListItem","position":2,"name":"Shop","item":"https:\/\/ecoreichholz.com\/shop\/"},{"@type":"ListItem","position":3,"name":"Brennholz Buche \u2013 50cm \u2013 2RM auf Palette | kammergetrocknet"}]},{"@type":"WebSite","@id":"https:\/\/ecoreichholz.com\/#website","url":"https:\/\/ecoreichholz.com\/","name":"Bois riche \u00e9cologique","description":"","publisher":{"@id":"https:\/\/ecoreichholz.com\/#organization"},"potentialAction":[{"@type":"SearchAction","target":{"@type":"EntryPoint","urlTemplate":"https:\/\/ecoreichholz.com\/?s={search_term_string}"},"query-input":{"@type":"PropertyValueSpecification","valueRequired":true,"valueName":"search_term_string"}}],"inLanguage":"fr-FR"},{"@type":"Organization","@id":"https:\/\/ecoreichholz.com\/#organization","name":"Bois riche \u00e9cologique","url":"https:\/\/ecoreichholz.com\/","logo":{"@type":"ImageObject","inLanguage":"fr-FR","@id":"https:\/\/ecoreichholz.com\/#\/schema\/logo\/image\/","url":"https:\/\/ecoreichholz.com\/wp-content\/uploads\/2025\/01\/cropped-echoreichholz__3___1_-removebg-preview.png","contentUrl":"https:\/\/ecoreichholz.com\/wp-content\/uploads\/2025\/01\/cropped-echoreichholz__3___1_-removebg-preview.png","width":1220,"height":204,"caption":"Ecoreichholz"},"image":{"@id":"https:\/\/ecoreichholz.com\/#\/schema\/logo\/image\/"}}]}},"jetpack_sharing_enabled":true,"_links":{"self":[{"href":"https:\/\/ecoreichholz.com\/fr\/wp-json\/wp\/v2\/product\/526","targetHints":{"allow":["GET"]}}],"collection":[{"href":"https:\/\/ecoreichholz.com\/fr\/wp-json\/wp\/v2\/product"}],"about":[{"href":"https:\/\/ecoreichholz.com\/fr\/wp-json\/wp\/v2\/types\/product"}],"replies":[{"embeddable":true,"href":"https:\/\/ecoreichholz.com\/fr\/wp-json\/wp\/v2\/comments?post=526"}],"version-history":[{"count":7,"href":"https:\/\/ecoreichholz.com\/fr\/wp-json\/wp\/v2\/product\/526\/revisions"}],"predecessor-version":[{"id":30571,"href":"https:\/\/ecoreichholz.com\/fr\/wp-json\/wp\/v2\/product\/526\/revisions\/30571"}],"wp:featuredmedia":[{"embeddable":true,"href":"https:\/\/ecoreichholz.com\/fr\/wp-json\/wp\/v2\/media\/651"}],"wp:attachment":[{"href":"https:\/\/ecoreichholz.com\/fr\/wp-json\/wp\/v2\/media?parent=526"}],"wp:term":[{"taxonomy":"product_brand","embeddable":true,"href":"https:\/\/ecoreichholz.com\/fr\/wp-json\/wp\/v2\/product_brand?post=526"},{"taxonomy":"product_cat","embeddable":true,"href":"https:\/\/ecoreichholz.com\/fr\/wp-json\/wp\/v2\/product_cat?post=526"},{"taxonomy":"product_tag","embeddable":true,"href":"https:\/\/ecoreichholz.com\/fr\/wp-json\/wp\/v2\/product_tag?post=526"}],"curies":[{"name":"wp","href":"https:\/\/api.w.org\/{rel}","templated":true}]}}