{"id":29570,"date":"2025-10-03T13:32:26","date_gmt":"2025-10-03T11:32:26","guid":{"rendered":"https:\/\/ecoreichholz.com\/?post_type=product&#038;p=29570"},"modified":"2025-10-05T02:38:10","modified_gmt":"2025-10-05T00:38:10","slug":"kaminholzhalter-media-luna-halbrund-schwarz","status":"publish","type":"product","link":"https:\/\/ecoreichholz.com\/fr\/produit\/kaminholzhalter-media-luna-halbrund-schwarz\/","title":{"rendered":"Support de bois de chemin\u00e9e \u201eMedia Luna\u201c - en forme de demi-lune, noir"},"content":{"rendered":"<div>\n<h2>Porte-b\u00fbches minimaliste en forme de demi-lune - \u00e9l\u00e9gant &amp; fonctionnel<\/h2>\n<p>Le site <strong>Porte-b\u00fbches \u201eMedia Luna\u201c<\/strong> apporte une touche moderne \u00e0 la chemin\u00e9e ou au po\u00eale. Le <strong>en forme de demi-lune<\/strong>, en <strong>Noir<\/strong> silhouette est r\u00e9duite et \u00e9l\u00e9gante, tandis que les deux <strong>Traverses en bois<\/strong> \u00e0 la base, assurent un appui stable et respectueux de vos b\u00fbches. Id\u00e9al pour mettre en valeur les concepts contemporains d'habitat et d'am\u00e9nagement.<\/p>\n<h3>Points forts<\/h3>\n<ul>\n<li><strong>Design contemporain :<\/strong> g\u00e9om\u00e9trie claire en forme de demi-lune - convient aux espaces modernes &amp; minimalistes.<\/li>\n<li><strong>Rang\u00e9 &amp; \u00e0 port\u00e9e de main :<\/strong> un espace de rangement g\u00e9n\u00e9reux pour le bois de chauffage, le tout \u00e0 un seul endroit \u00e0 c\u00f4t\u00e9 de la chemin\u00e9e ou du po\u00eale.<\/li>\n<li><strong>Base stable :<\/strong> deux supports en bois sur la face inf\u00e9rieure soutiennent le bois et prot\u00e8gent la surface de rangement.<\/li>\n<li><strong>Facile \u00e0 entretenir :<\/strong> les surfaces lisses s'essuient rapidement.<\/li>\n<li><strong>En pose libre :<\/strong> placement flexible sans per\u00e7age ou montage mural.<\/li>\n<\/ul>\n<h3>Donn\u00e9es techniques<\/h3>\n<table>\n<tbody>\n<tr>\n<td><strong>Type de produit<\/strong><\/td>\n<td>Support pour bois de chemin\u00e9e \/ \u00e9tag\u00e8re \u00e0 b\u00fbches<\/td>\n<\/tr>\n<tr>\n<td><strong>Forme<\/strong><\/td>\n<td>Demi-lune \/ Crescent<\/td>\n<\/tr>\n<tr>\n<td><strong>Couleur<\/strong><\/td>\n<td>Noir<\/td>\n<\/tr>\n<tr>\n<td><strong>Mat\u00e9riau<\/strong><\/td>\n<td>m\u00e9tal (corps) avec traverses en bois \u00e0 la base<\/td>\n<\/tr>\n<tr>\n<td><strong>Montage<\/strong><\/td>\n<td>Autonome, ne n\u00e9cessite pas de per\u00e7age du mur<\/td>\n<\/tr>\n<tr>\n<td><strong>Domaine d'utilisation<\/strong><\/td>\n<td>\u00e0 l'int\u00e9rieur, \u00e0 c\u00f4t\u00e9 d'une chemin\u00e9e\/d'un po\u00eale ou dans des zones r\u00e9sidentielles<\/td>\n<\/tr>\n<tr>\n<td><strong>Conseils d'entretien<\/strong><\/td>\n<td>nettoyer avec un chiffon sec ou l\u00e9g\u00e8rement humide ; \u00e9viter les produits de nettoyage agressifs<\/td>\n<\/tr>\n<\/tbody>\n<\/table>\n<h3>Application &amp; conseils<\/h3>\n<ul>\n<li>Empiler proprement le bois de chauffage, placer les b\u00fbches les plus lourdes en bas.<\/li>\n<li>Ne stocker que du bois sec afin de minimiser la poussi\u00e8re et la salet\u00e9.<\/li>\n<li>Installer sur une surface plane et solide ; \u00e9viter l'humidit\u00e9 directe.<\/li>\n<\/ul>\n<h3>Le design rencontre l'utilit\u00e9<\/h3>\n<p>\u201eMedia Luna\u201c convainc en tant que <strong>accroche-regard fonctionnel<\/strong>: des lignes claires, une combinaison de mat\u00e9riaux de qualit\u00e9 et un espace de rangement g\u00e9n\u00e9reux font de ce support un must-have pour <em>Po\u00eales \u00e0 bois<\/em> et <em>chemin\u00e9es ouvertes<\/em>.<\/p>\n<\/div>","protected":false},"excerpt":{"rendered":"<p>Le site <strong>Porte-b\u00fbches \u201eMedia Luna\u201c<\/strong> dans <strong>Noir<\/strong> combine un design minimaliste en demi-lune avec un rangement pratique pour le bois. Deux <strong>Poutrelles en bois<\/strong> \u00e0 la base assurent une stabilit\u00e9 et une tenue en douceur - id\u00e9al \u00e0 c\u00f4t\u00e9 de la chemin\u00e9e &amp; du po\u00eale.<\/p>","protected":false},"featured_media":29571,"comment_status":"open","ping_status":"closed","template":"","meta":[],"product_brand":[],"product_cat":[89],"product_tag":[],"class_list":{"0":"post-29570","1":"product","2":"type-product","3":"status-publish","4":"has-post-thumbnail","6":"product_cat-zubehoer","8":"first","9":"instock","10":"shipping-taxable","11":"purchasable","12":"product-type-simple"},"yoast_head":"<!-- This site is optimized with the Yoast SEO plugin v26.2 - https:\/\/yoast.com\/wordpress\/plugins\/seo\/ -->\n<title>Kaminholzhalter \u201eMedia Luna\u201c \u2013 halbmondf\u00f6rmig, schwarz<\/title>\n<meta name=\"description\" content=\"Eleganter Kaminholzhalter \u201eMedia Luna\u201c in Schwarz. Halbmond-Design, Holztr\u00e4ger-Basis, freistehend &amp; pflegeleicht. Ideal neben Kamin und Ofen.\" \/>\n<meta name=\"robots\" content=\"index, follow, max-snippet:-1, max-image-preview:large, max-video-preview:-1\" \/>\n<link rel=\"canonical\" href=\"https:\/\/ecoreichholz.com\/fr\/produit\/kaminholzhalter-media-luna-halbrund-schwarz\/\" \/>\n<meta property=\"og:locale\" content=\"fr_FR\" \/>\n<meta property=\"og:type\" content=\"article\" \/>\n<meta property=\"og:title\" content=\"Kaminholzhalter \u201eMedia Luna\u201c \u2013 halbmondf\u00f6rmig, schwarz\" \/>\n<meta property=\"og:description\" content=\"Eleganter Kaminholzhalter \u201eMedia Luna\u201c in Schwarz. Halbmond-Design, Holztr\u00e4ger-Basis, freistehend &amp; pflegeleicht. Ideal neben Kamin und Ofen.\" \/>\n<meta property=\"og:url\" content=\"https:\/\/ecoreichholz.com\/fr\/produit\/kaminholzhalter-media-luna-halbrund-schwarz\/\" \/>\n<meta property=\"og:site_name\" content=\"Ecoreichholz\" \/>\n<meta property=\"article:modified_time\" content=\"2025-10-05T00:38:10+00:00\" \/>\n<meta property=\"og:image\" content=\"https:\/\/ecoreichholz.com\/wp-content\/uploads\/2025\/10\/media_luna_contemporary_log_holder_2.webp\" \/>\n\t<meta property=\"og:image:width\" content=\"960\" \/>\n\t<meta property=\"og:image:height\" content=\"1200\" \/>\n\t<meta property=\"og:image:type\" content=\"image\/webp\" \/>\n<meta name=\"twitter:card\" content=\"summary_large_image\" \/>\n<meta name=\"twitter:label1\" content=\"Dur\u00e9e de lecture estim\u00e9e\" \/>\n\t<meta name=\"twitter:data1\" content=\"2 minutes\" \/>\n<script type=\"application\/ld+json\" class=\"yoast-schema-graph\">{\"@context\":\"https:\/\/schema.org\",\"@graph\":[{\"@type\":\"WebPage\",\"@id\":\"https:\/\/ecoreichholz.com\/produkt\/kaminholzhalter-media-luna-halbrund-schwarz\/\",\"url\":\"https:\/\/ecoreichholz.com\/produkt\/kaminholzhalter-media-luna-halbrund-schwarz\/\",\"name\":\"Kaminholzhalter \u201eMedia Luna\u201c \u2013 halbmondf\u00f6rmig, schwarz\",\"isPartOf\":{\"@id\":\"https:\/\/ecoreichholz.com\/#website\"},\"primaryImageOfPage\":{\"@id\":\"https:\/\/ecoreichholz.com\/produkt\/kaminholzhalter-media-luna-halbrund-schwarz\/#primaryimage\"},\"image\":{\"@id\":\"https:\/\/ecoreichholz.com\/produkt\/kaminholzhalter-media-luna-halbrund-schwarz\/#primaryimage\"},\"thumbnailUrl\":\"https:\/\/ecoreichholz.com\/wp-content\/uploads\/2025\/10\/media_luna_contemporary_log_holder_2.webp\",\"datePublished\":\"2025-10-03T11:32:26+00:00\",\"dateModified\":\"2025-10-05T00:38:10+00:00\",\"description\":\"Eleganter Kaminholzhalter \u201eMedia Luna\u201c in Schwarz. Halbmond-Design, Holztr\u00e4ger-Basis, freistehend & pflegeleicht. Ideal neben Kamin und Ofen.\",\"breadcrumb\":{\"@id\":\"https:\/\/ecoreichholz.com\/produkt\/kaminholzhalter-media-luna-halbrund-schwarz\/#breadcrumb\"},\"inLanguage\":\"fr-FR\",\"potentialAction\":[{\"@type\":\"ReadAction\",\"target\":[\"https:\/\/ecoreichholz.com\/produkt\/kaminholzhalter-media-luna-halbrund-schwarz\/\"]}]},{\"@type\":\"ImageObject\",\"inLanguage\":\"fr-FR\",\"@id\":\"https:\/\/ecoreichholz.com\/produkt\/kaminholzhalter-media-luna-halbrund-schwarz\/#primaryimage\",\"url\":\"https:\/\/ecoreichholz.com\/wp-content\/uploads\/2025\/10\/media_luna_contemporary_log_holder_2.webp\",\"contentUrl\":\"https:\/\/ecoreichholz.com\/wp-content\/uploads\/2025\/10\/media_luna_contemporary_log_holder_2.webp\",\"width\":960,\"height\":1200,\"caption\":\"Detailansicht halbmondf\u00f6rmiger Metallkorpus mit Holzauflagen\"},{\"@type\":\"BreadcrumbList\",\"@id\":\"https:\/\/ecoreichholz.com\/produkt\/kaminholzhalter-media-luna-halbrund-schwarz\/#breadcrumb\",\"itemListElement\":[{\"@type\":\"ListItem\",\"position\":1,\"name\":\"Accueil\",\"item\":\"https:\/\/ecoreichholz.com\/\"},{\"@type\":\"ListItem\",\"position\":2,\"name\":\"Shop\",\"item\":\"https:\/\/ecoreichholz.com\/shop\/\"},{\"@type\":\"ListItem\",\"position\":3,\"name\":\"Kaminholzhalter \u201eMedia Luna\u201c \u2013 halbmondf\u00f6rmig, schwarz\"}]},{\"@type\":\"WebSite\",\"@id\":\"https:\/\/ecoreichholz.com\/#website\",\"url\":\"https:\/\/ecoreichholz.com\/\",\"name\":\"Ecoreichholz\",\"description\":\"\",\"publisher\":{\"@id\":\"https:\/\/ecoreichholz.com\/#organization\"},\"potentialAction\":[{\"@type\":\"SearchAction\",\"target\":{\"@type\":\"EntryPoint\",\"urlTemplate\":\"https:\/\/ecoreichholz.com\/?s={search_term_string}\"},\"query-input\":{\"@type\":\"PropertyValueSpecification\",\"valueRequired\":true,\"valueName\":\"search_term_string\"}}],\"inLanguage\":\"fr-FR\"},{\"@type\":\"Organization\",\"@id\":\"https:\/\/ecoreichholz.com\/#organization\",\"name\":\"Ecoreichholz\",\"url\":\"https:\/\/ecoreichholz.com\/\",\"logo\":{\"@type\":\"ImageObject\",\"inLanguage\":\"fr-FR\",\"@id\":\"https:\/\/ecoreichholz.com\/#\/schema\/logo\/image\/\",\"url\":\"https:\/\/ecoreichholz.com\/wp-content\/uploads\/2025\/01\/cropped-echoreichholz__3___1_-removebg-preview.png\",\"contentUrl\":\"https:\/\/ecoreichholz.com\/wp-content\/uploads\/2025\/01\/cropped-echoreichholz__3___1_-removebg-preview.png\",\"width\":1220,\"height\":204,\"caption\":\"Ecoreichholz\"},\"image\":{\"@id\":\"https:\/\/ecoreichholz.com\/#\/schema\/logo\/image\/\"}}]}<\/script>\n<!-- \/ Yoast SEO plugin. -->","yoast_head_json":{"title":"Support de bois de chemin\u00e9e \u201eMedia Luna\u201c - en forme de demi-lune, noir","description":"Eleganter Kaminholzhalter \u201eMedia Luna\u201c in Schwarz. Halbmond-Design, Holztr\u00e4ger-Basis, freistehend & pflegeleicht. Ideal neben Kamin und Ofen.","robots":{"index":"index","follow":"follow","max-snippet":"max-snippet:-1","max-image-preview":"max-image-preview:large","max-video-preview":"max-video-preview:-1"},"canonical":"https:\/\/ecoreichholz.com\/fr\/produit\/kaminholzhalter-media-luna-halbrund-schwarz\/","og_locale":"fr_FR","og_type":"article","og_title":"Kaminholzhalter \u201eMedia Luna\u201c \u2013 halbmondf\u00f6rmig, schwarz","og_description":"Eleganter Kaminholzhalter \u201eMedia Luna\u201c in Schwarz. Halbmond-Design, Holztr\u00e4ger-Basis, freistehend & pflegeleicht. Ideal neben Kamin und Ofen.","og_url":"https:\/\/ecoreichholz.com\/fr\/produit\/kaminholzhalter-media-luna-halbrund-schwarz\/","og_site_name":"Ecoreichholz","article_modified_time":"2025-10-05T00:38:10+00:00","og_image":[{"width":960,"height":1200,"url":"https:\/\/ecoreichholz.com\/wp-content\/uploads\/2025\/10\/media_luna_contemporary_log_holder_2.webp","type":"image\/webp"}],"twitter_card":"summary_large_image","twitter_misc":{"Dur\u00e9e de lecture estim\u00e9e":"2 minutes"},"schema":{"@context":"https:\/\/schema.org","@graph":[{"@type":"WebPage","@id":"https:\/\/ecoreichholz.com\/produkt\/kaminholzhalter-media-luna-halbrund-schwarz\/","url":"https:\/\/ecoreichholz.com\/produkt\/kaminholzhalter-media-luna-halbrund-schwarz\/","name":"Support de bois de chemin\u00e9e \u201eMedia Luna\u201c - en forme de demi-lune, noir","isPartOf":{"@id":"https:\/\/ecoreichholz.com\/#website"},"primaryImageOfPage":{"@id":"https:\/\/ecoreichholz.com\/produkt\/kaminholzhalter-media-luna-halbrund-schwarz\/#primaryimage"},"image":{"@id":"https:\/\/ecoreichholz.com\/produkt\/kaminholzhalter-media-luna-halbrund-schwarz\/#primaryimage"},"thumbnailUrl":"https:\/\/ecoreichholz.com\/wp-content\/uploads\/2025\/10\/media_luna_contemporary_log_holder_2.webp","datePublished":"2025-10-03T11:32:26+00:00","dateModified":"2025-10-05T00:38:10+00:00","description":"Eleganter Kaminholzhalter \u201eMedia Luna\u201c in Schwarz. Halbmond-Design, Holztr\u00e4ger-Basis, freistehend & pflegeleicht. Ideal neben Kamin und Ofen.","breadcrumb":{"@id":"https:\/\/ecoreichholz.com\/produkt\/kaminholzhalter-media-luna-halbrund-schwarz\/#breadcrumb"},"inLanguage":"fr-FR","potentialAction":[{"@type":"ReadAction","target":["https:\/\/ecoreichholz.com\/produkt\/kaminholzhalter-media-luna-halbrund-schwarz\/"]}]},{"@type":"ImageObject","inLanguage":"fr-FR","@id":"https:\/\/ecoreichholz.com\/produkt\/kaminholzhalter-media-luna-halbrund-schwarz\/#primaryimage","url":"https:\/\/ecoreichholz.com\/wp-content\/uploads\/2025\/10\/media_luna_contemporary_log_holder_2.webp","contentUrl":"https:\/\/ecoreichholz.com\/wp-content\/uploads\/2025\/10\/media_luna_contemporary_log_holder_2.webp","width":960,"height":1200,"caption":"Detailansicht halbmondf\u00f6rmiger Metallkorpus mit Holzauflagen"},{"@type":"BreadcrumbList","@id":"https:\/\/ecoreichholz.com\/produkt\/kaminholzhalter-media-luna-halbrund-schwarz\/#breadcrumb","itemListElement":[{"@type":"ListItem","position":1,"name":"Accueil","item":"https:\/\/ecoreichholz.com\/"},{"@type":"ListItem","position":2,"name":"Shop","item":"https:\/\/ecoreichholz.com\/shop\/"},{"@type":"ListItem","position":3,"name":"Kaminholzhalter \u201eMedia Luna\u201c \u2013 halbmondf\u00f6rmig, schwarz"}]},{"@type":"WebSite","@id":"https:\/\/ecoreichholz.com\/#website","url":"https:\/\/ecoreichholz.com\/","name":"Bois riche \u00e9cologique","description":"","publisher":{"@id":"https:\/\/ecoreichholz.com\/#organization"},"potentialAction":[{"@type":"SearchAction","target":{"@type":"EntryPoint","urlTemplate":"https:\/\/ecoreichholz.com\/?s={search_term_string}"},"query-input":{"@type":"PropertyValueSpecification","valueRequired":true,"valueName":"search_term_string"}}],"inLanguage":"fr-FR"},{"@type":"Organization","@id":"https:\/\/ecoreichholz.com\/#organization","name":"Bois riche \u00e9cologique","url":"https:\/\/ecoreichholz.com\/","logo":{"@type":"ImageObject","inLanguage":"fr-FR","@id":"https:\/\/ecoreichholz.com\/#\/schema\/logo\/image\/","url":"https:\/\/ecoreichholz.com\/wp-content\/uploads\/2025\/01\/cropped-echoreichholz__3___1_-removebg-preview.png","contentUrl":"https:\/\/ecoreichholz.com\/wp-content\/uploads\/2025\/01\/cropped-echoreichholz__3___1_-removebg-preview.png","width":1220,"height":204,"caption":"Ecoreichholz"},"image":{"@id":"https:\/\/ecoreichholz.com\/#\/schema\/logo\/image\/"}}]}},"jetpack_sharing_enabled":true,"_links":{"self":[{"href":"https:\/\/ecoreichholz.com\/fr\/wp-json\/wp\/v2\/product\/29570","targetHints":{"allow":["GET"]}}],"collection":[{"href":"https:\/\/ecoreichholz.com\/fr\/wp-json\/wp\/v2\/product"}],"about":[{"href":"https:\/\/ecoreichholz.com\/fr\/wp-json\/wp\/v2\/types\/product"}],"replies":[{"embeddable":true,"href":"https:\/\/ecoreichholz.com\/fr\/wp-json\/wp\/v2\/comments?post=29570"}],"version-history":[{"count":3,"href":"https:\/\/ecoreichholz.com\/fr\/wp-json\/wp\/v2\/product\/29570\/revisions"}],"predecessor-version":[{"id":29775,"href":"https:\/\/ecoreichholz.com\/fr\/wp-json\/wp\/v2\/product\/29570\/revisions\/29775"}],"wp:featuredmedia":[{"embeddable":true,"href":"https:\/\/ecoreichholz.com\/fr\/wp-json\/wp\/v2\/media\/29571"}],"wp:attachment":[{"href":"https:\/\/ecoreichholz.com\/fr\/wp-json\/wp\/v2\/media?parent=29570"}],"wp:term":[{"taxonomy":"product_brand","embeddable":true,"href":"https:\/\/ecoreichholz.com\/fr\/wp-json\/wp\/v2\/product_brand?post=29570"},{"taxonomy":"product_cat","embeddable":true,"href":"https:\/\/ecoreichholz.com\/fr\/wp-json\/wp\/v2\/product_cat?post=29570"},{"taxonomy":"product_tag","embeddable":true,"href":"https:\/\/ecoreichholz.com\/fr\/wp-json\/wp\/v2\/product_tag?post=29570"}],"curies":[{"name":"wp","href":"https:\/\/api.w.org\/{rel}","templated":true}]}}