{"id":29558,"date":"2025-10-03T13:24:08","date_gmt":"2025-10-03T11:24:08","guid":{"rendered":"https:\/\/ecoreichholz.com\/?post_type=product&#038;p=29558"},"modified":"2025-10-03T16:45:22","modified_gmt":"2025-10-03T14:45:22","slug":"relaxdays-schuerhaken-set-2-feuerhaken-aus-stahl-schwarz","status":"publish","type":"product","link":"https:\/\/ecoreichholz.com\/fr\/produit\/relaxdays-schuerhaken-set-2-feuerhaken-aus-stahl-schwarz\/","title":{"rendered":"Relaxdays Set de tisonniers - 2 crochets de feu en acier, noir"},"content":{"rendered":"<p><strong>Manipulation s\u00fbre du feu pour la chemin\u00e9e, le four, le barbecue et la vasque de feu<\/strong><br \/>\nLe site <strong>Relaxdays Set de tisonniers<\/strong> comprend deux crochets \u00e0 feu robustes en acier rev\u00eatu par poudre. La longueur optimale assure une distance suffisante par rapport \u00e0 la chaleur et la poign\u00e9e antid\u00e9rapante permet une bonne prise en main. Id\u00e9al pour <strong>Ameublissement des braises<\/strong>, <strong>Repositionnement du bois de chauffage<\/strong>, <strong>Retournement des b\u00fbches<\/strong> ainsi que sur le <strong>R\u00e9glage des grilles<\/strong> ou de retirer le pare-\u00e9tincelles.<\/p>\n<ul>\n<li><strong>Bien s\u00fbr :<\/strong> Longueur suffisante pour travailler \u00e0 distance ; poign\u00e9e antid\u00e9rapante<\/li>\n<li><strong>Robuste :<\/strong> Acier rev\u00eatu par poudre - r\u00e9sistant \u00e0 la chaleur &amp; durable<\/li>\n<li><strong>Polyvalent :<\/strong> Utilisable comme tisonnier, crochet pour barbecue et feu, crochet pour dutch-ovens<\/li>\n<li><strong>Lot de 2 :<\/strong> Crochet court pour ramasser les cendres, crochet long pour ajuster la grille et le gril<\/li>\n<li><strong>Accessoires de chemin\u00e9e :<\/strong> Parfait pour raviver les braises et les recharger avec pr\u00e9cision<\/li>\n<\/ul>\n<h3>Donn\u00e9es techniques<\/h3>\n<table>\n<tbody>\n<tr>\n<td>Contenu du set<\/td>\n<td>2 \u00d7 tisonnier \/ gratte-cendres<\/td>\n<\/tr>\n<tr>\n<td>Mat\u00e9riau<\/td>\n<td>Acier, rev\u00eatu par poudre<\/td>\n<\/tr>\n<tr>\n<td>Couleur<\/td>\n<td>Noir<\/td>\n<\/tr>\n<tr>\n<td>Dimensions du produit (H \u00d7 L \u00d7 P)<\/td>\n<td>env. 51 \u00d7 3 \u00d7 4 cm<\/td>\n<\/tr>\n<tr>\n<td>Dimensions de l'emballage (H \u00d7 L \u00d7 P)<\/td>\n<td>env. 53 \u00d7 10,2 \u00d7 4,8 cm<\/td>\n<\/tr>\n<tr>\n<td>Poids (net)<\/td>\n<td>environ 0,38 kg<\/td>\n<\/tr>\n<tr>\n<td>Poids avec emballage<\/td>\n<td>environ 0,52 kg<\/td>\n<\/tr>\n<tr>\n<td>Pays de production<\/td>\n<td>Chine<\/td>\n<\/tr>\n<tr>\n<td>Marque<\/td>\n<td>Relaxdays<\/td>\n<\/tr>\n<tr>\n<td>N\u00b0 d'article.<\/td>\n<td>AAA0046577741<\/td>\n<\/tr>\n<\/tbody>\n<\/table>\n<h3>Application &amp; conseils<\/h3>\n<ul>\n<li>N'utiliser qu'avec des gants r\u00e9sistants \u00e0 la chaleur ; se tenir \u00e0 distance de la flamme.<\/li>\n<li>Laisser refroidir apr\u00e8s utilisation, stocker au sec.<\/li>\n<li>Pour : po\u00eales-chemin\u00e9es, chemin\u00e9es ouvertes, bacs \u00e0 feu, barbecues au charbon\/charbon de bois.<\/li>\n<\/ul>","protected":false},"excerpt":{"rendered":"<p><strong>Lot de 2 tisonniers<\/strong> en acier rev\u00eatu par poudre : s\u00fbr, robuste &amp; polyvalent. Id\u00e9al pour a\u00e9rer les braises, ajouter du bois, r\u00e9gler la grille. Couleur : <strong>noir<\/strong>, Longueur : environ 51 cm.<\/p>","protected":false},"featured_media":29559,"comment_status":"open","ping_status":"closed","template":"","meta":[],"product_brand":[],"product_cat":[89],"product_tag":[],"class_list":{"0":"post-29558","1":"product","2":"type-product","3":"status-publish","4":"has-post-thumbnail","6":"product_cat-zubehoer","8":"first","9":"instock","10":"shipping-taxable","11":"purchasable","12":"product-type-simple"},"yoast_head":"<!-- This site is optimized with the Yoast SEO plugin v26.2 - https:\/\/yoast.com\/wordpress\/plugins\/seo\/ -->\n<title>relaxdays-schuerhaken-set-2-feuerhaken-stahl-schwarz<\/title>\n<meta name=\"description\" content=\"2er Sch\u00fcrhaken-Set aus pulverbeschichtetem Stahl: sicher, hitzebest\u00e4ndig &amp; vielseitig f\u00fcr Kamin, Ofen, Grill. L\u00e4nge ca. 51 cm, Farbe schwarz.\" \/>\n<meta name=\"robots\" content=\"index, follow, max-snippet:-1, max-image-preview:large, max-video-preview:-1\" \/>\n<link rel=\"canonical\" href=\"https:\/\/ecoreichholz.com\/fr\/produit\/relaxdays-schuerhaken-set-2-feuerhaken-aus-stahl-schwarz\/\" \/>\n<meta property=\"og:locale\" content=\"fr_FR\" \/>\n<meta property=\"og:type\" content=\"article\" \/>\n<meta property=\"og:title\" content=\"relaxdays-schuerhaken-set-2-feuerhaken-stahl-schwarz\" \/>\n<meta property=\"og:description\" content=\"2er Sch\u00fcrhaken-Set aus pulverbeschichtetem Stahl: sicher, hitzebest\u00e4ndig &amp; vielseitig f\u00fcr Kamin, Ofen, Grill. L\u00e4nge ca. 51 cm, Farbe schwarz.\" \/>\n<meta property=\"og:url\" content=\"https:\/\/ecoreichholz.com\/fr\/produit\/relaxdays-schuerhaken-set-2-feuerhaken-aus-stahl-schwarz\/\" \/>\n<meta property=\"og:site_name\" content=\"Ecoreichholz\" \/>\n<meta property=\"article:modified_time\" content=\"2025-10-03T14:45:22+00:00\" \/>\n<meta property=\"og:image\" content=\"https:\/\/ecoreichholz.com\/wp-content\/uploads\/2025\/10\/77283572-9fa2-4c43-9e67-afa2a2bc757e.jpg\" \/>\n\t<meta property=\"og:image:width\" content=\"786\" \/>\n\t<meta property=\"og:image:height\" content=\"786\" \/>\n\t<meta property=\"og:image:type\" content=\"image\/jpeg\" \/>\n<meta name=\"twitter:card\" content=\"summary_large_image\" \/>\n<meta name=\"twitter:label1\" content=\"Dur\u00e9e de lecture estim\u00e9e\" \/>\n\t<meta name=\"twitter:data1\" content=\"2 minutes\" \/>\n<script type=\"application\/ld+json\" class=\"yoast-schema-graph\">{\"@context\":\"https:\/\/schema.org\",\"@graph\":[{\"@type\":\"WebPage\",\"@id\":\"https:\/\/ecoreichholz.com\/produkt\/relaxdays-schuerhaken-set-2-feuerhaken-aus-stahl-schwarz\/\",\"url\":\"https:\/\/ecoreichholz.com\/produkt\/relaxdays-schuerhaken-set-2-feuerhaken-aus-stahl-schwarz\/\",\"name\":\"relaxdays-schuerhaken-set-2-feuerhaken-stahl-schwarz\",\"isPartOf\":{\"@id\":\"https:\/\/ecoreichholz.com\/#website\"},\"primaryImageOfPage\":{\"@id\":\"https:\/\/ecoreichholz.com\/produkt\/relaxdays-schuerhaken-set-2-feuerhaken-aus-stahl-schwarz\/#primaryimage\"},\"image\":{\"@id\":\"https:\/\/ecoreichholz.com\/produkt\/relaxdays-schuerhaken-set-2-feuerhaken-aus-stahl-schwarz\/#primaryimage\"},\"thumbnailUrl\":\"https:\/\/ecoreichholz.com\/wp-content\/uploads\/2025\/10\/77283572-9fa2-4c43-9e67-afa2a2bc757e.jpg\",\"datePublished\":\"2025-10-03T11:24:08+00:00\",\"dateModified\":\"2025-10-03T14:45:22+00:00\",\"description\":\"2er Sch\u00fcrhaken-Set aus pulverbeschichtetem Stahl: sicher, hitzebest\u00e4ndig & vielseitig f\u00fcr Kamin, Ofen, Grill. L\u00e4nge ca. 51 cm, Farbe schwarz.\",\"breadcrumb\":{\"@id\":\"https:\/\/ecoreichholz.com\/produkt\/relaxdays-schuerhaken-set-2-feuerhaken-aus-stahl-schwarz\/#breadcrumb\"},\"inLanguage\":\"fr-FR\",\"potentialAction\":[{\"@type\":\"ReadAction\",\"target\":[\"https:\/\/ecoreichholz.com\/produkt\/relaxdays-schuerhaken-set-2-feuerhaken-aus-stahl-schwarz\/\"]}]},{\"@type\":\"ImageObject\",\"inLanguage\":\"fr-FR\",\"@id\":\"https:\/\/ecoreichholz.com\/produkt\/relaxdays-schuerhaken-set-2-feuerhaken-aus-stahl-schwarz\/#primaryimage\",\"url\":\"https:\/\/ecoreichholz.com\/wp-content\/uploads\/2025\/10\/77283572-9fa2-4c43-9e67-afa2a2bc757e.jpg\",\"contentUrl\":\"https:\/\/ecoreichholz.com\/wp-content\/uploads\/2025\/10\/77283572-9fa2-4c43-9e67-afa2a2bc757e.jpg\",\"width\":786,\"height\":786,\"caption\":\"Relaxdays Sch\u00fcrhaken Set \u2013 zwei schwarze Feuerhaken aus Stahl\"},{\"@type\":\"BreadcrumbList\",\"@id\":\"https:\/\/ecoreichholz.com\/produkt\/relaxdays-schuerhaken-set-2-feuerhaken-aus-stahl-schwarz\/#breadcrumb\",\"itemListElement\":[{\"@type\":\"ListItem\",\"position\":1,\"name\":\"Accueil\",\"item\":\"https:\/\/ecoreichholz.com\/\"},{\"@type\":\"ListItem\",\"position\":2,\"name\":\"Shop\",\"item\":\"https:\/\/ecoreichholz.com\/shop\/\"},{\"@type\":\"ListItem\",\"position\":3,\"name\":\"Relaxdays Sch\u00fcrhaken Set \u2013 2 Feuerhaken aus Stahl, schwarz\"}]},{\"@type\":\"WebSite\",\"@id\":\"https:\/\/ecoreichholz.com\/#website\",\"url\":\"https:\/\/ecoreichholz.com\/\",\"name\":\"Ecoreichholz\",\"description\":\"\",\"publisher\":{\"@id\":\"https:\/\/ecoreichholz.com\/#organization\"},\"potentialAction\":[{\"@type\":\"SearchAction\",\"target\":{\"@type\":\"EntryPoint\",\"urlTemplate\":\"https:\/\/ecoreichholz.com\/?s={search_term_string}\"},\"query-input\":{\"@type\":\"PropertyValueSpecification\",\"valueRequired\":true,\"valueName\":\"search_term_string\"}}],\"inLanguage\":\"fr-FR\"},{\"@type\":\"Organization\",\"@id\":\"https:\/\/ecoreichholz.com\/#organization\",\"name\":\"Ecoreichholz\",\"url\":\"https:\/\/ecoreichholz.com\/\",\"logo\":{\"@type\":\"ImageObject\",\"inLanguage\":\"fr-FR\",\"@id\":\"https:\/\/ecoreichholz.com\/#\/schema\/logo\/image\/\",\"url\":\"https:\/\/ecoreichholz.com\/wp-content\/uploads\/2025\/01\/cropped-echoreichholz__3___1_-removebg-preview.png\",\"contentUrl\":\"https:\/\/ecoreichholz.com\/wp-content\/uploads\/2025\/01\/cropped-echoreichholz__3___1_-removebg-preview.png\",\"width\":1220,\"height\":204,\"caption\":\"Ecoreichholz\"},\"image\":{\"@id\":\"https:\/\/ecoreichholz.com\/#\/schema\/logo\/image\/\"}}]}<\/script>\n<!-- \/ Yoast SEO plugin. -->","yoast_head_json":{"title":"relaxdays-schuerhaken-set-2-feuerhaken-stahl-schwarz","description":"2er Sch\u00fcrhaken-Set aus pulverbeschichtetem Stahl: sicher, hitzebest\u00e4ndig & vielseitig f\u00fcr Kamin, Ofen, Grill. L\u00e4nge ca. 51 cm, Farbe schwarz.","robots":{"index":"index","follow":"follow","max-snippet":"max-snippet:-1","max-image-preview":"max-image-preview:large","max-video-preview":"max-video-preview:-1"},"canonical":"https:\/\/ecoreichholz.com\/fr\/produit\/relaxdays-schuerhaken-set-2-feuerhaken-aus-stahl-schwarz\/","og_locale":"fr_FR","og_type":"article","og_title":"relaxdays-schuerhaken-set-2-feuerhaken-stahl-schwarz","og_description":"2er Sch\u00fcrhaken-Set aus pulverbeschichtetem Stahl: sicher, hitzebest\u00e4ndig & vielseitig f\u00fcr Kamin, Ofen, Grill. L\u00e4nge ca. 51 cm, Farbe schwarz.","og_url":"https:\/\/ecoreichholz.com\/fr\/produit\/relaxdays-schuerhaken-set-2-feuerhaken-aus-stahl-schwarz\/","og_site_name":"Ecoreichholz","article_modified_time":"2025-10-03T14:45:22+00:00","og_image":[{"width":786,"height":786,"url":"https:\/\/ecoreichholz.com\/wp-content\/uploads\/2025\/10\/77283572-9fa2-4c43-9e67-afa2a2bc757e.jpg","type":"image\/jpeg"}],"twitter_card":"summary_large_image","twitter_misc":{"Dur\u00e9e de lecture estim\u00e9e":"2 minutes"},"schema":{"@context":"https:\/\/schema.org","@graph":[{"@type":"WebPage","@id":"https:\/\/ecoreichholz.com\/produkt\/relaxdays-schuerhaken-set-2-feuerhaken-aus-stahl-schwarz\/","url":"https:\/\/ecoreichholz.com\/produkt\/relaxdays-schuerhaken-set-2-feuerhaken-aus-stahl-schwarz\/","name":"relaxdays-schuerhaken-set-2-feuerhaken-stahl-schwarz","isPartOf":{"@id":"https:\/\/ecoreichholz.com\/#website"},"primaryImageOfPage":{"@id":"https:\/\/ecoreichholz.com\/produkt\/relaxdays-schuerhaken-set-2-feuerhaken-aus-stahl-schwarz\/#primaryimage"},"image":{"@id":"https:\/\/ecoreichholz.com\/produkt\/relaxdays-schuerhaken-set-2-feuerhaken-aus-stahl-schwarz\/#primaryimage"},"thumbnailUrl":"https:\/\/ecoreichholz.com\/wp-content\/uploads\/2025\/10\/77283572-9fa2-4c43-9e67-afa2a2bc757e.jpg","datePublished":"2025-10-03T11:24:08+00:00","dateModified":"2025-10-03T14:45:22+00:00","description":"2er Sch\u00fcrhaken-Set aus pulverbeschichtetem Stahl: sicher, hitzebest\u00e4ndig & vielseitig f\u00fcr Kamin, Ofen, Grill. L\u00e4nge ca. 51 cm, Farbe schwarz.","breadcrumb":{"@id":"https:\/\/ecoreichholz.com\/produkt\/relaxdays-schuerhaken-set-2-feuerhaken-aus-stahl-schwarz\/#breadcrumb"},"inLanguage":"fr-FR","potentialAction":[{"@type":"ReadAction","target":["https:\/\/ecoreichholz.com\/produkt\/relaxdays-schuerhaken-set-2-feuerhaken-aus-stahl-schwarz\/"]}]},{"@type":"ImageObject","inLanguage":"fr-FR","@id":"https:\/\/ecoreichholz.com\/produkt\/relaxdays-schuerhaken-set-2-feuerhaken-aus-stahl-schwarz\/#primaryimage","url":"https:\/\/ecoreichholz.com\/wp-content\/uploads\/2025\/10\/77283572-9fa2-4c43-9e67-afa2a2bc757e.jpg","contentUrl":"https:\/\/ecoreichholz.com\/wp-content\/uploads\/2025\/10\/77283572-9fa2-4c43-9e67-afa2a2bc757e.jpg","width":786,"height":786,"caption":"Relaxdays Sch\u00fcrhaken Set \u2013 zwei schwarze Feuerhaken aus Stahl"},{"@type":"BreadcrumbList","@id":"https:\/\/ecoreichholz.com\/produkt\/relaxdays-schuerhaken-set-2-feuerhaken-aus-stahl-schwarz\/#breadcrumb","itemListElement":[{"@type":"ListItem","position":1,"name":"Accueil","item":"https:\/\/ecoreichholz.com\/"},{"@type":"ListItem","position":2,"name":"Shop","item":"https:\/\/ecoreichholz.com\/shop\/"},{"@type":"ListItem","position":3,"name":"Relaxdays Sch\u00fcrhaken Set \u2013 2 Feuerhaken aus Stahl, schwarz"}]},{"@type":"WebSite","@id":"https:\/\/ecoreichholz.com\/#website","url":"https:\/\/ecoreichholz.com\/","name":"Bois riche \u00e9cologique","description":"","publisher":{"@id":"https:\/\/ecoreichholz.com\/#organization"},"potentialAction":[{"@type":"SearchAction","target":{"@type":"EntryPoint","urlTemplate":"https:\/\/ecoreichholz.com\/?s={search_term_string}"},"query-input":{"@type":"PropertyValueSpecification","valueRequired":true,"valueName":"search_term_string"}}],"inLanguage":"fr-FR"},{"@type":"Organization","@id":"https:\/\/ecoreichholz.com\/#organization","name":"Bois riche \u00e9cologique","url":"https:\/\/ecoreichholz.com\/","logo":{"@type":"ImageObject","inLanguage":"fr-FR","@id":"https:\/\/ecoreichholz.com\/#\/schema\/logo\/image\/","url":"https:\/\/ecoreichholz.com\/wp-content\/uploads\/2025\/01\/cropped-echoreichholz__3___1_-removebg-preview.png","contentUrl":"https:\/\/ecoreichholz.com\/wp-content\/uploads\/2025\/01\/cropped-echoreichholz__3___1_-removebg-preview.png","width":1220,"height":204,"caption":"Ecoreichholz"},"image":{"@id":"https:\/\/ecoreichholz.com\/#\/schema\/logo\/image\/"}}]}},"jetpack_sharing_enabled":true,"_links":{"self":[{"href":"https:\/\/ecoreichholz.com\/fr\/wp-json\/wp\/v2\/product\/29558","targetHints":{"allow":["GET"]}}],"collection":[{"href":"https:\/\/ecoreichholz.com\/fr\/wp-json\/wp\/v2\/product"}],"about":[{"href":"https:\/\/ecoreichholz.com\/fr\/wp-json\/wp\/v2\/types\/product"}],"replies":[{"embeddable":true,"href":"https:\/\/ecoreichholz.com\/fr\/wp-json\/wp\/v2\/comments?post=29558"}],"version-history":[{"count":3,"href":"https:\/\/ecoreichholz.com\/fr\/wp-json\/wp\/v2\/product\/29558\/revisions"}],"predecessor-version":[{"id":29771,"href":"https:\/\/ecoreichholz.com\/fr\/wp-json\/wp\/v2\/product\/29558\/revisions\/29771"}],"wp:featuredmedia":[{"embeddable":true,"href":"https:\/\/ecoreichholz.com\/fr\/wp-json\/wp\/v2\/media\/29559"}],"wp:attachment":[{"href":"https:\/\/ecoreichholz.com\/fr\/wp-json\/wp\/v2\/media?parent=29558"}],"wp:term":[{"taxonomy":"product_brand","embeddable":true,"href":"https:\/\/ecoreichholz.com\/fr\/wp-json\/wp\/v2\/product_brand?post=29558"},{"taxonomy":"product_cat","embeddable":true,"href":"https:\/\/ecoreichholz.com\/fr\/wp-json\/wp\/v2\/product_cat?post=29558"},{"taxonomy":"product_tag","embeddable":true,"href":"https:\/\/ecoreichholz.com\/fr\/wp-json\/wp\/v2\/product_tag?post=29558"}],"curies":[{"name":"wp","href":"https:\/\/api.w.org\/{rel}","templated":true}]}}