{"id":29545,"date":"2025-10-03T13:08:19","date_gmt":"2025-10-03T11:08:19","guid":{"rendered":"https:\/\/ecoreichholz.com\/?post_type=product&#038;p=29545"},"modified":"2025-10-03T15:33:12","modified_gmt":"2025-10-03T13:33:12","slug":"anzuendwolle-geschenkbox-lichen-60-stueck","status":"publish","type":"product","link":"https:\/\/ecoreichholz.com\/fr\/produit\/anzuendwolle-geschenkbox-lichen-60-stueck\/","title":{"rendered":"Coffret cadeau de laine d'allumage - Lichen (laine de bois, 60 pcs.)"},"content":{"rendered":"<p><strong>Set de feu \u00e9l\u00e9gant, utile &amp; \u00e9cologique<\/strong><br \/>\nLe coffret cadeau <em>\u201eLichen\u201c<\/em> contient de la laine d'allumage naturelle en laine de bois certifi\u00e9e FSC ainsi que des allumettes assorties - emball\u00e9es avec style et toujours \u00e0 port\u00e9e de main pour la chemin\u00e9e, le po\u00eale, le panier \u00e0 feu ou le barbecue.<\/p>\n<h3>Points forts<\/h3>\n<ul>\n<li><strong>Aide naturelle \u00e0 l'allumage<\/strong>: B\u00e2tonnets en laine de bois tress\u00e9e, 100 % naturel provenant de for\u00eats g\u00e9r\u00e9es durablement (FSC).<\/li>\n<li><strong>Propre &amp; sans odeur<\/strong>: avec une impr\u00e9gnation de cire naturelle pure et inodore - sans additifs chimiques, pr\u00e9serve la chemin\u00e9e\/le po\u00eale.<\/li>\n<li><strong>Objet design<\/strong>: Bo\u00eete cadeau \u00e9l\u00e9gante et color\u00e9e en blanc &amp; lichen ; \u00e0 l'int\u00e9rieur, bo\u00eete d'allumettes aux couleurs assorties.<\/li>\n<li><strong>Fabriqu\u00e9 en Allemagne<\/strong>Laine d'allumage fabriqu\u00e9e en Allemagne.<\/li>\n<\/ul>\n<h3>Contenu de la bo\u00eete<\/h3>\n<ul>\n<li><strong>60\u00d7<\/strong> B\u00e2tonnets de laine d'allumage naturelle (laine de bois, FSC, cir\u00e9e naturelle)<\/li>\n<li><strong>35\u00d7<\/strong> Allumettes en bois de peuplier non trait\u00e9 (longueur environ 11 cm chacune)<\/li>\n<\/ul>\n<h3>Application<\/h3>\n<p>Par feu, il suffit en g\u00e9n\u00e9ral <strong>1 b\u00e2tonnet d'allumage<\/strong>. Placer le stick entre du petit bois ou du charbon de bois pour barbecue, allumer et laisser pr\u00e9chauffer bri\u00e8vement, puis ajouter du combustible.<\/p>\n<h3>Donn\u00e9es techniques<\/h3>\n<table>\n<tbody>\n<tr>\n<td>Type de produit<\/td>\n<td>Bo\u00eete cadeau avec laine d'allumage &amp; allumettes<\/td>\n<\/tr>\n<tr>\n<td>Mat\u00e9riau de l'allume-feu<\/td>\n<td>Laine de bois FSC, impr\u00e9gnation de cire naturelle pure<\/td>\n<\/tr>\n<tr>\n<td>Allumettes<\/td>\n<td>35 pi\u00e8ces, peuplier, longueur env. 11 cm<\/td>\n<\/tr>\n<tr>\n<td>Dimensions de la bo\u00eete<\/td>\n<td>environ 17,5 \u00d7 11,5 \u00d7 15 cm (L \u00d7 l \u00d7 H)<\/td>\n<\/tr>\n<tr>\n<td>Univers de couleurs<\/td>\n<td>Blanc &amp; Lichen<\/td>\n<\/tr>\n<tr>\n<td>Origine<\/td>\n<td>Laine d'allumage : Fabriqu\u00e9e en Allemagne<\/td>\n<\/tr>\n<tr>\n<td>Emballage<\/td>\n<td>Con\u00e7u &amp; fabriqu\u00e9 \u00e0 Agen<\/td>\n<\/tr>\n<\/tbody>\n<\/table>\n<p><em>Remarque :<\/em> Sans additifs chimiques. A conserver au sec. Convient pour les feux int\u00e9rieurs &amp; ext\u00e9rieurs (chemin\u00e9e, po\u00eale, barbecue, panier \u00e0 feu).<\/p>","protected":false},"excerpt":{"rendered":"<p>\u00c9l\u00e9gant coffret cadeau <em>\u201eLichen\u201c<\/em> avec <strong>60 allume-feu en laine de bois FSC<\/strong> (cire naturelle, sans odeur) et <strong>35 allumettes<\/strong>. Allumage propre et rapide pour chemin\u00e9e, four &amp; barbecue.<\/p>","protected":false},"featured_media":29546,"comment_status":"open","ping_status":"closed","template":"","meta":[],"product_brand":[],"product_cat":[89],"product_tag":[],"class_list":{"0":"post-29545","1":"product","2":"type-product","3":"status-publish","4":"has-post-thumbnail","6":"product_cat-zubehoer","8":"first","9":"instock","10":"shipping-taxable","11":"purchasable","12":"product-type-simple"},"yoast_head":"<!-- This site is optimized with the Yoast SEO plugin v26.2 - https:\/\/yoast.com\/wordpress\/plugins\/seo\/ -->\n<title>Anz\u00fcndwolle Geschenkbox \u2013 Lichen (60 St\u00fcck)<\/title>\n<meta name=\"description\" content=\"Geschenkbox \u201eLichen\u201c: 60 FSC-Holzwolle-Anz\u00fcnder mit Naturwachs + 35 Streichh\u00f6lzer. Sauber, geruchsfrei, Made in Germany. F\u00fcr Kamin, Ofen &amp; Grill.\" \/>\n<meta name=\"robots\" content=\"index, follow, max-snippet:-1, max-image-preview:large, max-video-preview:-1\" \/>\n<link rel=\"canonical\" href=\"https:\/\/ecoreichholz.com\/fr\/produit\/anzuendwolle-geschenkbox-lichen-60-stueck\/\" \/>\n<meta property=\"og:locale\" content=\"fr_FR\" \/>\n<meta property=\"og:type\" content=\"article\" \/>\n<meta property=\"og:title\" content=\"Anz\u00fcndwolle Geschenkbox \u2013 Lichen (60 St\u00fcck)\" \/>\n<meta property=\"og:description\" content=\"Geschenkbox \u201eLichen\u201c: 60 FSC-Holzwolle-Anz\u00fcnder mit Naturwachs + 35 Streichh\u00f6lzer. Sauber, geruchsfrei, Made in Germany. F\u00fcr Kamin, Ofen &amp; Grill.\" \/>\n<meta property=\"og:url\" content=\"https:\/\/ecoreichholz.com\/fr\/produit\/anzuendwolle-geschenkbox-lichen-60-stueck\/\" \/>\n<meta property=\"og:site_name\" content=\"Ecoreichholz\" \/>\n<meta property=\"article:modified_time\" content=\"2025-10-03T13:33:12+00:00\" \/>\n<meta property=\"og:image\" content=\"https:\/\/ecoreichholz.com\/wp-content\/uploads\/2025\/10\/20231031_171549.jpg\" \/>\n\t<meta property=\"og:image:width\" content=\"1716\" \/>\n\t<meta property=\"og:image:height\" content=\"2288\" \/>\n\t<meta property=\"og:image:type\" content=\"image\/jpeg\" \/>\n<meta name=\"twitter:card\" content=\"summary_large_image\" \/>\n<meta name=\"twitter:label1\" content=\"Dur\u00e9e de lecture estim\u00e9e\" \/>\n\t<meta name=\"twitter:data1\" content=\"2 minutes\" \/>\n<script type=\"application\/ld+json\" class=\"yoast-schema-graph\">{\"@context\":\"https:\/\/schema.org\",\"@graph\":[{\"@type\":\"WebPage\",\"@id\":\"https:\/\/ecoreichholz.com\/produkt\/anzuendwolle-geschenkbox-lichen-60-stueck\/\",\"url\":\"https:\/\/ecoreichholz.com\/produkt\/anzuendwolle-geschenkbox-lichen-60-stueck\/\",\"name\":\"Anz\u00fcndwolle Geschenkbox \u2013 Lichen (60 St\u00fcck)\",\"isPartOf\":{\"@id\":\"https:\/\/ecoreichholz.com\/#website\"},\"primaryImageOfPage\":{\"@id\":\"https:\/\/ecoreichholz.com\/produkt\/anzuendwolle-geschenkbox-lichen-60-stueck\/#primaryimage\"},\"image\":{\"@id\":\"https:\/\/ecoreichholz.com\/produkt\/anzuendwolle-geschenkbox-lichen-60-stueck\/#primaryimage\"},\"thumbnailUrl\":\"https:\/\/ecoreichholz.com\/wp-content\/uploads\/2025\/10\/20231031_171549.jpg\",\"datePublished\":\"2025-10-03T11:08:19+00:00\",\"dateModified\":\"2025-10-03T13:33:12+00:00\",\"description\":\"Geschenkbox \u201eLichen\u201c: 60 FSC-Holzwolle-Anz\u00fcnder mit Naturwachs + 35 Streichh\u00f6lzer. Sauber, geruchsfrei, Made in Germany. F\u00fcr Kamin, Ofen & Grill.\",\"breadcrumb\":{\"@id\":\"https:\/\/ecoreichholz.com\/produkt\/anzuendwolle-geschenkbox-lichen-60-stueck\/#breadcrumb\"},\"inLanguage\":\"fr-FR\",\"potentialAction\":[{\"@type\":\"ReadAction\",\"target\":[\"https:\/\/ecoreichholz.com\/produkt\/anzuendwolle-geschenkbox-lichen-60-stueck\/\"]}]},{\"@type\":\"ImageObject\",\"inLanguage\":\"fr-FR\",\"@id\":\"https:\/\/ecoreichholz.com\/produkt\/anzuendwolle-geschenkbox-lichen-60-stueck\/#primaryimage\",\"url\":\"https:\/\/ecoreichholz.com\/wp-content\/uploads\/2025\/10\/20231031_171549.jpg\",\"contentUrl\":\"https:\/\/ecoreichholz.com\/wp-content\/uploads\/2025\/10\/20231031_171549.jpg\",\"width\":1716,\"height\":2288,\"caption\":\"Geschenkbox Lichen mit 60 Holzwolle-Anz\u00fcndern und Streichh\u00f6lzern\"},{\"@type\":\"BreadcrumbList\",\"@id\":\"https:\/\/ecoreichholz.com\/produkt\/anzuendwolle-geschenkbox-lichen-60-stueck\/#breadcrumb\",\"itemListElement\":[{\"@type\":\"ListItem\",\"position\":1,\"name\":\"Accueil\",\"item\":\"https:\/\/ecoreichholz.com\/\"},{\"@type\":\"ListItem\",\"position\":2,\"name\":\"Shop\",\"item\":\"https:\/\/ecoreichholz.com\/shop\/\"},{\"@type\":\"ListItem\",\"position\":3,\"name\":\"Anz\u00fcndwolle Geschenkbox \u2013 Lichen (Holzwolle, 60 Stk.)\"}]},{\"@type\":\"WebSite\",\"@id\":\"https:\/\/ecoreichholz.com\/#website\",\"url\":\"https:\/\/ecoreichholz.com\/\",\"name\":\"Ecoreichholz\",\"description\":\"\",\"publisher\":{\"@id\":\"https:\/\/ecoreichholz.com\/#organization\"},\"potentialAction\":[{\"@type\":\"SearchAction\",\"target\":{\"@type\":\"EntryPoint\",\"urlTemplate\":\"https:\/\/ecoreichholz.com\/?s={search_term_string}\"},\"query-input\":{\"@type\":\"PropertyValueSpecification\",\"valueRequired\":true,\"valueName\":\"search_term_string\"}}],\"inLanguage\":\"fr-FR\"},{\"@type\":\"Organization\",\"@id\":\"https:\/\/ecoreichholz.com\/#organization\",\"name\":\"Ecoreichholz\",\"url\":\"https:\/\/ecoreichholz.com\/\",\"logo\":{\"@type\":\"ImageObject\",\"inLanguage\":\"fr-FR\",\"@id\":\"https:\/\/ecoreichholz.com\/#\/schema\/logo\/image\/\",\"url\":\"https:\/\/ecoreichholz.com\/wp-content\/uploads\/2025\/01\/cropped-echoreichholz__3___1_-removebg-preview.png\",\"contentUrl\":\"https:\/\/ecoreichholz.com\/wp-content\/uploads\/2025\/01\/cropped-echoreichholz__3___1_-removebg-preview.png\",\"width\":1220,\"height\":204,\"caption\":\"Ecoreichholz\"},\"image\":{\"@id\":\"https:\/\/ecoreichholz.com\/#\/schema\/logo\/image\/\"}}]}<\/script>\n<!-- \/ Yoast SEO plugin. -->","yoast_head_json":{"title":"Anz\u00fcndwolle Geschenkbox \u2013 Lichen (60 St\u00fcck)","description":"Geschenkbox \u201eLichen\u201c: 60 FSC-Holzwolle-Anz\u00fcnder mit Naturwachs + 35 Streichh\u00f6lzer. Sauber, geruchsfrei, Made in Germany. F\u00fcr Kamin, Ofen & Grill.","robots":{"index":"index","follow":"follow","max-snippet":"max-snippet:-1","max-image-preview":"max-image-preview:large","max-video-preview":"max-video-preview:-1"},"canonical":"https:\/\/ecoreichholz.com\/fr\/produit\/anzuendwolle-geschenkbox-lichen-60-stueck\/","og_locale":"fr_FR","og_type":"article","og_title":"Anz\u00fcndwolle Geschenkbox \u2013 Lichen (60 St\u00fcck)","og_description":"Geschenkbox \u201eLichen\u201c: 60 FSC-Holzwolle-Anz\u00fcnder mit Naturwachs + 35 Streichh\u00f6lzer. Sauber, geruchsfrei, Made in Germany. F\u00fcr Kamin, Ofen & Grill.","og_url":"https:\/\/ecoreichholz.com\/fr\/produit\/anzuendwolle-geschenkbox-lichen-60-stueck\/","og_site_name":"Ecoreichholz","article_modified_time":"2025-10-03T13:33:12+00:00","og_image":[{"width":1716,"height":2288,"url":"https:\/\/ecoreichholz.com\/wp-content\/uploads\/2025\/10\/20231031_171549.jpg","type":"image\/jpeg"}],"twitter_card":"summary_large_image","twitter_misc":{"Dur\u00e9e de lecture estim\u00e9e":"2 minutes"},"schema":{"@context":"https:\/\/schema.org","@graph":[{"@type":"WebPage","@id":"https:\/\/ecoreichholz.com\/produkt\/anzuendwolle-geschenkbox-lichen-60-stueck\/","url":"https:\/\/ecoreichholz.com\/produkt\/anzuendwolle-geschenkbox-lichen-60-stueck\/","name":"Anz\u00fcndwolle Geschenkbox \u2013 Lichen (60 St\u00fcck)","isPartOf":{"@id":"https:\/\/ecoreichholz.com\/#website"},"primaryImageOfPage":{"@id":"https:\/\/ecoreichholz.com\/produkt\/anzuendwolle-geschenkbox-lichen-60-stueck\/#primaryimage"},"image":{"@id":"https:\/\/ecoreichholz.com\/produkt\/anzuendwolle-geschenkbox-lichen-60-stueck\/#primaryimage"},"thumbnailUrl":"https:\/\/ecoreichholz.com\/wp-content\/uploads\/2025\/10\/20231031_171549.jpg","datePublished":"2025-10-03T11:08:19+00:00","dateModified":"2025-10-03T13:33:12+00:00","description":"Geschenkbox \u201eLichen\u201c: 60 FSC-Holzwolle-Anz\u00fcnder mit Naturwachs + 35 Streichh\u00f6lzer. Sauber, geruchsfrei, Made in Germany. F\u00fcr Kamin, Ofen & Grill.","breadcrumb":{"@id":"https:\/\/ecoreichholz.com\/produkt\/anzuendwolle-geschenkbox-lichen-60-stueck\/#breadcrumb"},"inLanguage":"fr-FR","potentialAction":[{"@type":"ReadAction","target":["https:\/\/ecoreichholz.com\/produkt\/anzuendwolle-geschenkbox-lichen-60-stueck\/"]}]},{"@type":"ImageObject","inLanguage":"fr-FR","@id":"https:\/\/ecoreichholz.com\/produkt\/anzuendwolle-geschenkbox-lichen-60-stueck\/#primaryimage","url":"https:\/\/ecoreichholz.com\/wp-content\/uploads\/2025\/10\/20231031_171549.jpg","contentUrl":"https:\/\/ecoreichholz.com\/wp-content\/uploads\/2025\/10\/20231031_171549.jpg","width":1716,"height":2288,"caption":"Geschenkbox Lichen mit 60 Holzwolle-Anz\u00fcndern und Streichh\u00f6lzern"},{"@type":"BreadcrumbList","@id":"https:\/\/ecoreichholz.com\/produkt\/anzuendwolle-geschenkbox-lichen-60-stueck\/#breadcrumb","itemListElement":[{"@type":"ListItem","position":1,"name":"Accueil","item":"https:\/\/ecoreichholz.com\/"},{"@type":"ListItem","position":2,"name":"Shop","item":"https:\/\/ecoreichholz.com\/shop\/"},{"@type":"ListItem","position":3,"name":"Anz\u00fcndwolle Geschenkbox \u2013 Lichen (Holzwolle, 60 Stk.)"}]},{"@type":"WebSite","@id":"https:\/\/ecoreichholz.com\/#website","url":"https:\/\/ecoreichholz.com\/","name":"Bois riche \u00e9cologique","description":"","publisher":{"@id":"https:\/\/ecoreichholz.com\/#organization"},"potentialAction":[{"@type":"SearchAction","target":{"@type":"EntryPoint","urlTemplate":"https:\/\/ecoreichholz.com\/?s={search_term_string}"},"query-input":{"@type":"PropertyValueSpecification","valueRequired":true,"valueName":"search_term_string"}}],"inLanguage":"fr-FR"},{"@type":"Organization","@id":"https:\/\/ecoreichholz.com\/#organization","name":"Bois riche \u00e9cologique","url":"https:\/\/ecoreichholz.com\/","logo":{"@type":"ImageObject","inLanguage":"fr-FR","@id":"https:\/\/ecoreichholz.com\/#\/schema\/logo\/image\/","url":"https:\/\/ecoreichholz.com\/wp-content\/uploads\/2025\/01\/cropped-echoreichholz__3___1_-removebg-preview.png","contentUrl":"https:\/\/ecoreichholz.com\/wp-content\/uploads\/2025\/01\/cropped-echoreichholz__3___1_-removebg-preview.png","width":1220,"height":204,"caption":"Ecoreichholz"},"image":{"@id":"https:\/\/ecoreichholz.com\/#\/schema\/logo\/image\/"}}]}},"jetpack_sharing_enabled":true,"_links":{"self":[{"href":"https:\/\/ecoreichholz.com\/fr\/wp-json\/wp\/v2\/product\/29545","targetHints":{"allow":["GET"]}}],"collection":[{"href":"https:\/\/ecoreichholz.com\/fr\/wp-json\/wp\/v2\/product"}],"about":[{"href":"https:\/\/ecoreichholz.com\/fr\/wp-json\/wp\/v2\/types\/product"}],"replies":[{"embeddable":true,"href":"https:\/\/ecoreichholz.com\/fr\/wp-json\/wp\/v2\/comments?post=29545"}],"version-history":[{"count":3,"href":"https:\/\/ecoreichholz.com\/fr\/wp-json\/wp\/v2\/product\/29545\/revisions"}],"predecessor-version":[{"id":29767,"href":"https:\/\/ecoreichholz.com\/fr\/wp-json\/wp\/v2\/product\/29545\/revisions\/29767"}],"wp:featuredmedia":[{"embeddable":true,"href":"https:\/\/ecoreichholz.com\/fr\/wp-json\/wp\/v2\/media\/29546"}],"wp:attachment":[{"href":"https:\/\/ecoreichholz.com\/fr\/wp-json\/wp\/v2\/media?parent=29545"}],"wp:term":[{"taxonomy":"product_brand","embeddable":true,"href":"https:\/\/ecoreichholz.com\/fr\/wp-json\/wp\/v2\/product_brand?post=29545"},{"taxonomy":"product_cat","embeddable":true,"href":"https:\/\/ecoreichholz.com\/fr\/wp-json\/wp\/v2\/product_cat?post=29545"},{"taxonomy":"product_tag","embeddable":true,"href":"https:\/\/ecoreichholz.com\/fr\/wp-json\/wp\/v2\/product_tag?post=29545"}],"curies":[{"name":"wp","href":"https:\/\/api.w.org\/{rel}","templated":true}]}}