{"id":29539,"date":"2025-10-03T12:59:18","date_gmt":"2025-10-03T10:59:18","guid":{"rendered":"https:\/\/ecoreichholz.com\/?post_type=product&#038;p=29539"},"modified":"2025-10-05T02:32:08","modified_gmt":"2025-10-05T00:32:08","slug":"goldmann-krokodilzange-kamin-grill-48cm","status":"publish","type":"product","link":"https:\/\/ecoreichholz.com\/fr\/produit\/goldmann-krokodilzange-kamin-grill-48cm\/","title":{"rendered":"Goldmann Pince \u00e0 crocodile - Pince \u00e0 chemin\u00e9e\/charbon\/bois (48 cm)"},"content":{"rendered":"<p><strong>Pr\u00e9hension s\u00fbre, rechargement pr\u00e9cis<\/strong><br \/>\nLe site <strong>Goldmann Pince \u00e0 crocodile<\/strong> offre, gr\u00e2ce \u00e0 sa bouche dentel\u00e9e, une prise extr\u00eamement s\u00fbre sur les <strong>B\u00fbches, charbon et briquettes<\/strong> - m\u00eame d'une seule main, lorsque l'autre main tient par exemple la porte du four. Avec <strong>environ 48 cm de longueur<\/strong> reste suffisamment \u00e9loign\u00e9 de la chaleur ; la r\u00e9partition ergonomique des forces permet de travailler de mani\u00e8re contr\u00f4l\u00e9e sur la chemin\u00e9e, le po\u00eale ou le barbecue.<\/p>\n<h3>Les avantages en un coup d'\u0153il<\/h3>\n<ul>\n<li><strong>Une forte morsure<\/strong>la m\u00e2choire dent\u00e9e s'agrippe au combustible, effort minimal<\/li>\n<li><strong>S\u00fbr et confortable<\/strong>: levier long, distance de pr\u00e9hension s\u00fbre (~7,5 cm)<\/li>\n<li><strong>L\u00e9ger et solide<\/strong>seulement env. 380 g pour une grande capacit\u00e9 de charge<\/li>\n<li><strong>Fabriqu\u00e9 en Allemagne<\/strong>technique de s\u00e9curit\u00e9 contr\u00f4l\u00e9e, m\u00e9canique sans entretien<\/li>\n<li><strong>Facile d'entretien<\/strong>: rev\u00eatement sp\u00e9cial de haute qualit\u00e9, surface antid\u00e9rapante<\/li>\n<li><strong>Suspension flexible<\/strong>extr\u00e9mit\u00e9 de la pince perfor\u00e9e\/en forme d'arc pour un rangement rapide<\/li>\n<\/ul>\n<h3>Domaines d'application<\/h3>\n<p>Chemin\u00e9es ouvertes, po\u00eales en fa\u00efence &amp; chemin\u00e9es, po\u00eales \u00e0 charbon, barbecue au charbon de bois - aussi en tant que <strong>Pince \u00e0 briquettes<\/strong> ou \u201ebras prolong\u00e9\u201c utilisable.<\/p>\n<h3>Donn\u00e9es techniques<\/h3>\n<table>\n<tbody>\n<tr>\n<td>Longueur totale<\/td>\n<td>env. 480 mm<\/td>\n<\/tr>\n<tr>\n<td>Dimensions (L \u00d7 l \u00d7 P)<\/td>\n<td>env. 480 \u00d7 110 \u00d7 100 mm<\/td>\n<\/tr>\n<tr>\n<td>Largeur d'ouverture<\/td>\n<td>environ 100 mm<\/td>\n<\/tr>\n<tr>\n<td>Distance de la poign\u00e9e<\/td>\n<td>environ 7,5 cm<\/td>\n<\/tr>\n<tr>\n<td>Poids<\/td>\n<td>environ 380 g<\/td>\n<\/tr>\n<tr>\n<td>Mat\u00e9riau de la t\u00eate de la pince<\/td>\n<td>acier \u00e0 ressort robuste<\/td>\n<\/tr>\n<tr>\n<td>Surface<\/td>\n<td>m\u00e9tal rev\u00eatu, bonne prise en main &amp; sans entretien<\/td>\n<\/tr>\n<tr>\n<td>Origine<\/td>\n<td>Fabriqu\u00e9 en Allemagne<\/td>\n<\/tr>\n<\/tbody>\n<\/table>\n<h3>Qualit\u00e9 et design<\/h3>\n<p>Construction solide avec <strong>r\u00e9partition ergonomique des forces<\/strong> - La fonction d\u00e9termine la forme. Un design fin et pratique qui peut \u00eatre accroch\u00e9 juste \u00e0 c\u00f4t\u00e9 de la chemin\u00e9e, \u00e0 port\u00e9e de main.<\/p>","protected":false},"excerpt":{"rendered":"<p><strong>Goldmann Pince \u00e0 crocodile<\/strong> pour chemin\u00e9e, four &amp; barbecue : m\u00e2choire dentel\u00e9e pour une prise s\u00fbre, 48 cm de long, l\u00e9ger (env. 380 g), m\u00e9tal rev\u00eatu, Made in Germany.<\/p>","protected":false},"featured_media":29543,"comment_status":"open","ping_status":"closed","template":"","meta":[],"product_brand":[],"product_cat":[89],"product_tag":[],"class_list":{"0":"post-29539","1":"product","2":"type-product","3":"status-publish","4":"has-post-thumbnail","6":"product_cat-zubehoer","8":"first","9":"instock","10":"shipping-taxable","11":"purchasable","12":"product-type-simple"},"yoast_head":"<!-- This site is optimized with the Yoast SEO plugin v26.2 - https:\/\/yoast.com\/wordpress\/plugins\/seo\/ -->\n<title>Goldmann Krokodilzange f\u00fcr Kamin &amp; Grill \u2013 48 cm<\/title>\n<meta name=\"description\" content=\"Sicheres Nachlegen am Kamin: Goldmann Krokodilzange, 48 cm, leicht &amp; tragf\u00e4hig, gezahntes Maul, beschichtet, Made in Germany. F\u00fcr Holz, Kohle &amp; Briketts.\" \/>\n<meta name=\"robots\" content=\"index, follow, max-snippet:-1, max-image-preview:large, max-video-preview:-1\" \/>\n<link rel=\"canonical\" href=\"https:\/\/ecoreichholz.com\/fr\/produit\/goldmann-krokodilzange-kamin-grill-48cm\/\" \/>\n<meta property=\"og:locale\" content=\"fr_FR\" \/>\n<meta property=\"og:type\" content=\"article\" \/>\n<meta property=\"og:title\" content=\"Goldmann Krokodilzange f\u00fcr Kamin &amp; Grill \u2013 48 cm\" \/>\n<meta property=\"og:description\" content=\"Sicheres Nachlegen am Kamin: Goldmann Krokodilzange, 48 cm, leicht &amp; tragf\u00e4hig, gezahntes Maul, beschichtet, Made in Germany. F\u00fcr Holz, Kohle &amp; Briketts.\" \/>\n<meta property=\"og:url\" content=\"https:\/\/ecoreichholz.com\/fr\/produit\/goldmann-krokodilzange-kamin-grill-48cm\/\" \/>\n<meta property=\"og:site_name\" content=\"Ecoreichholz\" \/>\n<meta property=\"article:modified_time\" content=\"2025-10-05T00:32:08+00:00\" \/>\n<meta property=\"og:image\" content=\"https:\/\/ecoreichholz.com\/wp-content\/uploads\/2025\/10\/ID_169049_orig.jpg\" \/>\n\t<meta property=\"og:image:width\" content=\"1280\" \/>\n\t<meta property=\"og:image:height\" content=\"1280\" \/>\n\t<meta property=\"og:image:type\" content=\"image\/jpeg\" \/>\n<meta name=\"twitter:card\" content=\"summary_large_image\" \/>\n<meta name=\"twitter:label1\" content=\"Dur\u00e9e de lecture estim\u00e9e\" \/>\n\t<meta name=\"twitter:data1\" content=\"2 minutes\" \/>\n<script type=\"application\/ld+json\" class=\"yoast-schema-graph\">{\"@context\":\"https:\/\/schema.org\",\"@graph\":[{\"@type\":\"WebPage\",\"@id\":\"https:\/\/ecoreichholz.com\/produkt\/goldmann-krokodilzange-kamin-grill-48cm\/\",\"url\":\"https:\/\/ecoreichholz.com\/produkt\/goldmann-krokodilzange-kamin-grill-48cm\/\",\"name\":\"Goldmann Krokodilzange f\u00fcr Kamin & Grill \u2013 48 cm\",\"isPartOf\":{\"@id\":\"https:\/\/ecoreichholz.com\/#website\"},\"primaryImageOfPage\":{\"@id\":\"https:\/\/ecoreichholz.com\/produkt\/goldmann-krokodilzange-kamin-grill-48cm\/#primaryimage\"},\"image\":{\"@id\":\"https:\/\/ecoreichholz.com\/produkt\/goldmann-krokodilzange-kamin-grill-48cm\/#primaryimage\"},\"thumbnailUrl\":\"https:\/\/ecoreichholz.com\/wp-content\/uploads\/2025\/10\/ID_169049_orig.jpg\",\"datePublished\":\"2025-10-03T10:59:18+00:00\",\"dateModified\":\"2025-10-05T00:32:08+00:00\",\"description\":\"Sicheres Nachlegen am Kamin: Goldmann Krokodilzange, 48 cm, leicht & tragf\u00e4hig, gezahntes Maul, beschichtet, Made in Germany. F\u00fcr Holz, Kohle & Briketts.\",\"breadcrumb\":{\"@id\":\"https:\/\/ecoreichholz.com\/produkt\/goldmann-krokodilzange-kamin-grill-48cm\/#breadcrumb\"},\"inLanguage\":\"fr-FR\",\"potentialAction\":[{\"@type\":\"ReadAction\",\"target\":[\"https:\/\/ecoreichholz.com\/produkt\/goldmann-krokodilzange-kamin-grill-48cm\/\"]}]},{\"@type\":\"ImageObject\",\"inLanguage\":\"fr-FR\",\"@id\":\"https:\/\/ecoreichholz.com\/produkt\/goldmann-krokodilzange-kamin-grill-48cm\/#primaryimage\",\"url\":\"https:\/\/ecoreichholz.com\/wp-content\/uploads\/2025\/10\/ID_169049_orig.jpg\",\"contentUrl\":\"https:\/\/ecoreichholz.com\/wp-content\/uploads\/2025\/10\/ID_169049_orig.jpg\",\"width\":1280,\"height\":1280,\"caption\":\"Aufh\u00e4ngung der Kohlenzange \u2013 gelochtes\/bogenf\u00f6rmiges Ende\"},{\"@type\":\"BreadcrumbList\",\"@id\":\"https:\/\/ecoreichholz.com\/produkt\/goldmann-krokodilzange-kamin-grill-48cm\/#breadcrumb\",\"itemListElement\":[{\"@type\":\"ListItem\",\"position\":1,\"name\":\"Accueil\",\"item\":\"https:\/\/ecoreichholz.com\/\"},{\"@type\":\"ListItem\",\"position\":2,\"name\":\"Shop\",\"item\":\"https:\/\/ecoreichholz.com\/shop\/\"},{\"@type\":\"ListItem\",\"position\":3,\"name\":\"Goldmann Krokodilzange \u2013 Kamin-\/Kohlen-\/Holzzange (48 cm)\"}]},{\"@type\":\"WebSite\",\"@id\":\"https:\/\/ecoreichholz.com\/#website\",\"url\":\"https:\/\/ecoreichholz.com\/\",\"name\":\"Ecoreichholz\",\"description\":\"\",\"publisher\":{\"@id\":\"https:\/\/ecoreichholz.com\/#organization\"},\"potentialAction\":[{\"@type\":\"SearchAction\",\"target\":{\"@type\":\"EntryPoint\",\"urlTemplate\":\"https:\/\/ecoreichholz.com\/?s={search_term_string}\"},\"query-input\":{\"@type\":\"PropertyValueSpecification\",\"valueRequired\":true,\"valueName\":\"search_term_string\"}}],\"inLanguage\":\"fr-FR\"},{\"@type\":\"Organization\",\"@id\":\"https:\/\/ecoreichholz.com\/#organization\",\"name\":\"Ecoreichholz\",\"url\":\"https:\/\/ecoreichholz.com\/\",\"logo\":{\"@type\":\"ImageObject\",\"inLanguage\":\"fr-FR\",\"@id\":\"https:\/\/ecoreichholz.com\/#\/schema\/logo\/image\/\",\"url\":\"https:\/\/ecoreichholz.com\/wp-content\/uploads\/2025\/01\/cropped-echoreichholz__3___1_-removebg-preview.png\",\"contentUrl\":\"https:\/\/ecoreichholz.com\/wp-content\/uploads\/2025\/01\/cropped-echoreichholz__3___1_-removebg-preview.png\",\"width\":1220,\"height\":204,\"caption\":\"Ecoreichholz\"},\"image\":{\"@id\":\"https:\/\/ecoreichholz.com\/#\/schema\/logo\/image\/\"}}]}<\/script>\n<!-- \/ Yoast SEO plugin. -->","yoast_head_json":{"title":"Goldmann Krokodilzange f\u00fcr Kamin & Grill \u2013 48 cm","description":"Sicheres Nachlegen am Kamin: Goldmann Krokodilzange, 48 cm, leicht & tragf\u00e4hig, gezahntes Maul, beschichtet, Made in Germany. F\u00fcr Holz, Kohle & Briketts.","robots":{"index":"index","follow":"follow","max-snippet":"max-snippet:-1","max-image-preview":"max-image-preview:large","max-video-preview":"max-video-preview:-1"},"canonical":"https:\/\/ecoreichholz.com\/fr\/produit\/goldmann-krokodilzange-kamin-grill-48cm\/","og_locale":"fr_FR","og_type":"article","og_title":"Goldmann Krokodilzange f\u00fcr Kamin & Grill \u2013 48 cm","og_description":"Sicheres Nachlegen am Kamin: Goldmann Krokodilzange, 48 cm, leicht & tragf\u00e4hig, gezahntes Maul, beschichtet, Made in Germany. F\u00fcr Holz, Kohle & Briketts.","og_url":"https:\/\/ecoreichholz.com\/fr\/produit\/goldmann-krokodilzange-kamin-grill-48cm\/","og_site_name":"Ecoreichholz","article_modified_time":"2025-10-05T00:32:08+00:00","og_image":[{"width":1280,"height":1280,"url":"https:\/\/ecoreichholz.com\/wp-content\/uploads\/2025\/10\/ID_169049_orig.jpg","type":"image\/jpeg"}],"twitter_card":"summary_large_image","twitter_misc":{"Dur\u00e9e de lecture estim\u00e9e":"2 minutes"},"schema":{"@context":"https:\/\/schema.org","@graph":[{"@type":"WebPage","@id":"https:\/\/ecoreichholz.com\/produkt\/goldmann-krokodilzange-kamin-grill-48cm\/","url":"https:\/\/ecoreichholz.com\/produkt\/goldmann-krokodilzange-kamin-grill-48cm\/","name":"Goldmann Krokodilzange f\u00fcr Kamin & Grill \u2013 48 cm","isPartOf":{"@id":"https:\/\/ecoreichholz.com\/#website"},"primaryImageOfPage":{"@id":"https:\/\/ecoreichholz.com\/produkt\/goldmann-krokodilzange-kamin-grill-48cm\/#primaryimage"},"image":{"@id":"https:\/\/ecoreichholz.com\/produkt\/goldmann-krokodilzange-kamin-grill-48cm\/#primaryimage"},"thumbnailUrl":"https:\/\/ecoreichholz.com\/wp-content\/uploads\/2025\/10\/ID_169049_orig.jpg","datePublished":"2025-10-03T10:59:18+00:00","dateModified":"2025-10-05T00:32:08+00:00","description":"Sicheres Nachlegen am Kamin: Goldmann Krokodilzange, 48 cm, leicht & tragf\u00e4hig, gezahntes Maul, beschichtet, Made in Germany. F\u00fcr Holz, Kohle & Briketts.","breadcrumb":{"@id":"https:\/\/ecoreichholz.com\/produkt\/goldmann-krokodilzange-kamin-grill-48cm\/#breadcrumb"},"inLanguage":"fr-FR","potentialAction":[{"@type":"ReadAction","target":["https:\/\/ecoreichholz.com\/produkt\/goldmann-krokodilzange-kamin-grill-48cm\/"]}]},{"@type":"ImageObject","inLanguage":"fr-FR","@id":"https:\/\/ecoreichholz.com\/produkt\/goldmann-krokodilzange-kamin-grill-48cm\/#primaryimage","url":"https:\/\/ecoreichholz.com\/wp-content\/uploads\/2025\/10\/ID_169049_orig.jpg","contentUrl":"https:\/\/ecoreichholz.com\/wp-content\/uploads\/2025\/10\/ID_169049_orig.jpg","width":1280,"height":1280,"caption":"Aufh\u00e4ngung der Kohlenzange \u2013 gelochtes\/bogenf\u00f6rmiges Ende"},{"@type":"BreadcrumbList","@id":"https:\/\/ecoreichholz.com\/produkt\/goldmann-krokodilzange-kamin-grill-48cm\/#breadcrumb","itemListElement":[{"@type":"ListItem","position":1,"name":"Accueil","item":"https:\/\/ecoreichholz.com\/"},{"@type":"ListItem","position":2,"name":"Shop","item":"https:\/\/ecoreichholz.com\/shop\/"},{"@type":"ListItem","position":3,"name":"Goldmann Krokodilzange \u2013 Kamin-\/Kohlen-\/Holzzange (48 cm)"}]},{"@type":"WebSite","@id":"https:\/\/ecoreichholz.com\/#website","url":"https:\/\/ecoreichholz.com\/","name":"Bois riche \u00e9cologique","description":"","publisher":{"@id":"https:\/\/ecoreichholz.com\/#organization"},"potentialAction":[{"@type":"SearchAction","target":{"@type":"EntryPoint","urlTemplate":"https:\/\/ecoreichholz.com\/?s={search_term_string}"},"query-input":{"@type":"PropertyValueSpecification","valueRequired":true,"valueName":"search_term_string"}}],"inLanguage":"fr-FR"},{"@type":"Organization","@id":"https:\/\/ecoreichholz.com\/#organization","name":"Bois riche \u00e9cologique","url":"https:\/\/ecoreichholz.com\/","logo":{"@type":"ImageObject","inLanguage":"fr-FR","@id":"https:\/\/ecoreichholz.com\/#\/schema\/logo\/image\/","url":"https:\/\/ecoreichholz.com\/wp-content\/uploads\/2025\/01\/cropped-echoreichholz__3___1_-removebg-preview.png","contentUrl":"https:\/\/ecoreichholz.com\/wp-content\/uploads\/2025\/01\/cropped-echoreichholz__3___1_-removebg-preview.png","width":1220,"height":204,"caption":"Ecoreichholz"},"image":{"@id":"https:\/\/ecoreichholz.com\/#\/schema\/logo\/image\/"}}]}},"jetpack_sharing_enabled":true,"_links":{"self":[{"href":"https:\/\/ecoreichholz.com\/fr\/wp-json\/wp\/v2\/product\/29539","targetHints":{"allow":["GET"]}}],"collection":[{"href":"https:\/\/ecoreichholz.com\/fr\/wp-json\/wp\/v2\/product"}],"about":[{"href":"https:\/\/ecoreichholz.com\/fr\/wp-json\/wp\/v2\/types\/product"}],"replies":[{"embeddable":true,"href":"https:\/\/ecoreichholz.com\/fr\/wp-json\/wp\/v2\/comments?post=29539"}],"version-history":[{"count":3,"href":"https:\/\/ecoreichholz.com\/fr\/wp-json\/wp\/v2\/product\/29539\/revisions"}],"predecessor-version":[{"id":29765,"href":"https:\/\/ecoreichholz.com\/fr\/wp-json\/wp\/v2\/product\/29539\/revisions\/29765"}],"wp:featuredmedia":[{"embeddable":true,"href":"https:\/\/ecoreichholz.com\/fr\/wp-json\/wp\/v2\/media\/29543"}],"wp:attachment":[{"href":"https:\/\/ecoreichholz.com\/fr\/wp-json\/wp\/v2\/media?parent=29539"}],"wp:term":[{"taxonomy":"product_brand","embeddable":true,"href":"https:\/\/ecoreichholz.com\/fr\/wp-json\/wp\/v2\/product_brand?post=29539"},{"taxonomy":"product_cat","embeddable":true,"href":"https:\/\/ecoreichholz.com\/fr\/wp-json\/wp\/v2\/product_cat?post=29539"},{"taxonomy":"product_tag","embeddable":true,"href":"https:\/\/ecoreichholz.com\/fr\/wp-json\/wp\/v2\/product_tag?post=29539"}],"curies":[{"name":"wp","href":"https:\/\/api.w.org\/{rel}","templated":true}]}}