{"id":29512,"date":"2025-10-03T12:24:11","date_gmt":"2025-10-03T10:24:11","guid":{"rendered":"https:\/\/ecoreichholz.com\/?post_type=product&#038;p=29512"},"modified":"2025-10-03T14:55:14","modified_gmt":"2025-10-03T12:55:14","slug":"mr-muscle-glas-und-fensterreiniger-spray-fuer-streifenfreien-glanz-750-allzweckreiniger","status":"publish","type":"product","link":"https:\/\/ecoreichholz.com\/fr\/produit\/mr-muscle-glas-und-fensterreiniger-spray-fuer-streifenfreien-glanz-750-allzweckreiniger\/","title":{"rendered":"Mr Muscle Nettoyant vitres et verre Platinum - 750 ml (le pack peut varier)"},"content":{"rendered":"<p><strong>Brillance sans traces en quelques secondes<\/strong><br \/>\nLe site <strong>Mr Muscle Platinum nettoyant pour vitres et verre<\/strong> avec <strong>Le pouvoir du vinaigre<\/strong> \u00e9limine les taches de graisse et de salet\u00e9 tenaces sur les fen\u00eatres, les miroirs et les surfaces en verre. Il suffit de r\u00e9gler la t\u00eate du vaporisateur sur \u201eSPRAY\u201c, de mouiller la surface avec des jets complets et d'essuyer avec du papier absorbant ou un chiffon doux et sec - pour <strong>r\u00e9sultats \u00e9clatants de propret\u00e9, sans traces<\/strong>.<\/p>\n<h3>Avantages<\/h3>\n<ul>\n<li><strong>Formule au vinaigre<\/strong> contre les salissures tenaces du verre<\/li>\n<li><strong>Brillance sans traces<\/strong> sur les fen\u00eatres, les miroirs &amp; le verre<\/li>\n<li><strong>Facile \u00e0 utiliser<\/strong> avec t\u00eate de pulv\u00e9risation ergonomique<\/li>\n<li><strong>Grand volume<\/strong>750 ml pour de nombreuses applications<\/li>\n<li><em>L'emballage peut varier<\/em> - l'emballage peut varier<\/li>\n<\/ul>\n<h3>Application<\/h3>\n<ol>\n<li>R\u00e9gler la buse sur \u201eSPRAY\u201c.<\/li>\n<li>Vaporiser uniform\u00e9ment la surface.<\/li>\n<li>Essuyer avec du papier absorbant ou un chiffon doux et sec.<\/li>\n<\/ol>\n<h3>Ingr\u00e9dients<\/h3>\n<p>Contient : &lt; 5 % <strong>agents de surface anioniques<\/strong>; en outre <strong>Parfums<\/strong>.<\/p>\n<h3>Consignes de s\u00e9curit\u00e9<\/h3>\n<ul>\n<li><strong>Avertissement<\/strong>: Provoque une irritation cutan\u00e9e. Provoque une grave irritation des yeux.<\/li>\n<li>En cas de contact avec les yeux, rincer d\u00e9licatement \u00e0 l'eau pendant quelques minutes. Retirer les lentilles de contact, si elles sont pr\u00e9sentes et faciles \u00e0 retirer. Poursuivre le rin\u00e7age. Si l'irritation des yeux persiste, demander un avis m\u00e9dical.<\/li>\n<li>Conserver hors de port\u00e9e des enfants. Se laver soigneusement les mains apr\u00e8s utilisation.<\/li>\n<li>Ne pas inhaler le brouillard de pulv\u00e9risation. Utiliser uniquement dans des zones bien ventil\u00e9es.<\/li>\n<li>\u00c9viter tout contact prolong\u00e9 avec la peau.<\/li>\n<\/ul>\n<h3>Donn\u00e9es techniques<\/h3>\n<table>\n<tbody>\n<tr>\n<td>Nom du produit<\/td>\n<td>Mr Muscle Nettoyant vitres et verre Platinum<\/td>\n<\/tr>\n<tr>\n<td>Contenu<\/td>\n<td>750 ml<\/td>\n<\/tr>\n<tr>\n<td>Unit\u00e9<\/td>\n<td>Nettoyeur \u00e0 pulv\u00e9risation (Trigger)<\/td>\n<\/tr>\n<tr>\n<td>Marque<\/td>\n<td>M. Muscle<\/td>\n<\/tr>\n<tr>\n<td>Dimensions du produit (env.)<\/td>\n<td>3,8 \u00d7 3,3 \u00d7 5,1 cm ; 750 g<\/td>\n<\/tr>\n<\/tbody>\n<\/table>","protected":false},"excerpt":{"rendered":"<p><strong>Mr Muscle Platinum nettoyant vitres et verre<\/strong> avec <strong>Le pouvoir du vinaigre<\/strong>\u00e9limine la graisse et la salet\u00e9, assure une <strong>brillance sans traces<\/strong>. Facile \u00e0 utiliser, 750 ml. L'emballage peut varier.<\/p>","protected":false},"featured_media":29515,"comment_status":"open","ping_status":"closed","template":"","meta":[],"product_brand":[],"product_cat":[89],"product_tag":[],"class_list":{"0":"post-29512","1":"product","2":"type-product","3":"status-publish","4":"has-post-thumbnail","6":"product_cat-zubehoer","8":"first","9":"instock","10":"shipping-taxable","11":"purchasable","12":"product-type-simple"},"yoast_head":"<!-- This site is optimized with the Yoast SEO plugin v26.2 - https:\/\/yoast.com\/wordpress\/plugins\/seo\/ -->\n<title>Mr Muscle Fenster- &amp; Glasreiniger Platinum 750 ml<\/title>\n<meta name=\"description\" content=\"Mr Muscle Platinum Glasreiniger mit Essig-Power: streifenfrei auf Fenstern &amp; Spiegeln. Einfache Anwendung, 750 ml. Achtung: reizend.\" \/>\n<meta name=\"robots\" content=\"index, follow, max-snippet:-1, max-image-preview:large, max-video-preview:-1\" \/>\n<link rel=\"canonical\" href=\"https:\/\/ecoreichholz.com\/fr\/produit\/mr-muscle-glas-und-fensterreiniger-spray-fuer-streifenfreien-glanz-750-allzweckreiniger\/\" \/>\n<meta property=\"og:locale\" content=\"fr_FR\" \/>\n<meta property=\"og:type\" content=\"article\" \/>\n<meta property=\"og:title\" content=\"Mr Muscle Fenster- &amp; Glasreiniger Platinum 750 ml\" \/>\n<meta property=\"og:description\" content=\"Mr Muscle Platinum Glasreiniger mit Essig-Power: streifenfrei auf Fenstern &amp; Spiegeln. Einfache Anwendung, 750 ml. Achtung: reizend.\" \/>\n<meta property=\"og:url\" content=\"https:\/\/ecoreichholz.com\/fr\/produit\/mr-muscle-glas-und-fensterreiniger-spray-fuer-streifenfreien-glanz-750-allzweckreiniger\/\" \/>\n<meta property=\"og:site_name\" content=\"Ecoreichholz\" \/>\n<meta property=\"article:modified_time\" content=\"2025-10-03T12:55:14+00:00\" \/>\n<meta property=\"og:image\" content=\"https:\/\/ecoreichholz.com\/wp-content\/uploads\/2025\/10\/81OYE9ORE-S._AC_SL1500_.jpg\" \/>\n\t<meta property=\"og:image:width\" content=\"1500\" \/>\n\t<meta property=\"og:image:height\" content=\"1500\" \/>\n\t<meta property=\"og:image:type\" content=\"image\/jpeg\" \/>\n<meta name=\"twitter:card\" content=\"summary_large_image\" \/>\n<meta name=\"twitter:label1\" content=\"Dur\u00e9e de lecture estim\u00e9e\" \/>\n\t<meta name=\"twitter:data1\" content=\"2 minutes\" \/>\n<script type=\"application\/ld+json\" class=\"yoast-schema-graph\">{\"@context\":\"https:\/\/schema.org\",\"@graph\":[{\"@type\":\"WebPage\",\"@id\":\"https:\/\/ecoreichholz.com\/produkt\/mr-muscle-glas-und-fensterreiniger-spray-fuer-streifenfreien-glanz-750-allzweckreiniger\/\",\"url\":\"https:\/\/ecoreichholz.com\/produkt\/mr-muscle-glas-und-fensterreiniger-spray-fuer-streifenfreien-glanz-750-allzweckreiniger\/\",\"name\":\"Mr Muscle Fenster- & Glasreiniger Platinum 750 ml\",\"isPartOf\":{\"@id\":\"https:\/\/ecoreichholz.com\/#website\"},\"primaryImageOfPage\":{\"@id\":\"https:\/\/ecoreichholz.com\/produkt\/mr-muscle-glas-und-fensterreiniger-spray-fuer-streifenfreien-glanz-750-allzweckreiniger\/#primaryimage\"},\"image\":{\"@id\":\"https:\/\/ecoreichholz.com\/produkt\/mr-muscle-glas-und-fensterreiniger-spray-fuer-streifenfreien-glanz-750-allzweckreiniger\/#primaryimage\"},\"thumbnailUrl\":\"https:\/\/ecoreichholz.com\/wp-content\/uploads\/2025\/10\/81OYE9ORE-S._AC_SL1500_.jpg\",\"datePublished\":\"2025-10-03T10:24:11+00:00\",\"dateModified\":\"2025-10-03T12:55:14+00:00\",\"description\":\"Mr Muscle Platinum Glasreiniger mit Essig-Power: streifenfrei auf Fenstern & Spiegeln. Einfache Anwendung, 750 ml. Achtung: reizend.\",\"breadcrumb\":{\"@id\":\"https:\/\/ecoreichholz.com\/produkt\/mr-muscle-glas-und-fensterreiniger-spray-fuer-streifenfreien-glanz-750-allzweckreiniger\/#breadcrumb\"},\"inLanguage\":\"fr-FR\",\"potentialAction\":[{\"@type\":\"ReadAction\",\"target\":[\"https:\/\/ecoreichholz.com\/produkt\/mr-muscle-glas-und-fensterreiniger-spray-fuer-streifenfreien-glanz-750-allzweckreiniger\/\"]}]},{\"@type\":\"ImageObject\",\"inLanguage\":\"fr-FR\",\"@id\":\"https:\/\/ecoreichholz.com\/produkt\/mr-muscle-glas-und-fensterreiniger-spray-fuer-streifenfreien-glanz-750-allzweckreiniger\/#primaryimage\",\"url\":\"https:\/\/ecoreichholz.com\/wp-content\/uploads\/2025\/10\/81OYE9ORE-S._AC_SL1500_.jpg\",\"contentUrl\":\"https:\/\/ecoreichholz.com\/wp-content\/uploads\/2025\/10\/81OYE9ORE-S._AC_SL1500_.jpg\",\"width\":1500,\"height\":1500,\"caption\":\"Mr Muscle Platinum Fenster- & Glasreiniger 750 ml Flasche\"},{\"@type\":\"BreadcrumbList\",\"@id\":\"https:\/\/ecoreichholz.com\/produkt\/mr-muscle-glas-und-fensterreiniger-spray-fuer-streifenfreien-glanz-750-allzweckreiniger\/#breadcrumb\",\"itemListElement\":[{\"@type\":\"ListItem\",\"position\":1,\"name\":\"Accueil\",\"item\":\"https:\/\/ecoreichholz.com\/\"},{\"@type\":\"ListItem\",\"position\":2,\"name\":\"Shop\",\"item\":\"https:\/\/ecoreichholz.com\/shop\/\"},{\"@type\":\"ListItem\",\"position\":3,\"name\":\"Mr Muscle Fenster- &#038; Glasreiniger Platinum \u2013 750 ml (Pack kann variieren)\"}]},{\"@type\":\"WebSite\",\"@id\":\"https:\/\/ecoreichholz.com\/#website\",\"url\":\"https:\/\/ecoreichholz.com\/\",\"name\":\"Ecoreichholz\",\"description\":\"\",\"publisher\":{\"@id\":\"https:\/\/ecoreichholz.com\/#organization\"},\"potentialAction\":[{\"@type\":\"SearchAction\",\"target\":{\"@type\":\"EntryPoint\",\"urlTemplate\":\"https:\/\/ecoreichholz.com\/?s={search_term_string}\"},\"query-input\":{\"@type\":\"PropertyValueSpecification\",\"valueRequired\":true,\"valueName\":\"search_term_string\"}}],\"inLanguage\":\"fr-FR\"},{\"@type\":\"Organization\",\"@id\":\"https:\/\/ecoreichholz.com\/#organization\",\"name\":\"Ecoreichholz\",\"url\":\"https:\/\/ecoreichholz.com\/\",\"logo\":{\"@type\":\"ImageObject\",\"inLanguage\":\"fr-FR\",\"@id\":\"https:\/\/ecoreichholz.com\/#\/schema\/logo\/image\/\",\"url\":\"https:\/\/ecoreichholz.com\/wp-content\/uploads\/2025\/01\/cropped-echoreichholz__3___1_-removebg-preview.png\",\"contentUrl\":\"https:\/\/ecoreichholz.com\/wp-content\/uploads\/2025\/01\/cropped-echoreichholz__3___1_-removebg-preview.png\",\"width\":1220,\"height\":204,\"caption\":\"Ecoreichholz\"},\"image\":{\"@id\":\"https:\/\/ecoreichholz.com\/#\/schema\/logo\/image\/\"}}]}<\/script>\n<!-- \/ Yoast SEO plugin. -->","yoast_head_json":{"title":"Mr Muscle Fenster- & Glasreiniger Platinum 750 ml","description":"Mr Muscle Platinum Glasreiniger mit Essig-Power: streifenfrei auf Fenstern & Spiegeln. Einfache Anwendung, 750 ml. Achtung: reizend.","robots":{"index":"index","follow":"follow","max-snippet":"max-snippet:-1","max-image-preview":"max-image-preview:large","max-video-preview":"max-video-preview:-1"},"canonical":"https:\/\/ecoreichholz.com\/fr\/produit\/mr-muscle-glas-und-fensterreiniger-spray-fuer-streifenfreien-glanz-750-allzweckreiniger\/","og_locale":"fr_FR","og_type":"article","og_title":"Mr Muscle Fenster- & Glasreiniger Platinum 750 ml","og_description":"Mr Muscle Platinum Glasreiniger mit Essig-Power: streifenfrei auf Fenstern & Spiegeln. Einfache Anwendung, 750 ml. Achtung: reizend.","og_url":"https:\/\/ecoreichholz.com\/fr\/produit\/mr-muscle-glas-und-fensterreiniger-spray-fuer-streifenfreien-glanz-750-allzweckreiniger\/","og_site_name":"Ecoreichholz","article_modified_time":"2025-10-03T12:55:14+00:00","og_image":[{"width":1500,"height":1500,"url":"https:\/\/ecoreichholz.com\/wp-content\/uploads\/2025\/10\/81OYE9ORE-S._AC_SL1500_.jpg","type":"image\/jpeg"}],"twitter_card":"summary_large_image","twitter_misc":{"Dur\u00e9e de lecture estim\u00e9e":"2 minutes"},"schema":{"@context":"https:\/\/schema.org","@graph":[{"@type":"WebPage","@id":"https:\/\/ecoreichholz.com\/produkt\/mr-muscle-glas-und-fensterreiniger-spray-fuer-streifenfreien-glanz-750-allzweckreiniger\/","url":"https:\/\/ecoreichholz.com\/produkt\/mr-muscle-glas-und-fensterreiniger-spray-fuer-streifenfreien-glanz-750-allzweckreiniger\/","name":"Mr Muscle Fenster- & Glasreiniger Platinum 750 ml","isPartOf":{"@id":"https:\/\/ecoreichholz.com\/#website"},"primaryImageOfPage":{"@id":"https:\/\/ecoreichholz.com\/produkt\/mr-muscle-glas-und-fensterreiniger-spray-fuer-streifenfreien-glanz-750-allzweckreiniger\/#primaryimage"},"image":{"@id":"https:\/\/ecoreichholz.com\/produkt\/mr-muscle-glas-und-fensterreiniger-spray-fuer-streifenfreien-glanz-750-allzweckreiniger\/#primaryimage"},"thumbnailUrl":"https:\/\/ecoreichholz.com\/wp-content\/uploads\/2025\/10\/81OYE9ORE-S._AC_SL1500_.jpg","datePublished":"2025-10-03T10:24:11+00:00","dateModified":"2025-10-03T12:55:14+00:00","description":"Mr Muscle Platinum Glasreiniger mit Essig-Power: streifenfrei auf Fenstern & Spiegeln. Einfache Anwendung, 750 ml. Achtung: reizend.","breadcrumb":{"@id":"https:\/\/ecoreichholz.com\/produkt\/mr-muscle-glas-und-fensterreiniger-spray-fuer-streifenfreien-glanz-750-allzweckreiniger\/#breadcrumb"},"inLanguage":"fr-FR","potentialAction":[{"@type":"ReadAction","target":["https:\/\/ecoreichholz.com\/produkt\/mr-muscle-glas-und-fensterreiniger-spray-fuer-streifenfreien-glanz-750-allzweckreiniger\/"]}]},{"@type":"ImageObject","inLanguage":"fr-FR","@id":"https:\/\/ecoreichholz.com\/produkt\/mr-muscle-glas-und-fensterreiniger-spray-fuer-streifenfreien-glanz-750-allzweckreiniger\/#primaryimage","url":"https:\/\/ecoreichholz.com\/wp-content\/uploads\/2025\/10\/81OYE9ORE-S._AC_SL1500_.jpg","contentUrl":"https:\/\/ecoreichholz.com\/wp-content\/uploads\/2025\/10\/81OYE9ORE-S._AC_SL1500_.jpg","width":1500,"height":1500,"caption":"Mr Muscle Platinum Fenster- & Glasreiniger 750 ml Flasche"},{"@type":"BreadcrumbList","@id":"https:\/\/ecoreichholz.com\/produkt\/mr-muscle-glas-und-fensterreiniger-spray-fuer-streifenfreien-glanz-750-allzweckreiniger\/#breadcrumb","itemListElement":[{"@type":"ListItem","position":1,"name":"Accueil","item":"https:\/\/ecoreichholz.com\/"},{"@type":"ListItem","position":2,"name":"Shop","item":"https:\/\/ecoreichholz.com\/shop\/"},{"@type":"ListItem","position":3,"name":"Mr Muscle Fenster- &#038; Glasreiniger Platinum \u2013 750 ml (Pack kann variieren)"}]},{"@type":"WebSite","@id":"https:\/\/ecoreichholz.com\/#website","url":"https:\/\/ecoreichholz.com\/","name":"Bois riche \u00e9cologique","description":"","publisher":{"@id":"https:\/\/ecoreichholz.com\/#organization"},"potentialAction":[{"@type":"SearchAction","target":{"@type":"EntryPoint","urlTemplate":"https:\/\/ecoreichholz.com\/?s={search_term_string}"},"query-input":{"@type":"PropertyValueSpecification","valueRequired":true,"valueName":"search_term_string"}}],"inLanguage":"fr-FR"},{"@type":"Organization","@id":"https:\/\/ecoreichholz.com\/#organization","name":"Bois riche \u00e9cologique","url":"https:\/\/ecoreichholz.com\/","logo":{"@type":"ImageObject","inLanguage":"fr-FR","@id":"https:\/\/ecoreichholz.com\/#\/schema\/logo\/image\/","url":"https:\/\/ecoreichholz.com\/wp-content\/uploads\/2025\/01\/cropped-echoreichholz__3___1_-removebg-preview.png","contentUrl":"https:\/\/ecoreichholz.com\/wp-content\/uploads\/2025\/01\/cropped-echoreichholz__3___1_-removebg-preview.png","width":1220,"height":204,"caption":"Ecoreichholz"},"image":{"@id":"https:\/\/ecoreichholz.com\/#\/schema\/logo\/image\/"}}]}},"jetpack_sharing_enabled":true,"_links":{"self":[{"href":"https:\/\/ecoreichholz.com\/fr\/wp-json\/wp\/v2\/product\/29512","targetHints":{"allow":["GET"]}}],"collection":[{"href":"https:\/\/ecoreichholz.com\/fr\/wp-json\/wp\/v2\/product"}],"about":[{"href":"https:\/\/ecoreichholz.com\/fr\/wp-json\/wp\/v2\/types\/product"}],"replies":[{"embeddable":true,"href":"https:\/\/ecoreichholz.com\/fr\/wp-json\/wp\/v2\/comments?post=29512"}],"version-history":[{"count":3,"href":"https:\/\/ecoreichholz.com\/fr\/wp-json\/wp\/v2\/product\/29512\/revisions"}],"predecessor-version":[{"id":29759,"href":"https:\/\/ecoreichholz.com\/fr\/wp-json\/wp\/v2\/product\/29512\/revisions\/29759"}],"wp:featuredmedia":[{"embeddable":true,"href":"https:\/\/ecoreichholz.com\/fr\/wp-json\/wp\/v2\/media\/29515"}],"wp:attachment":[{"href":"https:\/\/ecoreichholz.com\/fr\/wp-json\/wp\/v2\/media?parent=29512"}],"wp:term":[{"taxonomy":"product_brand","embeddable":true,"href":"https:\/\/ecoreichholz.com\/fr\/wp-json\/wp\/v2\/product_brand?post=29512"},{"taxonomy":"product_cat","embeddable":true,"href":"https:\/\/ecoreichholz.com\/fr\/wp-json\/wp\/v2\/product_cat?post=29512"},{"taxonomy":"product_tag","embeddable":true,"href":"https:\/\/ecoreichholz.com\/fr\/wp-json\/wp\/v2\/product_tag?post=29512"}],"curies":[{"name":"wp","href":"https:\/\/api.w.org\/{rel}","templated":true}]}}