{"id":29493,"date":"2025-10-03T12:16:33","date_gmt":"2025-10-03T10:16:33","guid":{"rendered":"https:\/\/ecoreichholz.com\/?post_type=product&#038;p=29493"},"modified":"2025-10-03T14:08:19","modified_gmt":"2025-10-03T12:08:19","slug":"stihl-holzfeuchtemessgeraet-holz-mauerwerk","status":"publish","type":"product","link":"https:\/\/ecoreichholz.com\/fr\/produit\/stihl-holzfeuchtemessgeraet-holz-mauerwerk\/","title":{"rendered":"Stihl Humidim\u00e8tre pour bois - pour bois de chauffage et ma\u00e7onnerie"},"content":{"rendered":"<p><strong>Humidim\u00e8tre pour bois facile \u00e0 utiliser \u00e0 la maison<\/strong><br \/>\nLe site <strong>Stihl Humidim\u00e8tre pour bois<\/strong> fournit des r\u00e9sultats de mesure rapides et fiables pour <strong>Bois de chauffage (6-50 %)<\/strong> et <strong>Ma\u00e7onnerie (0,2-2,9 %)<\/strong>. Id\u00e9al pour les utilisateurs priv\u00e9s : format compact, bonne lisibilit\u00e9, bonne qualit\u00e9 d'impression. <strong>\u00e9cran num\u00e9rique avec r\u00e9tro\u00e9clairage<\/strong> et pratique <strong>pointes de mesure r\u00e9tractables<\/strong> avec verrouillage.<\/p>\n<ul>\n<li><strong>Plage de mesure commutable<\/strong>bois 6-50 %, ma\u00e7onnerie 0,2-2,9 %<\/li>\n<li><strong>Simple et s\u00fbr<\/strong>zone de pr\u00e9hension caoutchout\u00e9e, verrouillage de la pointe<\/li>\n<li><strong>Lisible clairement<\/strong>\u00e9cran \u00e9clair\u00e9 avec indication de l'\u00e9tat des piles<\/li>\n<li><strong>\u00c9conomie d'\u00e9nergie<\/strong>: arr\u00eat automatique apr\u00e8s 20 s d'inactivit\u00e9<\/li>\n<li><strong>Compact et l\u00e9ger<\/strong>: seulement 95 \u00d7 50 \u00d7 30 mm, 77 g (pr\u00eat \u00e0 l'emploi)<\/li>\n<\/ul>\n<h3>Donn\u00e9es techniques<\/h3>\n<table>\n<tbody>\n<tr>\n<td>Plages de mesure<\/td>\n<td>bois 6-50 % - ma\u00e7onnerie 0,2-2,9 %<\/td>\n<\/tr>\n<tr>\n<td>\u00c9cran<\/td>\n<td>Num\u00e9rique, r\u00e9tro\u00e9clairage, indicateur de niveau de batterie<\/td>\n<\/tr>\n<tr>\n<td>Arr\u00eat<\/td>\n<td>automatiquement apr\u00e8s 20 s<\/td>\n<\/tr>\n<tr>\n<td>Temp\u00e9rature de fonctionnement<\/td>\n<td>0-40 \u00b0C (recommand\u00e9)<\/td>\n<\/tr>\n<tr>\n<td>Dimensions<\/td>\n<td>95 \u00d7 50 \u00d7 30 mm<\/td>\n<\/tr>\n<tr>\n<td>Poids<\/td>\n<td>77 g (pr\u00eat \u00e0 l'emploi)<\/td>\n<\/tr>\n<tr>\n<td>Approvisionnement en \u00e9nergie<\/td>\n<td>4 \u00d7 LR44 (incl.)<\/td>\n<\/tr>\n<tr>\n<td>Contenu de la livraison<\/td>\n<td>appareil de mesure, 4 \u00d7 piles LR44, mode d'emploi<\/td>\n<\/tr>\n<tr>\n<td>N\u00b0 d'article du fabricant.<\/td>\n<td>0421\u00a0600\u00a00080<\/td>\n<\/tr>\n<tr>\n<td>EAN<\/td>\n<td>8018459169614<\/td>\n<\/tr>\n<\/tbody>\n<\/table>\n<p><em>Remarque :<\/em> Des mesures d'\u00e9talonnage\/de comparaison r\u00e9guli\u00e8res sur des mat\u00e9riaux de r\u00e9f\u00e9rence augmentent la s\u00e9curit\u00e9 des mesures. Laisser le bois s'\u00e9quilibrer en temp\u00e9rature avant de proc\u00e9der \u00e0 la mesure.<\/p>","protected":false},"excerpt":{"rendered":"<p>Compact <strong>Stihl Humidim\u00e8tre pour bois<\/strong> avec plage commutable : bois 6-50 %, ma\u00e7onnerie 0,2-2,9 %. \u00c9cran \u00e9clair\u00e9, arr\u00eat automatique (20 s), 95 \u00d7 50 \u00d7 30 mm, 77 g. Piles incluses.<\/p>","protected":false},"featured_media":29494,"comment_status":"open","ping_status":"closed","template":"","meta":[],"product_brand":[],"product_cat":[89],"product_tag":[],"class_list":{"0":"post-29493","1":"product","2":"type-product","3":"status-publish","4":"has-post-thumbnail","6":"product_cat-zubehoer","8":"first","9":"instock","10":"shipping-taxable","11":"purchasable","12":"product-type-simple"},"yoast_head":"<!-- This site is optimized with the Yoast SEO plugin v26.2 - https:\/\/yoast.com\/wordpress\/plugins\/seo\/ -->\n<title>Stihl Holzfeuchtemessger\u00e4t \u2013 f\u00fcr Holz &amp; Mauerwerk<\/title>\n<meta name=\"description\" content=\"Stihl Holzfeuchtemessger\u00e4t: Holz 6\u201350 %, Mauerwerk 0,2\u20132,9 %. Display mit Backlight, Auto-Off, 95\u00d750\u00d730 mm, 77 g. Batterien &amp; Anleitung inklusive.\" \/>\n<meta name=\"robots\" content=\"index, follow, max-snippet:-1, max-image-preview:large, max-video-preview:-1\" \/>\n<link rel=\"canonical\" href=\"https:\/\/ecoreichholz.com\/fr\/produit\/stihl-holzfeuchtemessgeraet-holz-mauerwerk\/\" \/>\n<meta property=\"og:locale\" content=\"fr_FR\" \/>\n<meta property=\"og:type\" content=\"article\" \/>\n<meta property=\"og:title\" content=\"Stihl Holzfeuchtemessger\u00e4t \u2013 f\u00fcr Holz &amp; Mauerwerk\" \/>\n<meta property=\"og:description\" content=\"Stihl Holzfeuchtemessger\u00e4t: Holz 6\u201350 %, Mauerwerk 0,2\u20132,9 %. Display mit Backlight, Auto-Off, 95\u00d750\u00d730 mm, 77 g. Batterien &amp; Anleitung inklusive.\" \/>\n<meta property=\"og:url\" content=\"https:\/\/ecoreichholz.com\/fr\/produit\/stihl-holzfeuchtemessgeraet-holz-mauerwerk\/\" \/>\n<meta property=\"og:site_name\" content=\"Ecoreichholz\" \/>\n<meta property=\"article:modified_time\" content=\"2025-10-03T12:08:19+00:00\" \/>\n<meta property=\"og:image\" content=\"https:\/\/ecoreichholz.com\/wp-content\/uploads\/2025\/10\/img.jpg\" \/>\n\t<meta property=\"og:image:width\" content=\"1420\" \/>\n\t<meta property=\"og:image:height\" content=\"947\" \/>\n\t<meta property=\"og:image:type\" content=\"image\/jpeg\" \/>\n<meta name=\"twitter:card\" content=\"summary_large_image\" \/>\n<meta name=\"twitter:label1\" content=\"Dur\u00e9e de lecture estim\u00e9e\" \/>\n\t<meta name=\"twitter:data1\" content=\"1 minute\" \/>\n<script type=\"application\/ld+json\" class=\"yoast-schema-graph\">{\"@context\":\"https:\/\/schema.org\",\"@graph\":[{\"@type\":\"WebPage\",\"@id\":\"https:\/\/ecoreichholz.com\/fr\/produit\/stihl-holzfeuchtemessgeraet-holz-mauerwerk\/\",\"url\":\"https:\/\/ecoreichholz.com\/fr\/produit\/stihl-holzfeuchtemessgeraet-holz-mauerwerk\/\",\"name\":\"Stihl Holzfeuchtemessger\u00e4t \u2013 f\u00fcr Holz & Mauerwerk\",\"isPartOf\":{\"@id\":\"https:\/\/ecoreichholz.com\/#website\"},\"primaryImageOfPage\":{\"@id\":\"https:\/\/ecoreichholz.com\/fr\/produit\/stihl-holzfeuchtemessgeraet-holz-mauerwerk\/#primaryimage\"},\"image\":{\"@id\":\"https:\/\/ecoreichholz.com\/fr\/produit\/stihl-holzfeuchtemessgeraet-holz-mauerwerk\/#primaryimage\"},\"thumbnailUrl\":\"https:\/\/ecoreichholz.com\/wp-content\/uploads\/2025\/10\/img.jpg\",\"datePublished\":\"2025-10-03T10:16:33+00:00\",\"dateModified\":\"2025-10-03T12:08:19+00:00\",\"description\":\"Stihl Holzfeuchtemessger\u00e4t: Holz 6\u201350 %, Mauerwerk 0,2\u20132,9 %. Display mit Backlight, Auto-Off, 95\u00d750\u00d730 mm, 77 g. Batterien & Anleitung inklusive.\",\"breadcrumb\":{\"@id\":\"https:\/\/ecoreichholz.com\/fr\/produit\/stihl-holzfeuchtemessgeraet-holz-mauerwerk\/#breadcrumb\"},\"inLanguage\":\"fr-FR\",\"potentialAction\":[{\"@type\":\"ReadAction\",\"target\":[\"https:\/\/ecoreichholz.com\/fr\/produit\/stihl-holzfeuchtemessgeraet-holz-mauerwerk\/\"]}]},{\"@type\":\"ImageObject\",\"inLanguage\":\"fr-FR\",\"@id\":\"https:\/\/ecoreichholz.com\/fr\/produit\/stihl-holzfeuchtemessgeraet-holz-mauerwerk\/#primaryimage\",\"url\":\"https:\/\/ecoreichholz.com\/wp-content\/uploads\/2025\/10\/img.jpg\",\"contentUrl\":\"https:\/\/ecoreichholz.com\/wp-content\/uploads\/2025\/10\/img.jpg\",\"width\":1420,\"height\":947,\"caption\":\"Stihl Holzfeuchtemessger\u00e4t mit beleuchtetem Display\"},{\"@type\":\"BreadcrumbList\",\"@id\":\"https:\/\/ecoreichholz.com\/fr\/produit\/stihl-holzfeuchtemessgeraet-holz-mauerwerk\/#breadcrumb\",\"itemListElement\":[{\"@type\":\"ListItem\",\"position\":1,\"name\":\"Accueil\",\"item\":\"https:\/\/ecoreichholz.com\/\"},{\"@type\":\"ListItem\",\"position\":2,\"name\":\"Shop\",\"item\":\"https:\/\/ecoreichholz.com\/shop\/\"},{\"@type\":\"ListItem\",\"position\":3,\"name\":\"Stihl Holzfeuchtemessger\u00e4t \u2013 f\u00fcr Brennholz &#038; Mauerwerk\"}]},{\"@type\":\"WebSite\",\"@id\":\"https:\/\/ecoreichholz.com\/#website\",\"url\":\"https:\/\/ecoreichholz.com\/\",\"name\":\"Ecoreichholz\",\"description\":\"\",\"publisher\":{\"@id\":\"https:\/\/ecoreichholz.com\/#organization\"},\"potentialAction\":[{\"@type\":\"SearchAction\",\"target\":{\"@type\":\"EntryPoint\",\"urlTemplate\":\"https:\/\/ecoreichholz.com\/?s={search_term_string}\"},\"query-input\":{\"@type\":\"PropertyValueSpecification\",\"valueRequired\":true,\"valueName\":\"search_term_string\"}}],\"inLanguage\":\"fr-FR\"},{\"@type\":\"Organization\",\"@id\":\"https:\/\/ecoreichholz.com\/#organization\",\"name\":\"Ecoreichholz\",\"url\":\"https:\/\/ecoreichholz.com\/\",\"logo\":{\"@type\":\"ImageObject\",\"inLanguage\":\"fr-FR\",\"@id\":\"https:\/\/ecoreichholz.com\/#\/schema\/logo\/image\/\",\"url\":\"https:\/\/ecoreichholz.com\/wp-content\/uploads\/2025\/01\/cropped-echoreichholz__3___1_-removebg-preview.png\",\"contentUrl\":\"https:\/\/ecoreichholz.com\/wp-content\/uploads\/2025\/01\/cropped-echoreichholz__3___1_-removebg-preview.png\",\"width\":1220,\"height\":204,\"caption\":\"Ecoreichholz\"},\"image\":{\"@id\":\"https:\/\/ecoreichholz.com\/#\/schema\/logo\/image\/\"}}]}<\/script>\n<!-- \/ Yoast SEO plugin. -->","yoast_head_json":{"title":"Stihl Holzfeuchtemessger\u00e4t \u2013 f\u00fcr Holz & Mauerwerk","description":"Stihl Holzfeuchtemessger\u00e4t: Holz 6\u201350 %, Mauerwerk 0,2\u20132,9 %. Display mit Backlight, Auto-Off, 95\u00d750\u00d730 mm, 77 g. Batterien & Anleitung inklusive.","robots":{"index":"index","follow":"follow","max-snippet":"max-snippet:-1","max-image-preview":"max-image-preview:large","max-video-preview":"max-video-preview:-1"},"canonical":"https:\/\/ecoreichholz.com\/fr\/produit\/stihl-holzfeuchtemessgeraet-holz-mauerwerk\/","og_locale":"fr_FR","og_type":"article","og_title":"Stihl Holzfeuchtemessger\u00e4t \u2013 f\u00fcr Holz & Mauerwerk","og_description":"Stihl Holzfeuchtemessger\u00e4t: Holz 6\u201350 %, Mauerwerk 0,2\u20132,9 %. Display mit Backlight, Auto-Off, 95\u00d750\u00d730 mm, 77 g. Batterien & Anleitung inklusive.","og_url":"https:\/\/ecoreichholz.com\/fr\/produit\/stihl-holzfeuchtemessgeraet-holz-mauerwerk\/","og_site_name":"Ecoreichholz","article_modified_time":"2025-10-03T12:08:19+00:00","og_image":[{"width":1420,"height":947,"url":"https:\/\/ecoreichholz.com\/wp-content\/uploads\/2025\/10\/img.jpg","type":"image\/jpeg"}],"twitter_card":"summary_large_image","twitter_misc":{"Dur\u00e9e de lecture estim\u00e9e":"1 minute"},"schema":{"@context":"https:\/\/schema.org","@graph":[{"@type":"WebPage","@id":"https:\/\/ecoreichholz.com\/fr\/produit\/stihl-holzfeuchtemessgeraet-holz-mauerwerk\/","url":"https:\/\/ecoreichholz.com\/fr\/produit\/stihl-holzfeuchtemessgeraet-holz-mauerwerk\/","name":"Stihl Holzfeuchtemessger\u00e4t \u2013 f\u00fcr Holz & Mauerwerk","isPartOf":{"@id":"https:\/\/ecoreichholz.com\/#website"},"primaryImageOfPage":{"@id":"https:\/\/ecoreichholz.com\/fr\/produit\/stihl-holzfeuchtemessgeraet-holz-mauerwerk\/#primaryimage"},"image":{"@id":"https:\/\/ecoreichholz.com\/fr\/produit\/stihl-holzfeuchtemessgeraet-holz-mauerwerk\/#primaryimage"},"thumbnailUrl":"https:\/\/ecoreichholz.com\/wp-content\/uploads\/2025\/10\/img.jpg","datePublished":"2025-10-03T10:16:33+00:00","dateModified":"2025-10-03T12:08:19+00:00","description":"Stihl Holzfeuchtemessger\u00e4t: Holz 6\u201350 %, Mauerwerk 0,2\u20132,9 %. Display mit Backlight, Auto-Off, 95\u00d750\u00d730 mm, 77 g. Batterien & Anleitung inklusive.","breadcrumb":{"@id":"https:\/\/ecoreichholz.com\/fr\/produit\/stihl-holzfeuchtemessgeraet-holz-mauerwerk\/#breadcrumb"},"inLanguage":"fr-FR","potentialAction":[{"@type":"ReadAction","target":["https:\/\/ecoreichholz.com\/fr\/produit\/stihl-holzfeuchtemessgeraet-holz-mauerwerk\/"]}]},{"@type":"ImageObject","inLanguage":"fr-FR","@id":"https:\/\/ecoreichholz.com\/fr\/produit\/stihl-holzfeuchtemessgeraet-holz-mauerwerk\/#primaryimage","url":"https:\/\/ecoreichholz.com\/wp-content\/uploads\/2025\/10\/img.jpg","contentUrl":"https:\/\/ecoreichholz.com\/wp-content\/uploads\/2025\/10\/img.jpg","width":1420,"height":947,"caption":"Stihl Holzfeuchtemessger\u00e4t mit beleuchtetem Display"},{"@type":"BreadcrumbList","@id":"https:\/\/ecoreichholz.com\/fr\/produit\/stihl-holzfeuchtemessgeraet-holz-mauerwerk\/#breadcrumb","itemListElement":[{"@type":"ListItem","position":1,"name":"Accueil","item":"https:\/\/ecoreichholz.com\/"},{"@type":"ListItem","position":2,"name":"Shop","item":"https:\/\/ecoreichholz.com\/shop\/"},{"@type":"ListItem","position":3,"name":"Stihl Holzfeuchtemessger\u00e4t \u2013 f\u00fcr Brennholz &#038; Mauerwerk"}]},{"@type":"WebSite","@id":"https:\/\/ecoreichholz.com\/#website","url":"https:\/\/ecoreichholz.com\/","name":"Bois riche \u00e9cologique","description":"","publisher":{"@id":"https:\/\/ecoreichholz.com\/#organization"},"potentialAction":[{"@type":"SearchAction","target":{"@type":"EntryPoint","urlTemplate":"https:\/\/ecoreichholz.com\/?s={search_term_string}"},"query-input":{"@type":"PropertyValueSpecification","valueRequired":true,"valueName":"search_term_string"}}],"inLanguage":"fr-FR"},{"@type":"Organization","@id":"https:\/\/ecoreichholz.com\/#organization","name":"Bois riche \u00e9cologique","url":"https:\/\/ecoreichholz.com\/","logo":{"@type":"ImageObject","inLanguage":"fr-FR","@id":"https:\/\/ecoreichholz.com\/#\/schema\/logo\/image\/","url":"https:\/\/ecoreichholz.com\/wp-content\/uploads\/2025\/01\/cropped-echoreichholz__3___1_-removebg-preview.png","contentUrl":"https:\/\/ecoreichholz.com\/wp-content\/uploads\/2025\/01\/cropped-echoreichholz__3___1_-removebg-preview.png","width":1220,"height":204,"caption":"Ecoreichholz"},"image":{"@id":"https:\/\/ecoreichholz.com\/#\/schema\/logo\/image\/"}}]}},"jetpack_sharing_enabled":true,"_links":{"self":[{"href":"https:\/\/ecoreichholz.com\/fr\/wp-json\/wp\/v2\/product\/29493","targetHints":{"allow":["GET"]}}],"collection":[{"href":"https:\/\/ecoreichholz.com\/fr\/wp-json\/wp\/v2\/product"}],"about":[{"href":"https:\/\/ecoreichholz.com\/fr\/wp-json\/wp\/v2\/types\/product"}],"replies":[{"embeddable":true,"href":"https:\/\/ecoreichholz.com\/fr\/wp-json\/wp\/v2\/comments?post=29493"}],"version-history":[{"count":3,"href":"https:\/\/ecoreichholz.com\/fr\/wp-json\/wp\/v2\/product\/29493\/revisions"}],"predecessor-version":[{"id":29753,"href":"https:\/\/ecoreichholz.com\/fr\/wp-json\/wp\/v2\/product\/29493\/revisions\/29753"}],"wp:featuredmedia":[{"embeddable":true,"href":"https:\/\/ecoreichholz.com\/fr\/wp-json\/wp\/v2\/media\/29494"}],"wp:attachment":[{"href":"https:\/\/ecoreichholz.com\/fr\/wp-json\/wp\/v2\/media?parent=29493"}],"wp:term":[{"taxonomy":"product_brand","embeddable":true,"href":"https:\/\/ecoreichholz.com\/fr\/wp-json\/wp\/v2\/product_brand?post=29493"},{"taxonomy":"product_cat","embeddable":true,"href":"https:\/\/ecoreichholz.com\/fr\/wp-json\/wp\/v2\/product_cat?post=29493"},{"taxonomy":"product_tag","embeddable":true,"href":"https:\/\/ecoreichholz.com\/fr\/wp-json\/wp\/v2\/product_tag?post=29493"}],"curies":[{"name":"wp","href":"https:\/\/api.w.org\/{rel}","templated":true}]}}