{"id":29485,"date":"2025-10-03T12:12:05","date_gmt":"2025-10-03T10:12:05","guid":{"rendered":"https:\/\/ecoreichholz.com\/?post_type=product&#038;p=29485"},"modified":"2025-10-03T14:00:29","modified_gmt":"2025-10-03T12:00:29","slug":"oeko-anzuendwolle-grill-kaminanzuender-3-kg","status":"publish","type":"product","link":"https:\/\/ecoreichholz.com\/fr\/produit\/oeko-anzuendwolle-grill-kaminanzuender-3-kg\/","title":{"rendered":"Laine d'allumage \u00e9cologique - Allume-barbecue &amp; chemin\u00e9e (3 kg, env. 240 pi\u00e8ces)"},"content":{"rendered":"<p><strong>Allume-barbecue VENTE D'ARTISANATEUR - Laine d'allumage \u00e9cologique pour barbecue, chemin\u00e9e &amp; po\u00eale<\/strong><\/p>\n<p>Allume-feu en laine de bois de haute qualit\u00e9 avec <strong>cire v\u00e9g\u00e9tale<\/strong> pour un <strong>allumage s\u00fbr, propre et rapide<\/strong> - sans flamme de coup de feu. Produit en Allemagne, test\u00e9 selon <strong>DIN EN 1860-3<\/strong> et de <strong>100 % mati\u00e8res premi\u00e8res renouvelables<\/strong>.<\/p>\n<h3>Pourquoi cette laine d'allumage ?<\/h3>\n<ul>\n<li><strong>TOP qualit\u00e9 :<\/strong> Tests r\u00e9guliers en laboratoire selon la norme industrielle allemande DIN 1860-3<\/li>\n<li><strong>Durable :<\/strong> Bois issu de for\u00eats certifi\u00e9es durables, cire sur <strong>\u00e0 base de plantes<\/strong><\/li>\n<li><strong>Fabriqu\u00e9 en Allemagne :<\/strong> Fabrication en Allemagne ; fabricant selon <strong>T\u00dcV ISO 14001<\/strong> (gestion de l'environnement) certifi\u00e9e<\/li>\n<li><strong>rapport qualit\u00e9-prix :<\/strong> Enroulement l\u00e2che pour <strong>allumage par combustion<\/strong> &amp; <strong>longue dur\u00e9e de combustion<\/strong><\/li>\n<li><strong>Polyvalent :<\/strong> Convient pour le barbecue, la chemin\u00e9e, le po\u00eale et le bac \u00e0 feu<\/li>\n<\/ul>\n<h3>Application<\/h3>\n<ol>\n<li>Allumeur sur <strong>support r\u00e9sistant au feu<\/strong> ou le poser sur une fine couche de combustible (charbon de bois\/bois).<\/li>\n<li>Avec <strong>Briquet \u00e0 tige<\/strong> enflammer et <strong>pr\u00e9cuire bri\u00e8vement<\/strong> de l'entreprise.<\/li>\n<li>Ce n'est qu'ensuite qu'il faut ajouter du combustible ; <strong>Ne pas \u00e9touffer la flamme<\/strong>.<\/li>\n<li><em>Au barbecue :<\/em> Ne griller que lorsque le combustible <strong>compl\u00e8tement recuit<\/strong> est et une <strong>Couche de cendres<\/strong> existe.<\/li>\n<\/ol>\n<h3>Consignes de s\u00e9curit\u00e9<\/h3>\n<ul>\n<li>Conforme \u00e0 <strong>DIN EN 1860-3<\/strong>. N'utiliser que des allume-feu conformes aux normes.<\/li>\n<li><strong>Jamais<\/strong> Utiliser de l'alcool \u00e0 br\u00fbler ou de l'essence pour l'allumage\/le r\u00e9allumage.<\/li>\n<li><strong>Pas<\/strong> faire des grillades dans des locaux ferm\u00e9s (risque de CO). Tenir les enfants \u00e0 l'\u00e9cart.<\/li>\n<li>Allumeurs <strong>sec<\/strong> et <strong>inaccessible aux enfants<\/strong> conserver.<\/li>\n<\/ul>\n<h3>Caract\u00e9ristiques techniques &amp; contenu de la livraison<\/h3>\n<table>\n<tbody>\n<tr>\n<td>Type de produit<\/td>\n<td>Allume-feu en laine de bois \u00e9cologique (allume-barbecue\/chemin\u00e9e)<\/td>\n<\/tr>\n<tr>\n<td>Contenu<\/td>\n<td><strong>3 kg<\/strong> (environ. <strong>240<\/strong> allumeur)<\/td>\n<\/tr>\n<tr>\n<td>Dur\u00e9e de combustion<\/td>\n<td>jusqu'\u00e0 <strong>10 minutes<\/strong> (en fonction de l'utilisation &amp; des conditions)<\/td>\n<\/tr>\n<tr>\n<td>Caract\u00e9ristiques<\/td>\n<td>Utilisation propre et s\u00fbre ; allumage rapide sans flamme instantan\u00e9e ; se conserve tr\u00e8s longtemps<\/td>\n<\/tr>\n<tr>\n<td>Domaines d'application<\/td>\n<td>Barbecue, chemin\u00e9e, po\u00eale, bac \u00e0 feu<\/td>\n<\/tr>\n<tr>\n<td>Mat\u00e9riau<\/td>\n<td>laine de bois issue de for\u00eats g\u00e9r\u00e9es durablement, cire \u00e0 base v\u00e9g\u00e9tale<\/td>\n<\/tr>\n<tr>\n<td>Origine<\/td>\n<td>Fabrication en Allemagne<\/td>\n<\/tr>\n<tr>\n<td>Contenu de la livraison<\/td>\n<td>1 carton de laine d'allumage \u00e9cologique<\/td>\n<\/tr>\n<tr>\n<td>Langue Instructions<\/td>\n<td>Allemand<\/td>\n<\/tr>\n<\/tbody>\n<\/table>","protected":false},"excerpt":{"rendered":"<p>Laine d'allumage \u00e9cologique d'Allemagne : 3 kg (\u2248240 pi\u00e8ces), cire v\u00e9g\u00e9tale, bois durable. Test\u00e9e selon la norme DIN EN 1860-3. Propre, s\u00fbre &amp; dur\u00e9e de combustion jusqu'\u00e0 10 min.<\/p>","protected":false},"featured_media":29486,"comment_status":"open","ping_status":"closed","template":"","meta":[],"product_brand":[],"product_cat":[89],"product_tag":[],"class_list":{"0":"post-29485","1":"product","2":"type-product","3":"status-publish","4":"has-post-thumbnail","6":"product_cat-zubehoer","8":"first","9":"instock","10":"shipping-taxable","11":"purchasable","12":"product-type-simple"},"yoast_head":"<!-- This site is optimized with the Yoast SEO plugin v26.2 - https:\/\/yoast.com\/wordpress\/plugins\/seo\/ -->\n<title>\u00d6ko-Anz\u00fcndwolle 3 kg \u2013 Grill- &amp; Kaminanz\u00fcnder DIN 1860-3<\/title>\n<meta name=\"description\" content=\"3 kg \u00d6ko-Anz\u00fcndwolle (\u2248240 Stk.), Made in Germany. DIN EN 1860-3, pflanzliches Wachs, nachhaltig. Sauber &amp; sicher, Brenndauer bis 10 Min.\" \/>\n<meta name=\"robots\" content=\"index, follow, max-snippet:-1, max-image-preview:large, max-video-preview:-1\" \/>\n<link rel=\"canonical\" href=\"https:\/\/ecoreichholz.com\/fr\/produit\/oeko-anzuendwolle-grill-kaminanzuender-3-kg\/\" \/>\n<meta property=\"og:locale\" content=\"fr_FR\" \/>\n<meta property=\"og:type\" content=\"article\" \/>\n<meta property=\"og:title\" content=\"\u00d6ko-Anz\u00fcndwolle 3 kg \u2013 Grill- &amp; Kaminanz\u00fcnder DIN 1860-3\" \/>\n<meta property=\"og:description\" content=\"3 kg \u00d6ko-Anz\u00fcndwolle (\u2248240 Stk.), Made in Germany. DIN EN 1860-3, pflanzliches Wachs, nachhaltig. Sauber &amp; sicher, Brenndauer bis 10 Min.\" \/>\n<meta property=\"og:url\" content=\"https:\/\/ecoreichholz.com\/fr\/produit\/oeko-anzuendwolle-grill-kaminanzuender-3-kg\/\" \/>\n<meta property=\"og:site_name\" content=\"Ecoreichholz\" \/>\n<meta property=\"article:modified_time\" content=\"2025-10-03T12:00:29+00:00\" \/>\n<meta property=\"og:image\" content=\"https:\/\/ecoreichholz.com\/wp-content\/uploads\/2025\/10\/d85dda88-61c2-4e36-af1f-fa0a873b394c.jpeg\" \/>\n\t<meta property=\"og:image:width\" content=\"2000\" \/>\n\t<meta property=\"og:image:height\" content=\"2001\" \/>\n\t<meta property=\"og:image:type\" content=\"image\/jpeg\" \/>\n<meta name=\"twitter:card\" content=\"summary_large_image\" \/>\n<meta name=\"twitter:label1\" content=\"Dur\u00e9e de lecture estim\u00e9e\" \/>\n\t<meta name=\"twitter:data1\" content=\"2 minutes\" \/>\n<script type=\"application\/ld+json\" class=\"yoast-schema-graph\">{\"@context\":\"https:\/\/schema.org\",\"@graph\":[{\"@type\":\"WebPage\",\"@id\":\"https:\/\/ecoreichholz.com\/produkt\/oeko-anzuendwolle-grill-kaminanzuender-3-kg\/\",\"url\":\"https:\/\/ecoreichholz.com\/produkt\/oeko-anzuendwolle-grill-kaminanzuender-3-kg\/\",\"name\":\"\u00d6ko-Anz\u00fcndwolle 3 kg \u2013 Grill- & Kaminanz\u00fcnder DIN 1860-3\",\"isPartOf\":{\"@id\":\"https:\/\/ecoreichholz.com\/#website\"},\"primaryImageOfPage\":{\"@id\":\"https:\/\/ecoreichholz.com\/produkt\/oeko-anzuendwolle-grill-kaminanzuender-3-kg\/#primaryimage\"},\"image\":{\"@id\":\"https:\/\/ecoreichholz.com\/produkt\/oeko-anzuendwolle-grill-kaminanzuender-3-kg\/#primaryimage\"},\"thumbnailUrl\":\"https:\/\/ecoreichholz.com\/wp-content\/uploads\/2025\/10\/d85dda88-61c2-4e36-af1f-fa0a873b394c.jpeg\",\"datePublished\":\"2025-10-03T10:12:05+00:00\",\"dateModified\":\"2025-10-03T12:00:29+00:00\",\"description\":\"3 kg \u00d6ko-Anz\u00fcndwolle (\u2248240 Stk.), Made in Germany. DIN EN 1860-3, pflanzliches Wachs, nachhaltig. Sauber & sicher, Brenndauer bis 10 Min.\",\"breadcrumb\":{\"@id\":\"https:\/\/ecoreichholz.com\/produkt\/oeko-anzuendwolle-grill-kaminanzuender-3-kg\/#breadcrumb\"},\"inLanguage\":\"fr-FR\",\"potentialAction\":[{\"@type\":\"ReadAction\",\"target\":[\"https:\/\/ecoreichholz.com\/produkt\/oeko-anzuendwolle-grill-kaminanzuender-3-kg\/\"]}]},{\"@type\":\"ImageObject\",\"inLanguage\":\"fr-FR\",\"@id\":\"https:\/\/ecoreichholz.com\/produkt\/oeko-anzuendwolle-grill-kaminanzuender-3-kg\/#primaryimage\",\"url\":\"https:\/\/ecoreichholz.com\/wp-content\/uploads\/2025\/10\/d85dda88-61c2-4e36-af1f-fa0a873b394c.jpeg\",\"contentUrl\":\"https:\/\/ecoreichholz.com\/wp-content\/uploads\/2025\/10\/d85dda88-61c2-4e36-af1f-fa0a873b394c.jpeg\",\"width\":2000,\"height\":2001,\"caption\":\"Grillanz\u00fcnder im Einsatz \u2013 gleichm\u00e4\u00dfige Flamme ohne Stichflamme\"},{\"@type\":\"BreadcrumbList\",\"@id\":\"https:\/\/ecoreichholz.com\/produkt\/oeko-anzuendwolle-grill-kaminanzuender-3-kg\/#breadcrumb\",\"itemListElement\":[{\"@type\":\"ListItem\",\"position\":1,\"name\":\"Accueil\",\"item\":\"https:\/\/ecoreichholz.com\/\"},{\"@type\":\"ListItem\",\"position\":2,\"name\":\"Shop\",\"item\":\"https:\/\/ecoreichholz.com\/shop\/\"},{\"@type\":\"ListItem\",\"position\":3,\"name\":\"\u00d6ko-Anz\u00fcndwolle \u2013 Grill- &#038; Kaminanz\u00fcnder (3 kg, ca. 240 St\u00fcck)\"}]},{\"@type\":\"WebSite\",\"@id\":\"https:\/\/ecoreichholz.com\/#website\",\"url\":\"https:\/\/ecoreichholz.com\/\",\"name\":\"Ecoreichholz\",\"description\":\"\",\"publisher\":{\"@id\":\"https:\/\/ecoreichholz.com\/#organization\"},\"potentialAction\":[{\"@type\":\"SearchAction\",\"target\":{\"@type\":\"EntryPoint\",\"urlTemplate\":\"https:\/\/ecoreichholz.com\/?s={search_term_string}\"},\"query-input\":{\"@type\":\"PropertyValueSpecification\",\"valueRequired\":true,\"valueName\":\"search_term_string\"}}],\"inLanguage\":\"fr-FR\"},{\"@type\":\"Organization\",\"@id\":\"https:\/\/ecoreichholz.com\/#organization\",\"name\":\"Ecoreichholz\",\"url\":\"https:\/\/ecoreichholz.com\/\",\"logo\":{\"@type\":\"ImageObject\",\"inLanguage\":\"fr-FR\",\"@id\":\"https:\/\/ecoreichholz.com\/#\/schema\/logo\/image\/\",\"url\":\"https:\/\/ecoreichholz.com\/wp-content\/uploads\/2025\/01\/cropped-echoreichholz__3___1_-removebg-preview.png\",\"contentUrl\":\"https:\/\/ecoreichholz.com\/wp-content\/uploads\/2025\/01\/cropped-echoreichholz__3___1_-removebg-preview.png\",\"width\":1220,\"height\":204,\"caption\":\"Ecoreichholz\"},\"image\":{\"@id\":\"https:\/\/ecoreichholz.com\/#\/schema\/logo\/image\/\"}}]}<\/script>\n<!-- \/ Yoast SEO plugin. -->","yoast_head_json":{"title":"\u00d6ko-Anz\u00fcndwolle 3 kg \u2013 Grill- & Kaminanz\u00fcnder DIN 1860-3","description":"3 kg \u00d6ko-Anz\u00fcndwolle (\u2248240 Stk.), Made in Germany. DIN EN 1860-3, pflanzliches Wachs, nachhaltig. Sauber & sicher, Brenndauer bis 10 Min.","robots":{"index":"index","follow":"follow","max-snippet":"max-snippet:-1","max-image-preview":"max-image-preview:large","max-video-preview":"max-video-preview:-1"},"canonical":"https:\/\/ecoreichholz.com\/fr\/produit\/oeko-anzuendwolle-grill-kaminanzuender-3-kg\/","og_locale":"fr_FR","og_type":"article","og_title":"\u00d6ko-Anz\u00fcndwolle 3 kg \u2013 Grill- & Kaminanz\u00fcnder DIN 1860-3","og_description":"3 kg \u00d6ko-Anz\u00fcndwolle (\u2248240 Stk.), Made in Germany. DIN EN 1860-3, pflanzliches Wachs, nachhaltig. Sauber & sicher, Brenndauer bis 10 Min.","og_url":"https:\/\/ecoreichholz.com\/fr\/produit\/oeko-anzuendwolle-grill-kaminanzuender-3-kg\/","og_site_name":"Ecoreichholz","article_modified_time":"2025-10-03T12:00:29+00:00","og_image":[{"width":2000,"height":2001,"url":"https:\/\/ecoreichholz.com\/wp-content\/uploads\/2025\/10\/d85dda88-61c2-4e36-af1f-fa0a873b394c.jpeg","type":"image\/jpeg"}],"twitter_card":"summary_large_image","twitter_misc":{"Dur\u00e9e de lecture estim\u00e9e":"2 minutes"},"schema":{"@context":"https:\/\/schema.org","@graph":[{"@type":"WebPage","@id":"https:\/\/ecoreichholz.com\/produkt\/oeko-anzuendwolle-grill-kaminanzuender-3-kg\/","url":"https:\/\/ecoreichholz.com\/produkt\/oeko-anzuendwolle-grill-kaminanzuender-3-kg\/","name":"\u00d6ko-Anz\u00fcndwolle 3 kg \u2013 Grill- & Kaminanz\u00fcnder DIN 1860-3","isPartOf":{"@id":"https:\/\/ecoreichholz.com\/#website"},"primaryImageOfPage":{"@id":"https:\/\/ecoreichholz.com\/produkt\/oeko-anzuendwolle-grill-kaminanzuender-3-kg\/#primaryimage"},"image":{"@id":"https:\/\/ecoreichholz.com\/produkt\/oeko-anzuendwolle-grill-kaminanzuender-3-kg\/#primaryimage"},"thumbnailUrl":"https:\/\/ecoreichholz.com\/wp-content\/uploads\/2025\/10\/d85dda88-61c2-4e36-af1f-fa0a873b394c.jpeg","datePublished":"2025-10-03T10:12:05+00:00","dateModified":"2025-10-03T12:00:29+00:00","description":"3 kg \u00d6ko-Anz\u00fcndwolle (\u2248240 Stk.), Made in Germany. DIN EN 1860-3, pflanzliches Wachs, nachhaltig. Sauber & sicher, Brenndauer bis 10 Min.","breadcrumb":{"@id":"https:\/\/ecoreichholz.com\/produkt\/oeko-anzuendwolle-grill-kaminanzuender-3-kg\/#breadcrumb"},"inLanguage":"fr-FR","potentialAction":[{"@type":"ReadAction","target":["https:\/\/ecoreichholz.com\/produkt\/oeko-anzuendwolle-grill-kaminanzuender-3-kg\/"]}]},{"@type":"ImageObject","inLanguage":"fr-FR","@id":"https:\/\/ecoreichholz.com\/produkt\/oeko-anzuendwolle-grill-kaminanzuender-3-kg\/#primaryimage","url":"https:\/\/ecoreichholz.com\/wp-content\/uploads\/2025\/10\/d85dda88-61c2-4e36-af1f-fa0a873b394c.jpeg","contentUrl":"https:\/\/ecoreichholz.com\/wp-content\/uploads\/2025\/10\/d85dda88-61c2-4e36-af1f-fa0a873b394c.jpeg","width":2000,"height":2001,"caption":"Grillanz\u00fcnder im Einsatz \u2013 gleichm\u00e4\u00dfige Flamme ohne Stichflamme"},{"@type":"BreadcrumbList","@id":"https:\/\/ecoreichholz.com\/produkt\/oeko-anzuendwolle-grill-kaminanzuender-3-kg\/#breadcrumb","itemListElement":[{"@type":"ListItem","position":1,"name":"Accueil","item":"https:\/\/ecoreichholz.com\/"},{"@type":"ListItem","position":2,"name":"Shop","item":"https:\/\/ecoreichholz.com\/shop\/"},{"@type":"ListItem","position":3,"name":"\u00d6ko-Anz\u00fcndwolle \u2013 Grill- &#038; Kaminanz\u00fcnder (3 kg, ca. 240 St\u00fcck)"}]},{"@type":"WebSite","@id":"https:\/\/ecoreichholz.com\/#website","url":"https:\/\/ecoreichholz.com\/","name":"Bois riche \u00e9cologique","description":"","publisher":{"@id":"https:\/\/ecoreichholz.com\/#organization"},"potentialAction":[{"@type":"SearchAction","target":{"@type":"EntryPoint","urlTemplate":"https:\/\/ecoreichholz.com\/?s={search_term_string}"},"query-input":{"@type":"PropertyValueSpecification","valueRequired":true,"valueName":"search_term_string"}}],"inLanguage":"fr-FR"},{"@type":"Organization","@id":"https:\/\/ecoreichholz.com\/#organization","name":"Bois riche \u00e9cologique","url":"https:\/\/ecoreichholz.com\/","logo":{"@type":"ImageObject","inLanguage":"fr-FR","@id":"https:\/\/ecoreichholz.com\/#\/schema\/logo\/image\/","url":"https:\/\/ecoreichholz.com\/wp-content\/uploads\/2025\/01\/cropped-echoreichholz__3___1_-removebg-preview.png","contentUrl":"https:\/\/ecoreichholz.com\/wp-content\/uploads\/2025\/01\/cropped-echoreichholz__3___1_-removebg-preview.png","width":1220,"height":204,"caption":"Ecoreichholz"},"image":{"@id":"https:\/\/ecoreichholz.com\/#\/schema\/logo\/image\/"}}]}},"jetpack_sharing_enabled":true,"_links":{"self":[{"href":"https:\/\/ecoreichholz.com\/fr\/wp-json\/wp\/v2\/product\/29485","targetHints":{"allow":["GET"]}}],"collection":[{"href":"https:\/\/ecoreichholz.com\/fr\/wp-json\/wp\/v2\/product"}],"about":[{"href":"https:\/\/ecoreichholz.com\/fr\/wp-json\/wp\/v2\/types\/product"}],"replies":[{"embeddable":true,"href":"https:\/\/ecoreichholz.com\/fr\/wp-json\/wp\/v2\/comments?post=29485"}],"version-history":[{"count":3,"href":"https:\/\/ecoreichholz.com\/fr\/wp-json\/wp\/v2\/product\/29485\/revisions"}],"predecessor-version":[{"id":29751,"href":"https:\/\/ecoreichholz.com\/fr\/wp-json\/wp\/v2\/product\/29485\/revisions\/29751"}],"wp:featuredmedia":[{"embeddable":true,"href":"https:\/\/ecoreichholz.com\/fr\/wp-json\/wp\/v2\/media\/29486"}],"wp:attachment":[{"href":"https:\/\/ecoreichholz.com\/fr\/wp-json\/wp\/v2\/media?parent=29485"}],"wp:term":[{"taxonomy":"product_brand","embeddable":true,"href":"https:\/\/ecoreichholz.com\/fr\/wp-json\/wp\/v2\/product_brand?post=29485"},{"taxonomy":"product_cat","embeddable":true,"href":"https:\/\/ecoreichholz.com\/fr\/wp-json\/wp\/v2\/product_cat?post=29485"},{"taxonomy":"product_tag","embeddable":true,"href":"https:\/\/ecoreichholz.com\/fr\/wp-json\/wp\/v2\/product_tag?post=29485"}],"curies":[{"name":"wp","href":"https:\/\/api.w.org\/{rel}","templated":true}]}}