{"id":29437,"date":"2026-02-14T15:00:18","date_gmt":"2026-02-14T14:00:18","guid":{"rendered":"https:\/\/ecoreichholz.com\/?post_type=product&#038;p=29437"},"modified":"2026-02-15T19:50:14","modified_gmt":"2026-02-15T18:50:14","slug":"mcz-ego-comfort-air-10-m3-pelletofen","status":"publish","type":"product","link":"https:\/\/ecoreichholz.com\/fr\/produit\/mcz-ego-comfort-air-10-m3-pelletofen\/","title":{"rendered":"MCZ Ego Comfort Air 10 M3 Po\u00eale \u00e0 pellets - acier, canalisable"},"content":{"rendered":"<div style=\"background: #f2f2f2; padding: 15px; margin-bottom: 20px;\">\n<h2>R\u00e9sum\u00e9 technique<\/h2>\n<ul>\n<li>Puissance nominale : 10,0 kW<\/li>\n<li>Plage de puissance : 3,5 - 10,0 kW<\/li>\n<li>Canalisable (Comfort Air) jusqu'\u00e0 environ 8 m<\/li>\n<li>Ind\u00e9pendant de l'air ambiant (Oyster)<\/li>\n<li>Raccordement du tuyau de fum\u00e9e \u00e0 l'arri\u00e8re \u00d8 80 mm<\/li>\n<li>r\u00e9servoir \u00e0 pellets : 39 l<\/li>\n<li>Rendement : 90,4 - 91,5 %<\/li>\n<li>Classe d'efficacit\u00e9 \u00e9nerg\u00e9tique : A+<\/li>\n<\/ul>\n<\/div>\n<h2>Description d\u00e9taill\u00e9e<\/h2>\n<p>Le MCZ Ego Comfort Air 10 M3 est un po\u00eale \u00e0 pellets compact et canalisable avec commande Maestro int\u00e9gr\u00e9e et module WLAN de s\u00e9rie. Gr\u00e2ce au syst\u00e8me Comfort Air, l'air chaud peut \u00eatre dirig\u00e9 vers les pi\u00e8ces adjacentes jusqu'\u00e0 une distance d'environ 8 m\u00e8tres.<\/p>\n<p>Gr\u00e2ce \u00e0 la technologie Oyster, l'appareil fonctionne ind\u00e9pendamment de l'air ambiant avec une arriv\u00e9e d'air de combustion externe (\u00d8 50 mm) et convient aux enveloppes de b\u00e2timent modernes et \u00e9tanches. L'allumage c\u00e9ramique permet un d\u00e9marrage rapide. Le moteur brushless r\u00e9duit la consommation d'\u00e9nergie du transport des pellets et fonctionne silencieusement.<\/p>\n<p>Le rev\u00eatement en acier est disponible en gris, rouge, noir ou blanc. Le raccordement du tuyau de fum\u00e9e se trouve \u00e0 l'arri\u00e8re (\u00d8 80 mm).<\/p>\n<h2>Caract\u00e9ristiques techniques<\/h2>\n<table border=\"1\" cellspacing=\"0\" cellpadding=\"6\">\n<tbody>\n<tr>\n<td>Classe d'efficacit\u00e9 \u00e9nerg\u00e9tique<\/td>\n<td>A+<\/td>\n<\/tr>\n<tr>\n<td>Puissance nominale (directe)<\/td>\n<td>10,0 kW<\/td>\n<\/tr>\n<tr>\n<td>Domaine de performance<\/td>\n<td>3,5 - 10,0 kW<\/td>\n<\/tr>\n<tr>\n<td>Rendement min.\/max.<\/td>\n<td>91,5 % \/ 90,4 %<\/td>\n<\/tr>\n<tr>\n<td>Temp\u00e9rature des gaz d'\u00e9chappement min.\/max.<\/td>\n<td>108 \u00b0C \/ 212 \u00b0C<\/td>\n<\/tr>\n<tr>\n<td>Poussi\u00e8res fines \/ OGC \/ NOx (13 % O\u2082)<\/td>\n<td>18 \/ 2 \/ 141 mg\/Nm\u00b3<\/td>\n<\/tr>\n<tr>\n<td>CO \u00e0 13 % O\u2082 min.\/max.<\/td>\n<td>0,014 % \/ 0,008 %<\/td>\n<\/tr>\n<tr>\n<td>CO\u2082 min.\/max.<\/td>\n<td>7,2 % \/ 14,8 %<\/td>\n<\/tr>\n<tr>\n<td>Pression de refoulement minimale<\/td>\n<td>5 Pa<\/td>\n<\/tr>\n<tr>\n<td>D\u00e9bit massique des gaz d'\u00e9chappement min.\/max.<\/td>\n<td>3,7 \/ 5,0 g\/s<\/td>\n<\/tr>\n<tr>\n<td>Consommation de pellets min.<\/td>\n<td>0,8 \/ 2,3 kg\/h<\/td>\n<\/tr>\n<tr>\n<td>Autonomie min\/max *<\/td>\n<td>38 \/ 13 h<\/td>\n<\/tr>\n<tr>\n<td>Capacit\u00e9 de chauffage** de la pi\u00e8ce<\/td>\n<td>182\/55 - 286\/35 - 500\/20 m\u00b3<\/td>\n<\/tr>\n<tr>\n<td>Capacit\u00e9 du r\u00e9cipient<\/td>\n<td>39 l<\/td>\n<\/tr>\n<tr>\n<td>Raccord d'air de combustion<\/td>\n<td>\u00d8 50 mm<\/td>\n<\/tr>\n<tr>\n<td>Raccord de conduit de fum\u00e9e<\/td>\n<td>arri\u00e8re, \u00d8 80 mm<\/td>\n<\/tr>\n<tr>\n<td>Puissance \u00e9lectrique nominale<\/td>\n<td>108 W (max. 340 W), 230 V \/ 50 Hz<\/td>\n<\/tr>\n<tr>\n<td>Dimensions (H\u00d7L\u00d7P)<\/td>\n<td>1030 \u00d7 500 \u00d7 550 mm<\/td>\n<\/tr>\n<tr>\n<td>Poids<\/td>\n<td>environ 130 kg<\/td>\n<\/tr>\n<tr>\n<td>Certifications<\/td>\n<td>EN 14785, ECODESIGN 2022, BImSchV niveau 2, art. 15a B-VG, LRV Suisse<\/td>\n<\/tr>\n<\/tbody>\n<\/table>\n<p><em>** volume chauffable pour 55\/35\/20 W\/m\u00b3 - ** volume chauffable pour 55\/35\/20 W\/m\u00b3 - ** volume chauffable pour 55\/35\/20 W\/m\u00b3 - ** volume chauffable pour 55\/35\/20 W\/m\u00b3<\/em><\/p>\n<h2>Livraison<\/h2>\n<p><strong>Zones de livraison :<\/strong><br \/>\nAllemagne, Belgique, Pays-Bas, France, Autriche<\/p>\n<ul>\n<li>Exp\u00e9dition sp\u00e9cialis\u00e9e<\/li>\n<li>Camion avec plate-forme \u00e9l\u00e9vatrice<\/li>\n<li>Livraison franco bord de trottoir<\/li>\n<li>Acc\u00e8s n\u00e9cessaire pour les camions de 40 tonnes<\/li>\n<li>Avis par t\u00e9l\u00e9phone<\/li>\n<\/ul>\n<h2>Stockage et utilisation<\/h2>\n<p>Installation conforme aux prescriptions nationales. Raccordement et mise en service recommand\u00e9s par une entreprise sp\u00e9cialis\u00e9e qualifi\u00e9e. Fonctionnement exclusivement avec des granul\u00e9s de bois conformes aux normes.<\/p>\n<h2>Droit de r\u00e9tractation<\/h2>\n<p>Le droit de r\u00e9tractation l\u00e9gal s'applique conform\u00e9ment aux dispositions de la loi sur la vente \u00e0 distance. Vous trouverez les informations compl\u00e8tes sur le droit de r\u00e9tractation sur notre page d'information.<\/p>","protected":false},"excerpt":{"rendered":"<p>Description courte<\/p>\n<p>Po\u00eale \u00e0 pellets de 10,0 kW de puissance nominale, canalisable jusqu'\u00e0 environ 8 m, avec fonctionnement ind\u00e9pendant de l'air ambiant (Oyster) et raccordement du conduit de fum\u00e9e \u00e0 l'arri\u00e8re \u00d8 80 mm.<br \/>\nMod\u00e8le en acier, poids env. 130 kg, r\u00e9servoir \u00e0 pellets 39 l.<\/p>\n<p>Prix normal : 2.500,00 \u20ac.<br \/>\nPrix promotionnel : 1 900,00 \u20ac.<\/p>\n<p>Prix de base (promo) : 1.900,00 \u20ac \/ pi\u00e8ce<\/p>\n<p>Convient aux pi\u00e8ces d'habitation et aux b\u00e2timents modernes isol\u00e9s avec une arriv\u00e9e d'air de combustion externe.<\/p>","protected":false},"featured_media":29438,"comment_status":"open","ping_status":"closed","template":"","meta":[],"product_brand":[],"product_cat":[138],"product_tag":[],"class_list":{"0":"post-29437","1":"product","2":"type-product","3":"status-publish","4":"has-post-thumbnail","6":"product_cat-pelletofen","8":"first","9":"instock","10":"sale","11":"shipping-taxable","12":"purchasable","13":"product-type-simple"},"yoast_head":"<!-- This site is optimized with the Yoast SEO plugin v26.2 - https:\/\/yoast.com\/wordpress\/plugins\/seo\/ -->\n<title>MCZ Ego Comfort Air 10 M3 Pelletofen \u2013 A+<\/title>\n<meta name=\"description\" content=\"Pelletofen MCZ Ego Comfort Air 10 M3: A+, 3,5\u201310 kW, Comfort Air kanalisierbar, Maestro App &amp; WLAN, Oyster raumluftunabh\u00e4ngig, Quickstart, Rauchrohr hinten.\" \/>\n<meta name=\"robots\" content=\"index, follow, max-snippet:-1, max-image-preview:large, max-video-preview:-1\" \/>\n<link rel=\"canonical\" href=\"https:\/\/ecoreichholz.com\/fr\/produit\/mcz-ego-comfort-air-10-m3-pelletofen\/\" \/>\n<meta property=\"og:locale\" content=\"fr_FR\" \/>\n<meta property=\"og:type\" content=\"article\" \/>\n<meta property=\"og:title\" content=\"MCZ Ego Comfort Air 10 M3 Pelletofen \u2013 A+\" \/>\n<meta property=\"og:description\" content=\"Pelletofen MCZ Ego Comfort Air 10 M3: A+, 3,5\u201310 kW, Comfort Air kanalisierbar, Maestro App &amp; WLAN, Oyster raumluftunabh\u00e4ngig, Quickstart, Rauchrohr hinten.\" \/>\n<meta property=\"og:url\" content=\"https:\/\/ecoreichholz.com\/fr\/produit\/mcz-ego-comfort-air-10-m3-pelletofen\/\" \/>\n<meta property=\"og:site_name\" content=\"Ecoreichholz\" \/>\n<meta property=\"article:modified_time\" content=\"2026-02-15T18:50:14+00:00\" \/>\n<meta property=\"og:image\" content=\"https:\/\/ecoreichholz.com\/wp-content\/uploads\/2025\/10\/ID_189680_orig.jpg\" \/>\n\t<meta property=\"og:image:width\" content=\"1280\" \/>\n\t<meta property=\"og:image:height\" content=\"1280\" \/>\n\t<meta property=\"og:image:type\" content=\"image\/jpeg\" \/>\n<meta name=\"twitter:card\" content=\"summary_large_image\" \/>\n<meta name=\"twitter:label1\" content=\"Dur\u00e9e de lecture estim\u00e9e\" \/>\n\t<meta name=\"twitter:data1\" content=\"3 minutes\" \/>\n<script type=\"application\/ld+json\" class=\"yoast-schema-graph\">{\"@context\":\"https:\/\/schema.org\",\"@graph\":[{\"@type\":\"WebPage\",\"@id\":\"https:\/\/ecoreichholz.com\/produkt\/mcz-ego-comfort-air-10-m3-pelletofen\/\",\"url\":\"https:\/\/ecoreichholz.com\/produkt\/mcz-ego-comfort-air-10-m3-pelletofen\/\",\"name\":\"MCZ Ego Comfort Air 10 M3 Pelletofen \u2013 A+\",\"isPartOf\":{\"@id\":\"https:\/\/ecoreichholz.com\/#website\"},\"primaryImageOfPage\":{\"@id\":\"https:\/\/ecoreichholz.com\/produkt\/mcz-ego-comfort-air-10-m3-pelletofen\/#primaryimage\"},\"image\":{\"@id\":\"https:\/\/ecoreichholz.com\/produkt\/mcz-ego-comfort-air-10-m3-pelletofen\/#primaryimage\"},\"thumbnailUrl\":\"https:\/\/ecoreichholz.com\/wp-content\/uploads\/2025\/10\/ID_189680_orig.jpg\",\"datePublished\":\"2026-02-14T14:00:18+00:00\",\"dateModified\":\"2026-02-15T18:50:14+00:00\",\"description\":\"Pelletofen MCZ Ego Comfort Air 10 M3: A+, 3,5\u201310 kW, Comfort Air kanalisierbar, Maestro App & WLAN, Oyster raumluftunabh\u00e4ngig, Quickstart, Rauchrohr hinten.\",\"breadcrumb\":{\"@id\":\"https:\/\/ecoreichholz.com\/produkt\/mcz-ego-comfort-air-10-m3-pelletofen\/#breadcrumb\"},\"inLanguage\":\"fr-FR\",\"potentialAction\":[{\"@type\":\"ReadAction\",\"target\":[\"https:\/\/ecoreichholz.com\/produkt\/mcz-ego-comfort-air-10-m3-pelletofen\/\"]}]},{\"@type\":\"ImageObject\",\"inLanguage\":\"fr-FR\",\"@id\":\"https:\/\/ecoreichholz.com\/produkt\/mcz-ego-comfort-air-10-m3-pelletofen\/#primaryimage\",\"url\":\"https:\/\/ecoreichholz.com\/wp-content\/uploads\/2025\/10\/ID_189680_orig.jpg\",\"contentUrl\":\"https:\/\/ecoreichholz.com\/wp-content\/uploads\/2025\/10\/ID_189680_orig.jpg\",\"width\":1280,\"height\":1280,\"caption\":\"MCZ Ego Comfort Air 10 M3 Pelletofen mit Stahlverkleidung\"},{\"@type\":\"BreadcrumbList\",\"@id\":\"https:\/\/ecoreichholz.com\/produkt\/mcz-ego-comfort-air-10-m3-pelletofen\/#breadcrumb\",\"itemListElement\":[{\"@type\":\"ListItem\",\"position\":1,\"name\":\"Accueil\",\"item\":\"https:\/\/ecoreichholz.com\/\"},{\"@type\":\"ListItem\",\"position\":2,\"name\":\"Shop\",\"item\":\"https:\/\/ecoreichholz.com\/shop\/\"},{\"@type\":\"ListItem\",\"position\":3,\"name\":\"MCZ Ego Comfort Air 10 M3 Pelletofen \u2013 Stahl, kanalisierbar\"}]},{\"@type\":\"WebSite\",\"@id\":\"https:\/\/ecoreichholz.com\/#website\",\"url\":\"https:\/\/ecoreichholz.com\/\",\"name\":\"Ecoreichholz\",\"description\":\"\",\"publisher\":{\"@id\":\"https:\/\/ecoreichholz.com\/#organization\"},\"potentialAction\":[{\"@type\":\"SearchAction\",\"target\":{\"@type\":\"EntryPoint\",\"urlTemplate\":\"https:\/\/ecoreichholz.com\/?s={search_term_string}\"},\"query-input\":{\"@type\":\"PropertyValueSpecification\",\"valueRequired\":true,\"valueName\":\"search_term_string\"}}],\"inLanguage\":\"fr-FR\"},{\"@type\":\"Organization\",\"@id\":\"https:\/\/ecoreichholz.com\/#organization\",\"name\":\"Ecoreichholz\",\"url\":\"https:\/\/ecoreichholz.com\/\",\"logo\":{\"@type\":\"ImageObject\",\"inLanguage\":\"fr-FR\",\"@id\":\"https:\/\/ecoreichholz.com\/#\/schema\/logo\/image\/\",\"url\":\"https:\/\/ecoreichholz.com\/wp-content\/uploads\/2025\/01\/cropped-echoreichholz__3___1_-removebg-preview.png\",\"contentUrl\":\"https:\/\/ecoreichholz.com\/wp-content\/uploads\/2025\/01\/cropped-echoreichholz__3___1_-removebg-preview.png\",\"width\":1220,\"height\":204,\"caption\":\"Ecoreichholz\"},\"image\":{\"@id\":\"https:\/\/ecoreichholz.com\/#\/schema\/logo\/image\/\"}}]}<\/script>\n<!-- \/ Yoast SEO plugin. -->","yoast_head_json":{"title":"MCZ Ego Comfort Air 10 M3 Pelletofen \u2013 A+","description":"Pelletofen MCZ Ego Comfort Air 10 M3: A+, 3,5\u201310 kW, Comfort Air kanalisierbar, Maestro App & WLAN, Oyster raumluftunabh\u00e4ngig, Quickstart, Rauchrohr hinten.","robots":{"index":"index","follow":"follow","max-snippet":"max-snippet:-1","max-image-preview":"max-image-preview:large","max-video-preview":"max-video-preview:-1"},"canonical":"https:\/\/ecoreichholz.com\/fr\/produit\/mcz-ego-comfort-air-10-m3-pelletofen\/","og_locale":"fr_FR","og_type":"article","og_title":"MCZ Ego Comfort Air 10 M3 Pelletofen \u2013 A+","og_description":"Pelletofen MCZ Ego Comfort Air 10 M3: A+, 3,5\u201310 kW, Comfort Air kanalisierbar, Maestro App & WLAN, Oyster raumluftunabh\u00e4ngig, Quickstart, Rauchrohr hinten.","og_url":"https:\/\/ecoreichholz.com\/fr\/produit\/mcz-ego-comfort-air-10-m3-pelletofen\/","og_site_name":"Ecoreichholz","article_modified_time":"2026-02-15T18:50:14+00:00","og_image":[{"width":1280,"height":1280,"url":"https:\/\/ecoreichholz.com\/wp-content\/uploads\/2025\/10\/ID_189680_orig.jpg","type":"image\/jpeg"}],"twitter_card":"summary_large_image","twitter_misc":{"Dur\u00e9e de lecture estim\u00e9e":"3 minutes"},"schema":{"@context":"https:\/\/schema.org","@graph":[{"@type":"WebPage","@id":"https:\/\/ecoreichholz.com\/produkt\/mcz-ego-comfort-air-10-m3-pelletofen\/","url":"https:\/\/ecoreichholz.com\/produkt\/mcz-ego-comfort-air-10-m3-pelletofen\/","name":"MCZ Ego Comfort Air 10 M3 Pelletofen \u2013 A+","isPartOf":{"@id":"https:\/\/ecoreichholz.com\/#website"},"primaryImageOfPage":{"@id":"https:\/\/ecoreichholz.com\/produkt\/mcz-ego-comfort-air-10-m3-pelletofen\/#primaryimage"},"image":{"@id":"https:\/\/ecoreichholz.com\/produkt\/mcz-ego-comfort-air-10-m3-pelletofen\/#primaryimage"},"thumbnailUrl":"https:\/\/ecoreichholz.com\/wp-content\/uploads\/2025\/10\/ID_189680_orig.jpg","datePublished":"2026-02-14T14:00:18+00:00","dateModified":"2026-02-15T18:50:14+00:00","description":"Pelletofen MCZ Ego Comfort Air 10 M3: A+, 3,5\u201310 kW, Comfort Air kanalisierbar, Maestro App & WLAN, Oyster raumluftunabh\u00e4ngig, Quickstart, Rauchrohr hinten.","breadcrumb":{"@id":"https:\/\/ecoreichholz.com\/produkt\/mcz-ego-comfort-air-10-m3-pelletofen\/#breadcrumb"},"inLanguage":"fr-FR","potentialAction":[{"@type":"ReadAction","target":["https:\/\/ecoreichholz.com\/produkt\/mcz-ego-comfort-air-10-m3-pelletofen\/"]}]},{"@type":"ImageObject","inLanguage":"fr-FR","@id":"https:\/\/ecoreichholz.com\/produkt\/mcz-ego-comfort-air-10-m3-pelletofen\/#primaryimage","url":"https:\/\/ecoreichholz.com\/wp-content\/uploads\/2025\/10\/ID_189680_orig.jpg","contentUrl":"https:\/\/ecoreichholz.com\/wp-content\/uploads\/2025\/10\/ID_189680_orig.jpg","width":1280,"height":1280,"caption":"MCZ Ego Comfort Air 10 M3 Pelletofen mit Stahlverkleidung"},{"@type":"BreadcrumbList","@id":"https:\/\/ecoreichholz.com\/produkt\/mcz-ego-comfort-air-10-m3-pelletofen\/#breadcrumb","itemListElement":[{"@type":"ListItem","position":1,"name":"Accueil","item":"https:\/\/ecoreichholz.com\/"},{"@type":"ListItem","position":2,"name":"Shop","item":"https:\/\/ecoreichholz.com\/shop\/"},{"@type":"ListItem","position":3,"name":"MCZ Ego Comfort Air 10 M3 Pelletofen \u2013 Stahl, kanalisierbar"}]},{"@type":"WebSite","@id":"https:\/\/ecoreichholz.com\/#website","url":"https:\/\/ecoreichholz.com\/","name":"Bois riche \u00e9cologique","description":"","publisher":{"@id":"https:\/\/ecoreichholz.com\/#organization"},"potentialAction":[{"@type":"SearchAction","target":{"@type":"EntryPoint","urlTemplate":"https:\/\/ecoreichholz.com\/?s={search_term_string}"},"query-input":{"@type":"PropertyValueSpecification","valueRequired":true,"valueName":"search_term_string"}}],"inLanguage":"fr-FR"},{"@type":"Organization","@id":"https:\/\/ecoreichholz.com\/#organization","name":"Bois riche \u00e9cologique","url":"https:\/\/ecoreichholz.com\/","logo":{"@type":"ImageObject","inLanguage":"fr-FR","@id":"https:\/\/ecoreichholz.com\/#\/schema\/logo\/image\/","url":"https:\/\/ecoreichholz.com\/wp-content\/uploads\/2025\/01\/cropped-echoreichholz__3___1_-removebg-preview.png","contentUrl":"https:\/\/ecoreichholz.com\/wp-content\/uploads\/2025\/01\/cropped-echoreichholz__3___1_-removebg-preview.png","width":1220,"height":204,"caption":"Ecoreichholz"},"image":{"@id":"https:\/\/ecoreichholz.com\/#\/schema\/logo\/image\/"}}]}},"jetpack_sharing_enabled":true,"_links":{"self":[{"href":"https:\/\/ecoreichholz.com\/fr\/wp-json\/wp\/v2\/product\/29437","targetHints":{"allow":["GET"]}}],"collection":[{"href":"https:\/\/ecoreichholz.com\/fr\/wp-json\/wp\/v2\/product"}],"about":[{"href":"https:\/\/ecoreichholz.com\/fr\/wp-json\/wp\/v2\/types\/product"}],"replies":[{"embeddable":true,"href":"https:\/\/ecoreichholz.com\/fr\/wp-json\/wp\/v2\/comments?post=29437"}],"version-history":[{"count":4,"href":"https:\/\/ecoreichholz.com\/fr\/wp-json\/wp\/v2\/product\/29437\/revisions"}],"predecessor-version":[{"id":30417,"href":"https:\/\/ecoreichholz.com\/fr\/wp-json\/wp\/v2\/product\/29437\/revisions\/30417"}],"wp:featuredmedia":[{"embeddable":true,"href":"https:\/\/ecoreichholz.com\/fr\/wp-json\/wp\/v2\/media\/29438"}],"wp:attachment":[{"href":"https:\/\/ecoreichholz.com\/fr\/wp-json\/wp\/v2\/media?parent=29437"}],"wp:term":[{"taxonomy":"product_brand","embeddable":true,"href":"https:\/\/ecoreichholz.com\/fr\/wp-json\/wp\/v2\/product_brand?post=29437"},{"taxonomy":"product_cat","embeddable":true,"href":"https:\/\/ecoreichholz.com\/fr\/wp-json\/wp\/v2\/product_cat?post=29437"},{"taxonomy":"product_tag","embeddable":true,"href":"https:\/\/ecoreichholz.com\/fr\/wp-json\/wp\/v2\/product_tag?post=29437"}],"curies":[{"name":"wp","href":"https:\/\/api.w.org\/{rel}","templated":true}]}}