{"id":29431,"date":"2026-02-14T16:00:21","date_gmt":"2026-02-14T15:00:21","guid":{"rendered":"https:\/\/ecoreichholz.com\/?post_type=product&#038;p=29431"},"modified":"2026-02-15T19:42:08","modified_gmt":"2026-02-15T18:42:08","slug":"mcz-stream-comfort-air-12-up-pelletofen","status":"publish","type":"product","link":"https:\/\/ecoreichholz.com\/fr\/produit\/mcz-stream-comfort-air-12-up-pelletofen\/","title":{"rendered":"MCZ Stream Comfort Air 12 UP ! po\u00eale \u00e0 pellets - acier ou pierre naturelle"},"content":{"rendered":"<div style=\"background: #f2f2f2; padding: 15px; margin-bottom: 20px;\">\n<h2>R\u00e9sum\u00e9 technique<\/h2>\n<ul>\n<li>Puissance nominale : 11 kW<\/li>\n<li>Plage de puissance : 3,9 - 11,9 kW<\/li>\n<li>Ind\u00e9pendant de l'air ambiant (Oyster)<\/li>\n<li>Canalisable jusqu'\u00e0 environ 8 m<\/li>\n<li>Raccord de conduit de fum\u00e9e en haut \u00d8 80 mm<\/li>\n<li>R\u00e9servoir \u00e0 pellets : 42 l<\/li>\n<li>Rendement : 90,8 - 93,5 %<\/li>\n<li>Classe d'efficacit\u00e9 \u00e9nerg\u00e9tique : A+<\/li>\n<\/ul>\n<\/div>\n<h2>Description d\u00e9taill\u00e9e<\/h2>\n<p>Le MCZ Stream Comfort Air 12 UP ! est un po\u00eale \u00e0 pellets canalisable avec raccordement sup\u00e9rieur au conduit de fum\u00e9e et commande Maestro+ int\u00e9gr\u00e9e. L'appareil permet de distribuer l'air chaud dans les pi\u00e8ces adjacentes via le syst\u00e8me Comfort Air (jusqu'\u00e0 8 m environ).<\/p>\n<p>Gr\u00e2ce \u00e0 la technologie Oyster, le po\u00eale fonctionne ind\u00e9pendamment de l'air ambiant avec une arriv\u00e9e d'air de combustion externe (\u00d8 50 mm) et convient aux enveloppes de b\u00e2timent modernes et \u00e9tanches. L'allumage c\u00e9ramique permet un d\u00e9marrage rapide. Le moteur brushless r\u00e9duit les bruits de fonctionnement et am\u00e9liore l'efficacit\u00e9 \u00e9nerg\u00e9tique du transport des pellets.<\/p>\n<p>Le foyer XL avec chambre de combustion en fonte assure une large vision des flammes. La fa\u00e7ade est disponible au choix en acier ou en serpentine (pierre naturelle), le corps est laqu\u00e9 noir.<\/p>\n<h2>Caract\u00e9ristiques techniques<\/h2>\n<table border=\"1\" cellspacing=\"0\" cellpadding=\"6\">\n<tbody>\n<tr>\n<td>Classe d'efficacit\u00e9 \u00e9nerg\u00e9tique<\/td>\n<td>A+<\/td>\n<\/tr>\n<tr>\n<td>Puissance nominale<\/td>\n<td>11 kW<\/td>\n<\/tr>\n<tr>\n<td>Puissance min.\/max.<\/td>\n<td>3,9 \/ 11,9 kW<\/td>\n<\/tr>\n<tr>\n<td>Rendement min.\/max.<\/td>\n<td>93,5 % \/ 90,8 %<\/td>\n<\/tr>\n<tr>\n<td>Temp\u00e9rature des gaz d'\u00e9chappement min.\/max.<\/td>\n<td>86 \u00b0C \/ 193 \u00b0C<\/td>\n<\/tr>\n<tr>\n<td>D\u00e9bit massique des gaz d'\u00e9chappement min.\/max.<\/td>\n<td>4,2 \/ 6,4 g\/s<\/td>\n<\/tr>\n<tr>\n<td>CO \u00e0 13 % O\u2082 min.\/max.<\/td>\n<td>0,014 % \/ 0,008 %<\/td>\n<\/tr>\n<tr>\n<td>Poussi\u00e8res fines \/ OGC \/ NOx (13 % O\u2082)<\/td>\n<td>14 \/ 1 \/ 148 mg\/Nm\u00b3<\/td>\n<\/tr>\n<tr>\n<td>Train minimum<\/td>\n<td>0,05 mbar (5 Pa)<\/td>\n<\/tr>\n<tr>\n<td>Consommation de pellets min.<\/td>\n<td>env. 0,9 \/ 2,7 kg\/h<\/td>\n<\/tr>\n<tr>\n<td>Autonomie min\/max *<\/td>\n<td>env. 30 h \/ 10 h<\/td>\n<\/tr>\n<tr>\n<td>Capacit\u00e9 de chauffage** de la pi\u00e8ce<\/td>\n<td>216\/55 - 340\/35 - 595\/20 m\u00b3<\/td>\n<\/tr>\n<tr>\n<td>Volume du r\u00e9cipient<\/td>\n<td>42 l<\/td>\n<\/tr>\n<tr>\n<td>Raccord d'air de combustion<\/td>\n<td>\u00d8 50 mm<\/td>\n<\/tr>\n<tr>\n<td>Raccord de conduit de fum\u00e9e<\/td>\n<td>En haut, \u00d8 80 mm<\/td>\n<\/tr>\n<tr>\n<td>Puissance \u00e9lectrique nominale<\/td>\n<td>129 W (max. 340 W)<\/td>\n<\/tr>\n<tr>\n<td>Dimensions (H\u00d7L\u00d7P)<\/td>\n<td>env. 1133 \u00d7 910 \u00d7 439 mm<\/td>\n<\/tr>\n<tr>\n<td>Poids<\/td>\n<td>acier 180 kg \/ serpentine 235 kg<\/td>\n<\/tr>\n<tr>\n<td>Distances de s\u00e9curit\u00e9<\/td>\n<td>arri\u00e8re 20 mm, lat\u00e9ral 250 mm, plafond 800 mm, avant 1000 mm<\/td>\n<\/tr>\n<tr>\n<td>Certifications<\/td>\n<td>EN 14785, ECODESIGN 2022, BImSchV niveau 2, art. 15a B-VG, LRV Suisse<\/td>\n<\/tr>\n<\/tbody>\n<\/table>\n<p><em>** volume chauffable pour 55\/35\/20 W\/m\u00b3 - ** volume chauffable pour 55\/35\/20 W\/m\u00b3 - ** volume chauffable pour 55\/35\/20 W\/m\u00b3 - ** volume chauffable pour 55\/35\/20 W\/m\u00b3<\/em><\/p>\n<h2>Livraison<\/h2>\n<p><strong>Zones de livraison :<\/strong><br \/>\nAllemagne, Belgique, Pays-Bas, France, Autriche<\/p>\n<ul>\n<li>Exp\u00e9dition sp\u00e9cialis\u00e9e<\/li>\n<li>Camion avec plate-forme \u00e9l\u00e9vatrice<\/li>\n<li>Livraison franco bord de trottoir<\/li>\n<li>Acc\u00e8s n\u00e9cessaire pour les camions de 40 tonnes<\/li>\n<li>Avis par t\u00e9l\u00e9phone<\/li>\n<\/ul>\n<h2>Stockage et utilisation<\/h2>\n<p>Installation selon les prescriptions nationales et en tenant compte des distances de s\u00e9curit\u00e9. Raccordement par une entreprise sp\u00e9cialis\u00e9e qualifi\u00e9e recommand\u00e9. Fonctionnement exclusivement avec des granul\u00e9s de bois conformes aux normes.<\/p>\n<h2>Droit de r\u00e9tractation<\/h2>\n<p>Le droit de r\u00e9tractation l\u00e9gal s'applique conform\u00e9ment aux dispositions de la loi sur la vente \u00e0 distance. Vous trouverez les informations compl\u00e8tes sur le droit de r\u00e9tractation sur notre page d'information.<\/p>","protected":false},"excerpt":{"rendered":"<p>Description courte<\/p>\n<p>Po\u00eale \u00e0 pellets d'une puissance nominale de 11 kW, canalisable jusqu'\u00e0 environ 8 m, avec fonctionnement ind\u00e9pendant de l'air ambiant (Oyster) et raccordement sup\u00e9rieur du tube de fum\u00e9e \u00d8 80 mm.<br \/>\nVersion en acier (180 kg) ou en pierre naturelle serpentine (235 kg).<br \/>\nR\u00e9servoir de pellets 42 l, consommation env. 0,9-2,7 kg\/h.<\/p>\n<p>Prix : 3.800,00 \u20ac par personne<br \/>\nPrix de base : 3.100,00 \u20ac \/ pi\u00e8ce<\/p>\n<p>Convient pour les pi\u00e8ces d'habitation, les maisons passives et les maisons \u00e0 basse \u00e9nergie avec apport d'air de combustion externe.<\/p>","protected":false},"featured_media":29432,"comment_status":"open","ping_status":"closed","template":"","meta":[],"product_brand":[],"product_cat":[138],"product_tag":[],"class_list":{"0":"post-29431","1":"product","2":"type-product","3":"status-publish","4":"has-post-thumbnail","6":"product_cat-pelletofen","8":"first","9":"instock","10":"sale","11":"shipping-taxable","12":"purchasable","13":"product-type-simple"},"yoast_head":"<!-- This site is optimized with the Yoast SEO plugin v26.2 - https:\/\/yoast.com\/wordpress\/plugins\/seo\/ -->\n<title>MCZ Stream Comfort Air 12 UP! Pelletofen \u2013 A+<\/title>\n<meta name=\"description\" content=\"Kanalisierbarer Pelletofen: MCZ Stream Comfort Air 12 UP! mit Maestro+, Oyster (raumluftunabh\u00e4ngig), WLAN &amp; Quickstart. 3,9\u201311,9 kW, A+, Top-Abgang.\" \/>\n<meta name=\"robots\" content=\"index, follow, max-snippet:-1, max-image-preview:large, max-video-preview:-1\" \/>\n<link rel=\"canonical\" href=\"https:\/\/ecoreichholz.com\/fr\/produit\/mcz-stream-comfort-air-12-up-pelletofen\/\" \/>\n<meta property=\"og:locale\" content=\"fr_FR\" \/>\n<meta property=\"og:type\" content=\"article\" \/>\n<meta property=\"og:title\" content=\"MCZ Stream Comfort Air 12 UP! Pelletofen \u2013 A+\" \/>\n<meta property=\"og:description\" content=\"Kanalisierbarer Pelletofen: MCZ Stream Comfort Air 12 UP! mit Maestro+, Oyster (raumluftunabh\u00e4ngig), WLAN &amp; Quickstart. 3,9\u201311,9 kW, A+, Top-Abgang.\" \/>\n<meta property=\"og:url\" content=\"https:\/\/ecoreichholz.com\/fr\/produit\/mcz-stream-comfort-air-12-up-pelletofen\/\" \/>\n<meta property=\"og:site_name\" content=\"Ecoreichholz\" \/>\n<meta property=\"article:modified_time\" content=\"2026-02-15T18:42:08+00:00\" \/>\n<meta property=\"og:image\" content=\"https:\/\/ecoreichholz.com\/wp-content\/uploads\/2025\/10\/ID_191098_orig.jpg\" \/>\n\t<meta property=\"og:image:width\" content=\"1280\" \/>\n\t<meta property=\"og:image:height\" content=\"1280\" \/>\n\t<meta property=\"og:image:type\" content=\"image\/jpeg\" \/>\n<meta name=\"twitter:card\" content=\"summary_large_image\" \/>\n<meta name=\"twitter:label1\" content=\"Dur\u00e9e de lecture estim\u00e9e\" \/>\n\t<meta name=\"twitter:data1\" content=\"3 minutes\" \/>\n<script type=\"application\/ld+json\" class=\"yoast-schema-graph\">{\"@context\":\"https:\/\/schema.org\",\"@graph\":[{\"@type\":\"WebPage\",\"@id\":\"https:\/\/ecoreichholz.com\/produkt\/mcz-stream-comfort-air-12-up-pelletofen\/\",\"url\":\"https:\/\/ecoreichholz.com\/produkt\/mcz-stream-comfort-air-12-up-pelletofen\/\",\"name\":\"MCZ Stream Comfort Air 12 UP! Pelletofen \u2013 A+\",\"isPartOf\":{\"@id\":\"https:\/\/ecoreichholz.com\/#website\"},\"primaryImageOfPage\":{\"@id\":\"https:\/\/ecoreichholz.com\/produkt\/mcz-stream-comfort-air-12-up-pelletofen\/#primaryimage\"},\"image\":{\"@id\":\"https:\/\/ecoreichholz.com\/produkt\/mcz-stream-comfort-air-12-up-pelletofen\/#primaryimage\"},\"thumbnailUrl\":\"https:\/\/ecoreichholz.com\/wp-content\/uploads\/2025\/10\/ID_191098_orig.jpg\",\"datePublished\":\"2026-02-14T15:00:21+00:00\",\"dateModified\":\"2026-02-15T18:42:08+00:00\",\"description\":\"Kanalisierbarer Pelletofen: MCZ Stream Comfort Air 12 UP! mit Maestro+, Oyster (raumluftunabh\u00e4ngig), WLAN & Quickstart. 3,9\u201311,9 kW, A+, Top-Abgang.\",\"breadcrumb\":{\"@id\":\"https:\/\/ecoreichholz.com\/produkt\/mcz-stream-comfort-air-12-up-pelletofen\/#breadcrumb\"},\"inLanguage\":\"fr-FR\",\"potentialAction\":[{\"@type\":\"ReadAction\",\"target\":[\"https:\/\/ecoreichholz.com\/produkt\/mcz-stream-comfort-air-12-up-pelletofen\/\"]}]},{\"@type\":\"ImageObject\",\"inLanguage\":\"fr-FR\",\"@id\":\"https:\/\/ecoreichholz.com\/produkt\/mcz-stream-comfort-air-12-up-pelletofen\/#primaryimage\",\"url\":\"https:\/\/ecoreichholz.com\/wp-content\/uploads\/2025\/10\/ID_191098_orig.jpg\",\"contentUrl\":\"https:\/\/ecoreichholz.com\/wp-content\/uploads\/2025\/10\/ID_191098_orig.jpg\",\"width\":1280,\"height\":1280,\"caption\":\"Pelletofen mit Natursteinverkleidung Serpentin \u2013 Frontansicht\"},{\"@type\":\"BreadcrumbList\",\"@id\":\"https:\/\/ecoreichholz.com\/produkt\/mcz-stream-comfort-air-12-up-pelletofen\/#breadcrumb\",\"itemListElement\":[{\"@type\":\"ListItem\",\"position\":1,\"name\":\"Accueil\",\"item\":\"https:\/\/ecoreichholz.com\/\"},{\"@type\":\"ListItem\",\"position\":2,\"name\":\"Shop\",\"item\":\"https:\/\/ecoreichholz.com\/shop\/\"},{\"@type\":\"ListItem\",\"position\":3,\"name\":\"MCZ Stream Comfort Air 12 UP! Pelletofen \u2013 Stahl oder Naturstein\"}]},{\"@type\":\"WebSite\",\"@id\":\"https:\/\/ecoreichholz.com\/#website\",\"url\":\"https:\/\/ecoreichholz.com\/\",\"name\":\"Ecoreichholz\",\"description\":\"\",\"publisher\":{\"@id\":\"https:\/\/ecoreichholz.com\/#organization\"},\"potentialAction\":[{\"@type\":\"SearchAction\",\"target\":{\"@type\":\"EntryPoint\",\"urlTemplate\":\"https:\/\/ecoreichholz.com\/?s={search_term_string}\"},\"query-input\":{\"@type\":\"PropertyValueSpecification\",\"valueRequired\":true,\"valueName\":\"search_term_string\"}}],\"inLanguage\":\"fr-FR\"},{\"@type\":\"Organization\",\"@id\":\"https:\/\/ecoreichholz.com\/#organization\",\"name\":\"Ecoreichholz\",\"url\":\"https:\/\/ecoreichholz.com\/\",\"logo\":{\"@type\":\"ImageObject\",\"inLanguage\":\"fr-FR\",\"@id\":\"https:\/\/ecoreichholz.com\/#\/schema\/logo\/image\/\",\"url\":\"https:\/\/ecoreichholz.com\/wp-content\/uploads\/2025\/01\/cropped-echoreichholz__3___1_-removebg-preview.png\",\"contentUrl\":\"https:\/\/ecoreichholz.com\/wp-content\/uploads\/2025\/01\/cropped-echoreichholz__3___1_-removebg-preview.png\",\"width\":1220,\"height\":204,\"caption\":\"Ecoreichholz\"},\"image\":{\"@id\":\"https:\/\/ecoreichholz.com\/#\/schema\/logo\/image\/\"}}]}<\/script>\n<!-- \/ Yoast SEO plugin. -->","yoast_head_json":{"title":"MCZ Stream Comfort Air 12 UP! Pelletofen \u2013 A+","description":"Kanalisierbarer Pelletofen: MCZ Stream Comfort Air 12 UP! mit Maestro+, Oyster (raumluftunabh\u00e4ngig), WLAN & Quickstart. 3,9\u201311,9 kW, A+, Top-Abgang.","robots":{"index":"index","follow":"follow","max-snippet":"max-snippet:-1","max-image-preview":"max-image-preview:large","max-video-preview":"max-video-preview:-1"},"canonical":"https:\/\/ecoreichholz.com\/fr\/produit\/mcz-stream-comfort-air-12-up-pelletofen\/","og_locale":"fr_FR","og_type":"article","og_title":"MCZ Stream Comfort Air 12 UP! Pelletofen \u2013 A+","og_description":"Kanalisierbarer Pelletofen: MCZ Stream Comfort Air 12 UP! mit Maestro+, Oyster (raumluftunabh\u00e4ngig), WLAN & Quickstart. 3,9\u201311,9 kW, A+, Top-Abgang.","og_url":"https:\/\/ecoreichholz.com\/fr\/produit\/mcz-stream-comfort-air-12-up-pelletofen\/","og_site_name":"Ecoreichholz","article_modified_time":"2026-02-15T18:42:08+00:00","og_image":[{"width":1280,"height":1280,"url":"https:\/\/ecoreichholz.com\/wp-content\/uploads\/2025\/10\/ID_191098_orig.jpg","type":"image\/jpeg"}],"twitter_card":"summary_large_image","twitter_misc":{"Dur\u00e9e de lecture estim\u00e9e":"3 minutes"},"schema":{"@context":"https:\/\/schema.org","@graph":[{"@type":"WebPage","@id":"https:\/\/ecoreichholz.com\/produkt\/mcz-stream-comfort-air-12-up-pelletofen\/","url":"https:\/\/ecoreichholz.com\/produkt\/mcz-stream-comfort-air-12-up-pelletofen\/","name":"MCZ Stream Comfort Air 12 UP! Pelletofen \u2013 A+","isPartOf":{"@id":"https:\/\/ecoreichholz.com\/#website"},"primaryImageOfPage":{"@id":"https:\/\/ecoreichholz.com\/produkt\/mcz-stream-comfort-air-12-up-pelletofen\/#primaryimage"},"image":{"@id":"https:\/\/ecoreichholz.com\/produkt\/mcz-stream-comfort-air-12-up-pelletofen\/#primaryimage"},"thumbnailUrl":"https:\/\/ecoreichholz.com\/wp-content\/uploads\/2025\/10\/ID_191098_orig.jpg","datePublished":"2026-02-14T15:00:21+00:00","dateModified":"2026-02-15T18:42:08+00:00","description":"Kanalisierbarer Pelletofen: MCZ Stream Comfort Air 12 UP! mit Maestro+, Oyster (raumluftunabh\u00e4ngig), WLAN & Quickstart. 3,9\u201311,9 kW, A+, Top-Abgang.","breadcrumb":{"@id":"https:\/\/ecoreichholz.com\/produkt\/mcz-stream-comfort-air-12-up-pelletofen\/#breadcrumb"},"inLanguage":"fr-FR","potentialAction":[{"@type":"ReadAction","target":["https:\/\/ecoreichholz.com\/produkt\/mcz-stream-comfort-air-12-up-pelletofen\/"]}]},{"@type":"ImageObject","inLanguage":"fr-FR","@id":"https:\/\/ecoreichholz.com\/produkt\/mcz-stream-comfort-air-12-up-pelletofen\/#primaryimage","url":"https:\/\/ecoreichholz.com\/wp-content\/uploads\/2025\/10\/ID_191098_orig.jpg","contentUrl":"https:\/\/ecoreichholz.com\/wp-content\/uploads\/2025\/10\/ID_191098_orig.jpg","width":1280,"height":1280,"caption":"Pelletofen mit Natursteinverkleidung Serpentin \u2013 Frontansicht"},{"@type":"BreadcrumbList","@id":"https:\/\/ecoreichholz.com\/produkt\/mcz-stream-comfort-air-12-up-pelletofen\/#breadcrumb","itemListElement":[{"@type":"ListItem","position":1,"name":"Accueil","item":"https:\/\/ecoreichholz.com\/"},{"@type":"ListItem","position":2,"name":"Shop","item":"https:\/\/ecoreichholz.com\/shop\/"},{"@type":"ListItem","position":3,"name":"MCZ Stream Comfort Air 12 UP! Pelletofen \u2013 Stahl oder Naturstein"}]},{"@type":"WebSite","@id":"https:\/\/ecoreichholz.com\/#website","url":"https:\/\/ecoreichholz.com\/","name":"Bois riche \u00e9cologique","description":"","publisher":{"@id":"https:\/\/ecoreichholz.com\/#organization"},"potentialAction":[{"@type":"SearchAction","target":{"@type":"EntryPoint","urlTemplate":"https:\/\/ecoreichholz.com\/?s={search_term_string}"},"query-input":{"@type":"PropertyValueSpecification","valueRequired":true,"valueName":"search_term_string"}}],"inLanguage":"fr-FR"},{"@type":"Organization","@id":"https:\/\/ecoreichholz.com\/#organization","name":"Bois riche \u00e9cologique","url":"https:\/\/ecoreichholz.com\/","logo":{"@type":"ImageObject","inLanguage":"fr-FR","@id":"https:\/\/ecoreichholz.com\/#\/schema\/logo\/image\/","url":"https:\/\/ecoreichholz.com\/wp-content\/uploads\/2025\/01\/cropped-echoreichholz__3___1_-removebg-preview.png","contentUrl":"https:\/\/ecoreichholz.com\/wp-content\/uploads\/2025\/01\/cropped-echoreichholz__3___1_-removebg-preview.png","width":1220,"height":204,"caption":"Ecoreichholz"},"image":{"@id":"https:\/\/ecoreichholz.com\/#\/schema\/logo\/image\/"}}]}},"jetpack_sharing_enabled":true,"_links":{"self":[{"href":"https:\/\/ecoreichholz.com\/fr\/wp-json\/wp\/v2\/product\/29431","targetHints":{"allow":["GET"]}}],"collection":[{"href":"https:\/\/ecoreichholz.com\/fr\/wp-json\/wp\/v2\/product"}],"about":[{"href":"https:\/\/ecoreichholz.com\/fr\/wp-json\/wp\/v2\/types\/product"}],"replies":[{"embeddable":true,"href":"https:\/\/ecoreichholz.com\/fr\/wp-json\/wp\/v2\/comments?post=29431"}],"version-history":[{"count":4,"href":"https:\/\/ecoreichholz.com\/fr\/wp-json\/wp\/v2\/product\/29431\/revisions"}],"predecessor-version":[{"id":30415,"href":"https:\/\/ecoreichholz.com\/fr\/wp-json\/wp\/v2\/product\/29431\/revisions\/30415"}],"wp:featuredmedia":[{"embeddable":true,"href":"https:\/\/ecoreichholz.com\/fr\/wp-json\/wp\/v2\/media\/29432"}],"wp:attachment":[{"href":"https:\/\/ecoreichholz.com\/fr\/wp-json\/wp\/v2\/media?parent=29431"}],"wp:term":[{"taxonomy":"product_brand","embeddable":true,"href":"https:\/\/ecoreichholz.com\/fr\/wp-json\/wp\/v2\/product_brand?post=29431"},{"taxonomy":"product_cat","embeddable":true,"href":"https:\/\/ecoreichholz.com\/fr\/wp-json\/wp\/v2\/product_cat?post=29431"},{"taxonomy":"product_tag","embeddable":true,"href":"https:\/\/ecoreichholz.com\/fr\/wp-json\/wp\/v2\/product_tag?post=29431"}],"curies":[{"name":"wp","href":"https:\/\/api.w.org\/{rel}","templated":true}]}}