{"id":29301,"date":"2026-02-15T02:15:45","date_gmt":"2026-02-15T01:15:45","guid":{"rendered":"https:\/\/ecoreichholz.com\/?post_type=product&#038;p=29301"},"modified":"2026-02-16T18:19:12","modified_gmt":"2026-02-16T17:19:12","slug":"buchen-pellets-6mm-13x15kg-195kg-smoker-fackeln","status":"publish","type":"product","link":"https:\/\/ecoreichholz.com\/fr\/produit\/buchen-pellets-6mm-13x15kg-195kg-smoker-fackeln\/","title":{"rendered":"Granul\u00e9s de h\u00eatre 6 mm - 13 \u00d7 15 kg (195 kg) - pour smoker \u00e0 pellets &amp; torches"},"content":{"rendered":"<div style=\"background: #f2f2f2; padding: 15px; margin-bottom: 20px;\">\n<h2>R\u00e9sum\u00e9 technique<\/h2>\n<ul>\n<li>Produit : pellets de h\u00eatre<\/li>\n<li>Essence : 100 % h\u00eatre (bois dur)<\/li>\n<li>diam\u00e8tre : 6 mm<\/li>\n<li>poids total : 195 kg<\/li>\n<li>Emballage : 13 sacs de 15 kg<\/li>\n<li>Domaine d'utilisation : fumoir \u00e0 pellets, torches \u00e0 pellets*.<\/li>\n<\/ul>\n<\/div>\n<h2>Description d\u00e9taill\u00e9e<\/h2>\n<p>Ces pellets sont compos\u00e9s de 100 % de bois de h\u00eatre (bois dur) et ont un diam\u00e8tre de 6 mm. Ils sont livr\u00e9s en 13 sacs de 15 kg.<\/p>\n<p>Les sacs permettent un dosage flexible ainsi qu'un stockage structur\u00e9 et sec. Convient pour les smokers \u00e0 pellets, les barbecues \u00e0 pellets et les torches \u00e0 pellets selon les indications du fabricant.<\/p>\n<h2>Caract\u00e9ristiques techniques<\/h2>\n<table border=\"1\" cellspacing=\"0\" cellpadding=\"6\">\n<tbody>\n<tr>\n<td>Diam\u00e8tre<\/td>\n<td>6 mm<\/td>\n<\/tr>\n<tr>\n<td>Essence de bois<\/td>\n<td>100 % H\u00eatre<\/td>\n<\/tr>\n<tr>\n<td>Unit\u00e9 d'emballage<\/td>\n<td>15 kg par sac<\/td>\n<\/tr>\n<tr>\n<td>Quantit\u00e9 totale<\/td>\n<td>195 kg (13 \u00d7 15 kg)<\/td>\n<\/tr>\n<tr>\n<td>Applications<\/td>\n<td>Fours \u00e0 pellets*, torches \u00e0 pellets*.<\/td>\n<\/tr>\n<\/tbody>\n<\/table>\n<h2>Livraison<\/h2>\n<ul>\n<li>R\u00e9gions de livraison : Allemagne, Belgique, Pays-Bas, France, Autriche<\/li>\n<li>Exp\u00e9dition sp\u00e9cialis\u00e9e<\/li>\n<li>Camion avec plate-forme \u00e9l\u00e9vatrice<\/li>\n<li>Livraison franco bord de trottoir<\/li>\n<li>Acc\u00e8s n\u00e9cessaire pour les camions de 40 tonnes (en cas d'exp\u00e9dition de palettes)<\/li>\n<li>Avis par t\u00e9l\u00e9phone<\/li>\n<\/ul>\n<h2>Stockage et utilisation<\/h2>\n<ul>\n<li>Conserver dans un endroit sec et bien ventil\u00e9<\/li>\n<li>Conserver les sacs ouverts et ferm\u00e9s<\/li>\n<li>Utiliser uniquement dans des appareils adapt\u00e9s, conform\u00e9ment aux indications du fabricant<\/li>\n<li>Ne pas utiliser de pellets humides<\/li>\n<\/ul>\n<h2>Droit de r\u00e9tractation<\/h2>\n<p>Le droit de r\u00e9tractation l\u00e9gal s'applique conform\u00e9ment \u00e0 la loi sur la vente \u00e0 distance. Vous trouverez des d\u00e9tails dans notre information sur le droit de r\u00e9tractation.<\/p>","protected":false},"excerpt":{"rendered":"<h3 data-start=\"123\" data-end=\"143\">Br\u00e8ve description<\/h3>\n<p data-start=\"145\" data-end=\"310\"><strong data-start=\"145\" data-end=\"184\">Granul\u00e9s de h\u00eatre \u00d8 6 mm (100 % h\u00eatre)<\/strong> - convient pour les smokers \u00e0 pellets, les barbecues \u00e0 pellets et les torches \u00e0 pellets*.<br data-start=\"249\" data-end=\"252\" \/>Livraison en tant que <strong data-start=\"266\" data-end=\"309\">13 sacs de 15 kg (195 kg de poids total)<\/strong>.<\/p>\n<p data-start=\"312\" data-end=\"362\">Prix normal : 599,00 \u20ac.<br data-start=\"337\" data-end=\"340\" \/>Prix promotionnel : 420,00 \u20ac.<\/p>\n<p data-start=\"364\" data-end=\"509\"><strong data-start=\"364\" data-end=\"387\">Prix de base r\u00e9gulier :<\/strong> 3,07 \u20ac \/ kg<br data-start=\"399\" data-end=\"402\" \/><strong data-start=\"402\" data-end=\"423\">Prix de base promo :<\/strong> 2,15 \u20ac \/ kg<br data-start=\"435\" data-end=\"438\" \/><strong data-start=\"438\" data-end=\"465\">Prix r\u00e9gulier par sac :<\/strong> 46,08 \u20ac<br data-start=\"473\" data-end=\"476\" \/><strong data-start=\"476\" data-end=\"501\">Prix par sac promo :<\/strong> 32,31 \u20ac<\/p>","protected":false},"featured_media":29311,"comment_status":"open","ping_status":"closed","template":"","meta":[],"product_brand":[],"product_cat":[25],"product_tag":[],"class_list":{"0":"post-29301","1":"product","2":"type-product","3":"status-publish","4":"has-post-thumbnail","6":"product_cat-holzpellets","8":"first","9":"instock","10":"sale","11":"shipping-taxable","12":"purchasable","13":"product-type-simple"},"yoast_head":"<!-- This site is optimized with the Yoast SEO plugin v26.2 - https:\/\/yoast.com\/wordpress\/plugins\/seo\/ -->\n<title>Buchen-Pellets 6 mm \u2013 13\u00d715 kg (195 kg) \u2013 Smoker &amp; Fackeln<\/title>\n<meta name=\"description\" content=\"Buchen-Pellets \u00d8 6 mm f\u00fcr Smoker &amp; Fackeln. 195 kg (13\u00d715 kg). Hartholz: saubere Glut, kr\u00e4ftiges Aroma, weniger Ablagerungen. Trocken lagern.\" \/>\n<meta name=\"robots\" content=\"index, follow, max-snippet:-1, max-image-preview:large, max-video-preview:-1\" \/>\n<link rel=\"canonical\" href=\"https:\/\/ecoreichholz.com\/fr\/produit\/buchen-pellets-6mm-13x15kg-195kg-smoker-fackeln\/\" \/>\n<meta property=\"og:locale\" content=\"fr_FR\" \/>\n<meta property=\"og:type\" content=\"article\" \/>\n<meta property=\"og:title\" content=\"Buchen-Pellets 6 mm \u2013 13\u00d715 kg (195 kg) \u2013 Smoker &amp; Fackeln\" \/>\n<meta property=\"og:description\" content=\"Buchen-Pellets \u00d8 6 mm f\u00fcr Smoker &amp; Fackeln. 195 kg (13\u00d715 kg). Hartholz: saubere Glut, kr\u00e4ftiges Aroma, weniger Ablagerungen. Trocken lagern.\" \/>\n<meta property=\"og:url\" content=\"https:\/\/ecoreichholz.com\/fr\/produit\/buchen-pellets-6mm-13x15kg-195kg-smoker-fackeln\/\" \/>\n<meta property=\"og:site_name\" content=\"Ecoreichholz\" \/>\n<meta property=\"article:modified_time\" content=\"2026-02-16T17:19:12+00:00\" \/>\n<meta property=\"og:image\" content=\"https:\/\/ecoreichholz.com\/wp-content\/uploads\/2025\/09\/eiche-1x-960kg-pellets-eiche-grillen-smoker-heizen-palette-mit-versand-rund_1920x1920-1.jpg\" \/>\n\t<meta property=\"og:image:width\" content=\"1920\" \/>\n\t<meta property=\"og:image:height\" content=\"1920\" \/>\n\t<meta property=\"og:image:type\" content=\"image\/jpeg\" \/>\n<meta name=\"twitter:card\" content=\"summary_large_image\" \/>\n<meta name=\"twitter:label1\" content=\"Dur\u00e9e de lecture estim\u00e9e\" \/>\n\t<meta name=\"twitter:data1\" content=\"2 minutes\" \/>\n<script type=\"application\/ld+json\" class=\"yoast-schema-graph\">{\"@context\":\"https:\/\/schema.org\",\"@graph\":[{\"@type\":\"WebPage\",\"@id\":\"https:\/\/ecoreichholz.com\/produkt\/buchen-pellets-6mm-13x15kg-195kg-smoker-fackeln\/\",\"url\":\"https:\/\/ecoreichholz.com\/produkt\/buchen-pellets-6mm-13x15kg-195kg-smoker-fackeln\/\",\"name\":\"Buchen-Pellets 6 mm \u2013 13\u00d715 kg (195 kg) \u2013 Smoker & Fackeln\",\"isPartOf\":{\"@id\":\"https:\/\/ecoreichholz.com\/#website\"},\"primaryImageOfPage\":{\"@id\":\"https:\/\/ecoreichholz.com\/produkt\/buchen-pellets-6mm-13x15kg-195kg-smoker-fackeln\/#primaryimage\"},\"image\":{\"@id\":\"https:\/\/ecoreichholz.com\/produkt\/buchen-pellets-6mm-13x15kg-195kg-smoker-fackeln\/#primaryimage\"},\"thumbnailUrl\":\"https:\/\/ecoreichholz.com\/wp-content\/uploads\/2025\/09\/eiche-1x-960kg-pellets-eiche-grillen-smoker-heizen-palette-mit-versand-rund_1920x1920-1.jpg\",\"datePublished\":\"2026-02-15T01:15:45+00:00\",\"dateModified\":\"2026-02-16T17:19:12+00:00\",\"description\":\"Buchen-Pellets \u00d8 6 mm f\u00fcr Smoker & Fackeln. 195 kg (13\u00d715 kg). Hartholz: saubere Glut, kr\u00e4ftiges Aroma, weniger Ablagerungen. Trocken lagern.\",\"breadcrumb\":{\"@id\":\"https:\/\/ecoreichholz.com\/produkt\/buchen-pellets-6mm-13x15kg-195kg-smoker-fackeln\/#breadcrumb\"},\"inLanguage\":\"fr-FR\",\"potentialAction\":[{\"@type\":\"ReadAction\",\"target\":[\"https:\/\/ecoreichholz.com\/produkt\/buchen-pellets-6mm-13x15kg-195kg-smoker-fackeln\/\"]}]},{\"@type\":\"ImageObject\",\"inLanguage\":\"fr-FR\",\"@id\":\"https:\/\/ecoreichholz.com\/produkt\/buchen-pellets-6mm-13x15kg-195kg-smoker-fackeln\/#primaryimage\",\"url\":\"https:\/\/ecoreichholz.com\/wp-content\/uploads\/2025\/09\/eiche-1x-960kg-pellets-eiche-grillen-smoker-heizen-palette-mit-versand-rund_1920x1920-1.jpg\",\"contentUrl\":\"https:\/\/ecoreichholz.com\/wp-content\/uploads\/2025\/09\/eiche-1x-960kg-pellets-eiche-grillen-smoker-heizen-palette-mit-versand-rund_1920x1920-1.jpg\",\"width\":1920,\"height\":1920,\"caption\":\"Buchen-Pellets 6 mm \u2013 saubere Glut f\u00fcr Pellet-Fackeln\"},{\"@type\":\"BreadcrumbList\",\"@id\":\"https:\/\/ecoreichholz.com\/produkt\/buchen-pellets-6mm-13x15kg-195kg-smoker-fackeln\/#breadcrumb\",\"itemListElement\":[{\"@type\":\"ListItem\",\"position\":1,\"name\":\"Accueil\",\"item\":\"https:\/\/ecoreichholz.com\/\"},{\"@type\":\"ListItem\",\"position\":2,\"name\":\"Shop\",\"item\":\"https:\/\/ecoreichholz.com\/shop\/\"},{\"@type\":\"ListItem\",\"position\":3,\"name\":\"Buchen-Pellets 6 mm \u2013 13 \u00d7 15 kg (195 kg) \u2013 f\u00fcr Pellet-Smoker &#038; Fackeln\"}]},{\"@type\":\"WebSite\",\"@id\":\"https:\/\/ecoreichholz.com\/#website\",\"url\":\"https:\/\/ecoreichholz.com\/\",\"name\":\"Ecoreichholz\",\"description\":\"\",\"publisher\":{\"@id\":\"https:\/\/ecoreichholz.com\/#organization\"},\"potentialAction\":[{\"@type\":\"SearchAction\",\"target\":{\"@type\":\"EntryPoint\",\"urlTemplate\":\"https:\/\/ecoreichholz.com\/?s={search_term_string}\"},\"query-input\":{\"@type\":\"PropertyValueSpecification\",\"valueRequired\":true,\"valueName\":\"search_term_string\"}}],\"inLanguage\":\"fr-FR\"},{\"@type\":\"Organization\",\"@id\":\"https:\/\/ecoreichholz.com\/#organization\",\"name\":\"Ecoreichholz\",\"url\":\"https:\/\/ecoreichholz.com\/\",\"logo\":{\"@type\":\"ImageObject\",\"inLanguage\":\"fr-FR\",\"@id\":\"https:\/\/ecoreichholz.com\/#\/schema\/logo\/image\/\",\"url\":\"https:\/\/ecoreichholz.com\/wp-content\/uploads\/2025\/01\/cropped-echoreichholz__3___1_-removebg-preview.png\",\"contentUrl\":\"https:\/\/ecoreichholz.com\/wp-content\/uploads\/2025\/01\/cropped-echoreichholz__3___1_-removebg-preview.png\",\"width\":1220,\"height\":204,\"caption\":\"Ecoreichholz\"},\"image\":{\"@id\":\"https:\/\/ecoreichholz.com\/#\/schema\/logo\/image\/\"}}]}<\/script>\n<!-- \/ Yoast SEO plugin. -->","yoast_head_json":{"title":"Buchen-Pellets 6 mm \u2013 13\u00d715 kg (195 kg) \u2013 Smoker & Fackeln","description":"Buchen-Pellets \u00d8 6 mm f\u00fcr Smoker & Fackeln. 195 kg (13\u00d715 kg). Hartholz: saubere Glut, kr\u00e4ftiges Aroma, weniger Ablagerungen. Trocken lagern.","robots":{"index":"index","follow":"follow","max-snippet":"max-snippet:-1","max-image-preview":"max-image-preview:large","max-video-preview":"max-video-preview:-1"},"canonical":"https:\/\/ecoreichholz.com\/fr\/produit\/buchen-pellets-6mm-13x15kg-195kg-smoker-fackeln\/","og_locale":"fr_FR","og_type":"article","og_title":"Buchen-Pellets 6 mm \u2013 13\u00d715 kg (195 kg) \u2013 Smoker & Fackeln","og_description":"Buchen-Pellets \u00d8 6 mm f\u00fcr Smoker & Fackeln. 195 kg (13\u00d715 kg). Hartholz: saubere Glut, kr\u00e4ftiges Aroma, weniger Ablagerungen. Trocken lagern.","og_url":"https:\/\/ecoreichholz.com\/fr\/produit\/buchen-pellets-6mm-13x15kg-195kg-smoker-fackeln\/","og_site_name":"Ecoreichholz","article_modified_time":"2026-02-16T17:19:12+00:00","og_image":[{"width":1920,"height":1920,"url":"https:\/\/ecoreichholz.com\/wp-content\/uploads\/2025\/09\/eiche-1x-960kg-pellets-eiche-grillen-smoker-heizen-palette-mit-versand-rund_1920x1920-1.jpg","type":"image\/jpeg"}],"twitter_card":"summary_large_image","twitter_misc":{"Dur\u00e9e de lecture estim\u00e9e":"2 minutes"},"schema":{"@context":"https:\/\/schema.org","@graph":[{"@type":"WebPage","@id":"https:\/\/ecoreichholz.com\/produkt\/buchen-pellets-6mm-13x15kg-195kg-smoker-fackeln\/","url":"https:\/\/ecoreichholz.com\/produkt\/buchen-pellets-6mm-13x15kg-195kg-smoker-fackeln\/","name":"Buchen-Pellets 6 mm \u2013 13\u00d715 kg (195 kg) \u2013 Smoker & Fackeln","isPartOf":{"@id":"https:\/\/ecoreichholz.com\/#website"},"primaryImageOfPage":{"@id":"https:\/\/ecoreichholz.com\/produkt\/buchen-pellets-6mm-13x15kg-195kg-smoker-fackeln\/#primaryimage"},"image":{"@id":"https:\/\/ecoreichholz.com\/produkt\/buchen-pellets-6mm-13x15kg-195kg-smoker-fackeln\/#primaryimage"},"thumbnailUrl":"https:\/\/ecoreichholz.com\/wp-content\/uploads\/2025\/09\/eiche-1x-960kg-pellets-eiche-grillen-smoker-heizen-palette-mit-versand-rund_1920x1920-1.jpg","datePublished":"2026-02-15T01:15:45+00:00","dateModified":"2026-02-16T17:19:12+00:00","description":"Buchen-Pellets \u00d8 6 mm f\u00fcr Smoker & Fackeln. 195 kg (13\u00d715 kg). Hartholz: saubere Glut, kr\u00e4ftiges Aroma, weniger Ablagerungen. Trocken lagern.","breadcrumb":{"@id":"https:\/\/ecoreichholz.com\/produkt\/buchen-pellets-6mm-13x15kg-195kg-smoker-fackeln\/#breadcrumb"},"inLanguage":"fr-FR","potentialAction":[{"@type":"ReadAction","target":["https:\/\/ecoreichholz.com\/produkt\/buchen-pellets-6mm-13x15kg-195kg-smoker-fackeln\/"]}]},{"@type":"ImageObject","inLanguage":"fr-FR","@id":"https:\/\/ecoreichholz.com\/produkt\/buchen-pellets-6mm-13x15kg-195kg-smoker-fackeln\/#primaryimage","url":"https:\/\/ecoreichholz.com\/wp-content\/uploads\/2025\/09\/eiche-1x-960kg-pellets-eiche-grillen-smoker-heizen-palette-mit-versand-rund_1920x1920-1.jpg","contentUrl":"https:\/\/ecoreichholz.com\/wp-content\/uploads\/2025\/09\/eiche-1x-960kg-pellets-eiche-grillen-smoker-heizen-palette-mit-versand-rund_1920x1920-1.jpg","width":1920,"height":1920,"caption":"Buchen-Pellets 6 mm \u2013 saubere Glut f\u00fcr Pellet-Fackeln"},{"@type":"BreadcrumbList","@id":"https:\/\/ecoreichholz.com\/produkt\/buchen-pellets-6mm-13x15kg-195kg-smoker-fackeln\/#breadcrumb","itemListElement":[{"@type":"ListItem","position":1,"name":"Accueil","item":"https:\/\/ecoreichholz.com\/"},{"@type":"ListItem","position":2,"name":"Shop","item":"https:\/\/ecoreichholz.com\/shop\/"},{"@type":"ListItem","position":3,"name":"Buchen-Pellets 6 mm \u2013 13 \u00d7 15 kg (195 kg) \u2013 f\u00fcr Pellet-Smoker &#038; Fackeln"}]},{"@type":"WebSite","@id":"https:\/\/ecoreichholz.com\/#website","url":"https:\/\/ecoreichholz.com\/","name":"Bois riche \u00e9cologique","description":"","publisher":{"@id":"https:\/\/ecoreichholz.com\/#organization"},"potentialAction":[{"@type":"SearchAction","target":{"@type":"EntryPoint","urlTemplate":"https:\/\/ecoreichholz.com\/?s={search_term_string}"},"query-input":{"@type":"PropertyValueSpecification","valueRequired":true,"valueName":"search_term_string"}}],"inLanguage":"fr-FR"},{"@type":"Organization","@id":"https:\/\/ecoreichholz.com\/#organization","name":"Bois riche \u00e9cologique","url":"https:\/\/ecoreichholz.com\/","logo":{"@type":"ImageObject","inLanguage":"fr-FR","@id":"https:\/\/ecoreichholz.com\/#\/schema\/logo\/image\/","url":"https:\/\/ecoreichholz.com\/wp-content\/uploads\/2025\/01\/cropped-echoreichholz__3___1_-removebg-preview.png","contentUrl":"https:\/\/ecoreichholz.com\/wp-content\/uploads\/2025\/01\/cropped-echoreichholz__3___1_-removebg-preview.png","width":1220,"height":204,"caption":"Ecoreichholz"},"image":{"@id":"https:\/\/ecoreichholz.com\/#\/schema\/logo\/image\/"}}]}},"jetpack_sharing_enabled":true,"_links":{"self":[{"href":"https:\/\/ecoreichholz.com\/fr\/wp-json\/wp\/v2\/product\/29301","targetHints":{"allow":["GET"]}}],"collection":[{"href":"https:\/\/ecoreichholz.com\/fr\/wp-json\/wp\/v2\/product"}],"about":[{"href":"https:\/\/ecoreichholz.com\/fr\/wp-json\/wp\/v2\/types\/product"}],"replies":[{"embeddable":true,"href":"https:\/\/ecoreichholz.com\/fr\/wp-json\/wp\/v2\/comments?post=29301"}],"version-history":[{"count":4,"href":"https:\/\/ecoreichholz.com\/fr\/wp-json\/wp\/v2\/product\/29301\/revisions"}],"predecessor-version":[{"id":30500,"href":"https:\/\/ecoreichholz.com\/fr\/wp-json\/wp\/v2\/product\/29301\/revisions\/30500"}],"wp:featuredmedia":[{"embeddable":true,"href":"https:\/\/ecoreichholz.com\/fr\/wp-json\/wp\/v2\/media\/29311"}],"wp:attachment":[{"href":"https:\/\/ecoreichholz.com\/fr\/wp-json\/wp\/v2\/media?parent=29301"}],"wp:term":[{"taxonomy":"product_brand","embeddable":true,"href":"https:\/\/ecoreichholz.com\/fr\/wp-json\/wp\/v2\/product_brand?post=29301"},{"taxonomy":"product_cat","embeddable":true,"href":"https:\/\/ecoreichholz.com\/fr\/wp-json\/wp\/v2\/product_cat?post=29301"},{"taxonomy":"product_tag","embeddable":true,"href":"https:\/\/ecoreichholz.com\/fr\/wp-json\/wp\/v2\/product_tag?post=29301"}],"curies":[{"name":"wp","href":"https:\/\/api.w.org\/{rel}","templated":true}]}}