{"id":8785,"date":"2021-11-04T15:40:47","date_gmt":"2021-11-04T15:40:47","guid":{"rendered":"http:\/\/dummy.xtemos.com\/woodmart2\/elementor\/?page_id=8785"},"modified":"2025-10-06T19:32:59","modified_gmt":"2025-10-06T17:32:59","slug":"kontakt","status":"publish","type":"page","link":"https:\/\/ecoreichholz.com\/fr\/kontakt\/","title":{"rendered":"Contact"},"content":{"rendered":"<div data-elementor-type=\"wp-page\" data-elementor-id=\"8785\" class=\"elementor elementor-8785\">\n\t\t\t\t<div class=\"wd-negative-gap elementor-element elementor-element-251e1ed e-flex e-con-boxed e-con e-parent\" data-id=\"251e1ed\" data-element_type=\"container\">\n\t\t\t\t\t<div class=\"e-con-inner\">\n\t\t<div class=\"elementor-element elementor-element-6b25527 e-con-full e-flex e-con e-child\" data-id=\"6b25527\" data-element_type=\"container\">\n\t\t\t\t<div class=\"elementor-element elementor-element-273798d wd-width-100 elementor-widget elementor-widget-wd_title\" data-id=\"273798d\" data-element_type=\"widget\" data-widget_type=\"wd_title.default\">\n\t\t\t\t<div class=\"elementor-widget-container\">\n\t\t\t\t\t\t\t<div class=\"title-wrapper wd-set-mb reset-last-child wd-title-color-default wd-title-style-bordered wd-title-size-default text-left\">\n\n\t\t\t\n\t\t\t<div class=\"liner-continer\">\n\t\t\t\t<h4 class=\"woodmart-title-container title wd-fontsize-l\">\u00c9CRIVEZ-NOUS UN E-MAIL<\/h4> \n\t\t\t\t\t\t\t<\/div>\n\n\t\t\t\t\t<\/div>\n\t\t\t\t\t\t<\/div>\n\t\t\t\t<\/div>\n\t\t\t\t<div class=\"elementor-element elementor-element-6b19744 wd-cf7 elementor-widget elementor-widget-wd_contact_form_7\" data-id=\"6b19744\" data-element_type=\"widget\" data-widget_type=\"wd_contact_form_7.default\">\n\t\t\t\t<div class=\"elementor-widget-container\">\n\t\t\t\t\t\n<div class=\"wpcf7 no-js\" id=\"wpcf7-f1572-o1\" lang=\"en-US\" dir=\"ltr\" data-wpcf7-id=\"1572\">\n<div class=\"screen-reader-response\"><p role=\"status\" aria-live=\"polite\" aria-atomic=\"true\"><\/p> <ul><\/ul><\/div>\n<form action=\"\/fr\/wp-json\/wp\/v2\/pages\/8785#wpcf7-f1572-o1\" method=\"post\" class=\"wpcf7-form init\" aria-label=\"Contact form\" novalidate=\"novalidate\" data-status=\"init\" data-trp-original-action=\"\/fr\/wp-json\/wp\/v2\/pages\/8785#wpcf7-f1572-o1\">\n<fieldset class=\"hidden-fields-container\"><input type=\"hidden\" name=\"_wpcf7\" value=\"1572\" \/><input type=\"hidden\" name=\"_wpcf7_version\" value=\"6.1.4\" \/><input type=\"hidden\" name=\"_wpcf7_locale\" value=\"en_US\" \/><input type=\"hidden\" name=\"_wpcf7_unit_tag\" value=\"wpcf7-f1572-o1\" \/><input type=\"hidden\" name=\"_wpcf7_container_post\" value=\"0\" \/><input type=\"hidden\" name=\"_wpcf7_posted_data_hash\" value=\"\" \/>\n<\/fieldset>\n<div class=\"cf7-form\">\n\t<p><strong>Formulaire de contact<\/strong>\n\t<\/p>\n\t<p><span style=\"font-size: 13px;\">Veuillez remplir les champs suivants. Les champs marqu\u00e9s d'un * sont obligatoires.<\/span>\n\t<\/p>\n\t<div class=\"cf7-row\" style=\"display:flex; gap:12px; flex-wrap:wrap;\">\n\t\t<div class=\"cf7-col\" style=\"flex:1; min-width:220px;\">\n\t\t\t<p><label>Pr\u00e9nom *<\/label>\n\t\t\t<\/p>\n\t\t\t<p><span class=\"wpcf7-form-control-wrap\" data-name=\"prenom\"><input size=\"40\" maxlength=\"400\" class=\"wpcf7-form-control wpcf7-text wpcf7-validates-as-required\" autocomplete=\"given-name\" aria-required=\"true\" aria-invalid=\"false\" placeholder=\"Pr\u00e9nom\" value=\"\" type=\"text\" name=\"prenom\" \/><\/span>\n\t\t\t<\/p>\n\t\t<\/div>\n\t\t<div class=\"cf7-col\" style=\"flex:1; min-width:220px;\">\n\t\t\t<p><label>Nom de famille *<\/label>\n\t\t\t<\/p>\n\t\t\t<p><span class=\"wpcf7-form-control-wrap\" data-name=\"nom\"><input size=\"40\" maxlength=\"400\" class=\"wpcf7-form-control wpcf7-text wpcf7-validates-as-required\" autocomplete=\"family-name\" aria-required=\"true\" aria-invalid=\"false\" placeholder=\"Nom de famille\" value=\"\" type=\"text\" name=\"nom\" \/><\/span>\n\t\t\t<\/p>\n\t\t<\/div>\n\t<\/div>\n\t<div class=\"cf7-row\" style=\"display:flex; gap:12px; flex-wrap:wrap; margin-top:12px;\">\n\t\t<div class=\"cf7-col\" style=\"flex:1; min-width:220px;\">\n\t\t\t<p><label>Adresse \u00e9lectronique *<\/label>\n\t\t\t<\/p>\n\t\t\t<p><span class=\"wpcf7-form-control-wrap\" data-name=\"adresse_mail\"><input size=\"40\" maxlength=\"400\" class=\"wpcf7-form-control wpcf7-email wpcf7-validates-as-required wpcf7-text wpcf7-validates-as-email\" autocomplete=\"email\" aria-required=\"true\" aria-invalid=\"false\" placeholder=\"Adresse \u00e9lectronique\" value=\"\" type=\"email\" name=\"adresse_mail\" \/><\/span>\n\t\t\t<\/p>\n\t\t<\/div>\n\t\t<div class=\"cf7-col\" style=\"flex:1; min-width:220px;\">\n\t\t\t<p><label>Num\u00e9ro de t\u00e9l\u00e9phone<\/label>\n\t\t\t<\/p>\n\t\t\t<p><span class=\"wpcf7-form-control-wrap\" data-name=\"numero\"><input size=\"40\" maxlength=\"400\" class=\"wpcf7-form-control wpcf7-tel wpcf7-text wpcf7-validates-as-tel\" autocomplete=\"tel\" aria-invalid=\"false\" placeholder=\"Num\u00e9ro de t\u00e9l\u00e9phone\" value=\"\" type=\"tel\" name=\"numero\" \/><\/span>\n\t\t\t<\/p>\n\t\t<\/div>\n\t<\/div>\n\t<div class=\"cf7-row\" style=\"margin-top:12px;\">\n\t\t<p><label>Message *<\/label>\n\t\t<\/p>\n\t\t<p><span class=\"wpcf7-form-control-wrap\" data-name=\"message\"><textarea cols=\"40\" rows=\"10\" maxlength=\"2000\" class=\"wpcf7-form-control wpcf7-textarea wpcf7-validates-as-required\" aria-required=\"true\" aria-invalid=\"false\" placeholder=\"\u00c9crivez votre message ici...\" name=\"message\"><\/textarea><\/span>\n\t\t<\/p>\n\t<\/div>\n\t<div class=\"cf7-row\" style=\"margin-top:14px;\">\n\t\t<p><input class=\"wpcf7-form-control wpcf7-submit has-spinner btn btn-primary\" type=\"submit\" value=\"Envoyer\" \/>\n\t\t<\/p>\n\t<\/div>\n<\/div><div class=\"wpcf7-response-output\" aria-hidden=\"true\"><\/div>\n<input type=\"hidden\" name=\"trp-form-language\" value=\"fr\"\/><\/form>\n<\/div>\n\t\t\t\t<\/div>\n\t\t\t\t<\/div>\n\t\t\t\t<\/div>\n\t\t<div class=\"elementor-element elementor-element-b93eabe e-con-full e-flex e-con e-child\" data-id=\"b93eabe\" data-element_type=\"container\">\n\t\t\t\t<div class=\"elementor-element elementor-element-d707c8d wd-width-100 elementor-widget elementor-widget-wd_title\" data-id=\"d707c8d\" data-element_type=\"widget\" data-widget_type=\"wd_title.default\">\n\t\t\t\t<div class=\"elementor-widget-container\">\n\t\t\t\t\t\t\t<div class=\"title-wrapper wd-set-mb reset-last-child wd-title-color-default wd-title-style-bordered wd-title-size-default text-left\">\n\n\t\t\t\n\t\t\t<div class=\"liner-continer\">\n\t\t\t\t<h4 class=\"woodmart-title-container title wd-fontsize-l\">CONTACT US<\/h4> \n\t\t\t\t\t\t\t<\/div>\n\n\t\t\t\t\t<\/div>\n\t\t\t\t\t\t<\/div>\n\t\t\t\t<\/div>\n\t\t<div class=\"elementor-element elementor-element-de01e4d e-con-full e-flex e-con e-child\" data-id=\"de01e4d\" data-element_type=\"container\">\n\t\t<div class=\"elementor-element elementor-element-ba9e656 e-con-full e-flex e-con e-child\" data-id=\"ba9e656\" data-element_type=\"container\">\n\t\t\t\t<div class=\"elementor-element elementor-element-62b2ec0 elementor-widget elementor-widget-wd_infobox\" data-id=\"62b2ec0\" data-element_type=\"widget\" data-widget_type=\"wd_infobox.default\">\n\t\t\t\t<div class=\"elementor-widget-container\">\n\t\t\t\t\t\t\t<div class=\"info-box-wrapper\">\n\t\t\t<div class=\"wd-info-box text-left box-icon-align-left box-style-base color-scheme- wd-items-top\">\n\t\t\t\t\t\t\t\t\t<div class=\"box-icon-wrapper  box-with-icon box-icon-simple\">\n\t\t\t\t\t\t<div class=\"info-box-icon\">\n\t\t\t\t\t\t\t\t\t\t\t\t\t\t\t<div class=\"info-svg-wrapper\" style=\"width:40px; height:40px;\"><img decoding=\"async\"  src=\"https:\/\/ecoreichholz.com\/wp-content\/uploads\/2021\/11\/w-cellphone.svg\" title=\"w-cellphone\" loading=\"lazy\" width=\"40\" height=\"40\"><\/div>\t\t\t\t\t\t\t\t\t\t\t\t\t<\/div>\n\t\t\t\t\t<\/div>\n\t\t\t\t\n\t\t\t\t<div class=\"info-box-content\">\n\t\t\t\t\t\n\t\t\t\t\t\n\t\t\t\t\t<div class=\"info-box-inner reset-last-child\"data-elementor-setting-key=\"content\"><p><span style=\"color: #333333\"><strong>T\u00e9l\u00e9phone :<\/strong><\/span> 987-654-3210<br \/>\n<span style=\"color: #333333\"><strong>Email :<\/strong><\/span>&nbsp;kontakt@echoreichholz.com<\/p>\n<\/div>\n\n\t\t\t\t\t\t\t\t\t<\/div>\n\n\t\t\t\t\t\t\t<\/div>\n\t\t<\/div>\n\t\t\t\t\t\t<\/div>\n\t\t\t\t<\/div>\n\t\t\t\t<div class=\"elementor-element elementor-element-1a83338 elementor-widget elementor-widget-wd_infobox\" data-id=\"1a83338\" data-element_type=\"widget\" data-widget_type=\"wd_infobox.default\">\n\t\t\t\t<div class=\"elementor-widget-container\">\n\t\t\t\t\t\t\t<div class=\"info-box-wrapper\">\n\t\t\t<div class=\"wd-info-box text-left box-icon-align-left box-style-base color-scheme- wd-items-top\">\n\t\t\t\t\t\t\t\t\t<div class=\"box-icon-wrapper  box-with-icon box-icon-simple\">\n\t\t\t\t\t\t<div class=\"info-box-icon\">\n\t\t\t\t\t\t\t\t\t\t\t\t\t\t\t<img loading=\"lazy\" decoding=\"async\" width=\"40\" height=\"40\" src=\"https:\/\/ecoreichholz.com\/wp-content\/uploads\/2025\/10\/truck-1-40x40.png\" class=\"attachment-40x40 size-40x40\" alt=\"\" srcset=\"https:\/\/ecoreichholz.com\/wp-content\/uploads\/2025\/10\/truck-1-40x40.png 40w, https:\/\/ecoreichholz.com\/wp-content\/uploads\/2025\/10\/truck-1-148x148.png 148w, https:\/\/ecoreichholz.com\/wp-content\/uploads\/2025\/10\/truck-1-150x150.png 150w, https:\/\/ecoreichholz.com\/wp-content\/uploads\/2025\/10\/truck-1.png 256w\" sizes=\"auto, (max-width: 40px) 100vw, 40px\" \/>\t\t\t\t\t\t\t\t\t\t\t\t\t<\/div>\n\t\t\t\t\t<\/div>\n\t\t\t\t\n\t\t\t\t<div class=\"info-box-content\">\n\t\t\t\t\t\n\t\t\t\t\t\n\t\t\t\t\t<div class=\"info-box-inner reset-last-child\"data-elementor-setting-key=\"content\"><p><strong>Livraison standard gratuite<\/strong><br \/><strong>pour toutes les commandes.<\/strong><\/p>\n<\/div>\n\n\t\t\t\t\t\t\t\t\t<\/div>\n\n\t\t\t\t\t\t\t<\/div>\n\t\t<\/div>\n\t\t\t\t\t\t<\/div>\n\t\t\t\t<\/div>\n\t\t\t\t<\/div>\n\t\t<div class=\"elementor-element elementor-element-f908e90 e-con-full e-flex e-con e-child\" data-id=\"f908e90\" data-element_type=\"container\">\n\t\t\t\t<div class=\"elementor-element elementor-element-6050f50 elementor-widget elementor-widget-wd_infobox\" data-id=\"6050f50\" data-element_type=\"widget\" data-widget_type=\"wd_infobox.default\">\n\t\t\t\t<div class=\"elementor-widget-container\">\n\t\t\t\t\t\t\t<div class=\"info-box-wrapper\">\n\t\t\t<div class=\"wd-info-box text-left box-icon-align-left box-style-base color-scheme- wd-items-top\">\n\t\t\t\t\t\t\t\t\t<div class=\"box-icon-wrapper  box-with-icon box-icon-simple\">\n\t\t\t\t\t\t<div class=\"info-box-icon\">\n\t\t\t\t\t\t\t\t\t\t\t\t\t\t\t<img loading=\"lazy\" decoding=\"async\" width=\"40\" height=\"40\" src=\"https:\/\/ecoreichholz.com\/wp-content\/uploads\/2025\/10\/whatsapp-40x40.png\" class=\"attachment-40x40 size-40x40\" alt=\"\" srcset=\"https:\/\/ecoreichholz.com\/wp-content\/uploads\/2025\/10\/whatsapp-40x40.png 40w, https:\/\/ecoreichholz.com\/wp-content\/uploads\/2025\/10\/whatsapp-148x148.png 148w, https:\/\/ecoreichholz.com\/wp-content\/uploads\/2025\/10\/whatsapp-150x150.png 150w, https:\/\/ecoreichholz.com\/wp-content\/uploads\/2025\/10\/whatsapp.png 256w\" sizes=\"auto, (max-width: 40px) 100vw, 40px\" \/>\t\t\t\t\t\t\t\t\t\t\t\t\t<\/div>\n\t\t\t\t\t<\/div>\n\t\t\t\t\n\t\t\t\t<div class=\"info-box-content\">\n\t\t\t\t\t\n\t\t\t\t\t\n\t\t\t\t\t<div class=\"info-box-inner reset-last-child\"data-elementor-setting-key=\"content\"><p><strong>Forum d'assistance<\/strong><br \/><strong>24 heures sur 24<\/strong><\/p>\n<\/div>\n\n\t\t\t\t\t\t\t\t\t<\/div>\n\n\t\t\t\t\t\t\t<\/div>\n\t\t<\/div>\n\t\t\t\t\t\t<\/div>\n\t\t\t\t<\/div>\n\t\t\t\t<div class=\"elementor-element elementor-element-d9d3b68 elementor-widget elementor-widget-wd_infobox\" data-id=\"d9d3b68\" data-element_type=\"widget\" data-widget_type=\"wd_infobox.default\">\n\t\t\t\t<div class=\"elementor-widget-container\">\n\t\t\t\t\t\t\t<div class=\"info-box-wrapper\">\n\t\t\t<div class=\"wd-info-box text-left box-icon-align-left box-style-base color-scheme- wd-items-top\">\n\t\t\t\t\t\t\t\t\t<div class=\"box-icon-wrapper  box-with-icon box-icon-simple\">\n\t\t\t\t\t\t<div class=\"info-box-icon\">\n\t\t\t\t\t\t\t\t\t\t\t\t\t\t\t<div class=\"info-svg-wrapper\" style=\"width:40px; height:40px;\"><img decoding=\"async\"  src=\"https:\/\/ecoreichholz.com\/wp-content\/uploads\/2021\/11\/w-map-placeholder.svg\" title=\"w-map-placeholder\" loading=\"lazy\" width=\"40\" height=\"40\"><\/div>\t\t\t\t\t\t\t\t\t\t\t\t\t<\/div>\n\t\t\t\t\t<\/div>\n\t\t\t\t\n\t\t\t\t<div class=\"info-box-content\">\n\t\t\t\t\t\n\t\t\t\t\t\n\t\t\t\t\t<div class=\"info-box-inner reset-last-child\"data-elementor-setting-key=\"content\"><p><span style=\"color: #333333\"><strong>Adresse :<\/strong><\/span> 8099 Trenton St.<br \/>\nMinneapolis, MN 55406<\/p>\n<\/div>\n\n\t\t\t\t\t\t\t\t\t<\/div>\n\n\t\t\t\t\t\t\t<\/div>\n\t\t<\/div>\n\t\t\t\t\t\t<\/div>\n\t\t\t\t<\/div>\n\t\t\t\t<\/div>\n\t\t\t\t<\/div>\n\t\t\t\t<\/div>\n\t\t\t\t\t<\/div>\n\t\t\t\t<\/div>\n\t\t\t\t<\/div>","protected":false},"excerpt":{"rendered":"<p>SCHREIBEN SIE UNS EINE E\u2011MAIL Vorname * Nachname * Telefonnummer Firma Nachricht * CONTACT US Phone: 987-654-3210 Email:&nbsp;kontakt@echoreichholz.com Kostenloser Standardversandf\u00fcr<\/p>","protected":false},"author":1,"featured_media":0,"parent":0,"menu_order":0,"comment_status":"closed","ping_status":"closed","template":"","meta":{"footnotes":""},"class_list":["post-8785","page","type-page","status-publish","hentry"],"yoast_head":"<!-- This site is optimized with the Yoast SEO plugin v26.2 - https:\/\/yoast.com\/wordpress\/plugins\/seo\/ -->\n<title>Kontakt - Ecoreichholz<\/title>\n<meta name=\"robots\" content=\"index, follow, max-snippet:-1, max-image-preview:large, max-video-preview:-1\" \/>\n<link rel=\"canonical\" href=\"https:\/\/ecoreichholz.com\/fr\/kontakt\/\" \/>\n<meta property=\"og:locale\" content=\"fr_FR\" \/>\n<meta property=\"og:type\" content=\"article\" \/>\n<meta property=\"og:title\" content=\"Kontakt - Ecoreichholz\" \/>\n<meta property=\"og:description\" content=\"SCHREIBEN SIE UNS EINE E\u2011MAIL Vorname * Nachname * Telefonnummer Firma Nachricht * CONTACT US Phone: 987-654-3210 Email:&nbsp;kontakt@echoreichholz.com Kostenloser Standardversandf\u00fcr\" \/>\n<meta property=\"og:url\" content=\"https:\/\/ecoreichholz.com\/fr\/kontakt\/\" \/>\n<meta property=\"og:site_name\" content=\"Ecoreichholz\" \/>\n<meta property=\"article:modified_time\" content=\"2025-10-06T17:32:59+00:00\" \/>\n<meta property=\"og:image\" content=\"http:\/\/ecoreichholz.com\/wp-content\/uploads\/2021\/11\/w-cellphone.svg\" \/>\n<meta name=\"twitter:card\" content=\"summary_large_image\" \/>\n<meta name=\"twitter:label1\" content=\"Dur\u00e9e de lecture estim\u00e9e\" \/>\n\t<meta name=\"twitter:data1\" content=\"2 minutes\" \/>\n<script type=\"application\/ld+json\" class=\"yoast-schema-graph\">{\"@context\":\"https:\/\/schema.org\",\"@graph\":[{\"@type\":\"WebPage\",\"@id\":\"https:\/\/ecoreichholz.com\/kontakt\/\",\"url\":\"https:\/\/ecoreichholz.com\/kontakt\/\",\"name\":\"Kontakt - Ecoreichholz\",\"isPartOf\":{\"@id\":\"https:\/\/ecoreichholz.com\/#website\"},\"primaryImageOfPage\":{\"@id\":\"https:\/\/ecoreichholz.com\/kontakt\/#primaryimage\"},\"image\":{\"@id\":\"https:\/\/ecoreichholz.com\/kontakt\/#primaryimage\"},\"thumbnailUrl\":\"http:\/\/ecoreichholz.com\/wp-content\/uploads\/2021\/11\/w-cellphone.svg\",\"datePublished\":\"2021-11-04T15:40:47+00:00\",\"dateModified\":\"2025-10-06T17:32:59+00:00\",\"breadcrumb\":{\"@id\":\"https:\/\/ecoreichholz.com\/kontakt\/#breadcrumb\"},\"inLanguage\":\"fr-FR\",\"potentialAction\":[{\"@type\":\"ReadAction\",\"target\":[\"https:\/\/ecoreichholz.com\/kontakt\/\"]}]},{\"@type\":\"ImageObject\",\"inLanguage\":\"fr-FR\",\"@id\":\"https:\/\/ecoreichholz.com\/kontakt\/#primaryimage\",\"url\":\"http:\/\/ecoreichholz.com\/wp-content\/uploads\/2021\/11\/w-cellphone.svg\",\"contentUrl\":\"http:\/\/ecoreichholz.com\/wp-content\/uploads\/2021\/11\/w-cellphone.svg\"},{\"@type\":\"BreadcrumbList\",\"@id\":\"https:\/\/ecoreichholz.com\/kontakt\/#breadcrumb\",\"itemListElement\":[{\"@type\":\"ListItem\",\"position\":1,\"name\":\"Accueil\",\"item\":\"https:\/\/ecoreichholz.com\/\"},{\"@type\":\"ListItem\",\"position\":2,\"name\":\"Kontakt\"}]},{\"@type\":\"WebSite\",\"@id\":\"https:\/\/ecoreichholz.com\/#website\",\"url\":\"https:\/\/ecoreichholz.com\/\",\"name\":\"Ecoreichholz\",\"description\":\"\",\"publisher\":{\"@id\":\"https:\/\/ecoreichholz.com\/#organization\"},\"potentialAction\":[{\"@type\":\"SearchAction\",\"target\":{\"@type\":\"EntryPoint\",\"urlTemplate\":\"https:\/\/ecoreichholz.com\/?s={search_term_string}\"},\"query-input\":{\"@type\":\"PropertyValueSpecification\",\"valueRequired\":true,\"valueName\":\"search_term_string\"}}],\"inLanguage\":\"fr-FR\"},{\"@type\":\"Organization\",\"@id\":\"https:\/\/ecoreichholz.com\/#organization\",\"name\":\"Ecoreichholz\",\"url\":\"https:\/\/ecoreichholz.com\/\",\"logo\":{\"@type\":\"ImageObject\",\"inLanguage\":\"fr-FR\",\"@id\":\"https:\/\/ecoreichholz.com\/#\/schema\/logo\/image\/\",\"url\":\"https:\/\/ecoreichholz.com\/wp-content\/uploads\/2025\/01\/cropped-echoreichholz__3___1_-removebg-preview.png\",\"contentUrl\":\"https:\/\/ecoreichholz.com\/wp-content\/uploads\/2025\/01\/cropped-echoreichholz__3___1_-removebg-preview.png\",\"width\":1220,\"height\":204,\"caption\":\"Ecoreichholz\"},\"image\":{\"@id\":\"https:\/\/ecoreichholz.com\/#\/schema\/logo\/image\/\"}}]}<\/script>\n<!-- \/ Yoast SEO plugin. -->","yoast_head_json":{"title":"Kontakt - Ecoreichholz","robots":{"index":"index","follow":"follow","max-snippet":"max-snippet:-1","max-image-preview":"max-image-preview:large","max-video-preview":"max-video-preview:-1"},"canonical":"https:\/\/ecoreichholz.com\/fr\/kontakt\/","og_locale":"fr_FR","og_type":"article","og_title":"Kontakt - Ecoreichholz","og_description":"SCHREIBEN SIE UNS EINE E\u2011MAIL Vorname * Nachname * Telefonnummer Firma Nachricht * CONTACT US Phone: 987-654-3210 Email:&nbsp;kontakt@echoreichholz.com Kostenloser Standardversandf\u00fcr","og_url":"https:\/\/ecoreichholz.com\/fr\/kontakt\/","og_site_name":"Ecoreichholz","article_modified_time":"2025-10-06T17:32:59+00:00","og_image":[{"url":"http:\/\/ecoreichholz.com\/wp-content\/uploads\/2021\/11\/w-cellphone.svg","type":"","width":"","height":""}],"twitter_card":"summary_large_image","twitter_misc":{"Dur\u00e9e de lecture estim\u00e9e":"2 minutes"},"schema":{"@context":"https:\/\/schema.org","@graph":[{"@type":"WebPage","@id":"https:\/\/ecoreichholz.com\/kontakt\/","url":"https:\/\/ecoreichholz.com\/kontakt\/","name":"Kontakt - Ecoreichholz","isPartOf":{"@id":"https:\/\/ecoreichholz.com\/#website"},"primaryImageOfPage":{"@id":"https:\/\/ecoreichholz.com\/kontakt\/#primaryimage"},"image":{"@id":"https:\/\/ecoreichholz.com\/kontakt\/#primaryimage"},"thumbnailUrl":"http:\/\/ecoreichholz.com\/wp-content\/uploads\/2021\/11\/w-cellphone.svg","datePublished":"2021-11-04T15:40:47+00:00","dateModified":"2025-10-06T17:32:59+00:00","breadcrumb":{"@id":"https:\/\/ecoreichholz.com\/kontakt\/#breadcrumb"},"inLanguage":"fr-FR","potentialAction":[{"@type":"ReadAction","target":["https:\/\/ecoreichholz.com\/kontakt\/"]}]},{"@type":"ImageObject","inLanguage":"fr-FR","@id":"https:\/\/ecoreichholz.com\/kontakt\/#primaryimage","url":"http:\/\/ecoreichholz.com\/wp-content\/uploads\/2021\/11\/w-cellphone.svg","contentUrl":"http:\/\/ecoreichholz.com\/wp-content\/uploads\/2021\/11\/w-cellphone.svg"},{"@type":"BreadcrumbList","@id":"https:\/\/ecoreichholz.com\/kontakt\/#breadcrumb","itemListElement":[{"@type":"ListItem","position":1,"name":"Accueil","item":"https:\/\/ecoreichholz.com\/"},{"@type":"ListItem","position":2,"name":"Kontakt"}]},{"@type":"WebSite","@id":"https:\/\/ecoreichholz.com\/#website","url":"https:\/\/ecoreichholz.com\/","name":"Bois riche \u00e9cologique","description":"","publisher":{"@id":"https:\/\/ecoreichholz.com\/#organization"},"potentialAction":[{"@type":"SearchAction","target":{"@type":"EntryPoint","urlTemplate":"https:\/\/ecoreichholz.com\/?s={search_term_string}"},"query-input":{"@type":"PropertyValueSpecification","valueRequired":true,"valueName":"search_term_string"}}],"inLanguage":"fr-FR"},{"@type":"Organization","@id":"https:\/\/ecoreichholz.com\/#organization","name":"Bois riche \u00e9cologique","url":"https:\/\/ecoreichholz.com\/","logo":{"@type":"ImageObject","inLanguage":"fr-FR","@id":"https:\/\/ecoreichholz.com\/#\/schema\/logo\/image\/","url":"https:\/\/ecoreichholz.com\/wp-content\/uploads\/2025\/01\/cropped-echoreichholz__3___1_-removebg-preview.png","contentUrl":"https:\/\/ecoreichholz.com\/wp-content\/uploads\/2025\/01\/cropped-echoreichholz__3___1_-removebg-preview.png","width":1220,"height":204,"caption":"Ecoreichholz"},"image":{"@id":"https:\/\/ecoreichholz.com\/#\/schema\/logo\/image\/"}}]}},"jetpack_sharing_enabled":true,"_links":{"self":[{"href":"https:\/\/ecoreichholz.com\/fr\/wp-json\/wp\/v2\/pages\/8785","targetHints":{"allow":["GET"]}}],"collection":[{"href":"https:\/\/ecoreichholz.com\/fr\/wp-json\/wp\/v2\/pages"}],"about":[{"href":"https:\/\/ecoreichholz.com\/fr\/wp-json\/wp\/v2\/types\/page"}],"author":[{"embeddable":true,"href":"https:\/\/ecoreichholz.com\/fr\/wp-json\/wp\/v2\/users\/1"}],"replies":[{"embeddable":true,"href":"https:\/\/ecoreichholz.com\/fr\/wp-json\/wp\/v2\/comments?post=8785"}],"version-history":[{"count":17,"href":"https:\/\/ecoreichholz.com\/fr\/wp-json\/wp\/v2\/pages\/8785\/revisions"}],"predecessor-version":[{"id":29979,"href":"https:\/\/ecoreichholz.com\/fr\/wp-json\/wp\/v2\/pages\/8785\/revisions\/29979"}],"wp:attachment":[{"href":"https:\/\/ecoreichholz.com\/fr\/wp-json\/wp\/v2\/media?parent=8785"}],"curies":[{"name":"wp","href":"https:\/\/api.w.org\/{rel}","templated":true}]}}