{"id":4400,"date":"2021-10-12T15:51:09","date_gmt":"2021-10-12T15:51:09","guid":{"rendered":"http:\/\/dummy.xtemos.com\/woodmart2\/elementor\/?page_id=4400"},"modified":"2025-10-06T14:13:37","modified_gmt":"2025-10-06T12:13:37","slug":"about-us-3","status":"publish","type":"page","link":"https:\/\/ecoreichholz.com\/fr\/about-us-3\/","title":{"rendered":"\u00c0 propos de nous"},"content":{"rendered":"<div data-elementor-type=\"wp-page\" data-elementor-id=\"4400\" class=\"elementor elementor-4400\">\n\t\t\t\t<div class=\"wd-negative-gap elementor-element elementor-element-1c90c3f wd-section-stretch e-flex e-con-boxed e-con e-parent\" data-id=\"1c90c3f\" data-element_type=\"container\" data-settings=\"{&quot;background_background&quot;:&quot;classic&quot;}\">\n\t\t\t\t\t<div class=\"e-con-inner\">\n\t\t\t\t<div class=\"elementor-element elementor-element-5d57672 elementor-widget__width-initial elementor-widget-tablet__width-inherit wd-width-100 elementor-widget elementor-widget-wd_title\" data-id=\"5d57672\" data-element_type=\"widget\" data-widget_type=\"wd_title.default\">\n\t\t\t\t<div class=\"elementor-widget-container\">\n\t\t\t\t\t\t\t<div class=\"title-wrapper wd-set-mb reset-last-child wd-title-color-primary wd-title-style-default wd-title-size-large text-left\">\n\n\t\t\t\t\t\t\t\t\t\t\t<div class=\"title-subtitle subtitle-color-primary subtitle-style-default wd-fontsize-xs\">\n\t\t\t\t\t\ud83d\udd25 La chaleur par la responsabilit\u00e9 - depuis 2016\t\t\t\t<\/div>\n\t\t\t\n\t\t\t<div class=\"liner-continer\">\n\t\t\t\t<h4 class=\"woodmart-title-container title wd-fontsize-xxl\">\u00c0 propos de nous<\/h4> \n\t\t\t\t\t\t\t<\/div>\n\n\t\t\t\t\t\t\t<div class=\"title-after_title reset-last-child wd-fontsize-s\">\n\t\t\t\t\t<p><strong>Bois riche \u00e9cologique<\/strong> est plus qu'une simple boutique en ligne pour le bois de chauffage.<br \/>Nous repr\u00e9sentons <strong>Qualit\u00e9, durabilit\u00e9 et attachement \u00e0 la r\u00e9gion<\/strong>.<br \/>Depuis notre cr\u00e9ation en 2016, nous fournissons <strong>bois de chauffage pr\u00eat \u00e0 l'emploi<\/strong>, La laine de mouton est une mati\u00e8re qui ne se contente pas de r\u00e9chauffer, mais qui laisse aussi une sensation agr\u00e9able.<\/p>\t\t\t\t<\/div>\n\t\t\t\t\t<\/div>\n\t\t\t\t\t\t<\/div>\n\t\t\t\t<\/div>\n\t\t\t\t<div class=\"elementor-element elementor-element-9c05225 elementor-widget__width-initial elementor-widget elementor-widget-wd_infobox\" data-id=\"9c05225\" data-element_type=\"widget\" data-widget_type=\"wd_infobox.default\">\n\t\t\t\t<div class=\"elementor-widget-container\">\n\t\t\t\t\t\t\t<div class=\"info-box-wrapper\">\n\t\t\t<div class=\"wd-info-box text-left box-icon-align-top box-style-base color-scheme-\">\n\t\t\t\t\n\t\t\t\t<div class=\"info-box-content\">\n\t\t\t\t\t\n\t\t\t\t\t\t\t\t\t\t\t<h4\t\t\t\t\t\tclass=\"info-box-title title box-title-style-default wd-fontsize-m\" data-elementor-setting-key=\"title\">\n\t\t\t\t\t\t\t\tNotre origine - directement de la for\u00eat\t\t\t\t\t\t<\/h4>\n\t\t\t\t\t\n\t\t\t\t\t<div class=\"info-box-inner reset-last-child\"data-elementor-setting-key=\"content\"><p data-start=\"650\" data-end=\"835\">Notre bois provient exclusivement de <strong data-start=\"687\" data-end=\"734\">la sylviculture durable en Allemagne<\/strong>.<br data-start=\"735\" data-end=\"738\" \/>Nous travaillons en \u00e9troite collaboration avec des entreprises foresti\u00e8res r\u00e9gionales afin de garantir que chaque livraison :<\/p>\n<ul>\n<li data-start=\"837\" data-end=\"875\">\n<p data-start=\"839\" data-end=\"875\">provient d'une source contr\u00f4l\u00e9e<\/p>\n<\/li>\n<li data-start=\"878\" data-end=\"903\">a \u00e9t\u00e9 r\u00e9colt\u00e9 avec soin<\/li>\n<li data-start=\"904\" data-end=\"946\">\n<p data-start=\"906\" data-end=\"946\">est soigneusement s\u00e9ch\u00e9 et stock\u00e9<\/p>\n<\/li>\n<\/ul>\n<p data-start=\"948\" data-end=\"1039\">En r\u00e9duisant les distances de transport, nous pr\u00e9servons l'environnement et soutenons l'\u00e9conomie locale.<\/p>\n<\/div>\n\n\t\t\t\t\t\t\t\t\t<\/div>\n\n\t\t\t\t\t\t\t\t\t<a href=\"#\" class=\"wd-info-box-link wd-fill\" aria-label=\"Infobox lien\"><\/a>\n\t\t\t\t\t\t\t<\/div>\n\t\t<\/div>\n\t\t\t\t\t\t<\/div>\n\t\t\t\t<\/div>\n\t\t\t\t<div class=\"elementor-element elementor-element-ec30bde elementor-widget__width-initial elementor-widget elementor-widget-wd_infobox\" data-id=\"ec30bde\" data-element_type=\"widget\" data-widget_type=\"wd_infobox.default\">\n\t\t\t\t<div class=\"elementor-widget-container\">\n\t\t\t\t\t\t\t<div class=\"info-box-wrapper\">\n\t\t\t<div class=\"wd-info-box text-left box-icon-align-top box-style-base color-scheme-\">\n\t\t\t\t\n\t\t\t\t<div class=\"info-box-content\">\n\t\t\t\t\t\n\t\t\t\t\t\t\t\t\t\t\t<h4\t\t\t\t\t\tclass=\"info-box-title title box-title-style-default wd-fontsize-m\" data-elementor-setting-key=\"title\">\n\t\t\t\t\t\t\t\tNotre offre - Pr\u00eat pour le four, propre, fiable\t\t\t\t\t\t<\/h4>\n\t\t\t\t\t\n\t\t\t\t\t<div class=\"info-box-inner reset-last-child\"data-elementor-setting-key=\"content\"><p data-start=\"1101\" data-end=\"1183\">Ce que vous obtenez chez nous n'est pas un produit de masse, mais <strong data-start=\"1159\" data-end=\"1182\">bois de chauffage honn\u00eate<\/strong>:<\/p>\n<ul data-start=\"1185\" data-end=\"1296\">\n<li data-start=\"1185\" data-end=\"1226\">\n<p data-start=\"1187\" data-end=\"1226\"><strong data-start=\"1187\" data-end=\"1212\">Bois de chauffage sur palette<\/strong> (1RM \/ 2RM)<\/p>\n<\/li>\n<li data-start=\"1227\" data-end=\"1267\">\n<p data-start=\"1229\" data-end=\"1267\"><strong data-start=\"1229\" data-end=\"1241\">Big bags<\/strong> (1 SRM en vrac)<\/p>\n<\/li>\n<li data-start=\"1268\" data-end=\"1296\">\n<p data-start=\"1270\" data-end=\"1296\"><strong data-start=\"1270\" data-end=\"1296\">Bois d'allumage et accessoires<\/strong><\/p>\n<\/li>\n<\/ul>\n<p data-start=\"1298\" data-end=\"1444\">Chaque morceau de bois est contr\u00f4l\u00e9 par nos soins pour <strong data-start=\"1345\" data-end=\"1369\">humidit\u00e9 r\u00e9siduelle optimale<\/strong> et <strong data-start=\"1374\" data-end=\"1397\">combustion propre<\/strong> pour la chemin\u00e9e, le po\u00eale ou le chauffage.<\/p>\n<\/div>\n\n\t\t\t\t\t\t\t\t\t<\/div>\n\n\t\t\t\t\t\t\t\t\t<a href=\"#\" class=\"wd-info-box-link wd-fill\" aria-label=\"Infobox lien\"><\/a>\n\t\t\t\t\t\t\t<\/div>\n\t\t<\/div>\n\t\t\t\t\t\t<\/div>\n\t\t\t\t<\/div>\n\t\t\t\t\t<\/div>\n\t\t\t\t<\/div>\n\t\t<div class=\"wd-negative-gap elementor-element elementor-element-7c7c544 e-flex e-con-boxed e-con e-parent\" data-id=\"7c7c544\" data-element_type=\"container\">\n\t\t\t\t\t<div class=\"e-con-inner\">\n\t\t<div class=\"elementor-element elementor-element-e7cb5cd e-con-full e-flex e-con e-child\" data-id=\"e7cb5cd\" data-element_type=\"container\">\n\t\t\t\t<div class=\"elementor-element elementor-element-56aec39 elementor-widget elementor-widget-wd_image_or_svg\" data-id=\"56aec39\" data-element_type=\"widget\" data-widget_type=\"wd_image_or_svg.default\">\n\t\t\t\t<div class=\"elementor-widget-container\">\n\t\t\t\t\t\n\t\t<div class=\"wd-image text-left\">\n\t\t\t\t\t\t\t\t<img loading=\"lazy\" decoding=\"async\" width=\"1440\" height=\"1920\" src=\"https:\/\/ecoreichholz.com\/wp-content\/uploads\/2025\/10\/trees-1088333_1920.jpg\" class=\"attachment-full size-full\" alt=\"\" srcset=\"https:\/\/ecoreichholz.com\/wp-content\/uploads\/2025\/10\/trees-1088333_1920.jpg 1440w, https:\/\/ecoreichholz.com\/wp-content\/uploads\/2025\/10\/trees-1088333_1920-148x197.jpg 148w, https:\/\/ecoreichholz.com\/wp-content\/uploads\/2025\/10\/trees-1088333_1920-700x933.jpg 700w\" sizes=\"auto, (max-width: 1440px) 100vw, 1440px\" \/>\t\t\t\t\t<\/div>\n\n\t\t\t\t\t\t<\/div>\n\t\t\t\t<\/div>\n\t\t\t\t<\/div>\n\t\t<div class=\"elementor-element elementor-element-97d6084 e-con-full e-flex e-con e-child\" data-id=\"97d6084\" data-element_type=\"container\">\n\t\t\t\t<div class=\"elementor-element elementor-element-98d830b wd-width-100 elementor-widget elementor-widget-wd_title\" data-id=\"98d830b\" data-element_type=\"widget\" data-widget_type=\"wd_title.default\">\n\t\t\t\t<div class=\"elementor-widget-container\">\n\t\t\t\t\t\t\t<div class=\"title-wrapper wd-set-mb reset-last-child wd-title-color-primary wd-title-style-default wd-title-size-large text-left\">\n\n\t\t\t\n\t\t\t<div class=\"liner-continer\">\n\t\t\t\t<h4 class=\"woodmart-title-container title wd-fontsize-xxl\">Livraison rapide et fiable<\/h4> \n\t\t\t\t\t\t\t<\/div>\n\n\t\t\t\t\t<\/div>\n\t\t\t\t\t\t<\/div>\n\t\t\t\t<\/div>\n\t\t\t\t<div class=\"elementor-element elementor-element-66e47ad elementor-widget elementor-widget-wd_text_block\" data-id=\"66e47ad\" data-element_type=\"widget\" data-widget_type=\"wd_text_block.default\">\n\t\t\t\t<div class=\"elementor-widget-container\">\n\t\t\t\t\t\t\t<div class=\"wd-text-block reset-last-child text-left\">\n\t\t\t\n\t\t\t<p data-start=\"1492\" data-end=\"1700\">Nous livrons votre bois <strong data-start=\"1513\" data-end=\"1563\">en toute s\u00e9curit\u00e9, rapidement et directement chez vous<\/strong>.<br data-start=\"1564\" data-end=\"1567\" \/>Nos partenaires logistiques travaillent dans les d\u00e9lais et notre service client\u00e8le est toujours joignable, m\u00eame en cas d'urgence (au sens figur\u00e9 uniquement !).<\/p><ul data-start=\"1702\" data-end=\"1800\"><li data-start=\"1702\" data-end=\"1736\"><p data-start=\"1704\" data-end=\"1736\">Exp\u00e9dition en Allemagne<\/p><\/li><li data-start=\"1737\" data-end=\"1764\"><p data-start=\"1739\" data-end=\"1764\">Options de livraison flexibles<\/p><\/li><li data-start=\"1765\" data-end=\"1800\"><p data-start=\"1767\" data-end=\"1800\">D\u00e9lais de livraison clairement communiqu\u00e9s<\/p><\/li><\/ul><h2>Un service personnalis\u00e9 plut\u00f4t qu'un centre d'appels<\/h2><p data-start=\"1852\" data-end=\"1980\">Chez nous, vous atterrissez <strong data-start=\"1871\" data-end=\"1903\">pas en attente<\/strong>.<br data-start=\"1904\" data-end=\"1907\" \/>Nous prenons vos demandes au s\u00e9rieux - que ce soit par t\u00e9l\u00e9phone, par e-mail ou par chat.<\/p><p data-start=\"1982\" data-end=\"2093\">Notre objectif :<br data-start=\"1993\" data-end=\"1996\" \/>\u2705 <strong data-start=\"1998\" data-end=\"2026\">Processus de commande simple<\/strong><br data-start=\"2026\" data-end=\"2029\" \/>\u2705 <strong data-start=\"2031\" data-end=\"2052\">Conseils honn\u00eates<\/strong><br data-start=\"2052\" data-end=\"2055\" \/>\u2705 <strong data-start=\"2057\" data-end=\"2093\">Satisfaction des clients \u00e0 long terme<\/strong><\/p>\n\t\t\t\t\t<\/div>\n\t\t\t\t\t\t<\/div>\n\t\t\t\t<\/div>\n\t\t\t\t<\/div>\n\t\t\t\t\t<\/div>\n\t\t\t\t<\/div>\n\t\t<div class=\"wd-negative-gap elementor-element elementor-element-0aaf669 wd-section-stretch e-flex e-con-boxed e-con e-parent\" data-id=\"0aaf669\" data-element_type=\"container\" data-settings=\"{&quot;background_background&quot;:&quot;classic&quot;}\">\n\t\t\t\t\t<div class=\"e-con-inner\">\n\t\t<div class=\"elementor-element elementor-element-49529c7 color-scheme-light e-con-full e-flex e-con e-child\" data-id=\"49529c7\" data-element_type=\"container\">\n\t\t\t\t<div class=\"elementor-element elementor-element-95c7bfa wd-width-100 elementor-widget elementor-widget-wd_title\" data-id=\"95c7bfa\" data-element_type=\"widget\" data-widget_type=\"wd_title.default\">\n\t\t\t\t<div class=\"elementor-widget-container\">\n\t\t\t\t\t\t\t<div class=\"title-wrapper wd-set-mb reset-last-child wd-title-color-primary wd-title-style-default wd-title-size-large text-left\">\n\n\t\t\t\n\t\t\t<div class=\"liner-continer\">\n\t\t\t\t<h4 class=\"woodmart-title-container title wd-fontsize-xxl\">Depuis 2010, nous fournissons plus que du bois de chauffage - nous fournissons de la chaleur, de la confiance et de la responsabilit\u00e9.<\/h4> \n\t\t\t\t\t\t\t<\/div>\n\n\t\t\t\t\t<\/div>\n\t\t\t\t\t\t<\/div>\n\t\t\t\t<\/div>\n\t\t\t\t<\/div>\n\t\t<div class=\"elementor-element elementor-element-112f98a e-con-full e-flex e-con e-child\" data-id=\"112f98a\" data-element_type=\"container\">\n\t\t<div class=\"elementor-element elementor-element-48c7dd1 e-con-full e-flex e-con e-child\" data-id=\"48c7dd1\" data-element_type=\"container\">\n\t\t<div class=\"elementor-element elementor-element-54eb2d3 e-con-full e-flex e-con e-child\" data-id=\"54eb2d3\" data-element_type=\"container\">\n\t\t\t\t<div class=\"elementor-element elementor-element-14ff076 elementor-widget elementor-widget-wd_counter\" data-id=\"14ff076\" data-element_type=\"widget\" data-widget_type=\"wd_counter.default\">\n\t\t\t\t<div class=\"elementor-widget-container\">\n\t\t\t\t\t\t\t<div class=\"woodmart-counter counter-large text-center color-scheme-light\">\n\t\t\t<div class=\"counter-value\" data-state=\"new\" data-final=\"1500\">\n\t\t\t\t0\t\t\t<\/div>\n\n\t\t\t\t\t\t\t<div class=\"counter-label\">\n\t\t\t\t\tDES CLIENTS SATISFAITS\t\t\t\t<\/div>\n\t\t\t\t\t<\/div>\n\t\t\t\t\t\t<\/div>\n\t\t\t\t<\/div>\n\t\t\t\t<\/div>\n\t\t<div class=\"elementor-element elementor-element-668ca24 e-con-full e-flex e-con e-child\" data-id=\"668ca24\" data-element_type=\"container\">\n\t\t\t\t<div class=\"elementor-element elementor-element-da35035 elementor-widget elementor-widget-wd_counter\" data-id=\"da35035\" data-element_type=\"widget\" data-widget_type=\"wd_counter.default\">\n\t\t\t\t<div class=\"elementor-widget-container\">\n\t\t\t\t\t\t\t<div class=\"woodmart-counter counter-large text-center color-scheme-light\">\n\t\t\t<div class=\"counter-value\" data-state=\"new\" data-final=\"80\">\n\t\t\t\t0\t\t\t<\/div>\n\n\t\t\t\t\t\t\t<div class=\"counter-label\">\n\t\t\t\t\tTONNES DE BOIS DE CHAUFFAGE LIVR\u00c9ES\t\t\t\t<\/div>\n\t\t\t\t\t<\/div>\n\t\t\t\t\t\t<\/div>\n\t\t\t\t<\/div>\n\t\t\t\t<\/div>\n\t\t\t\t<\/div>\n\t\t<div class=\"elementor-element elementor-element-6b5c35a e-con-full e-flex e-con e-child\" data-id=\"6b5c35a\" data-element_type=\"container\">\n\t\t<div class=\"elementor-element elementor-element-214e692 e-con-full e-flex e-con e-child\" data-id=\"214e692\" data-element_type=\"container\">\n\t\t\t\t<div class=\"elementor-element elementor-element-168ddab elementor-widget elementor-widget-wd_counter\" data-id=\"168ddab\" data-element_type=\"widget\" data-widget_type=\"wd_counter.default\">\n\t\t\t\t<div class=\"elementor-widget-container\">\n\t\t\t\t\t\t\t<div class=\"woodmart-counter counter-large text-center color-scheme-light\">\n\t\t\t<div class=\"counter-value\" data-state=\"new\" data-final=\"60\">\n\t\t\t\t0\t\t\t<\/div>\n\n\t\t\t\t\t\t\t<div class=\"counter-label\">\n\t\t\t\t\tCOMMANDES PAR JOUR\t\t\t\t<\/div>\n\t\t\t\t\t<\/div>\n\t\t\t\t\t\t<\/div>\n\t\t\t\t<\/div>\n\t\t\t\t<\/div>\n\t\t<div class=\"elementor-element elementor-element-214de82 e-con-full e-flex e-con e-child\" data-id=\"214de82\" data-element_type=\"container\">\n\t\t\t\t<div class=\"elementor-element elementor-element-3444280 elementor-widget elementor-widget-wd_counter\" data-id=\"3444280\" data-element_type=\"widget\" data-widget_type=\"wd_counter.default\">\n\t\t\t\t<div class=\"elementor-widget-container\">\n\t\t\t\t\t\t\t<div class=\"woodmart-counter counter-large text-center color-scheme-light\">\n\t\t\t<div class=\"counter-value\" data-state=\"new\" data-final=\"6000\">\n\t\t\t\t0\t\t\t<\/div>\n\n\t\t\t\t\t\t\t<div class=\"counter-label\">\n\t\t\t\t\tLIVRAISONS EFFECTU\u00c9ES\t\t\t\t<\/div>\n\t\t\t\t\t<\/div>\n\t\t\t\t\t\t<\/div>\n\t\t\t\t<\/div>\n\t\t\t\t<\/div>\n\t\t\t\t<\/div>\n\t\t<div class=\"elementor-element elementor-element-2d29667 e-con-full e-flex e-con e-child\" data-id=\"2d29667\" data-element_type=\"container\">\n\t\t\t\t<\/div>\n\t\t\t\t<\/div>\n\t\t\t\t\t<\/div>\n\t\t\t\t<\/div>\n\t\t\t\t<\/div>","protected":false},"excerpt":{"rendered":"<p>\ud83d\udd25 W\u00e4rme aus Verantwortung \u2013 seit 2016 \u00dcber uns Ecoreichholz ist mehr als nur ein Onlineshop f\u00fcr Brennholz.Wir stehen f\u00fcr<\/p>","protected":false},"author":1,"featured_media":0,"parent":0,"menu_order":0,"comment_status":"closed","ping_status":"closed","template":"","meta":{"footnotes":""},"class_list":["post-4400","page","type-page","status-publish","hentry"],"yoast_head":"<!-- This site is optimized with the Yoast SEO plugin v26.2 - https:\/\/yoast.com\/wordpress\/plugins\/seo\/ -->\n<title>About us - Ecoreichholz<\/title>\n<meta name=\"robots\" content=\"index, follow, max-snippet:-1, max-image-preview:large, max-video-preview:-1\" \/>\n<link rel=\"canonical\" href=\"https:\/\/ecoreichholz.com\/fr\/about-us-3\/\" \/>\n<meta property=\"og:locale\" content=\"fr_FR\" \/>\n<meta property=\"og:type\" content=\"article\" \/>\n<meta property=\"og:title\" content=\"About us - Ecoreichholz\" \/>\n<meta property=\"og:description\" content=\"\ud83d\udd25 W\u00e4rme aus Verantwortung \u2013 seit 2016 \u00dcber uns Ecoreichholz ist mehr als nur ein Onlineshop f\u00fcr Brennholz.Wir stehen f\u00fcr\" \/>\n<meta property=\"og:url\" content=\"https:\/\/ecoreichholz.com\/fr\/about-us-3\/\" \/>\n<meta property=\"og:site_name\" content=\"Ecoreichholz\" \/>\n<meta property=\"article:modified_time\" content=\"2025-10-06T12:13:37+00:00\" \/>\n<meta property=\"og:image\" content=\"http:\/\/ecoreichholz.com\/wp-content\/uploads\/2025\/10\/trees-1088333_1920.jpg\" \/>\n<meta name=\"twitter:card\" content=\"summary_large_image\" \/>\n<meta name=\"twitter:label1\" content=\"Dur\u00e9e de lecture estim\u00e9e\" \/>\n\t<meta name=\"twitter:data1\" content=\"2 minutes\" \/>\n<script type=\"application\/ld+json\" class=\"yoast-schema-graph\">{\"@context\":\"https:\/\/schema.org\",\"@graph\":[{\"@type\":\"WebPage\",\"@id\":\"https:\/\/ecoreichholz.com\/about-us-3\/\",\"url\":\"https:\/\/ecoreichholz.com\/about-us-3\/\",\"name\":\"About us - Ecoreichholz\",\"isPartOf\":{\"@id\":\"https:\/\/ecoreichholz.com\/#website\"},\"primaryImageOfPage\":{\"@id\":\"https:\/\/ecoreichholz.com\/about-us-3\/#primaryimage\"},\"image\":{\"@id\":\"https:\/\/ecoreichholz.com\/about-us-3\/#primaryimage\"},\"thumbnailUrl\":\"http:\/\/ecoreichholz.com\/wp-content\/uploads\/2025\/10\/trees-1088333_1920.jpg\",\"datePublished\":\"2021-10-12T15:51:09+00:00\",\"dateModified\":\"2025-10-06T12:13:37+00:00\",\"breadcrumb\":{\"@id\":\"https:\/\/ecoreichholz.com\/about-us-3\/#breadcrumb\"},\"inLanguage\":\"fr-FR\",\"potentialAction\":[{\"@type\":\"ReadAction\",\"target\":[\"https:\/\/ecoreichholz.com\/about-us-3\/\"]}]},{\"@type\":\"ImageObject\",\"inLanguage\":\"fr-FR\",\"@id\":\"https:\/\/ecoreichholz.com\/about-us-3\/#primaryimage\",\"url\":\"http:\/\/ecoreichholz.com\/wp-content\/uploads\/2025\/10\/trees-1088333_1920.jpg\",\"contentUrl\":\"http:\/\/ecoreichholz.com\/wp-content\/uploads\/2025\/10\/trees-1088333_1920.jpg\"},{\"@type\":\"BreadcrumbList\",\"@id\":\"https:\/\/ecoreichholz.com\/about-us-3\/#breadcrumb\",\"itemListElement\":[{\"@type\":\"ListItem\",\"position\":1,\"name\":\"Accueil\",\"item\":\"https:\/\/ecoreichholz.com\/\"},{\"@type\":\"ListItem\",\"position\":2,\"name\":\"About us\"}]},{\"@type\":\"WebSite\",\"@id\":\"https:\/\/ecoreichholz.com\/#website\",\"url\":\"https:\/\/ecoreichholz.com\/\",\"name\":\"Ecoreichholz\",\"description\":\"\",\"publisher\":{\"@id\":\"https:\/\/ecoreichholz.com\/#organization\"},\"potentialAction\":[{\"@type\":\"SearchAction\",\"target\":{\"@type\":\"EntryPoint\",\"urlTemplate\":\"https:\/\/ecoreichholz.com\/?s={search_term_string}\"},\"query-input\":{\"@type\":\"PropertyValueSpecification\",\"valueRequired\":true,\"valueName\":\"search_term_string\"}}],\"inLanguage\":\"fr-FR\"},{\"@type\":\"Organization\",\"@id\":\"https:\/\/ecoreichholz.com\/#organization\",\"name\":\"Ecoreichholz\",\"url\":\"https:\/\/ecoreichholz.com\/\",\"logo\":{\"@type\":\"ImageObject\",\"inLanguage\":\"fr-FR\",\"@id\":\"https:\/\/ecoreichholz.com\/#\/schema\/logo\/image\/\",\"url\":\"https:\/\/ecoreichholz.com\/wp-content\/uploads\/2025\/01\/cropped-echoreichholz__3___1_-removebg-preview.png\",\"contentUrl\":\"https:\/\/ecoreichholz.com\/wp-content\/uploads\/2025\/01\/cropped-echoreichholz__3___1_-removebg-preview.png\",\"width\":1220,\"height\":204,\"caption\":\"Ecoreichholz\"},\"image\":{\"@id\":\"https:\/\/ecoreichholz.com\/#\/schema\/logo\/image\/\"}}]}<\/script>\n<!-- \/ Yoast SEO plugin. -->","yoast_head_json":{"title":"About us - Ecoreichholz","robots":{"index":"index","follow":"follow","max-snippet":"max-snippet:-1","max-image-preview":"max-image-preview:large","max-video-preview":"max-video-preview:-1"},"canonical":"https:\/\/ecoreichholz.com\/fr\/about-us-3\/","og_locale":"fr_FR","og_type":"article","og_title":"About us - Ecoreichholz","og_description":"\ud83d\udd25 W\u00e4rme aus Verantwortung \u2013 seit 2016 \u00dcber uns Ecoreichholz ist mehr als nur ein Onlineshop f\u00fcr Brennholz.Wir stehen f\u00fcr","og_url":"https:\/\/ecoreichholz.com\/fr\/about-us-3\/","og_site_name":"Ecoreichholz","article_modified_time":"2025-10-06T12:13:37+00:00","og_image":[{"url":"http:\/\/ecoreichholz.com\/wp-content\/uploads\/2025\/10\/trees-1088333_1920.jpg","type":"","width":"","height":""}],"twitter_card":"summary_large_image","twitter_misc":{"Dur\u00e9e de lecture estim\u00e9e":"2 minutes"},"schema":{"@context":"https:\/\/schema.org","@graph":[{"@type":"WebPage","@id":"https:\/\/ecoreichholz.com\/about-us-3\/","url":"https:\/\/ecoreichholz.com\/about-us-3\/","name":"About us - Ecoreichholz","isPartOf":{"@id":"https:\/\/ecoreichholz.com\/#website"},"primaryImageOfPage":{"@id":"https:\/\/ecoreichholz.com\/about-us-3\/#primaryimage"},"image":{"@id":"https:\/\/ecoreichholz.com\/about-us-3\/#primaryimage"},"thumbnailUrl":"http:\/\/ecoreichholz.com\/wp-content\/uploads\/2025\/10\/trees-1088333_1920.jpg","datePublished":"2021-10-12T15:51:09+00:00","dateModified":"2025-10-06T12:13:37+00:00","breadcrumb":{"@id":"https:\/\/ecoreichholz.com\/about-us-3\/#breadcrumb"},"inLanguage":"fr-FR","potentialAction":[{"@type":"ReadAction","target":["https:\/\/ecoreichholz.com\/about-us-3\/"]}]},{"@type":"ImageObject","inLanguage":"fr-FR","@id":"https:\/\/ecoreichholz.com\/about-us-3\/#primaryimage","url":"http:\/\/ecoreichholz.com\/wp-content\/uploads\/2025\/10\/trees-1088333_1920.jpg","contentUrl":"http:\/\/ecoreichholz.com\/wp-content\/uploads\/2025\/10\/trees-1088333_1920.jpg"},{"@type":"BreadcrumbList","@id":"https:\/\/ecoreichholz.com\/about-us-3\/#breadcrumb","itemListElement":[{"@type":"ListItem","position":1,"name":"Accueil","item":"https:\/\/ecoreichholz.com\/"},{"@type":"ListItem","position":2,"name":"About us"}]},{"@type":"WebSite","@id":"https:\/\/ecoreichholz.com\/#website","url":"https:\/\/ecoreichholz.com\/","name":"Bois riche \u00e9cologique","description":"","publisher":{"@id":"https:\/\/ecoreichholz.com\/#organization"},"potentialAction":[{"@type":"SearchAction","target":{"@type":"EntryPoint","urlTemplate":"https:\/\/ecoreichholz.com\/?s={search_term_string}"},"query-input":{"@type":"PropertyValueSpecification","valueRequired":true,"valueName":"search_term_string"}}],"inLanguage":"fr-FR"},{"@type":"Organization","@id":"https:\/\/ecoreichholz.com\/#organization","name":"Bois riche \u00e9cologique","url":"https:\/\/ecoreichholz.com\/","logo":{"@type":"ImageObject","inLanguage":"fr-FR","@id":"https:\/\/ecoreichholz.com\/#\/schema\/logo\/image\/","url":"https:\/\/ecoreichholz.com\/wp-content\/uploads\/2025\/01\/cropped-echoreichholz__3___1_-removebg-preview.png","contentUrl":"https:\/\/ecoreichholz.com\/wp-content\/uploads\/2025\/01\/cropped-echoreichholz__3___1_-removebg-preview.png","width":1220,"height":204,"caption":"Ecoreichholz"},"image":{"@id":"https:\/\/ecoreichholz.com\/#\/schema\/logo\/image\/"}}]}},"jetpack_sharing_enabled":true,"_links":{"self":[{"href":"https:\/\/ecoreichholz.com\/fr\/wp-json\/wp\/v2\/pages\/4400","targetHints":{"allow":["GET"]}}],"collection":[{"href":"https:\/\/ecoreichholz.com\/fr\/wp-json\/wp\/v2\/pages"}],"about":[{"href":"https:\/\/ecoreichholz.com\/fr\/wp-json\/wp\/v2\/types\/page"}],"author":[{"embeddable":true,"href":"https:\/\/ecoreichholz.com\/fr\/wp-json\/wp\/v2\/users\/1"}],"replies":[{"embeddable":true,"href":"https:\/\/ecoreichholz.com\/fr\/wp-json\/wp\/v2\/comments?post=4400"}],"version-history":[{"count":12,"href":"https:\/\/ecoreichholz.com\/fr\/wp-json\/wp\/v2\/pages\/4400\/revisions"}],"predecessor-version":[{"id":29966,"href":"https:\/\/ecoreichholz.com\/fr\/wp-json\/wp\/v2\/pages\/4400\/revisions\/29966"}],"wp:attachment":[{"href":"https:\/\/ecoreichholz.com\/fr\/wp-json\/wp\/v2\/media?parent=4400"}],"curies":[{"name":"wp","href":"https:\/\/api.w.org\/{rel}","templated":true}]}}