{"id":29850,"date":"2025-10-05T21:42:31","date_gmt":"2025-10-05T19:42:31","guid":{"rendered":"https:\/\/ecoreichholz.com\/?page_id=29850"},"modified":"2025-10-25T12:43:54","modified_gmt":"2025-10-25T10:43:54","slug":"versand-und-lieferbedingungen","status":"publish","type":"page","link":"https:\/\/ecoreichholz.com\/fr\/versand-und-lieferbedingungen\/","title":{"rendered":"Conditions d'exp\u00e9dition et de livraison"},"content":{"rendered":"<h3 class=\"wp-block-heading\">1. frais de livraison &amp; zones de livraison<\/h3>\n\n\n\n<p><strong>Frais d'exp\u00e9dition<\/strong>: livraisons dans la zone euro (c'est-\u00e0-dire Belgique, Allemagne, Estonie, Irlande, Gr\u00e8ce, Espagne, France, Croatie, Italie, Chypre, Lettonie, Lituanie, Luxembourg, Malte, Pays-Bas, Autriche, Portugal, Slov\u00e9nie, Slovaquie et Finlande) : Les frais de port sont gratuits dans la zone euro pour les commandes d'un montant sup\u00e9rieur \u00e0 150 \u20ac. Pour les commandes inf\u00e9rieures \u00e0 ce montant, des frais d'exp\u00e9dition forfaitaires de 15 \u20ac sont factur\u00e9s dans toute la zone euro.<\/p>\n\n\n\n<p><\/p>\n\n\n\n<hr class=\"wp-block-separator has-alpha-channel-opacity\"\/>\n\n\n\n<h3 class=\"wp-block-heading\">2. d\u00e9lais de traitement &amp; de livraison<\/h3>\n\n\n\n<figure class=\"wp-block-table\"><table class=\"has-fixed-layout\"><thead><tr><th>\u00c9tape du processus<\/th><th>Dur\u00e9e<\/th><\/tr><\/thead><tbody><tr><td>Traitement des commandes<\/td><td>2 - 3 jours ouvrables<\/td><\/tr><tr><td>Temps de transport<\/td><td>3 jours ouvrables<\/td><\/tr><tr><td><strong>D\u00e9lai de livraison total<\/strong><\/td><td><strong>5 - 6 jours ouvrables<\/strong><\/td><\/tr><\/tbody><\/table><\/figure>\n\n\n\n<p><strong>Heure de coupure :<\/strong>&nbsp;Les commandes pass\u00e9es avant 16h00 sont trait\u00e9es le jour m\u00eame.<\/p>\n\n\n\n<p><strong>jours ouvrables :<\/strong>&nbsp;Du lundi au vendredi (sauf jours f\u00e9ri\u00e9s), de 9h30 \u00e0 17h30.<\/p>\n\n\n\n<p><strong>Remarque<\/strong>: Les d\u00e9lais de livraison indiqu\u00e9s sont major\u00e9s et correspondent au d\u00e9lai de livraison maximum.<\/p>\n\n\n\n<hr class=\"wp-block-separator has-alpha-channel-opacity\"\/>\n\n\n\n<h3 class=\"wp-block-heading\">3. \u00e9tendue de la livraison &amp; services<\/h3>\n\n\n\n<p>Pour les appareils m\u00e9nagers, nous proposons :<br>\u2705 Porter vers le haut jusqu'\u00e0 l'appartement<br>\u2705 Installation professionnelle par du personnel certifi\u00e9<br>\u2705 Test de fonctionnement sur site apr\u00e8s montage<\/p>\n\n\n\n<p><strong>\u00c9limination des appareils usag\u00e9s :<\/strong><br>Enl\u00e8vement gratuit des appareils \u00e9lectriques usag\u00e9s conform\u00e9ment \u00e0 la loi sur les appareils \u00e9lectriques.<br>Veuillez s\u00e9lectionner activement l'option correspondante lors de la commande.<\/p>\n\n\n\n<hr class=\"wp-block-separator has-alpha-channel-opacity\"\/>\n\n\n\n<h3 class=\"wp-block-heading\">4. suivi de l'envoi<\/h3>\n\n\n\n<ul class=\"wp-block-list\">\n<li><strong>Code de suivi :<\/strong>&nbsp;Recevoir par e-mail dans les 24 heures suivant l'envoi<\/li>\n\n\n\n<li><strong>Suivi en direct :<\/strong>&nbsp;Via le site web du prestataire de transport concern\u00e9<\/li>\n<\/ul>\n\n\n\n<hr class=\"wp-block-separator has-alpha-channel-opacity\"\/>\n\n\n\n<h3 class=\"wp-block-heading\">5. r\u00e9ception des marchandises<\/h3>\n\n\n\n<p>Attention : contr\u00f4lez imm\u00e9diatement la marchandise lors de la remise pour d\u00e9tecter d'\u00e9ventuels dommages dus au transport.<\/p>\n\n\n\n<p><strong>En cas de sinistre :<\/strong><\/p>\n\n\n\n<ul class=\"wp-block-list\">\n<li>Informer le livreur et faire \u00e9tablir un constat de dommage<\/li>\n\n\n\n<li>Nous contacter imm\u00e9diatement :<br>\ud83d\udce7 Courrier \u00e9lectronique :\u00a0<strong><a>kontakt@ecoreichholz.com<\/a><\/strong><\/li>\n<\/ul>\n\n\n\n<hr class=\"wp-block-separator has-alpha-channel-opacity\"\/>\n\n\n\n<h3 class=\"wp-block-heading\">6. remarques importantes<\/h3>\n\n\n\n<ul class=\"wp-block-list\">\n<li><strong>Note d'installation :<\/strong>&nbsp;Pour les gros appareils, nous recommandons que quelqu'un soit pr\u00e9sent lors de la livraison.<\/li>\n\n\n\n<li><strong>les frais de douane :<\/strong>&nbsp;Pour les futures livraisons internationales possibles sur demande - les frais sont \u00e0 la charge du client.<\/li>\n<\/ul>\n\n\n\n<hr class=\"wp-block-separator has-alpha-channel-opacity\"\/>\n\n\n\n<h2 class=\"wp-block-heading\">Contact<\/h2>\n\n\n\n<p><strong>ECOREICHHOLZ<\/strong><br>\ud83d\udccd Adresse de l'entreprise:Reichartsh\u00e4user Berg 5 \u00e0 74937 Spechbach<br>\ud83d\udce7\u00a0<a>kontakt@ecoreichholz.com<\/a><br>\ud83d\udd52 Heures d'ouverture : du lundi au vendredi de 9h30 \u00e0 17h30<\/p>\n\n\n\n<p>Derni\u00e8re mise \u00e0 jour : 01 ao\u00fbt 2025<\/p>\n\n\n\n<p><\/p>","protected":false},"excerpt":{"rendered":"<p>1. frais de livraison &amp; zones de livraison Frais de livraison : livraisons dans la zone euro (c'est-\u00e0-dire Belgique, Allemagne, Estonie, Irlande, Gr\u00e8ce, Espagne, France, Croatie, Italie,<\/p>","protected":false},"author":1,"featured_media":0,"parent":0,"menu_order":0,"comment_status":"closed","ping_status":"closed","template":"","meta":{"footnotes":""},"class_list":["post-29850","page","type-page","status-publish","hentry"],"yoast_head":"<!-- This site is optimized with the Yoast SEO plugin v26.2 - https:\/\/yoast.com\/wordpress\/plugins\/seo\/ -->\n<title>Versand- und Lieferbedingungen - Ecoreichholz<\/title>\n<meta name=\"robots\" content=\"index, follow, max-snippet:-1, max-image-preview:large, max-video-preview:-1\" \/>\n<link rel=\"canonical\" href=\"https:\/\/ecoreichholz.com\/fr\/versand-und-lieferbedingungen\/\" \/>\n<meta property=\"og:locale\" content=\"fr_FR\" \/>\n<meta property=\"og:type\" content=\"article\" \/>\n<meta property=\"og:title\" content=\"Versand- und Lieferbedingungen - Ecoreichholz\" \/>\n<meta property=\"og:description\" content=\"1. Versandkosten &amp; Liefergebiete Versandkosten: Lieferungen innerhalb der Eurozone (d. h. Belgien, Deutschland, Estland, Irland, Griechenland, Spanien, Frankreich, Kroatien, Italien,\" \/>\n<meta property=\"og:url\" content=\"https:\/\/ecoreichholz.com\/fr\/versand-und-lieferbedingungen\/\" \/>\n<meta property=\"og:site_name\" content=\"Ecoreichholz\" \/>\n<meta property=\"article:modified_time\" content=\"2025-10-25T10:43:54+00:00\" \/>\n<meta name=\"twitter:card\" content=\"summary_large_image\" \/>\n<meta name=\"twitter:label1\" content=\"Dur\u00e9e de lecture estim\u00e9e\" \/>\n\t<meta name=\"twitter:data1\" content=\"2 minutes\" \/>\n<script type=\"application\/ld+json\" class=\"yoast-schema-graph\">{\"@context\":\"https:\/\/schema.org\",\"@graph\":[{\"@type\":\"WebPage\",\"@id\":\"https:\/\/ecoreichholz.com\/versand-und-lieferbedingungen\/\",\"url\":\"https:\/\/ecoreichholz.com\/versand-und-lieferbedingungen\/\",\"name\":\"Versand- und Lieferbedingungen - Ecoreichholz\",\"isPartOf\":{\"@id\":\"https:\/\/ecoreichholz.com\/#website\"},\"datePublished\":\"2025-10-05T19:42:31+00:00\",\"dateModified\":\"2025-10-25T10:43:54+00:00\",\"breadcrumb\":{\"@id\":\"https:\/\/ecoreichholz.com\/versand-und-lieferbedingungen\/#breadcrumb\"},\"inLanguage\":\"fr-FR\",\"potentialAction\":[{\"@type\":\"ReadAction\",\"target\":[\"https:\/\/ecoreichholz.com\/versand-und-lieferbedingungen\/\"]}]},{\"@type\":\"BreadcrumbList\",\"@id\":\"https:\/\/ecoreichholz.com\/versand-und-lieferbedingungen\/#breadcrumb\",\"itemListElement\":[{\"@type\":\"ListItem\",\"position\":1,\"name\":\"Accueil\",\"item\":\"https:\/\/ecoreichholz.com\/\"},{\"@type\":\"ListItem\",\"position\":2,\"name\":\"Versand- und Lieferbedingungen\"}]},{\"@type\":\"WebSite\",\"@id\":\"https:\/\/ecoreichholz.com\/#website\",\"url\":\"https:\/\/ecoreichholz.com\/\",\"name\":\"Ecoreichholz\",\"description\":\"\",\"publisher\":{\"@id\":\"https:\/\/ecoreichholz.com\/#organization\"},\"potentialAction\":[{\"@type\":\"SearchAction\",\"target\":{\"@type\":\"EntryPoint\",\"urlTemplate\":\"https:\/\/ecoreichholz.com\/?s={search_term_string}\"},\"query-input\":{\"@type\":\"PropertyValueSpecification\",\"valueRequired\":true,\"valueName\":\"search_term_string\"}}],\"inLanguage\":\"fr-FR\"},{\"@type\":\"Organization\",\"@id\":\"https:\/\/ecoreichholz.com\/#organization\",\"name\":\"Ecoreichholz\",\"url\":\"https:\/\/ecoreichholz.com\/\",\"logo\":{\"@type\":\"ImageObject\",\"inLanguage\":\"fr-FR\",\"@id\":\"https:\/\/ecoreichholz.com\/#\/schema\/logo\/image\/\",\"url\":\"https:\/\/ecoreichholz.com\/wp-content\/uploads\/2025\/01\/cropped-echoreichholz__3___1_-removebg-preview.png\",\"contentUrl\":\"https:\/\/ecoreichholz.com\/wp-content\/uploads\/2025\/01\/cropped-echoreichholz__3___1_-removebg-preview.png\",\"width\":1220,\"height\":204,\"caption\":\"Ecoreichholz\"},\"image\":{\"@id\":\"https:\/\/ecoreichholz.com\/#\/schema\/logo\/image\/\"}}]}<\/script>\n<!-- \/ Yoast SEO plugin. -->","yoast_head_json":{"title":"Versand- und Lieferbedingungen - Ecoreichholz","robots":{"index":"index","follow":"follow","max-snippet":"max-snippet:-1","max-image-preview":"max-image-preview:large","max-video-preview":"max-video-preview:-1"},"canonical":"https:\/\/ecoreichholz.com\/fr\/versand-und-lieferbedingungen\/","og_locale":"fr_FR","og_type":"article","og_title":"Versand- und Lieferbedingungen - Ecoreichholz","og_description":"1. Versandkosten &amp; Liefergebiete Versandkosten: Lieferungen innerhalb der Eurozone (d. h. Belgien, Deutschland, Estland, Irland, Griechenland, Spanien, Frankreich, Kroatien, Italien,","og_url":"https:\/\/ecoreichholz.com\/fr\/versand-und-lieferbedingungen\/","og_site_name":"Ecoreichholz","article_modified_time":"2025-10-25T10:43:54+00:00","twitter_card":"summary_large_image","twitter_misc":{"Dur\u00e9e de lecture estim\u00e9e":"2 minutes"},"schema":{"@context":"https:\/\/schema.org","@graph":[{"@type":"WebPage","@id":"https:\/\/ecoreichholz.com\/versand-und-lieferbedingungen\/","url":"https:\/\/ecoreichholz.com\/versand-und-lieferbedingungen\/","name":"Versand- und Lieferbedingungen - Ecoreichholz","isPartOf":{"@id":"https:\/\/ecoreichholz.com\/#website"},"datePublished":"2025-10-05T19:42:31+00:00","dateModified":"2025-10-25T10:43:54+00:00","breadcrumb":{"@id":"https:\/\/ecoreichholz.com\/versand-und-lieferbedingungen\/#breadcrumb"},"inLanguage":"fr-FR","potentialAction":[{"@type":"ReadAction","target":["https:\/\/ecoreichholz.com\/versand-und-lieferbedingungen\/"]}]},{"@type":"BreadcrumbList","@id":"https:\/\/ecoreichholz.com\/versand-und-lieferbedingungen\/#breadcrumb","itemListElement":[{"@type":"ListItem","position":1,"name":"Accueil","item":"https:\/\/ecoreichholz.com\/"},{"@type":"ListItem","position":2,"name":"Versand- und Lieferbedingungen"}]},{"@type":"WebSite","@id":"https:\/\/ecoreichholz.com\/#website","url":"https:\/\/ecoreichholz.com\/","name":"Bois riche \u00e9cologique","description":"","publisher":{"@id":"https:\/\/ecoreichholz.com\/#organization"},"potentialAction":[{"@type":"SearchAction","target":{"@type":"EntryPoint","urlTemplate":"https:\/\/ecoreichholz.com\/?s={search_term_string}"},"query-input":{"@type":"PropertyValueSpecification","valueRequired":true,"valueName":"search_term_string"}}],"inLanguage":"fr-FR"},{"@type":"Organization","@id":"https:\/\/ecoreichholz.com\/#organization","name":"Bois riche \u00e9cologique","url":"https:\/\/ecoreichholz.com\/","logo":{"@type":"ImageObject","inLanguage":"fr-FR","@id":"https:\/\/ecoreichholz.com\/#\/schema\/logo\/image\/","url":"https:\/\/ecoreichholz.com\/wp-content\/uploads\/2025\/01\/cropped-echoreichholz__3___1_-removebg-preview.png","contentUrl":"https:\/\/ecoreichholz.com\/wp-content\/uploads\/2025\/01\/cropped-echoreichholz__3___1_-removebg-preview.png","width":1220,"height":204,"caption":"Ecoreichholz"},"image":{"@id":"https:\/\/ecoreichholz.com\/#\/schema\/logo\/image\/"}}]}},"jetpack_sharing_enabled":true,"_links":{"self":[{"href":"https:\/\/ecoreichholz.com\/fr\/wp-json\/wp\/v2\/pages\/29850","targetHints":{"allow":["GET"]}}],"collection":[{"href":"https:\/\/ecoreichholz.com\/fr\/wp-json\/wp\/v2\/pages"}],"about":[{"href":"https:\/\/ecoreichholz.com\/fr\/wp-json\/wp\/v2\/types\/page"}],"author":[{"embeddable":true,"href":"https:\/\/ecoreichholz.com\/fr\/wp-json\/wp\/v2\/users\/1"}],"replies":[{"embeddable":true,"href":"https:\/\/ecoreichholz.com\/fr\/wp-json\/wp\/v2\/comments?post=29850"}],"version-history":[{"count":4,"href":"https:\/\/ecoreichholz.com\/fr\/wp-json\/wp\/v2\/pages\/29850\/revisions"}],"predecessor-version":[{"id":30029,"href":"https:\/\/ecoreichholz.com\/fr\/wp-json\/wp\/v2\/pages\/29850\/revisions\/30029"}],"wp:attachment":[{"href":"https:\/\/ecoreichholz.com\/fr\/wp-json\/wp\/v2\/media?parent=29850"}],"curies":[{"name":"wp","href":"https:\/\/api.w.org\/{rel}","templated":true}]}}