{"id":29844,"date":"2025-10-05T21:36:18","date_gmt":"2025-10-05T19:36:18","guid":{"rendered":"https:\/\/ecoreichholz.com\/?page_id=29844"},"modified":"2025-10-25T12:41:52","modified_gmt":"2025-10-25T10:41:52","slug":"cookie-richtlinie","status":"publish","type":"page","link":"https:\/\/ecoreichholz.com\/fr\/cookie-richtlinie\/","title":{"rendered":"Politique en mati\u00e8re de cookies"},"content":{"rendered":"<h2 class=\"wp-block-heading\">Que sont les cookies ?<\/h2>\n\n\n\n<p>Les cookies sont de petits fichiers texte qui sont stock\u00e9s sur votre appareil (par ex. ordinateur, smartphone) lorsque vous visitez notre site web. Ils nous aident \u00e0 am\u00e9liorer votre exp\u00e9rience utilisateur et \u00e0 optimiser nos services.<\/p>\n\n\n\n<hr class=\"wp-block-separator has-alpha-channel-opacity\"\/>\n\n\n\n<h2 class=\"wp-block-heading\">Comment utilisons-nous les cookies ?<\/h2>\n\n\n\n<p>Nous utilisons des cookies aux fins suivantes :<\/p>\n\n\n\n<ul class=\"wp-block-list\">\n<li>Gestion des sessions : pour que vous restiez connect\u00e9 pendant votre visite.<\/li>\n\n\n\n<li>Optimisation du site web : analyse de votre comportement d'interaction pour am\u00e9liorer l'exp\u00e9rience utilisateur.<\/li>\n\n\n\n<li>\u00c9valuations statistiques : Saisie du nombre de visiteurs et des pages fr\u00e9quemment consult\u00e9es.<\/li>\n\n\n\n<li>Des fonctions pratiques : Enregistrement de vos pr\u00e9f\u00e9rences (par ex. langue, panier) pour vos prochaines visites.<\/li>\n<\/ul>\n\n\n\n<hr class=\"wp-block-separator has-alpha-channel-opacity\"\/>\n\n\n\n<h2 class=\"wp-block-heading\">Types de cookies<\/h2>\n\n\n\n<p><strong>Cookies n\u00e9cessaires<\/strong><\/p>\n\n\n\n<ul class=\"wp-block-list\">\n<li>Objectif : indispensable pour les fonctions de base (par ex. panier d'achat, inscription)<\/li>\n\n\n\n<li>Exemple : les cookies de session qui sont automatiquement supprim\u00e9s apr\u00e8s la fermeture du navigateur.<\/li>\n<\/ul>\n\n\n\n<p><strong>Cookies fonctionnels<\/strong><\/p>\n\n\n\n<ul class=\"wp-block-list\">\n<li>Objectif : enregistrer vos pr\u00e9f\u00e9rences, telles que la r\u00e9gion ou le nom d'utilisateur, \u00e0 des fins de personnalisation.<\/li>\n<\/ul>\n\n\n\n<p><strong>Cookies d'analyse<\/strong><\/p>\n\n\n\n<ul class=\"wp-block-list\">\n<li>Objectif : collecter des donn\u00e9es agr\u00e9g\u00e9es sur l'utilisation du site web<\/li>\n\n\n\n<li>Outils : Google Analytics (avec adresse IP anonymis\u00e9e)<\/li>\n<\/ul>\n\n\n\n<p><strong>Cookies publicitaires<\/strong><\/p>\n\n\n\n<ul class=\"wp-block-list\">\n<li>Objectif : afficher des publicit\u00e9s pertinentes bas\u00e9es sur votre comportement d'utilisation<\/li>\n\n\n\n<li>Opt-out : possible via des plateformes telles que NAI ou EDAA<\/li>\n<\/ul>\n\n\n\n<p><strong>Cookies de tiers<\/strong><\/p>\n\n\n\n<ul class=\"wp-block-list\">\n<li>Exemples :\n<ul class=\"wp-block-list\">\n<li>Plugins de m\u00e9dias sociaux (par ex. Facebook, Instagram) pour les fonctions de partage<\/li>\n\n\n\n<li>Fournisseurs de paiement comme PayPal pour le traitement s\u00e9curis\u00e9 des transactions<\/li>\n<\/ul>\n<\/li>\n<\/ul>\n\n\n\n<hr class=\"wp-block-separator has-alpha-channel-opacity\"\/>\n\n\n\n<h2 class=\"wp-block-heading\">Comment g\u00e9rer les cookies ?<\/h2>\n\n\n\n<ul class=\"wp-block-list\">\n<li>Param\u00e8tres du navigateur : Vous pouvez bloquer ou supprimer les cookies \u00e0 tout moment. Vous trouverez des instructions \u00e0 ce sujet dans les pages d'aide de votre navigateur (par ex. Chrome, Firefox, Safari)...<\/li>\n\n\n\n<li>Appareils mobiles : sous iOS\/Android, vous pouvez d\u00e9sactiver la publicit\u00e9 personnalis\u00e9e dans les param\u00e8tres de confidentialit\u00e9.<\/li>\n\n\n\n<li>Des services externes : Utilisez des plateformes de d\u00e9sinscription comme la DAA.<\/li>\n<\/ul>\n\n\n\n<p>Remarque : la d\u00e9sactivation des cookies peut limiter la fonctionnalit\u00e9 de notre site web.<\/p>\n\n\n\n<hr class=\"wp-block-separator has-alpha-channel-opacity\"\/>\n\n\n\n<h2 class=\"wp-block-heading\">Responsable du traitement des donn\u00e9es<\/h2>\n\n\n\n<p><strong>Eco \u00e9l\u00e9ments de construction Ug (ECOREICHHOLZ)<\/strong><br>Adresse de la soci\u00e9t\u00e9 : Reichartsh\u00e4user Berg 5 \u00e0 74937 Spechbach<br>Num\u00e9ro d'organisation : HRB 711571 aupr\u00e8s du tribunal d'instance 68159 Mannheim<br>Forme d'entreprise : entreprise entrepreneuriale (\u00e0 responsabilit\u00e9 limit\u00e9e)<br>EUID : DEB8535.HRB711571<\/p>\n\n\n\n<p>\ud83d\udccd Adresse de l'entreprise:Reichartsh\u00e4user Berg 5 \u00e0 74937 Spechbach<br>\ud83d\udce7\u00a0<a>kontakt@ecoreichholz.com<\/a><br>\ud83d\udd52 Heures d'ouverture : du lundi au vendredi de 9h30 \u00e0 17h30<\/p>\n\n\n\n<hr class=\"wp-block-separator has-alpha-channel-opacity\"\/>\n\n\n\n<p>Derni\u00e8re mise \u00e0 jour : 01 janvier 2025<\/p>\n\n\n\n<p><\/p>","protected":false},"excerpt":{"rendered":"<p>Que sont les cookies ? Les cookies sont de petits fichiers texte qui sont enregistr\u00e9s sur votre appareil (par ex. ordinateur, smartphone) lorsque vous visitez notre site web.<\/p>","protected":false},"author":1,"featured_media":0,"parent":0,"menu_order":0,"comment_status":"closed","ping_status":"closed","template":"","meta":{"footnotes":""},"class_list":["post-29844","page","type-page","status-publish","hentry"],"yoast_head":"<!-- This site is optimized with the Yoast SEO plugin v26.2 - https:\/\/yoast.com\/wordpress\/plugins\/seo\/ -->\n<title>Cookie-Richtlinie - Ecoreichholz<\/title>\n<meta name=\"robots\" content=\"index, follow, max-snippet:-1, max-image-preview:large, max-video-preview:-1\" \/>\n<link rel=\"canonical\" href=\"https:\/\/ecoreichholz.com\/fr\/cookie-richtlinie\/\" \/>\n<meta property=\"og:locale\" content=\"fr_FR\" \/>\n<meta property=\"og:type\" content=\"article\" \/>\n<meta property=\"og:title\" content=\"Cookie-Richtlinie - Ecoreichholz\" \/>\n<meta property=\"og:description\" content=\"Was sind Cookies? Cookies sind kleine Textdateien, die auf Ihrem Ger\u00e4t (z. B. Computer, Smartphone) gespeichert werden, wenn Sie unsere\" \/>\n<meta property=\"og:url\" content=\"https:\/\/ecoreichholz.com\/fr\/cookie-richtlinie\/\" \/>\n<meta property=\"og:site_name\" content=\"Ecoreichholz\" \/>\n<meta property=\"article:modified_time\" content=\"2025-10-25T10:41:52+00:00\" \/>\n<meta name=\"twitter:card\" content=\"summary_large_image\" \/>\n<meta name=\"twitter:label1\" content=\"Dur\u00e9e de lecture estim\u00e9e\" \/>\n\t<meta name=\"twitter:data1\" content=\"2 minutes\" \/>\n<script type=\"application\/ld+json\" class=\"yoast-schema-graph\">{\"@context\":\"https:\/\/schema.org\",\"@graph\":[{\"@type\":\"WebPage\",\"@id\":\"https:\/\/ecoreichholz.com\/cookie-richtlinie\/\",\"url\":\"https:\/\/ecoreichholz.com\/cookie-richtlinie\/\",\"name\":\"Cookie-Richtlinie - Ecoreichholz\",\"isPartOf\":{\"@id\":\"https:\/\/ecoreichholz.com\/#website\"},\"datePublished\":\"2025-10-05T19:36:18+00:00\",\"dateModified\":\"2025-10-25T10:41:52+00:00\",\"breadcrumb\":{\"@id\":\"https:\/\/ecoreichholz.com\/cookie-richtlinie\/#breadcrumb\"},\"inLanguage\":\"fr-FR\",\"potentialAction\":[{\"@type\":\"ReadAction\",\"target\":[\"https:\/\/ecoreichholz.com\/cookie-richtlinie\/\"]}]},{\"@type\":\"BreadcrumbList\",\"@id\":\"https:\/\/ecoreichholz.com\/cookie-richtlinie\/#breadcrumb\",\"itemListElement\":[{\"@type\":\"ListItem\",\"position\":1,\"name\":\"Accueil\",\"item\":\"https:\/\/ecoreichholz.com\/\"},{\"@type\":\"ListItem\",\"position\":2,\"name\":\"Cookie-Richtlinie\"}]},{\"@type\":\"WebSite\",\"@id\":\"https:\/\/ecoreichholz.com\/#website\",\"url\":\"https:\/\/ecoreichholz.com\/\",\"name\":\"Ecoreichholz\",\"description\":\"\",\"publisher\":{\"@id\":\"https:\/\/ecoreichholz.com\/#organization\"},\"potentialAction\":[{\"@type\":\"SearchAction\",\"target\":{\"@type\":\"EntryPoint\",\"urlTemplate\":\"https:\/\/ecoreichholz.com\/?s={search_term_string}\"},\"query-input\":{\"@type\":\"PropertyValueSpecification\",\"valueRequired\":true,\"valueName\":\"search_term_string\"}}],\"inLanguage\":\"fr-FR\"},{\"@type\":\"Organization\",\"@id\":\"https:\/\/ecoreichholz.com\/#organization\",\"name\":\"Ecoreichholz\",\"url\":\"https:\/\/ecoreichholz.com\/\",\"logo\":{\"@type\":\"ImageObject\",\"inLanguage\":\"fr-FR\",\"@id\":\"https:\/\/ecoreichholz.com\/#\/schema\/logo\/image\/\",\"url\":\"https:\/\/ecoreichholz.com\/wp-content\/uploads\/2025\/01\/cropped-echoreichholz__3___1_-removebg-preview.png\",\"contentUrl\":\"https:\/\/ecoreichholz.com\/wp-content\/uploads\/2025\/01\/cropped-echoreichholz__3___1_-removebg-preview.png\",\"width\":1220,\"height\":204,\"caption\":\"Ecoreichholz\"},\"image\":{\"@id\":\"https:\/\/ecoreichholz.com\/#\/schema\/logo\/image\/\"}}]}<\/script>\n<!-- \/ Yoast SEO plugin. -->","yoast_head_json":{"title":"Cookie-Richtlinie - Ecoreichholz","robots":{"index":"index","follow":"follow","max-snippet":"max-snippet:-1","max-image-preview":"max-image-preview:large","max-video-preview":"max-video-preview:-1"},"canonical":"https:\/\/ecoreichholz.com\/fr\/cookie-richtlinie\/","og_locale":"fr_FR","og_type":"article","og_title":"Cookie-Richtlinie - Ecoreichholz","og_description":"Was sind Cookies? Cookies sind kleine Textdateien, die auf Ihrem Ger\u00e4t (z. B. Computer, Smartphone) gespeichert werden, wenn Sie unsere","og_url":"https:\/\/ecoreichholz.com\/fr\/cookie-richtlinie\/","og_site_name":"Ecoreichholz","article_modified_time":"2025-10-25T10:41:52+00:00","twitter_card":"summary_large_image","twitter_misc":{"Dur\u00e9e de lecture estim\u00e9e":"2 minutes"},"schema":{"@context":"https:\/\/schema.org","@graph":[{"@type":"WebPage","@id":"https:\/\/ecoreichholz.com\/cookie-richtlinie\/","url":"https:\/\/ecoreichholz.com\/cookie-richtlinie\/","name":"Cookie-Richtlinie - Ecoreichholz","isPartOf":{"@id":"https:\/\/ecoreichholz.com\/#website"},"datePublished":"2025-10-05T19:36:18+00:00","dateModified":"2025-10-25T10:41:52+00:00","breadcrumb":{"@id":"https:\/\/ecoreichholz.com\/cookie-richtlinie\/#breadcrumb"},"inLanguage":"fr-FR","potentialAction":[{"@type":"ReadAction","target":["https:\/\/ecoreichholz.com\/cookie-richtlinie\/"]}]},{"@type":"BreadcrumbList","@id":"https:\/\/ecoreichholz.com\/cookie-richtlinie\/#breadcrumb","itemListElement":[{"@type":"ListItem","position":1,"name":"Accueil","item":"https:\/\/ecoreichholz.com\/"},{"@type":"ListItem","position":2,"name":"Cookie-Richtlinie"}]},{"@type":"WebSite","@id":"https:\/\/ecoreichholz.com\/#website","url":"https:\/\/ecoreichholz.com\/","name":"Bois riche \u00e9cologique","description":"","publisher":{"@id":"https:\/\/ecoreichholz.com\/#organization"},"potentialAction":[{"@type":"SearchAction","target":{"@type":"EntryPoint","urlTemplate":"https:\/\/ecoreichholz.com\/?s={search_term_string}"},"query-input":{"@type":"PropertyValueSpecification","valueRequired":true,"valueName":"search_term_string"}}],"inLanguage":"fr-FR"},{"@type":"Organization","@id":"https:\/\/ecoreichholz.com\/#organization","name":"Bois riche \u00e9cologique","url":"https:\/\/ecoreichholz.com\/","logo":{"@type":"ImageObject","inLanguage":"fr-FR","@id":"https:\/\/ecoreichholz.com\/#\/schema\/logo\/image\/","url":"https:\/\/ecoreichholz.com\/wp-content\/uploads\/2025\/01\/cropped-echoreichholz__3___1_-removebg-preview.png","contentUrl":"https:\/\/ecoreichholz.com\/wp-content\/uploads\/2025\/01\/cropped-echoreichholz__3___1_-removebg-preview.png","width":1220,"height":204,"caption":"Ecoreichholz"},"image":{"@id":"https:\/\/ecoreichholz.com\/#\/schema\/logo\/image\/"}}]}},"jetpack_sharing_enabled":true,"_links":{"self":[{"href":"https:\/\/ecoreichholz.com\/fr\/wp-json\/wp\/v2\/pages\/29844","targetHints":{"allow":["GET"]}}],"collection":[{"href":"https:\/\/ecoreichholz.com\/fr\/wp-json\/wp\/v2\/pages"}],"about":[{"href":"https:\/\/ecoreichholz.com\/fr\/wp-json\/wp\/v2\/types\/page"}],"author":[{"embeddable":true,"href":"https:\/\/ecoreichholz.com\/fr\/wp-json\/wp\/v2\/users\/1"}],"replies":[{"embeddable":true,"href":"https:\/\/ecoreichholz.com\/fr\/wp-json\/wp\/v2\/comments?post=29844"}],"version-history":[{"count":3,"href":"https:\/\/ecoreichholz.com\/fr\/wp-json\/wp\/v2\/pages\/29844\/revisions"}],"predecessor-version":[{"id":30027,"href":"https:\/\/ecoreichholz.com\/fr\/wp-json\/wp\/v2\/pages\/29844\/revisions\/30027"}],"wp:attachment":[{"href":"https:\/\/ecoreichholz.com\/fr\/wp-json\/wp\/v2\/media?parent=29844"}],"curies":[{"name":"wp","href":"https:\/\/api.w.org\/{rel}","templated":true}]}}