{"id":29842,"date":"2025-10-05T21:34:53","date_gmt":"2025-10-05T19:34:53","guid":{"rendered":"https:\/\/ecoreichholz.com\/?page_id=29842"},"modified":"2025-10-25T12:40:54","modified_gmt":"2025-10-25T10:40:54","slug":"datenschutzerklarung","status":"publish","type":"page","link":"https:\/\/ecoreichholz.com\/fr\/datenschutzerklarung\/","title":{"rendered":"D\u00e9claration de confidentialit\u00e9"},"content":{"rendered":"<p>\ud83d\udccd\u00a0<strong>Emplacement :<\/strong>\u00a0Reichartsh\u00e4user Berg 5 \u00e0 74937 Spechbach<br>\ud83d\udce7\u00a0<strong>Courrier \u00e9lectronique :<\/strong>\u00a0<a>kontakt@ecoreichholz.com<\/a><br>\ud83d\udd52\u00a0<strong>Horaires d'ouverture :<\/strong>\u00a0du lundi au vendredi, de 09h30 \u00e0 17h30<br>\ud83d\udce9\u00a0<strong>M\u00e9thode de contact pr\u00e9f\u00e9r\u00e9e :<\/strong>\u00a0Courrier \u00e9lectronique<\/p>\n\n\n\n<p>La pr\u00e9sente d\u00e9claration de confidentialit\u00e9 explique notre politique de collecte, d'utilisation et de divulgation de vos donn\u00e9es lorsque vous utilisez nos services. Elle vous informe \u00e9galement de vos droits en mati\u00e8re de protection des donn\u00e9es et de protection conform\u00e9ment \u00e0 la l\u00e9gislation en vigueur.<\/p>\n\n\n\n<hr class=\"wp-block-separator has-alpha-channel-opacity\"\/>\n\n\n\n<h3 class=\"wp-block-heading\">1. bases, d\u00e9finitions &amp; informations juridiques<\/h3>\n\n\n\n<p><strong>Interpr\u00e9tation :<\/strong><br>Les termes avec une majuscule ont la signification suivante (valable au singulier &amp; au pluriel) :<\/p>\n\n\n\n<ul class=\"wp-block-list\">\n<li><strong>Ce site\/cette application :<\/strong>&nbsp;La plate-forme en ligne sous le domaine&nbsp;<strong>ecoreichholz.com<\/strong><\/li>\n\n\n\n<li><strong>Propri\u00e9taire (\u201eNous\u201c) :<\/strong>&nbsp;ECOREICHHOLZ, repr\u00e9sent\u00e9e par le g\u00e9rant <strong>\u00c9l\u00e9ments de construction Eco Ug<\/strong><\/li>\n\n\n\n<li><strong>Adresse de la soci\u00e9t\u00e9 <\/strong>Reichartsh\u00e4user Berg 5 \u00e0 74937 Spechbach<\/li>\n\n\n\n<li><strong>utilisateur (\u201evous\u201c) :<\/strong>&nbsp;Toute personne qui utilise notre site ou nos services<\/li>\n\n\n\n<li><strong>Fournisseur de services :<\/strong>&nbsp;Partenaires externes qui traitent les donn\u00e9es en sous-traitance (par exemple, les soci\u00e9t\u00e9s de traitement des paiements)<\/li>\n\n\n\n<li><strong>Donn\u00e9es personnelles :<\/strong>&nbsp;Informations permettant de vous identifier (nom, e-mail, adresse, etc.)<\/li>\n\n\n\n<li><strong>Les cookies :<\/strong>&nbsp;Petits fichiers stock\u00e9s sur votre appareil afin d'am\u00e9liorer l'exp\u00e9rience utilisateur et la s\u00e9curit\u00e9.<\/li>\n<\/ul>\n\n\n\n<hr class=\"wp-block-separator has-alpha-channel-opacity\"\/>\n\n\n\n<h3 class=\"wp-block-heading\">2. quelles sont les donn\u00e9es collect\u00e9es ?<\/h3>\n\n\n\n<p><strong>Donn\u00e9es personnelles :<\/strong><\/p>\n\n\n\n<ul class=\"wp-block-list\">\n<li>Pr\u00e9nom et nom de famille<\/li>\n\n\n\n<li>Adresse \u00e9lectronique<\/li>\n\n\n\n<li>Num\u00e9ro de t\u00e9l\u00e9phone<\/li>\n\n\n\n<li>Adresse (code postal, ville, \u00e9tat)<\/li>\n\n\n\n<li>Donn\u00e9es de paiement (par exemple, en cas de virement bancaire : date de naissance, copie de la pi\u00e8ce d'identit\u00e9)<\/li>\n<\/ul>\n\n\n\n<p><strong>Donn\u00e9es d'utilisation :<\/strong><\/p>\n\n\n\n<ul class=\"wp-block-list\">\n<li>adresse IP, type de navigateur, syst\u00e8me d'exploitation<\/li>\n\n\n\n<li>Pages visit\u00e9es, dur\u00e9e de la visite<\/li>\n\n\n\n<li>Informations sur l'appareil (en cas d'acc\u00e8s mobile)<\/li>\n<\/ul>\n\n\n\n<p><strong>les technologies de suivi :<\/strong><br>Nous utilisons des cookies (n\u00e9cessaires, fonctionnels, analytiques) et des outils similaires (par exemple, des balises pixel).<br>\u2192 Pour plus de d\u00e9tails, consultez notre politique en mati\u00e8re de cookies<\/p>\n\n\n\n<hr class=\"wp-block-separator has-alpha-channel-opacity\"\/>\n\n\n\n<h3 class=\"wp-block-heading\">3. utilisation de vos donn\u00e9es<\/h3>\n\n\n\n<ul class=\"wp-block-list\">\n<li>Pour fournir et am\u00e9liorer nos services<\/li>\n\n\n\n<li>Pour l'ex\u00e9cution du contrat (par ex. achat, assistance)<\/li>\n\n\n\n<li>Pour la communication (par ex. \u00e9tat de la commande, consignes de s\u00e9curit\u00e9)<\/li>\n\n\n\n<li>Pour la publicit\u00e9 personnalis\u00e9e (uniquement avec votre consentement)<\/li>\n\n\n\n<li>Pour analyser le comportement des utilisateurs et les tendances<\/li>\n<\/ul>\n\n\n\n<hr class=\"wp-block-separator has-alpha-channel-opacity\"\/>\n\n\n\n<h3 class=\"wp-block-heading\">4. transmission de donn\u00e9es<\/h3>\n\n\n\n<ul class=\"wp-block-list\">\n<li>Aux prestataires de services (par exemple, les fournisseurs de paiement, les prestataires de services informatiques, les partenaires de marketing)<\/li>\n\n\n\n<li>En cas d'obligations l\u00e9gales (par exemple, obligation de fournir des informations aux autorit\u00e9s)<\/li>\n\n\n\n<li>En cas de changement d'entreprise (par exemple, fusion, acquisition)<\/li>\n\n\n\n<li>Pas de transmission \u00e0 des tiers sans votre consentement explicite<\/li>\n<\/ul>\n\n\n\n<hr class=\"wp-block-separator has-alpha-channel-opacity\"\/>\n\n\n\n<h3 class=\"wp-block-heading\">5. dur\u00e9e de conservation<\/h3>\n\n\n\n<p>Vos donn\u00e9es ne seront conserv\u00e9es que tant que :<\/p>\n\n\n\n<ul class=\"wp-block-list\">\n<li>si cela est n\u00e9cessaire \u00e0 l'ex\u00e9cution du contrat<\/li>\n\n\n\n<li>les d\u00e9lais de conservation l\u00e9gaux le prescrivent<\/li>\n\n\n\n<li>ou si vous retirez votre consentement<\/li>\n<\/ul>\n\n\n\n<hr class=\"wp-block-separator has-alpha-channel-opacity\"\/>\n\n\n\n<h3 class=\"wp-block-heading\">6. vos droits en vertu du RGPD<\/h3>\n\n\n\n<p>Vous avez le droit de<\/p>\n\n\n\n<ul class=\"wp-block-list\">\n<li>Information sur vos donn\u00e9es enregistr\u00e9es<\/li>\n\n\n\n<li>Rectification des donn\u00e9es inexactes ou incompl\u00e8tes<\/li>\n\n\n\n<li>Effacement de vos donn\u00e9es (\u201edroit \u00e0 l'oubli\u201c)<\/li>\n\n\n\n<li>Opposition au traitement de vos donn\u00e9es<\/li>\n\n\n\n<li>Transf\u00e9rabilit\u00e9 de vos donn\u00e9es<\/li>\n\n\n\n<li>R\u00e9vocation des consentements d\u00e9j\u00e0 donn\u00e9s<\/li>\n<\/ul>\n\n\n\n<p><strong>Contact pour les questions relatives \u00e0 la protection des donn\u00e9es :<\/strong><br>\ud83d\udce7\u00a0<a>kontakt@ecoreichholz.com<\/a><\/p>\n\n\n\n<hr class=\"wp-block-separator has-alpha-channel-opacity\"\/>\n\n\n\n<h3 class=\"wp-block-heading\">7. s\u00e9curit\u00e9<\/h3>\n\n\n\n<p>Nous mettons en \u0153uvre des mesures techniques et organisationnelles pour prot\u00e9ger vos donn\u00e9es contre la perte, le vol ou l'acc\u00e8s non autoris\u00e9. Cependant, nous ne pouvons pas garantir une s\u00e9curit\u00e9 \u00e0 100%.<\/p>\n\n\n\n<hr class=\"wp-block-separator has-alpha-channel-opacity\"\/>\n\n\n\n<h3 class=\"wp-block-heading\">8. modifications de la pr\u00e9sente d\u00e9claration<\/h3>\n\n\n\n<p>Toute modification de la pr\u00e9sente d\u00e9claration de confidentialit\u00e9 sera publi\u00e9e sur notre site web. En cas de modifications importantes, nous vous en informerons activement (par exemple par e-mail ou par une mention sur la page d'accueil).<\/p>\n\n\n\n<hr class=\"wp-block-separator has-alpha-channel-opacity\"\/>\n\n\n\n<h3 class=\"wp-block-heading\">9. liens externes<\/h3>\n\n\n\n<p>Notre site web peut contenir des liens vers d'autres sites web. Leurs contenus et leurs pratiques en mati\u00e8re de protection des donn\u00e9es rel\u00e8vent exclusivement de la responsabilit\u00e9 de leurs fournisseurs respectifs.<\/p>\n\n\n\n<hr class=\"wp-block-separator has-alpha-channel-opacity\"\/>\n\n\n\n<p>\ud83d\udcc5 Derni\u00e8re mise \u00e0 jour : 01 janvier 2025<\/p>\n\n\n\n<p><\/p>","protected":false},"excerpt":{"rendered":"<p>\ud83d\udccd Localisation : Reichartsh\u00e4user Berg 5 \u00e0 74937 Spechbach\ud83d\udce7 E-mail : kontakt@ecoreichholz.com\ud83d\udd52 Heures d'ouverture : Du lundi au vendredi, de 9h30 \u00e0 17h30\ud83d\udce9 M\u00e9thode de contact pr\u00e9f\u00e9r\u00e9e : e-mail Cette politique de confidentialit\u00e9 explique notre politique de collecte, d'utilisation et de<\/p>","protected":false},"author":1,"featured_media":0,"parent":0,"menu_order":0,"comment_status":"closed","ping_status":"closed","template":"","meta":{"footnotes":""},"class_list":["post-29842","page","type-page","status-publish","hentry"],"yoast_head":"<!-- This site is optimized with the Yoast SEO plugin v26.2 - https:\/\/yoast.com\/wordpress\/plugins\/seo\/ -->\n<title>Datenschutzerkl\u00e4rung - Ecoreichholz<\/title>\n<meta name=\"robots\" content=\"index, follow, max-snippet:-1, max-image-preview:large, max-video-preview:-1\" \/>\n<link rel=\"canonical\" href=\"https:\/\/ecoreichholz.com\/fr\/datenschutzerklarung\/\" \/>\n<meta property=\"og:locale\" content=\"fr_FR\" \/>\n<meta property=\"og:type\" content=\"article\" \/>\n<meta property=\"og:title\" content=\"Datenschutzerkl\u00e4rung - Ecoreichholz\" \/>\n<meta property=\"og:description\" content=\"\ud83d\udccd\u00a0Standort:\u00a0Reichartsh\u00e4user Berg 5 in 74937 Spechbach\ud83d\udce7\u00a0E-Mail:\u00a0kontakt@ecoreichholz.com\ud83d\udd52\u00a0\u00d6ffnungszeiten:\u00a0Montag bis Freitag, 09:30\u201317:30 Uhr\ud83d\udce9\u00a0Bevorzugte Kontaktmethode:\u00a0E-Mail Diese Datenschutzerkl\u00e4rung erl\u00e4utert unsere Richtlinien zur Erfassung, Verwendung und\" \/>\n<meta property=\"og:url\" content=\"https:\/\/ecoreichholz.com\/fr\/datenschutzerklarung\/\" \/>\n<meta property=\"og:site_name\" content=\"Ecoreichholz\" \/>\n<meta property=\"article:modified_time\" content=\"2025-10-25T10:40:54+00:00\" \/>\n<meta name=\"twitter:card\" content=\"summary_large_image\" \/>\n<meta name=\"twitter:label1\" content=\"Dur\u00e9e de lecture estim\u00e9e\" \/>\n\t<meta name=\"twitter:data1\" content=\"3 minutes\" \/>\n<script type=\"application\/ld+json\" class=\"yoast-schema-graph\">{\"@context\":\"https:\/\/schema.org\",\"@graph\":[{\"@type\":\"WebPage\",\"@id\":\"https:\/\/ecoreichholz.com\/datenschutzerklarung\/\",\"url\":\"https:\/\/ecoreichholz.com\/datenschutzerklarung\/\",\"name\":\"Datenschutzerkl\u00e4rung - Ecoreichholz\",\"isPartOf\":{\"@id\":\"https:\/\/ecoreichholz.com\/#website\"},\"datePublished\":\"2025-10-05T19:34:53+00:00\",\"dateModified\":\"2025-10-25T10:40:54+00:00\",\"breadcrumb\":{\"@id\":\"https:\/\/ecoreichholz.com\/datenschutzerklarung\/#breadcrumb\"},\"inLanguage\":\"fr-FR\",\"potentialAction\":[{\"@type\":\"ReadAction\",\"target\":[\"https:\/\/ecoreichholz.com\/datenschutzerklarung\/\"]}]},{\"@type\":\"BreadcrumbList\",\"@id\":\"https:\/\/ecoreichholz.com\/datenschutzerklarung\/#breadcrumb\",\"itemListElement\":[{\"@type\":\"ListItem\",\"position\":1,\"name\":\"Accueil\",\"item\":\"https:\/\/ecoreichholz.com\/\"},{\"@type\":\"ListItem\",\"position\":2,\"name\":\"Datenschutzerkl\u00e4rung\"}]},{\"@type\":\"WebSite\",\"@id\":\"https:\/\/ecoreichholz.com\/#website\",\"url\":\"https:\/\/ecoreichholz.com\/\",\"name\":\"Ecoreichholz\",\"description\":\"\",\"publisher\":{\"@id\":\"https:\/\/ecoreichholz.com\/#organization\"},\"potentialAction\":[{\"@type\":\"SearchAction\",\"target\":{\"@type\":\"EntryPoint\",\"urlTemplate\":\"https:\/\/ecoreichholz.com\/?s={search_term_string}\"},\"query-input\":{\"@type\":\"PropertyValueSpecification\",\"valueRequired\":true,\"valueName\":\"search_term_string\"}}],\"inLanguage\":\"fr-FR\"},{\"@type\":\"Organization\",\"@id\":\"https:\/\/ecoreichholz.com\/#organization\",\"name\":\"Ecoreichholz\",\"url\":\"https:\/\/ecoreichholz.com\/\",\"logo\":{\"@type\":\"ImageObject\",\"inLanguage\":\"fr-FR\",\"@id\":\"https:\/\/ecoreichholz.com\/#\/schema\/logo\/image\/\",\"url\":\"https:\/\/ecoreichholz.com\/wp-content\/uploads\/2025\/01\/cropped-echoreichholz__3___1_-removebg-preview.png\",\"contentUrl\":\"https:\/\/ecoreichholz.com\/wp-content\/uploads\/2025\/01\/cropped-echoreichholz__3___1_-removebg-preview.png\",\"width\":1220,\"height\":204,\"caption\":\"Ecoreichholz\"},\"image\":{\"@id\":\"https:\/\/ecoreichholz.com\/#\/schema\/logo\/image\/\"}}]}<\/script>\n<!-- \/ Yoast SEO plugin. -->","yoast_head_json":{"title":"Datenschutzerkl\u00e4rung - Ecoreichholz","robots":{"index":"index","follow":"follow","max-snippet":"max-snippet:-1","max-image-preview":"max-image-preview:large","max-video-preview":"max-video-preview:-1"},"canonical":"https:\/\/ecoreichholz.com\/fr\/datenschutzerklarung\/","og_locale":"fr_FR","og_type":"article","og_title":"Datenschutzerkl\u00e4rung - Ecoreichholz","og_description":"\ud83d\udccd\u00a0Standort:\u00a0Reichartsh\u00e4user Berg 5 in 74937 Spechbach\ud83d\udce7\u00a0E-Mail:\u00a0kontakt@ecoreichholz.com\ud83d\udd52\u00a0\u00d6ffnungszeiten:\u00a0Montag bis Freitag, 09:30\u201317:30 Uhr\ud83d\udce9\u00a0Bevorzugte Kontaktmethode:\u00a0E-Mail Diese Datenschutzerkl\u00e4rung erl\u00e4utert unsere Richtlinien zur Erfassung, Verwendung und","og_url":"https:\/\/ecoreichholz.com\/fr\/datenschutzerklarung\/","og_site_name":"Ecoreichholz","article_modified_time":"2025-10-25T10:40:54+00:00","twitter_card":"summary_large_image","twitter_misc":{"Dur\u00e9e de lecture estim\u00e9e":"3 minutes"},"schema":{"@context":"https:\/\/schema.org","@graph":[{"@type":"WebPage","@id":"https:\/\/ecoreichholz.com\/datenschutzerklarung\/","url":"https:\/\/ecoreichholz.com\/datenschutzerklarung\/","name":"Datenschutzerkl\u00e4rung - Ecoreichholz","isPartOf":{"@id":"https:\/\/ecoreichholz.com\/#website"},"datePublished":"2025-10-05T19:34:53+00:00","dateModified":"2025-10-25T10:40:54+00:00","breadcrumb":{"@id":"https:\/\/ecoreichholz.com\/datenschutzerklarung\/#breadcrumb"},"inLanguage":"fr-FR","potentialAction":[{"@type":"ReadAction","target":["https:\/\/ecoreichholz.com\/datenschutzerklarung\/"]}]},{"@type":"BreadcrumbList","@id":"https:\/\/ecoreichholz.com\/datenschutzerklarung\/#breadcrumb","itemListElement":[{"@type":"ListItem","position":1,"name":"Accueil","item":"https:\/\/ecoreichholz.com\/"},{"@type":"ListItem","position":2,"name":"Datenschutzerkl\u00e4rung"}]},{"@type":"WebSite","@id":"https:\/\/ecoreichholz.com\/#website","url":"https:\/\/ecoreichholz.com\/","name":"Bois riche \u00e9cologique","description":"","publisher":{"@id":"https:\/\/ecoreichholz.com\/#organization"},"potentialAction":[{"@type":"SearchAction","target":{"@type":"EntryPoint","urlTemplate":"https:\/\/ecoreichholz.com\/?s={search_term_string}"},"query-input":{"@type":"PropertyValueSpecification","valueRequired":true,"valueName":"search_term_string"}}],"inLanguage":"fr-FR"},{"@type":"Organization","@id":"https:\/\/ecoreichholz.com\/#organization","name":"Bois riche \u00e9cologique","url":"https:\/\/ecoreichholz.com\/","logo":{"@type":"ImageObject","inLanguage":"fr-FR","@id":"https:\/\/ecoreichholz.com\/#\/schema\/logo\/image\/","url":"https:\/\/ecoreichholz.com\/wp-content\/uploads\/2025\/01\/cropped-echoreichholz__3___1_-removebg-preview.png","contentUrl":"https:\/\/ecoreichholz.com\/wp-content\/uploads\/2025\/01\/cropped-echoreichholz__3___1_-removebg-preview.png","width":1220,"height":204,"caption":"Ecoreichholz"},"image":{"@id":"https:\/\/ecoreichholz.com\/#\/schema\/logo\/image\/"}}]}},"jetpack_sharing_enabled":true,"_links":{"self":[{"href":"https:\/\/ecoreichholz.com\/fr\/wp-json\/wp\/v2\/pages\/29842","targetHints":{"allow":["GET"]}}],"collection":[{"href":"https:\/\/ecoreichholz.com\/fr\/wp-json\/wp\/v2\/pages"}],"about":[{"href":"https:\/\/ecoreichholz.com\/fr\/wp-json\/wp\/v2\/types\/page"}],"author":[{"embeddable":true,"href":"https:\/\/ecoreichholz.com\/fr\/wp-json\/wp\/v2\/users\/1"}],"replies":[{"embeddable":true,"href":"https:\/\/ecoreichholz.com\/fr\/wp-json\/wp\/v2\/comments?post=29842"}],"version-history":[{"count":3,"href":"https:\/\/ecoreichholz.com\/fr\/wp-json\/wp\/v2\/pages\/29842\/revisions"}],"predecessor-version":[{"id":30026,"href":"https:\/\/ecoreichholz.com\/fr\/wp-json\/wp\/v2\/pages\/29842\/revisions\/30026"}],"wp:attachment":[{"href":"https:\/\/ecoreichholz.com\/fr\/wp-json\/wp\/v2\/media?parent=29842"}],"curies":[{"name":"wp","href":"https:\/\/api.w.org\/{rel}","templated":true}]}}