{"id":29840,"date":"2025-10-05T21:33:33","date_gmt":"2025-10-05T19:33:33","guid":{"rendered":"https:\/\/ecoreichholz.com\/?page_id=29840"},"modified":"2025-10-25T12:40:15","modified_gmt":"2025-10-25T10:40:15","slug":"allgemeine-geschaftsbedingungen","status":"publish","type":"page","link":"https:\/\/ecoreichholz.com\/fr\/allgemeine-geschaftsbedingungen\/","title":{"rendered":"Conditions g\u00e9n\u00e9rales de vente"},"content":{"rendered":"<h2 class=\"wp-block-heading\">Ce site web (ou \u201eapplication\u201c)<\/h2>\n\n\n\n<p>La plate-forme en ligne, qui permet aux utilisateurs d'acc\u00e9der aux produits et services propos\u00e9s, est accessible sous le nom de domaine ecoreichholz.com.<\/p>\n\n\n\n<hr class=\"wp-block-separator has-alpha-channel-opacity\"\/>\n\n\n\n<h2 class=\"wp-block-heading\">Propri\u00e9taire (ou \u201enous\u201c)<\/h2>\n\n\n\n<p><strong>Eco \u00e9l\u00e9ments de construction Ug (ECOREICHHOLZ)<\/strong><br>Adresse de la soci\u00e9t\u00e9 : Reichartsh\u00e4user Berg 5 \u00e0 74937 Spechbach<br>Num\u00e9ro d'organisation : HRB 711571 aupr\u00e8s du tribunal d'instance 68159 Mannheim<br>Forme d'entreprise : entreprise entrepreneuriale (\u00e0 responsabilit\u00e9 limit\u00e9e)<br>EUID : DEB8535.HRB711571<\/p>\n\n\n\n<hr class=\"wp-block-separator has-alpha-channel-opacity\"\/>\n\n\n\n<h2 class=\"wp-block-heading\">Produit (ou service)<\/h2>\n\n\n\n<p>Les articles propos\u00e9s sur ce site sont d\u00e9crits en d\u00e9tail sur les pages de produits correspondantes.<\/p>\n\n\n\n<hr class=\"wp-block-separator has-alpha-channel-opacity\"\/>\n\n\n\n<h2 class=\"wp-block-heading\">Utilisateur (ou \u201evous\u201c)<\/h2>\n\n\n\n<p>Un utilisateur est toute personne physique ou morale qui visite notre site web et utilise les produits ou services propos\u00e9s.<\/p>\n\n\n\n<hr class=\"wp-block-separator has-alpha-channel-opacity\"\/>\n\n\n\n<h2 class=\"wp-block-heading\">Bienvenue chez Ecoreichholz<\/h2>\n\n\n\n<p>Bienvenue chez ECOREICHHOLZ, notre plateforme de commerce \u00e9lectronique o\u00f9 faire des achats n'est pas seulement une simple transaction, mais une exp\u00e9rience d\u00e9tendue et s\u00fbre. Votre satisfaction est notre priorit\u00e9. C'est pourquoi nous proposons diff\u00e9rentes m\u00e9thodes de paiement conformes au RGPD et aux normes de s\u00e9curit\u00e9 internationales.<\/p>\n\n\n\n<hr class=\"wp-block-separator has-alpha-channel-opacity\"\/>\n\n\n\n<h2 class=\"wp-block-heading\">Conditions de paiement<\/h2>\n\n\n\n<p>Nous acceptons les modes de paiement suivants :<\/p>\n\n\n\n<ul class=\"wp-block-list\">\n<li>Carte de cr\u00e9dit - Profitez de la commodit\u00e9 et de la fiabilit\u00e9 de ce service de paiement en ligne \u00e9tabli dans le monde entier. Nous acceptons les paiements par Visa, Master Card et American Express.<\/li>\n\n\n\n<li>Virement bancaire - Si vous pr\u00e9f\u00e9rez un mode de paiement traditionnel, vous pouvez virer le montant de la facture. Votre commande ne sera trait\u00e9e qu'apr\u00e8s r\u00e9ception de votre paiement.<\/li>\n<\/ul>\n\n\n\n<p>Toutes les transactions sont effectu\u00e9es en euros (\u20ac).<\/p>\n\n\n\n<hr class=\"wp-block-separator has-alpha-channel-opacity\"\/>\n\n\n\n<h2 class=\"wp-block-heading\">S\u00e9curit\u00e9 des paiements<\/h2>\n\n\n\n<ul class=\"wp-block-list\">\n<li>La protection de vos donn\u00e9es personnelles et de vos transactions est notre priorit\u00e9 absolue.<\/li>\n\n\n\n<li>Tous les paiements sont effectu\u00e9s via des passerelles de paiement certifi\u00e9es et s\u00e9curis\u00e9es.<\/li>\n\n\n\n<li>Vos donn\u00e9es de paiement sont transmises de mani\u00e8re crypt\u00e9e (SSL).<\/li>\n\n\n\n<li>Nous ne conservons pas les donn\u00e9es relatives aux transactions.<\/li>\n<\/ul>\n\n\n\n<hr class=\"wp-block-separator has-alpha-channel-opacity\"\/>\n\n\n\n<h2 class=\"wp-block-heading\">Paiement par virement bancaire<\/h2>\n\n\n\n<p>Le paiement par virement bancaire doit \u00eatre effectu\u00e9 dans les 48 heures suivant la confirmation de votre commande. Votre commande sera trait\u00e9e d\u00e8s que le montant aura \u00e9t\u00e9 cr\u00e9dit\u00e9 sur notre compte.<\/p>\n\n\n\n<hr class=\"wp-block-separator has-alpha-channel-opacity\"\/>\n\n\n\n<h2 class=\"wp-block-heading\">Imp\u00f4ts et taxes<\/h2>\n\n\n\n<ul class=\"wp-block-list\">\n<li>Tous les prix des produits incluent la TVA (le cas \u00e9ch\u00e9ant).<\/li>\n\n\n\n<li>Il n'y a pas de frais suppl\u00e9mentaires pour le traitement des paiements.<\/li>\n<\/ul>\n\n\n\n<hr class=\"wp-block-separator has-alpha-channel-opacity\"\/>\n\n\n\n<h2 class=\"wp-block-heading\">Refus de paiement<\/h2>\n\n\n\n<p>Nous nous r\u00e9servons le droit de refuser tout paiement suspect, incomplet ou li\u00e9 \u00e0 la s\u00e9curit\u00e9.<\/p>\n\n\n\n<hr class=\"wp-block-separator has-alpha-channel-opacity\"\/>\n\n\n\n<h2 class=\"wp-block-heading\">Probl\u00e8mes de paiement<\/h2>\n\n\n\n<p>Si vous avez des probl\u00e8mes ou des questions concernant le processus de paiement, veuillez nous contacter directement par e-mail ou par t\u00e9l\u00e9phone. Notre service client\u00e8le se fera un plaisir de vous aider.<\/p>\n\n\n\n<hr class=\"wp-block-separator has-alpha-channel-opacity\"\/>\n\n\n\n<h2 class=\"wp-block-heading\">Protection des donn\u00e9es<\/h2>\n\n\n\n<p>Vos donn\u00e9es personnelles sont trait\u00e9es conform\u00e9ment au r\u00e8glement g\u00e9n\u00e9ral sur la protection des donn\u00e9es (RGPD). Vous trouverez de plus amples informations dans notre d\u00e9claration de protection des donn\u00e9es.<\/p>\n\n\n\n<hr class=\"wp-block-separator has-alpha-channel-opacity\"\/>\n\n\n\n<h2 class=\"wp-block-heading\">Conditions g\u00e9n\u00e9rales de vente (CGV)<\/h2>\n\n\n\n<p>Vous trouverez des informations d\u00e9taill\u00e9es sur les conditions de vente, les m\u00e9thodes d'exp\u00e9dition et les conditions de retour dans nos conditions g\u00e9n\u00e9rales de vente.<\/p>\n\n\n\n<hr class=\"wp-block-separator has-alpha-channel-opacity\"\/>\n\n\n\n<h2 class=\"wp-block-heading\">Contact<\/h2>\n\n\n\n<p><strong>ECOREICHHOLZ<\/strong><br>\ud83d\udccd Adresse de l'entreprise:Reichartsh\u00e4user Berg 5 \u00e0 74937 Spechbach<br>\ud83d\udce7\u00a0<a>kontakt@ecoreichholz.com<\/a><br>\ud83d\udd52 Heures d'ouverture : du lundi au vendredi de 9h30 \u00e0 17h30<\/p>\n\n\n\n<hr class=\"wp-block-separator has-alpha-channel-opacity\"\/>\n\n\n\n<p>Derni\u00e8re mise \u00e0 jour : 01 janvier 2025<\/p>\n\n\n\n<p><\/p>","protected":false},"excerpt":{"rendered":"<p>Ce site web (ou \u201eapplication\u201c) La plateforme en ligne par laquelle les utilisateurs peuvent acc\u00e9der aux produits et services propos\u00e9s est accessible sous<\/p>","protected":false},"author":1,"featured_media":0,"parent":0,"menu_order":0,"comment_status":"closed","ping_status":"closed","template":"","meta":{"footnotes":""},"class_list":["post-29840","page","type-page","status-publish","hentry"],"yoast_head":"<!-- This site is optimized with the Yoast SEO plugin v26.2 - https:\/\/yoast.com\/wordpress\/plugins\/seo\/ -->\n<title>Allgemeine Gesch\u00e4ftsbedingungen - Ecoreichholz<\/title>\n<meta name=\"robots\" content=\"index, follow, max-snippet:-1, max-image-preview:large, max-video-preview:-1\" \/>\n<link rel=\"canonical\" href=\"https:\/\/ecoreichholz.com\/fr\/allgemeine-geschaftsbedingungen\/\" \/>\n<meta property=\"og:locale\" content=\"fr_FR\" \/>\n<meta property=\"og:type\" content=\"article\" \/>\n<meta property=\"og:title\" content=\"Allgemeine Gesch\u00e4ftsbedingungen - Ecoreichholz\" \/>\n<meta property=\"og:description\" content=\"Diese Website (oder \u201eAnwendung\u201c) Die Online-Plattform, \u00fcber die Nutzer auf die angebotenen Produkte und Dienstleistungen zugreifen k\u00f6nnen, ist unter der\" \/>\n<meta property=\"og:url\" content=\"https:\/\/ecoreichholz.com\/fr\/allgemeine-geschaftsbedingungen\/\" \/>\n<meta property=\"og:site_name\" content=\"Ecoreichholz\" \/>\n<meta property=\"article:modified_time\" content=\"2025-10-25T10:40:15+00:00\" \/>\n<meta name=\"twitter:card\" content=\"summary_large_image\" \/>\n<meta name=\"twitter:label1\" content=\"Dur\u00e9e de lecture estim\u00e9e\" \/>\n\t<meta name=\"twitter:data1\" content=\"3 minutes\" \/>\n<script type=\"application\/ld+json\" class=\"yoast-schema-graph\">{\"@context\":\"https:\/\/schema.org\",\"@graph\":[{\"@type\":\"WebPage\",\"@id\":\"https:\/\/ecoreichholz.com\/allgemeine-geschaftsbedingungen\/\",\"url\":\"https:\/\/ecoreichholz.com\/allgemeine-geschaftsbedingungen\/\",\"name\":\"Allgemeine Gesch\u00e4ftsbedingungen - Ecoreichholz\",\"isPartOf\":{\"@id\":\"https:\/\/ecoreichholz.com\/#website\"},\"datePublished\":\"2025-10-05T19:33:33+00:00\",\"dateModified\":\"2025-10-25T10:40:15+00:00\",\"breadcrumb\":{\"@id\":\"https:\/\/ecoreichholz.com\/allgemeine-geschaftsbedingungen\/#breadcrumb\"},\"inLanguage\":\"fr-FR\",\"potentialAction\":[{\"@type\":\"ReadAction\",\"target\":[\"https:\/\/ecoreichholz.com\/allgemeine-geschaftsbedingungen\/\"]}]},{\"@type\":\"BreadcrumbList\",\"@id\":\"https:\/\/ecoreichholz.com\/allgemeine-geschaftsbedingungen\/#breadcrumb\",\"itemListElement\":[{\"@type\":\"ListItem\",\"position\":1,\"name\":\"Accueil\",\"item\":\"https:\/\/ecoreichholz.com\/\"},{\"@type\":\"ListItem\",\"position\":2,\"name\":\"Allgemeine Gesch\u00e4ftsbedingungen\"}]},{\"@type\":\"WebSite\",\"@id\":\"https:\/\/ecoreichholz.com\/#website\",\"url\":\"https:\/\/ecoreichholz.com\/\",\"name\":\"Ecoreichholz\",\"description\":\"\",\"publisher\":{\"@id\":\"https:\/\/ecoreichholz.com\/#organization\"},\"potentialAction\":[{\"@type\":\"SearchAction\",\"target\":{\"@type\":\"EntryPoint\",\"urlTemplate\":\"https:\/\/ecoreichholz.com\/?s={search_term_string}\"},\"query-input\":{\"@type\":\"PropertyValueSpecification\",\"valueRequired\":true,\"valueName\":\"search_term_string\"}}],\"inLanguage\":\"fr-FR\"},{\"@type\":\"Organization\",\"@id\":\"https:\/\/ecoreichholz.com\/#organization\",\"name\":\"Ecoreichholz\",\"url\":\"https:\/\/ecoreichholz.com\/\",\"logo\":{\"@type\":\"ImageObject\",\"inLanguage\":\"fr-FR\",\"@id\":\"https:\/\/ecoreichholz.com\/#\/schema\/logo\/image\/\",\"url\":\"https:\/\/ecoreichholz.com\/wp-content\/uploads\/2025\/01\/cropped-echoreichholz__3___1_-removebg-preview.png\",\"contentUrl\":\"https:\/\/ecoreichholz.com\/wp-content\/uploads\/2025\/01\/cropped-echoreichholz__3___1_-removebg-preview.png\",\"width\":1220,\"height\":204,\"caption\":\"Ecoreichholz\"},\"image\":{\"@id\":\"https:\/\/ecoreichholz.com\/#\/schema\/logo\/image\/\"}}]}<\/script>\n<!-- \/ Yoast SEO plugin. -->","yoast_head_json":{"title":"Allgemeine Gesch\u00e4ftsbedingungen - Ecoreichholz","robots":{"index":"index","follow":"follow","max-snippet":"max-snippet:-1","max-image-preview":"max-image-preview:large","max-video-preview":"max-video-preview:-1"},"canonical":"https:\/\/ecoreichholz.com\/fr\/allgemeine-geschaftsbedingungen\/","og_locale":"fr_FR","og_type":"article","og_title":"Allgemeine Gesch\u00e4ftsbedingungen - Ecoreichholz","og_description":"Diese Website (oder \u201eAnwendung\u201c) Die Online-Plattform, \u00fcber die Nutzer auf die angebotenen Produkte und Dienstleistungen zugreifen k\u00f6nnen, ist unter der","og_url":"https:\/\/ecoreichholz.com\/fr\/allgemeine-geschaftsbedingungen\/","og_site_name":"Ecoreichholz","article_modified_time":"2025-10-25T10:40:15+00:00","twitter_card":"summary_large_image","twitter_misc":{"Dur\u00e9e de lecture estim\u00e9e":"3 minutes"},"schema":{"@context":"https:\/\/schema.org","@graph":[{"@type":"WebPage","@id":"https:\/\/ecoreichholz.com\/allgemeine-geschaftsbedingungen\/","url":"https:\/\/ecoreichholz.com\/allgemeine-geschaftsbedingungen\/","name":"Allgemeine Gesch\u00e4ftsbedingungen - Ecoreichholz","isPartOf":{"@id":"https:\/\/ecoreichholz.com\/#website"},"datePublished":"2025-10-05T19:33:33+00:00","dateModified":"2025-10-25T10:40:15+00:00","breadcrumb":{"@id":"https:\/\/ecoreichholz.com\/allgemeine-geschaftsbedingungen\/#breadcrumb"},"inLanguage":"fr-FR","potentialAction":[{"@type":"ReadAction","target":["https:\/\/ecoreichholz.com\/allgemeine-geschaftsbedingungen\/"]}]},{"@type":"BreadcrumbList","@id":"https:\/\/ecoreichholz.com\/allgemeine-geschaftsbedingungen\/#breadcrumb","itemListElement":[{"@type":"ListItem","position":1,"name":"Accueil","item":"https:\/\/ecoreichholz.com\/"},{"@type":"ListItem","position":2,"name":"Allgemeine Gesch\u00e4ftsbedingungen"}]},{"@type":"WebSite","@id":"https:\/\/ecoreichholz.com\/#website","url":"https:\/\/ecoreichholz.com\/","name":"Bois riche \u00e9cologique","description":"","publisher":{"@id":"https:\/\/ecoreichholz.com\/#organization"},"potentialAction":[{"@type":"SearchAction","target":{"@type":"EntryPoint","urlTemplate":"https:\/\/ecoreichholz.com\/?s={search_term_string}"},"query-input":{"@type":"PropertyValueSpecification","valueRequired":true,"valueName":"search_term_string"}}],"inLanguage":"fr-FR"},{"@type":"Organization","@id":"https:\/\/ecoreichholz.com\/#organization","name":"Bois riche \u00e9cologique","url":"https:\/\/ecoreichholz.com\/","logo":{"@type":"ImageObject","inLanguage":"fr-FR","@id":"https:\/\/ecoreichholz.com\/#\/schema\/logo\/image\/","url":"https:\/\/ecoreichholz.com\/wp-content\/uploads\/2025\/01\/cropped-echoreichholz__3___1_-removebg-preview.png","contentUrl":"https:\/\/ecoreichholz.com\/wp-content\/uploads\/2025\/01\/cropped-echoreichholz__3___1_-removebg-preview.png","width":1220,"height":204,"caption":"Ecoreichholz"},"image":{"@id":"https:\/\/ecoreichholz.com\/#\/schema\/logo\/image\/"}}]}},"jetpack_sharing_enabled":true,"_links":{"self":[{"href":"https:\/\/ecoreichholz.com\/fr\/wp-json\/wp\/v2\/pages\/29840","targetHints":{"allow":["GET"]}}],"collection":[{"href":"https:\/\/ecoreichholz.com\/fr\/wp-json\/wp\/v2\/pages"}],"about":[{"href":"https:\/\/ecoreichholz.com\/fr\/wp-json\/wp\/v2\/types\/page"}],"author":[{"embeddable":true,"href":"https:\/\/ecoreichholz.com\/fr\/wp-json\/wp\/v2\/users\/1"}],"replies":[{"embeddable":true,"href":"https:\/\/ecoreichholz.com\/fr\/wp-json\/wp\/v2\/comments?post=29840"}],"version-history":[{"count":3,"href":"https:\/\/ecoreichholz.com\/fr\/wp-json\/wp\/v2\/pages\/29840\/revisions"}],"predecessor-version":[{"id":30025,"href":"https:\/\/ecoreichholz.com\/fr\/wp-json\/wp\/v2\/pages\/29840\/revisions\/30025"}],"wp:attachment":[{"href":"https:\/\/ecoreichholz.com\/fr\/wp-json\/wp\/v2\/media?parent=29840"}],"curies":[{"name":"wp","href":"https:\/\/api.w.org\/{rel}","templated":true}]}}